{"id":5799,"date":"2015-02-06T07:06:05","date_gmt":"2015-02-06T12:06:05","guid":{"rendered":"https:\/\/camrt.wpenginepowered.com\/fr\/?page_id=5799"},"modified":"2015-02-06T07:06:05","modified_gmt":"2015-02-06T12:06:05","slug":"defense-des-interets","status":"publish","type":"page","link":"https:\/\/camrt.ca\/fr\/defense-des-interets\/","title":{"rendered":"D\u00e9fense des int\u00e9r\u00eats"},"content":{"rendered":"<p>En tant qu\u2019association comptant un grand nombre de membres \u2013 plus de 11\u00a0000 \u2013 l\u2019ACTRM et votre association provinciale peuvent d\u00e9fendre efficacement vos droits pour faire avancer et \u00e9voluer la profession, et renforcer la reconnaissance du r\u00f4le important que les technologues en radiation m\u00e9dicale jouent au sein d\u2019une \u00e9quipe\u00a0 d\u2019intervenants en sant\u00e9. C\u2019est plus important aujourd\u2019hui que jamais, avec des enjeux critiques tels que les p\u00e9nuries d\u2019isotopes et l\u2019examen gouvernemental des strat\u00e9gies en mati\u00e8re de ressources humaines en sant\u00e9. L\u2019ACTRM et votre association provinciale se r\u00e9unissent avec Sant\u00e9 Canada et d\u2019autres organismes de la sant\u00e9 pour aborder ces sujets importants. Notre d\u00e9fense de vos int\u00e9r\u00eats signifie que la voix de votre profession est entendue par les d\u00e9cideurs.<\/p>\n","protected":false},"excerpt":{"rendered":"<p>En tant qu\u2019association comptant un grand nombre de membres \u2013 plus de 11\u00a0000 \u2013 l\u2019ACTRM et votre association provinciale peuvent d\u00e9fendre efficacement vos droits pour faire avancer et \u00e9voluer la [&hellip;]<\/p>\n","protected":false},"author":30,"featured_media":0,"parent":0,"menu_order":0,"comment_status":"open","ping_status":"open","template":"tpl-feature.php","meta":{"_monsterinsights_skip_tracking":false,"_monsterinsights_sitenote_active":false,"_monsterinsights_sitenote_note":"","_monsterinsights_sitenote_category":0,"footnotes":""},"class_list":["post-5799","page","type-page","status-publish","hentry"],"_links":{"self":[{"href":"https:\/\/camrt.ca\/fr\/wp-json\/wp\/v2\/pages\/5799","targetHints":{"allow":["GET"]}}],"collection":[{"href":"https:\/\/camrt.ca\/fr\/wp-json\/wp\/v2\/pages"}],"about":[{"href":"https:\/\/camrt.ca\/fr\/wp-json\/wp\/v2\/types\/page"}],"author":[{"embeddable":true,"href":"https:\/\/camrt.ca\/fr\/wp-json\/wp\/v2\/users\/30"}],"replies":[{"embeddable":true,"href":"https:\/\/camrt.ca\/fr\/wp-json\/wp\/v2\/comments?post=5799"}],"version-history":[{"count":0,"href":"https:\/\/camrt.ca\/fr\/wp-json\/wp\/v2\/pages\/5799\/revisions"}],"wp:attachment":[{"href":"https:\/\/camrt.ca\/fr\/wp-json\/wp\/v2\/media?parent=5799"}],"curies":[{"name":"wp","href":"https:\/\/api.w.org\/{rel}","templated":true}]}}