{"id":55985,"date":"2025-10-30T11:32:02","date_gmt":"2025-10-30T15:32:02","guid":{"rendered":"https:\/\/camrt.ca\/?page_id=55985"},"modified":"2025-11-04T10:11:09","modified_gmt":"2025-11-04T15:11:09","slug":"concours-mrt-week-2025-comment-tout-a-commence-et-comment-ca-se-passe-aujourdhui","status":"publish","type":"page","link":"https:\/\/camrt.ca\/fr\/concours-mrt-week-2025-comment-tout-a-commence-et-comment-ca-se-passe-aujourdhui\/","title":{"rendered":"Au d\u00e9but vs aujourd&rsquo;hui (Concours pour la Semaine des TRM 2025)"},"content":{"rendered":"<p>Participez \u00e0 notre nouveau concours \u00ab Au d\u00e9but vs aujourd&rsquo;hui \u00bb organis\u00e9 dans le cadre de la semaine des TRM ! Nous voulons voir votre transformation d&rsquo;\u00e9tudiant \u00e0 praticien TRM, ou m\u00eame votre tout premier jour de pratique jusqu&rsquo;\u00e0 aujourd&rsquo;hui. Partagez une photo avant\/apr\u00e8s sur les r\u00e9seaux sociaux et montrez-nous votre transformation. Nous avons h\u00e2te de d\u00e9couvrir vos contributions !<\/p>\n<p>Chaque ann\u00e9e, pendant la semaine des TRM, nous invitons les TRM \u00e0 participer \u00e0 des d\u00e9fis et des jeux amusants pour gagner des prix ! Cette ann\u00e9e, nous voulons vous donner envie de participer \u00e0 notre prochain concours et voir la transformation des TRM ! Toutes les participations envoy\u00e9es via les r\u00e9seaux sociaux ou par e-mail seront inscrites \u00e0 un tirage au sort pour gagner l&rsquo;un de nos 3 prix cette ann\u00e9e !<\/p>\n<p>&nbsp;<\/p>\n<p><strong>Voir l&rsquo;exemple ci-dessous :<\/strong><\/p>\n<p>Jennifer Carey, t.e.r. \u2014 de son premier jour \u00e0 l&rsquo;\u00e9cole de radiologie \u00e0 sa nomination comme repr\u00e9sentante des techniciens en radiologie m\u00e9dicale aupr\u00e8s de l&rsquo;assembl\u00e9e l\u00e9gislative 16 ans plus tard !<\/p>\n<p><img loading=\"lazy\" decoding=\"async\" class=\"alignnone wp-image-55977 \" src=\"https:\/\/camrt.ca\/wp-content\/uploads\/2025\/10\/Screenshot-2025-10-30-113043.png\" alt=\"\" width=\"354\" height=\"202\" \/><\/p>\n<p>&nbsp;<\/p>\n<h4><strong>ADMISSIBILIT\u00c9<\/strong><\/h4>\n<p>Le concours est ouvert \u00e0 tous les membres de l&rsquo;ACTRM, y compris les membres \u00e9tudiants. L&rsquo;ACTRM se r\u00e9serve le droit de v\u00e9rifier l&rsquo;admissibilit\u00e9 de chaque participant.<\/p>\n<h4><strong>COMMENT PARTICIPER<\/strong><\/h4>\n<ul>\n<li>Publiez vos photos avant\/apr\u00e8s transformation sur vos r\u00e9seaux sociaux (avec le hashtag #MRTWEEK2025) ou envoyez-les \u00e0 <a href=\"mailto:maiello@camrt.ca\">maiello@camrt.ca<\/a> !<\/li>\n<li>Republiez vos photos sur Instagram en veillant \u00e0 inclure le hashtag #MRTWEEK2025 pour partager votre fiert\u00e9 de participer \u00e0 la Semaine des TRM !\u00a0N&rsquo;h\u00e9sitez pas \u00e0 utiliser notre<a href=\"https:\/\/www.canva.com\/design\/DAG3vg1OqOg\/hvXN-mLzi0lPD_iSf7Wjpw\/view?utm_content=DAG3vg1OqOg&amp;utm_campaign=designshare&amp;utm_medium=link&amp;utm_source=publishsharelink&amp;mode=preview\"> mod\u00e8le de photo de la Semaine des TRM<\/a>. Il vous suffit de t\u00e9l\u00e9charger vos photos sur Canva et de les glisser-d\u00e9poser sur le support d&rsquo;image.<img loading=\"lazy\" decoding=\"async\" class=\"wp-image-58241 aligncenter\" src=\"https:\/\/camrt.ca\/wp-content\/uploads\/2025\/11\/MRT-Week-5-300x300.png\" alt=\"\" width=\"142\" height=\"142\" srcset=\"https:\/\/camrt.ca\/wp-content\/uploads\/2025\/11\/MRT-Week-5-300x300.png 300w, https:\/\/camrt.ca\/wp-content\/uploads\/2025\/11\/MRT-Week-5-1024x1024.png 1024w, https:\/\/camrt.ca\/wp-content\/uploads\/2025\/11\/MRT-Week-5-150x150.png 150w, https:\/\/camrt.ca\/wp-content\/uploads\/2025\/11\/MRT-Week-5-768x768.png 768w, https:\/\/camrt.ca\/wp-content\/uploads\/2025\/11\/MRT-Week-5.png 1080w\" sizes=\"auto, (max-width: 142px) 100vw, 142px\" \/><\/li>\n<\/ul>\n<ul>\n<li>Publiez dans des groupes, ajoutez d&rsquo;autres hashtags si vous le souhaitez, mais ceux-ci ne seront pas pris en compte pour la participation au concours.<\/li>\n<\/ul>\n<h4><strong>PRIX ET TIRAGE AU SORT<\/strong><\/h4>\n<p>Chaque membre de l&rsquo;ACTRM qui soumet une participation valide sera inscrit une seule fois au tirage au sort officiel.<\/p>\n<p><strong>Prix<\/strong><\/p>\n<ul>\n<li>Une carte-cadeau Amazon d&rsquo;une valeur de 200 $<\/li>\n<li>Une carte-cadeau Amazon d&rsquo;une valeur de 100 $<\/li>\n<li>Lorsque les TRM soumettent leurs photos en ligne et taguent l&rsquo;ACTRM ou lui envoient leurs photos, ils sont automatiquement inscrits au concours \u00ab Learn It Forward \u00bb. Un TRM remportera un programme d&rsquo;autoformation rapide (QSS) issu d&rsquo;un micro-certificat de formation continue de l&rsquo;ACTRM, ainsi que la possibilit\u00e9 d&rsquo;offrir le m\u00eame QSS \u00e0 deux coll\u00e8gues. De plus, les trois participants b\u00e9n\u00e9ficieront d&rsquo;une r\u00e9duction pour suivre d&rsquo;autres QSS dans le cadre de ce micro-certificat avant le 31 d\u00e9cembre 2025.<\/li>\n<\/ul>\n<p>Le tirage au sort aura lieu \u00e0 l&rsquo;ACTRM, sous la supervision du personnel de l&rsquo;ACTRM, apr\u00e8s la fin de la p\u00e9riode du concours.<\/p>\n<p>Les gagnants seront inform\u00e9s par courriel ou par tout autre moyen de communication \u00e9lectronique (Facebook Messenger ou message direct sur Twitter) et recevront les instructions pour r\u00e9clamer leur prix. Chaque participant est responsable de v\u00e9rifier ses comptes de communication \u00e9lectronique pour recevoir les notifications relatives aux prix et autres communications li\u00e9es \u00e0 ce concours.<\/p>\n<p>Si un gagnant potentiel ne peut \u00eatre joint par l&rsquo;ACTRM dans un d\u00e9lai de dix (10) jours, ou si le prix est retourn\u00e9 parce qu&rsquo;il n&rsquo;a pas pu \u00eatre livr\u00e9, ce gagnant potentiel perdra son prix et un autre gagnant sera choisi au hasard parmi les autres participants.<\/p>\n<p>&nbsp;<\/p>\n<h4><strong>P\u00c9RIODE DU CONCOURS<\/strong><\/h4>\n<p>La \u00ab p\u00e9riode du concours \u00bb commence le 2 novembre 2025 et se termine le 10 novembre 2025 \u00e0 23 h 59 (heure avanc\u00e9e du Pacifique). Seules les participations (soumissions) re\u00e7ues pendant la p\u00e9riode du concours seront admissibles au tirage au sort.<\/p>\n<p>L&rsquo;ACTRM se r\u00e9serve le droit de prolonger ou de raccourcir le concours \u00e0 sa seule discr\u00e9tion.<\/p>\n<h4><strong>PUBLICATION ET PUBLICIT\u00c9<\/strong><\/h4>\n<p>En participant au concours, vous accordez irr\u00e9vocablement \u00e0 l&rsquo;ACTRM le droit de publier tout ou partie de votre soumission \u00e0 des fins promotionnelles, sans compensation.<\/p>\n<p>&nbsp;<\/p>\n<p>&nbsp;<\/p>\n<p>&nbsp;<\/p>\n","protected":false},"excerpt":{"rendered":"<p>Participez \u00e0 notre nouveau concours \u00ab Au d\u00e9but vs aujourd&rsquo;hui \u00bb organis\u00e9 dans le cadre de la semaine des TRM ! Nous voulons voir votre transformation d&rsquo;\u00e9tudiant \u00e0 praticien TRM, ou m\u00eame votre tout premier jour de pratique jusqu&rsquo;\u00e0 aujourd&rsquo;hui. Partagez une photo avant\/apr\u00e8s sur les r\u00e9seaux sociaux et montrez-nous votre transformation. Nous avons h\u00e2te [&hellip;]<\/p>\n","protected":false},"author":37,"featured_media":0,"parent":0,"menu_order":0,"comment_status":"closed","ping_status":"closed","template":"","meta":{"_monsterinsights_skip_tracking":false,"_monsterinsights_sitenote_active":false,"_monsterinsights_sitenote_note":"","_monsterinsights_sitenote_category":0,"footnotes":""},"class_list":["post-55985","page","type-page","status-publish","hentry"],"_links":{"self":[{"href":"https:\/\/camrt.ca\/fr\/wp-json\/wp\/v2\/pages\/55985","targetHints":{"allow":["GET"]}}],"collection":[{"href":"https:\/\/camrt.ca\/fr\/wp-json\/wp\/v2\/pages"}],"about":[{"href":"https:\/\/camrt.ca\/fr\/wp-json\/wp\/v2\/types\/page"}],"author":[{"embeddable":true,"href":"https:\/\/camrt.ca\/fr\/wp-json\/wp\/v2\/users\/37"}],"replies":[{"embeddable":true,"href":"https:\/\/camrt.ca\/fr\/wp-json\/wp\/v2\/comments?post=55985"}],"version-history":[{"count":0,"href":"https:\/\/camrt.ca\/fr\/wp-json\/wp\/v2\/pages\/55985\/revisions"}],"wp:attachment":[{"href":"https:\/\/camrt.ca\/fr\/wp-json\/wp\/v2\/media?parent=55985"}],"curies":[{"name":"wp","href":"https:\/\/api.w.org\/{rel}","templated":true}]}}