{"id":55921,"date":"2025-10-28T14:06:17","date_gmt":"2025-10-28T18:06:17","guid":{"rendered":"https:\/\/camrt.ca\/?page_id=55921"},"modified":"2025-10-30T14:36:24","modified_gmt":"2025-10-30T18:36:24","slug":"semaine-mrt-sur-les-reseaux-sociaux","status":"publish","type":"page","link":"https:\/\/camrt.ca\/fr\/evenements\/la-semaine-des-trm\/semaine-mrt-sur-les-reseaux-sociaux\/","title":{"rendered":"La Semaine des TRM sur les r\u00e9seaux sociaux"},"content":{"rendered":"<p>Cette semaine des TRM, t\u00e9l\u00e9chargez ces graphiques partageables de la semaine des TRM pour les utiliser dans vos propres publications sur les r\u00e9seaux sociaux.<\/p>\n<p>&nbsp;<\/p>\n<h3><h3 class='border-title  '>Variations \u00ab\u00a0Semaine des TRM\u00a0\u00bb<span><\/span><\/h3><\/h3>\n<p><strong>Exemple de texte<\/strong><\/p>\n<p>Joignez-vous aux technologues en radiation m\u00e9dicale (TRM) du Canada pour c\u00e9l\u00e9brer la Semaine des TRM !<\/p>\n<p>Les 22 000 TRM du Canada jouent un r\u00f4le essentiel dans le syst\u00e8me de sant\u00e9 canadien, effectuant plus de 30 millions d&rsquo;examens d&rsquo;imagerie m\u00e9dicale et des milliers de traitements de radioth\u00e9rapie chaque ann\u00e9e. Des services d&rsquo;urgence et salles d&rsquo;op\u00e9ration aux centres de canc\u00e9rologie, en passant par les camions mobiles de d\u00e9pistage du cancer du sein et les cliniques d&rsquo;imagerie diagnostique, les TRM sont indispensables pour offrir des soins de haute qualit\u00e9 aux patients.<\/p>\n<p>Que vous soyez simplement curieux d&rsquo;en savoir plus sur la profession de TRM, que vous souhaitiez savoir \u00e0 quoi vous attendre lors d&rsquo;une visite ou que vous envisagiez vous-m\u00eame une carri\u00e8re de TRM, ce site est votre guide. Cette semaine, nous rendons hommage aux personnes extraordinaires qui rendent tout cela possible.<\/p>\n<p>&nbsp;<\/p>\n<p><img loading=\"lazy\" decoding=\"async\" class=\"alignnone wp-image-55961 size-medium\" src=\"https:\/\/camrt.ca\/wp-content\/uploads\/2025\/10\/Joyeuse-Semaine-des-TRM-3-300x251.png\" alt=\"\" width=\"300\" height=\"251\" srcset=\"https:\/\/camrt.ca\/wp-content\/uploads\/2025\/10\/Joyeuse-Semaine-des-TRM-3-300x251.png 300w, https:\/\/camrt.ca\/wp-content\/uploads\/2025\/10\/Joyeuse-Semaine-des-TRM-3-768x644.png 768w, https:\/\/camrt.ca\/wp-content\/uploads\/2025\/10\/Joyeuse-Semaine-des-TRM-3.png 940w\" sizes=\"auto, (max-width: 300px) 100vw, 300px\" \/><\/p>\n<p>&nbsp;<\/p>\n<p><img loading=\"lazy\" decoding=\"async\" class=\"alignnone wp-image-55955 size-medium\" src=\"https:\/\/camrt.ca\/wp-content\/uploads\/2025\/10\/Joyeuse-Semaine-des-TRM-4-300x251.png\" alt=\"\" width=\"300\" height=\"251\" srcset=\"https:\/\/camrt.ca\/wp-content\/uploads\/2025\/10\/Joyeuse-Semaine-des-TRM-4-300x251.png 300w, https:\/\/camrt.ca\/wp-content\/uploads\/2025\/10\/Joyeuse-Semaine-des-TRM-4-768x644.png 768w, https:\/\/camrt.ca\/wp-content\/uploads\/2025\/10\/Joyeuse-Semaine-des-TRM-4.png 940w\" sizes=\"auto, (max-width: 300px) 100vw, 300px\" \/><\/p>\n<p>&nbsp;<\/p>\n<p><img loading=\"lazy\" decoding=\"async\" class=\"alignnone wp-image-55957 size-medium\" src=\"https:\/\/camrt.ca\/wp-content\/uploads\/2025\/10\/Joyeuse-Semaine-des-TRM-1-300x251.png\" alt=\"\" width=\"300\" height=\"251\" srcset=\"https:\/\/camrt.ca\/wp-content\/uploads\/2025\/10\/Joyeuse-Semaine-des-TRM-1-300x251.png 300w, https:\/\/camrt.ca\/wp-content\/uploads\/2025\/10\/Joyeuse-Semaine-des-TRM-1-768x644.png 768w, https:\/\/camrt.ca\/wp-content\/uploads\/2025\/10\/Joyeuse-Semaine-des-TRM-1.png 940w\" sizes=\"auto, (max-width: 300px) 100vw, 300px\" \/><\/p>\n<p>&nbsp;<\/p>\n<p><img loading=\"lazy\" decoding=\"async\" class=\"alignnone wp-image-55959 size-medium\" src=\"https:\/\/camrt.ca\/wp-content\/uploads\/2025\/10\/Joyeuse-Semaine-des-TRM-2-300x251.png\" alt=\"\" width=\"300\" height=\"251\" srcset=\"https:\/\/camrt.ca\/wp-content\/uploads\/2025\/10\/Joyeuse-Semaine-des-TRM-2-300x251.png 300w, https:\/\/camrt.ca\/wp-content\/uploads\/2025\/10\/Joyeuse-Semaine-des-TRM-2-768x644.png 768w, https:\/\/camrt.ca\/wp-content\/uploads\/2025\/10\/Joyeuse-Semaine-des-TRM-2.png 940w\" sizes=\"auto, (max-width: 300px) 100vw, 300px\" \/><\/p>\n<h4><\/h4>\n<div class='dt-sc-hr-invisible-medium'><\/div>\n<h3><h3 class='border-title  '>Variations \u00ab\u00a0Essentiel au diagnostic et aux soins\u00a0\u00bb<span><\/span><\/h3><\/h3>\n<p><strong>Exemple de texte<\/strong><\/p>\n<p>Les technologues en radiation m\u00e9dicale (TRM) du Canada sont des professionnels hautement qualifi\u00e9s et attentionn\u00e9s, des sp\u00e9cialistes des technologies de pointe et des membres essentiels de votre \u00e9quipe de soins de sant\u00e9.<\/p>\n<p>Cette ann\u00e9e, l&rsquo;ACTRM est fi\u00e8re de c\u00e9l\u00e9brer la Semaine des TRM 2025, qui rend hommage au d\u00e9vouement et \u00e0 l&rsquo;expertise de plus de 22 000 TRM travaillant dans le domaine de l&rsquo;imagerie m\u00e9dicale et de la radioth\u00e9rapie \u00e0 travers le pays. Les TRM jouent un r\u00f4le essentiel dans le syst\u00e8me de sant\u00e9 canadien, r\u00e9alisant chaque ann\u00e9e plus de 30 millions d&rsquo;examens d&rsquo;imagerie m\u00e9dicale et des milliers de traitements de radioth\u00e9rapie. Des services d&rsquo;urgence et salles d&rsquo;op\u00e9ration aux centres de canc\u00e9rologie, en passant par les camions mobiles de d\u00e9pistage du cancer du sein et les cliniques d&rsquo;imagerie diagnostique, les TRM sont indispensables pour fournir des soins de haute qualit\u00e9 aux patients.<\/p>\n<p>Que vous soyez simplement curieux d&rsquo;en savoir plus sur la profession de TRM, que vous souhaitiez savoir \u00e0 quoi vous attendre lors d&rsquo;une visite ou que vous envisagiez vous-m\u00eame une carri\u00e8re de TRM, ce site est votre guide. Cette semaine, nous rendons hommage aux personnes extraordinaires qui rendent tout cela possible.<\/p>\n<div class='dt-sc-hr-invisible-small'><\/div>\n<strong>Radioth\u00e9rapie<\/strong><\/p>\n<p><img loading=\"lazy\" decoding=\"async\" class=\"alignnone wp-image-55953 size-medium\" src=\"https:\/\/camrt.ca\/wp-content\/uploads\/2025\/10\/IMAGEOFCARE-Therapy-FR-296x300.png\" alt=\"\" width=\"296\" height=\"300\" srcset=\"https:\/\/camrt.ca\/wp-content\/uploads\/2025\/10\/IMAGEOFCARE-Therapy-FR-296x300.png 296w, https:\/\/camrt.ca\/wp-content\/uploads\/2025\/10\/IMAGEOFCARE-Therapy-FR-768x779.png 768w, https:\/\/camrt.ca\/wp-content\/uploads\/2025\/10\/IMAGEOFCARE-Therapy-FR.png 837w\" sizes=\"auto, (max-width: 296px) 100vw, 296px\" \/><\/p>\n<p>&nbsp;<\/p>\n<p><strong>Technologie de radiologie (radiodiagnostic) &amp; <\/strong><strong>cancer de la prostate<\/strong><\/p>\n<p><img loading=\"lazy\" decoding=\"async\" class=\"alignnone wp-image-55947 size-medium\" src=\"https:\/\/camrt.ca\/wp-content\/uploads\/2025\/10\/IMAGEOFCARE-Rad-Tech-FR-295x300.png\" alt=\"\" width=\"295\" height=\"300\" srcset=\"https:\/\/camrt.ca\/wp-content\/uploads\/2025\/10\/IMAGEOFCARE-Rad-Tech-FR-295x300.png 295w, https:\/\/camrt.ca\/wp-content\/uploads\/2025\/10\/IMAGEOFCARE-Rad-Tech-FR-768x782.png 768w, https:\/\/camrt.ca\/wp-content\/uploads\/2025\/10\/IMAGEOFCARE-Rad-Tech-FR.png 838w\" sizes=\"auto, (max-width: 295px) 100vw, 295px\" \/><\/p>\n<p>&nbsp;<\/p>\n<p><strong>Imagerie par r\u00e9sonance magn\u00e9tique<\/strong><\/p>\n<p><img loading=\"lazy\" decoding=\"async\" class=\"alignnone wp-image-55943 size-medium\" src=\"https:\/\/camrt.ca\/wp-content\/uploads\/2025\/10\/IMAGEOFCARE-MRI-FR-300x251.png\" alt=\"\" width=\"300\" height=\"251\" srcset=\"https:\/\/camrt.ca\/wp-content\/uploads\/2025\/10\/IMAGEOFCARE-MRI-FR-300x251.png 300w, https:\/\/camrt.ca\/wp-content\/uploads\/2025\/10\/IMAGEOFCARE-MRI-FR-768x644.png 768w, https:\/\/camrt.ca\/wp-content\/uploads\/2025\/10\/IMAGEOFCARE-MRI-FR.png 940w\" sizes=\"auto, (max-width: 300px) 100vw, 300px\" \/><\/p>\n<p>&nbsp;<\/p>\n<p><strong>M\u00e9decine nucl\u00e9aire<\/strong><\/p>\n<p><img loading=\"lazy\" decoding=\"async\" class=\"alignnone wp-image-55945 size-medium\" src=\"https:\/\/camrt.ca\/wp-content\/uploads\/2025\/10\/IMAGEOFCARE-NM-FR-300x251.png\" alt=\"\" width=\"300\" height=\"251\" srcset=\"https:\/\/camrt.ca\/wp-content\/uploads\/2025\/10\/IMAGEOFCARE-NM-FR-300x251.png 300w, https:\/\/camrt.ca\/wp-content\/uploads\/2025\/10\/IMAGEOFCARE-NM-FR-768x644.png 768w, https:\/\/camrt.ca\/wp-content\/uploads\/2025\/10\/IMAGEOFCARE-NM-FR.png 940w\" sizes=\"auto, (max-width: 300px) 100vw, 300px\" \/><\/p>\n<p>&nbsp;<\/p>\n<p><strong>Crise cardiaque<\/strong><br \/>\n<img loading=\"lazy\" decoding=\"async\" class=\"alignnone wp-image-55941 size-medium\" src=\"https:\/\/camrt.ca\/wp-content\/uploads\/2025\/10\/IMAGEOFCARE-Heart-FR-300x251.png\" alt=\"\" width=\"300\" height=\"251\" srcset=\"https:\/\/camrt.ca\/wp-content\/uploads\/2025\/10\/IMAGEOFCARE-Heart-FR-300x251.png 300w, https:\/\/camrt.ca\/wp-content\/uploads\/2025\/10\/IMAGEOFCARE-Heart-FR-768x644.png 768w, https:\/\/camrt.ca\/wp-content\/uploads\/2025\/10\/IMAGEOFCARE-Heart-FR.png 940w\" sizes=\"auto, (max-width: 300px) 100vw, 300px\" \/><\/p>\n<p>&nbsp;<\/p>\n<p><strong>Cancer du sein<\/strong><br \/>\n<img loading=\"lazy\" decoding=\"async\" class=\"alignnone wp-image-55939 size-medium\" src=\"https:\/\/camrt.ca\/wp-content\/uploads\/2025\/10\/IMAGEOFCARE-Breast-FR-300x251.png\" alt=\"\" width=\"300\" height=\"251\" srcset=\"https:\/\/camrt.ca\/wp-content\/uploads\/2025\/10\/IMAGEOFCARE-Breast-FR-300x251.png 300w, https:\/\/camrt.ca\/wp-content\/uploads\/2025\/10\/IMAGEOFCARE-Breast-FR-768x644.png 768w, https:\/\/camrt.ca\/wp-content\/uploads\/2025\/10\/IMAGEOFCARE-Breast-FR.png 940w\" sizes=\"auto, (max-width: 300px) 100vw, 300px\" \/><\/p>\n<p>&nbsp;<\/p>\n<p><strong>Chirurgie<\/strong><\/p>\n<p><img loading=\"lazy\" decoding=\"async\" class=\"alignnone wp-image-55951 size-medium\" src=\"https:\/\/camrt.ca\/wp-content\/uploads\/2025\/10\/IMAGEOFCARE-Surgery-FR-300x251.png\" alt=\"\" width=\"300\" height=\"251\" srcset=\"https:\/\/camrt.ca\/wp-content\/uploads\/2025\/10\/IMAGEOFCARE-Surgery-FR-300x251.png 300w, https:\/\/camrt.ca\/wp-content\/uploads\/2025\/10\/IMAGEOFCARE-Surgery-FR-768x644.png 768w, https:\/\/camrt.ca\/wp-content\/uploads\/2025\/10\/IMAGEOFCARE-Surgery-FR.png 940w\" sizes=\"auto, (max-width: 300px) 100vw, 300px\" \/><\/p>\n<p>&nbsp;<\/p>\n<p><strong>AVC<\/strong><\/p>\n<p><img loading=\"lazy\" decoding=\"async\" class=\"alignnone wp-image-55949 size-medium\" src=\"https:\/\/camrt.ca\/wp-content\/uploads\/2025\/10\/IMAGEOFCARE-Stroke-FR-300x251.png\" alt=\"\" width=\"300\" height=\"251\" srcset=\"https:\/\/camrt.ca\/wp-content\/uploads\/2025\/10\/IMAGEOFCARE-Stroke-FR-300x251.png 300w, https:\/\/camrt.ca\/wp-content\/uploads\/2025\/10\/IMAGEOFCARE-Stroke-FR-768x644.png 768w, https:\/\/camrt.ca\/wp-content\/uploads\/2025\/10\/IMAGEOFCARE-Stroke-FR.png 940w\" sizes=\"auto, (max-width: 300px) 100vw, 300px\" \/><\/p>\n<p>&nbsp;<\/p>\n","protected":false},"excerpt":{"rendered":"<p>Cette semaine des TRM, t\u00e9l\u00e9chargez ces graphiques partageables de la semaine des TRM pour les utiliser dans vos propres publications sur les r\u00e9seaux sociaux. &nbsp; Exemple de texte Joignez-vous aux [&hellip;]<\/p>\n","protected":false},"author":13,"featured_media":0,"parent":7485,"menu_order":0,"comment_status":"closed","ping_status":"closed","template":"","meta":{"_monsterinsights_skip_tracking":false,"_monsterinsights_sitenote_active":false,"_monsterinsights_sitenote_note":"","_monsterinsights_sitenote_category":0,"footnotes":""},"class_list":["post-55921","page","type-page","status-publish","hentry"],"_links":{"self":[{"href":"https:\/\/camrt.ca\/fr\/wp-json\/wp\/v2\/pages\/55921","targetHints":{"allow":["GET"]}}],"collection":[{"href":"https:\/\/camrt.ca\/fr\/wp-json\/wp\/v2\/pages"}],"about":[{"href":"https:\/\/camrt.ca\/fr\/wp-json\/wp\/v2\/types\/page"}],"author":[{"embeddable":true,"href":"https:\/\/camrt.ca\/fr\/wp-json\/wp\/v2\/users\/13"}],"replies":[{"embeddable":true,"href":"https:\/\/camrt.ca\/fr\/wp-json\/wp\/v2\/comments?post=55921"}],"version-history":[{"count":0,"href":"https:\/\/camrt.ca\/fr\/wp-json\/wp\/v2\/pages\/55921\/revisions"}],"up":[{"embeddable":true,"href":"https:\/\/camrt.ca\/fr\/wp-json\/wp\/v2\/pages\/7485"}],"wp:attachment":[{"href":"https:\/\/camrt.ca\/fr\/wp-json\/wp\/v2\/media?parent=55921"}],"curies":[{"name":"wp","href":"https:\/\/api.w.org\/{rel}","templated":true}]}}