{"id":5527,"date":"2015-01-19T07:50:20","date_gmt":"2015-01-19T12:50:20","guid":{"rendered":"https:\/\/camrt.wpenginepowered.com\/fr\/?page_id=5527"},"modified":"2015-01-19T07:50:20","modified_gmt":"2015-01-19T12:50:20","slug":"soutien-financier","status":"publish","type":"page","link":"https:\/\/camrt.ca\/fr\/perfectionnement-professionnel\/soutien-financier\/","title":{"rendered":"Aide financi\u00e8re au programme de PPC"},"content":{"rendered":"<p>Dans le cadre de ses objectifs pour assurer la qualit\u00e9 des activit\u00e9s de perfectionnement professionnel continu (PPC) organis\u00e9es \u00e0 l\u2019intention des TRM, l\u2019ACTRM a lanc\u00e9 un programme d\u2019aide financi\u00e8re pour les programmes de PPC offerts par d\u2019autres organismes. Par le biais de cette initiative, l\u2019ACTRM fournira 500\u00a0$ par programme \u00e0 l\u2019appui des d\u00e9penses li\u00e9es \u00e0 l\u2019enseignement pour les programmes de PPC s\u2019adressant principalement aux TRM.<\/p>\n<p>Les responsables de ces programmes qui sont int\u00e9ress\u00e9s \u00e0 obtenir de l\u2019aide sont invit\u00e9s \u00e0 remplir le <a title=\"formulaire de demande\" href=\"https:\/\/camrt.wpenginepowered.com\/fr\/wp-content\/uploads\/sites\/3\/2015\/12\/Funding-Request-Form-French.pdf\">formulaire de demande<\/a>\u00a0ou \u00e0 communiquer avec\u00a0<a href=\"mailto:cecap@camrt.ca\"><strong>cecap@camrt.ca<\/strong><\/a> par t\u00e9l\u00e9phone au 800 463-9729, poste 226 pour de plus amples renseignements sur la d\u00e9marche. Vous trouverez ci-dessous les modalit\u00e9s de demande et les crit\u00e8res de s\u00e9lection.<\/p>\n<h2>Crit\u00e8res d\u2019admissibilit\u00e9 \u00e0 l\u2019aide financi\u00e8re<\/h2>\n<p>Pour qu\u2019une aide financi\u00e8re soit accord\u00e9e, le programme de perfectionnement professionnel continu doit r\u00e9pondre aux crit\u00e8res suivants\u00a0:<\/p>\n<ol>\n<li>Les responsables du programme doivent le soumettre \u00e0 l\u2019approbation\u00a0 de l\u2019ACTRM et le programme doit accorder au moins 5\u00a0cr\u00e9dits de PPC. \u00a0Pour allouer suffisamment de temps \u00e0 l\u2019ACTRM, la demande d\u2019approbation doit lui parvenir au moins dix jours ouvrables avant le d\u00e9but du programme. L\u2019organisation h\u00f4te est responsable des frais d\u2019approbation.<\/li>\n<li>Le programme doit \u00eatre mis sur pied par un \u00e9tablissement d\u2019enseignement ou une installation\/r\u00e9gion de prestation de soins. \u00a0Les programmes commandit\u00e9s par des groupes de physiciens, des associations ou le secteur priv\u00e9 ne seront pas pris en compte.<\/li>\n<li>Le programme doit s\u2019adresser essentiellement ou principalement aux TRM. Des TRM doivent en assurer la planification ou au moins prendre une part active \u00e0 sa conception; de pr\u00e9f\u00e9rence, au moins la moiti\u00e9 des enseignants doivent \u00eatre des TRM.<\/li>\n<li>Le programme doit pr\u00e9senter une assiduit\u00e9 v\u00e9rifiable d\u2019au moins 30 TRM.<\/li>\n<\/ol>\n<h3>Attentes<\/h3>\n<p>Pour le soutien accord\u00e9, l\u2019organisme h\u00f4te de l\u2019\u00e9v\u00e9nement de PPC consent \u00e0\u00a0:<\/p>\n<ol>\n<li>Reconna\u00eetre l\u2019aide financi\u00e8re fournie par l\u2019ACTRM, dans l\u2019annonce de l\u2019\u00e9v\u00e9nement et \u00e0 l\u2019\u00e9v\u00e9nement comme tel.<\/li>\n<li>Fournir \u00e0 l\u2019ACTRM l\u2019occasion de presenter du mat\u00e9riel imprim\u00e9 aux participants \u00e0 l\u2019\u00e9v\u00e9nement.<\/li>\n<\/ol>\n<p><a href=\"https:\/\/camrt.wpenginepowered.com\/fr\/wp-content\/uploads\/sites\/3\/2015\/12\/Funding-Request-Form-French.pdf\">Pour acc\u00e9dre au formulaire de demande pour l\u2019approbation des cr\u00e9dits, cliquer ici.<strong><br \/>\n<\/strong><\/a><\/p>\n<p>&nbsp;<\/p>\n","protected":false},"excerpt":{"rendered":"<p>Dans le cadre de ses objectifs pour assurer la qualit\u00e9 des activit\u00e9s de perfectionnement professionnel continu (PPC) organis\u00e9es \u00e0 l\u2019intention des TRM, l\u2019ACTRM a lanc\u00e9 un programme d\u2019aide financi\u00e8re pour les programmes de PPC offerts par d\u2019autres organismes. Par le biais de cette initiative, l\u2019ACTRM fournira 500\u00a0$ par programme \u00e0 l\u2019appui des d\u00e9penses li\u00e9es \u00e0 [&hellip;]<\/p>\n","protected":false},"author":30,"featured_media":0,"parent":47008,"menu_order":0,"comment_status":"open","ping_status":"open","template":"tpl-header2.php","meta":{"_monsterinsights_skip_tracking":false,"_monsterinsights_sitenote_active":false,"_monsterinsights_sitenote_note":"","_monsterinsights_sitenote_category":0,"footnotes":""},"class_list":["post-5527","page","type-page","status-publish","hentry"],"_links":{"self":[{"href":"https:\/\/camrt.ca\/fr\/wp-json\/wp\/v2\/pages\/5527","targetHints":{"allow":["GET"]}}],"collection":[{"href":"https:\/\/camrt.ca\/fr\/wp-json\/wp\/v2\/pages"}],"about":[{"href":"https:\/\/camrt.ca\/fr\/wp-json\/wp\/v2\/types\/page"}],"author":[{"embeddable":true,"href":"https:\/\/camrt.ca\/fr\/wp-json\/wp\/v2\/users\/30"}],"replies":[{"embeddable":true,"href":"https:\/\/camrt.ca\/fr\/wp-json\/wp\/v2\/comments?post=5527"}],"version-history":[{"count":0,"href":"https:\/\/camrt.ca\/fr\/wp-json\/wp\/v2\/pages\/5527\/revisions"}],"up":[{"embeddable":true,"href":"https:\/\/camrt.ca\/fr\/wp-json\/wp\/v2\/pages\/47008"}],"wp:attachment":[{"href":"https:\/\/camrt.ca\/fr\/wp-json\/wp\/v2\/media?parent=5527"}],"curies":[{"name":"wp","href":"https:\/\/api.w.org\/{rel}","templated":true}]}}