{"id":47724,"date":"2025-04-30T00:52:14","date_gmt":"2025-04-30T04:52:14","guid":{"rendered":"https:\/\/camrtsingle.wpenginepowered.com\/?page_id=47724"},"modified":"2026-04-09T12:36:44","modified_gmt":"2026-04-09T16:36:44","slug":"accueil","status":"publish","type":"page","link":"https:\/\/camrt.ca\/fr\/","title":{"rendered":"Accueil"},"content":{"rendered":"\n\n\t\t<ul>\n\t\t\t\t<li>\n\t\t\t<a href=\"https:\/\/site.pheedloop.com\/event\/camrt\/home\" target=\"_self\"><img decoding=\"async\" loading=\"false\" src=\"https:\/\/camrt.ca\/wp-content\/uploads\/2026\/02\/Social-Media-.png\" alt=\"\" \/><\/a>\t\t\t\n\t\t\t\t<h1>ACTRM <strong> 2026 <\/strong><\/h1>\n\t\t\t<a href=\"https:\/\/site.pheedloop.com\/event\/camrt\/home\"  target=\"_self\">\n\t\t\t\t\t\t\tInscrivez-vous maintenant\n\t\t\t\t\t<\/a>\n<a href=\"https:\/\/site.pheedloop.com\/event\/camrt\/home\"  target=\"_self\"><img decoding=\"async\" loading=\"false\" src=\"https:\/\/camrt.ca\/wp-content\/uploads\/2026\/02\/Social-Media-.png\" alt=\"\" \/><\/a>\t\t\t\n\t\t<\/li>\n\t\t\t<li>\n\t\t\t<a href=\"https:\/\/camrt.ca\/fr\/renouveler\/\" target=\"_blank\"><img decoding=\"async\" loading=\"false\" src=\"https:\/\/camrt.ca\/wp-content\/uploads\/2025\/11\/Membership-Renewal-Header-1280-\u00d7-350-px-1-1.png\" alt=\"\" \/><\/a>\t\t\t\n\t\t\t\t<h1>Votre adh\u00e9sion \u00e0 l&rsquo;ACTRM pour 2026<\/h1>\n\t\t\t<a href=\"https:\/\/camrt.ca\/fr\/renouveler\/\"  target=\"_blank\" rel=\"noopener\"    rel=\"noopener\">\n\t\t\t\t\t\t\tRenouveler maintenant\n\t\t\t\t\t<\/a>\n<a href=\"https:\/\/camrt.ca\/fr\/renouveler\/\"  target=\"_blank\"><img decoding=\"async\" loading=\"false\" src=\"https:\/\/camrt.ca\/wp-content\/uploads\/2025\/11\/Membership-Renewal-Header-1280-\u00d7-350-px-1-1.png\" alt=\"\" \/><\/a>\t\t\t\n\t\t<\/li>\n\t\t\t<li>\n\t\t\t<a href=\"https:\/\/www.imageofcare.ca\/fr\" target=\"_blank\"><img decoding=\"async\" loading=\"false\" src=\"https:\/\/camrt.ca\/wp-content\/uploads\/2025\/09\/MRT-Web-Lauch-21.png\" alt=\"\" \/><\/a>\t\t\t\n\t\t\t\t<h1>D\u00e9couvrez las nouvelle <strong>imageofcare.ca\/fr<\/strong><\/h1><p>Un centre d&rsquo;information pour le public sur la profession de TRM<\/p>\n\t\t\t<a href=\"https:\/\/www.imageofcare.ca\/fr\"  target=\"_blank\" rel=\"noopener\"    rel=\"noopener\">\n\t\t\t\t\t\t\tVisitez d\u00e8s maintenant\n\t\t\t\t\t<\/a>\n<a href=\"https:\/\/www.imageofcare.ca\/fr\"  target=\"_blank\"><img decoding=\"async\" loading=\"false\" src=\"https:\/\/camrt.ca\/wp-content\/uploads\/2025\/09\/MRT-Web-Lauch-21.png\" alt=\"\" \/><\/a>\t\t\t\n\t\t<\/li>\n\t\t\t<li>\n\t\t\t<a href=\"https:\/\/camrt.ca\/fr\/evenements\/institut-de-developpement-du-leadership\/\" target=\"_blank\"><img decoding=\"async\" loading=\"false\" src=\"https:\/\/camrt.ca\/wp-content\/uploads\/2026\/04\/CPD15.png\" alt=\"\" \/><\/a>\t\t\t\n\t\t\t\t<h1>Institut de d\u00e9veloppement <strong>du leadership <\/strong><\/h1>\n\t\t\t<a href=\"https:\/\/camrt.ca\/fr\/evenements\/institut-de-developpement-du-leadership\/\"  target=\"_blank\" rel=\"noopener\"    rel=\"noopener\">\n\t\t\t\t\t\t\tEn savoir plus\n\t\t\t\t\t<\/a>\n<a href=\"https:\/\/camrt.ca\/fr\/evenements\/institut-de-developpement-du-leadership\/\"  target=\"_blank\"><img decoding=\"async\" loading=\"false\" src=\"https:\/\/camrt.ca\/wp-content\/uploads\/2026\/04\/CPD15.png\" alt=\"\" \/><\/a>\t\t\t\n\t\t<\/li>\n\t\t<\/ul>\n<figure itemscope itemtype=\"https:\/\/schema.org\/ImageObject\">\n\t\t\t\t<img decoding=\"async\" src=\"https:\/\/camrt.ca\/wp-content\/uploads\/2025\/04\/c01.jpg\" alt=\"c01\" height=\"370\" width=\"330\" title=\"c01\" onerror=\"this.style.display='none'\" loading=\"lazy\" \/>\n\t<\/figure>\n<h2>\n\t\t\tPPC\t<\/h2>\n\t<p>Pourquoi la perfection professionnelle continue est-elle importante ? Parce que vous comptez !<\/p>\n\t\t\t<a href=\"\/fr\/perfectionnement-professionnel\/\"  target=\"_self\">\n\t\t\t\t\t\t\tEn savoir plus\n\t\t\t\t\t<\/a>\n<figure itemscope itemtype=\"https:\/\/schema.org\/ImageObject\">\n\t\t\t\t<img decoding=\"async\" src=\"https:\/\/camrt.ca\/wp-content\/uploads\/2025\/04\/c02.jpg\" alt=\"\" height=\"370\" width=\"330\" onerror=\"this.style.display='none'\" loading=\"lazy\" \/>\n\t<\/figure>\n<h2>\n\t\t\tPourquoi Adh\u00e9rer?\t<\/h2>\n\t<p>En tant qu&rsquo;association professionnelle nationale, l&rsquo;ACTRM est l\u00e0 pour vous soutenir et vous repr\u00e9senter.<\/p>\n\t\t\t<a href=\"\/fr\/adhesion\/\"  target=\"_self\">\n\t\t\t\t\t\t\tEn savoir plus\n\t\t\t\t\t<\/a>\n<figure itemscope itemtype=\"https:\/\/schema.org\/ImageObject\">\n\t\t\t\t<img decoding=\"async\" src=\"https:\/\/camrt.ca\/wp-content\/uploads\/2025\/04\/c03.jpg\" alt=\"c03\" height=\"370\" width=\"330\" title=\"c03\" onerror=\"this.style.display='none'\" loading=\"lazy\" \/>\n\t<\/figure>\n<h2>\n\t\t\tAdh\u00e9rer Maintenant\t<\/h2>\n\t<p>Cat\u00e9gories d&rsquo;adh\u00e9sion et cotisations.<\/p>\n\t\t\t<a href=\"\/fr\/adhesion\/categories-adhesion-frais\/\"  target=\"_self\">\n\t\t\t\t\t\t\tEn savoir plus\n\t\t\t\t\t<\/a>\n<figure itemscope itemtype=\"https:\/\/schema.org\/ImageObject\">\n\t\t\t\t<img decoding=\"async\" src=\"https:\/\/camrt.ca\/wp-content\/uploads\/2025\/04\/c04.jpg\" alt=\"c04\" height=\"370\" width=\"330\" title=\"c04\" onerror=\"this.style.display='none'\" loading=\"lazy\" \/>\n\t<\/figure>\n<h3>\n\t\t\tLignes Directrices sur Les Pratiques\t<\/h3>\n\t<p>Les lignes directrices de pratique professionnelle ne se veulent pas un guide pratique, mais plut\u00f4t un outil destin\u00e9 aux technologues<\/p>\n\t\t\t<a href=\"\"  target=\"_self\">\n\t\t\t\t\t\t\tEn savoir plus\n\t\t\t\t\t<\/a>\n<h2>\n\t\t\tNouvelles <strong>R\u00e9centes<\/strong>\t<\/h2>\n\t\t\t<a href=\"https:\/\/camrt.ca\/fr\/nouvelles\/\"  target=\"_self\">\n\t\t\t\t\t\t\tConsulter toutes les nouvelles\n\t\t\t\t\t<\/a>\n<h2>\n\t\t\t\u00c9v\u00e9nements\t<\/h2>\n<figure itemscope itemtype=\"https:\/\/schema.org\/ImageObject\">\n\t\t\t\t<img decoding=\"async\" src=\"https:\/\/camrt.ca\/wp-content\/uploads\/2025\/04\/b01-scaled.jpg\" alt=\"b01\" height=\"1711\" width=\"2560\" title=\"b01\" onerror=\"this.style.display='none'\" loading=\"lazy\" \/>\n\t<\/figure>\n<h2>\n\t\t\t<strong>\u00c0 propos<\/strong> de nous\t<\/h2>\n\t<p><b>L&rsquo;Association canadienne des technologues en radiation m\u00e9dicale<\/b>\u00a0(ACTRM) est l&rsquo;association nationale canadienne et l&rsquo;organisme d&rsquo;agr\u00e9ment des technologues en radiologie, en m\u00e9decine nucl\u00e9aire et en r\u00e9sonance magn\u00e9tique et des radioth\u00e9rapeutes.<\/p>\n\t\t\t<a href=\"\/fr\/a-propos-de-actrm\/\"  target=\"_self\">\n\t\t\t\t\t\t\tEn savoir plus\n\t\t\t\t\t<\/a>\n\t\t\t\t<img decoding=\"async\" src=\"https:\/\/camrt.ca\/wp-content\/uploads\/2025\/04\/i01.png\" alt=\"\" title=\"\" itemprop=\"image\"\/>\n\t\t<h2>Donner<\/h2>\t\t\t\n\t\t\t<a href=\"\/fr\/a-propos-de-actrm\/fondation-de-actrm\/\" title=\"Cliquez ici\" target=\"_self\"   role=\"button\" aria-label=\"\">\n\t\t<\/a>\n\t\t\t\t<img decoding=\"async\" src=\"https:\/\/camrt.ca\/wp-content\/uploads\/2025\/04\/i02.png\" alt=\"\" title=\"\" itemprop=\"image\"\/>\n\t\t<h2>B\u00e9n\u00e9volat<\/h2>\t\t\t\n\t\t\t<a href=\"\/fr\/a-propos-de-actrm\/benevolat\/\" title=\"Cliquez ici\" target=\"_self\"   role=\"button\" aria-label=\"\">\n\t\t<\/a>\n\t\t\t\t<img decoding=\"async\" src=\"https:\/\/camrt.ca\/wp-content\/uploads\/2025\/04\/i03.png\" alt=\"\" title=\"\" itemprop=\"image\"\/>\n\t\t<h2>Journal<\/h2>\t\t\t\n\t\t\t<a href=\"http:\/\/www.jmirs.org\" title=\"Cliquez ici\" target=\"_blank\" rel=\"noopener\"  role=\"button\" aria-label=\"\">\n\t\t<\/a>\n\n","protected":false},"excerpt":{"rendered":"<p>ACTRM 2026 Inscrivez-vous maintenant Votre adh\u00e9sion \u00e0 l&rsquo;ACTRM pour 2026 Renouveler maintenant D\u00e9couvrez las nouvelle imageofcare.ca\/fr Un centre d&rsquo;information pour le public sur la profession de TRM Visitez d\u00e8s maintenant [&hellip;]<\/p>\n","protected":false},"author":30,"featured_media":0,"parent":0,"menu_order":0,"comment_status":"closed","ping_status":"closed","template":"tpl-fullwidth.php","meta":{"_monsterinsights_skip_tracking":false,"_monsterinsights_sitenote_active":false,"_monsterinsights_sitenote_note":"","_monsterinsights_sitenote_category":0,"footnotes":""},"class_list":["post-47724","page","type-page","status-publish","hentry"],"_links":{"self":[{"href":"https:\/\/camrt.ca\/fr\/wp-json\/wp\/v2\/pages\/47724","targetHints":{"allow":["GET"]}}],"collection":[{"href":"https:\/\/camrt.ca\/fr\/wp-json\/wp\/v2\/pages"}],"about":[{"href":"https:\/\/camrt.ca\/fr\/wp-json\/wp\/v2\/types\/page"}],"author":[{"embeddable":true,"href":"https:\/\/camrt.ca\/fr\/wp-json\/wp\/v2\/users\/30"}],"replies":[{"embeddable":true,"href":"https:\/\/camrt.ca\/fr\/wp-json\/wp\/v2\/comments?post=47724"}],"version-history":[{"count":1,"href":"https:\/\/camrt.ca\/fr\/wp-json\/wp\/v2\/pages\/47724\/revisions"}],"predecessor-version":[{"id":61651,"href":"https:\/\/camrt.ca\/fr\/wp-json\/wp\/v2\/pages\/47724\/revisions\/61651"}],"wp:attachment":[{"href":"https:\/\/camrt.ca\/fr\/wp-json\/wp\/v2\/media?parent=47724"}],"curies":[{"name":"wp","href":"https:\/\/api.w.org\/{rel}","templated":true}]}}