{"id":47637,"date":"2025-04-18T23:19:38","date_gmt":"2025-04-19T03:19:38","guid":{"rendered":"https:\/\/camrtsingle.wpenginepowered.com\/?page_id=47637"},"modified":"2025-12-04T13:00:54","modified_gmt":"2025-12-04T18:00:54","slug":"publications","status":"publish","type":"page","link":"https:\/\/camrt.ca\/fr\/a-propos-de-lactrm\/publications\/","title":{"rendered":"Publications"},"content":{"rendered":"<p>L\u2019abonnement gratuit \u00e0 un ensemble de publications professionnelles et de bulletins informatifs, en format papier ou \u00e9lectronique, publi\u00e9s par l\u2019ACTRM et deux organisations partenaires, compte au nombre des privil\u00e8ges exclusifs aux membres de l\u2019ACTRM. Cette biblioth\u00e8que personnalis\u00e9e est con\u00e7ue pour offrir aux membres un acc\u00e8s aux recherches en cours, des nouvelles sur les initiatives canadiennes et internationales, et de l\u2019information en temps opportun sur les programmes et service de l\u2019ACTRM.<\/p>\n<h3><h3 class='border-title  '>Journaux professionnels<span><\/span><\/h3><\/h3>\n<p>Le <a href=\"http:\/\/www.jmirs.org\"><strong>Journal de l\u2019imagerie m\u00e9dicale et des sciences de la radiation<\/strong><\/a>\u00a0est une revue \u00e0 comit\u00e9 de lecture de pointe, qui accepte les manuscrits dans toutes les disciplines de l\u2019imagerie m\u00e9dicale et de la radioth\u00e9rapie. Nous fournissons une information opportune fond\u00e9e sur des donn\u00e9es probantes qui aide les technologues en radiation m\u00e9dicale \u00e0 faire progresser la qualit\u00e9 et l\u2019innovation dans les soins aux patients. La publication est d\u00e9velopp\u00e9e sous la direction du <a href=\"http:\/\/www.jmirs.org\/content\/edboard\"><strong>Comit\u00e9 de r\u00e9daction du JMIRS<\/strong><\/a>.\u00a0Les membres peuvent acc\u00e9der le journal en se connectant \u00e0 la site web pour les membres. Si vous avez des questions, contactez <a href=\"mailto:editor@camrt.ca\">editor@camrt.ca<\/a><\/p>\n<h5 class='dt-sc-toggle'><a href='#'>Informations pour les publicitaires<\/a><\/h5><div class=\"dt-sc-toggle-content\" style=\"display: none;\"><div class=\"block\"><p>Vous souhaitez faire de la publicit\u00e9 dans le JMIRS ? Contactez Elsevier \u00e0 l&rsquo;adresse suivante : <a href=\"https:\/\/www.elsmediakits.com\/specialty-audiences\/radiography\/journal-medical-imaging-and-radiation-sciences\/jmir\/2025\">https:\/\/www.elsmediakits.com\/specialty-audiences\/radiography\/journal-medical-imaging-and-radiation-sciences\/jmir\/2025<\/a><\/p><\/div><\/div>\n<h3><h3 class='border-title  '>Nouvelles et mises \u00e0 jour professionnelles<span><\/span><\/h3><\/h3>\n<p>Publi\u00e9 quatre fois par ann\u00e9e, le <strong><a href=\"https:\/\/members.camrt.ca\/fr\/my-publications\/camrt-newsletter\/\" target=\"_blank\" rel=\"noopener noreferrer\">Bulletin de l&rsquo;ACTRM<\/a><\/strong> diffuse des nouvelles sur l\u2019Association et sur la profession, dans le but de favoriser le renforcement des liens et l\u2019\u00e9change de points de vue entre les membres de l\u2019ACTRM. Les membres peuvent acc\u00e9der le bulletin en se connectant \u00e0 la site web pour les membres.<\/p>\n<h5 class='dt-sc-toggle'><a href='#'>Informations pour les publicitaires<\/a><\/h5><div class=\"dt-sc-toggle-content\" style=\"display: none;\"><div class=\"block\"><p>Vous \u00eates int\u00e9ress\u00e9 \u00e0 faire de la publicit\u00e9 dans les Nouvelles de l&rsquo;ACTRM ? Communiquez avec nous d\u00e8s aujourd&rsquo;hui\u00a0 <a href=\"mailto::communications@camrt.ca\" target=\"_blank\" rel=\"noopener noreferrer\">:communications@camrt.ca<\/a>.<\/p>\n<p>Consultez notre <a href=\"https:\/\/camrt.ca\/wp-content\/uploads\/2025\/01\/Media-kit-2025-1.pdf\">Trousse m\u00e9diatique de l&rsquo;ACTRM 2025\u00a0<\/a>(en anglais)<\/p><\/div><\/div>\n<p>&nbsp;<\/p>\n<h3><h3 class='border-title  '>Rapports annuels<span><\/span><\/h3><\/h3>\n<p><a href=\"https:\/\/camrt.ca\/fr\/rapportannuel\/\"><strong>Rapports annuels<\/strong><\/a><\/p>\n<p>&nbsp;<\/p>\n<h3><h3 class='border-title  '>Positions et recherche<span><\/span><\/h3><\/h3>\n<h5 class='dt-sc-toggle'><a href='#'>Sondage National Sant\u00e9 Mentale 2021 de l&#039;ACTRM<\/a><\/h5><div class=\"dt-sc-toggle-content\" style=\"display: none;\"><div class=\"block\"><p id=\"S1939865421001983-title\" class=\"toc__item__title\"><a href=\"https:\/\/camrt.ca\/fr\/wp-content\/uploads\/sites\/3\/2021\/10\/ACTRM-Sondage-National-Sante-Mentale-2021.pdf\">Sondage National Sant\u00e9 Mentale (2021)<\/a><\/p><\/div><\/div>\n<h5 class='dt-sc-toggle'><a href='#'>Livre Blanc: la sp\u00e9cialiste clinique en radioth\u00e9rapie (CSRT)<\/a><\/h5><div class=\"dt-sc-toggle-content\" style=\"display: none;\"><div class=\"block\"><p id=\"S1939865421001983-title\" class=\"toc__item__title\"><a href=\"https:\/\/www.jmirs.org\/article\/S1939-8654(21)00198-3\/fulltext\" target=\"_blank\" rel=\"noopener\">The palliative clinical specialist radiation therapist: A CAMRT White Paper<\/a><\/p><\/div><\/div>\n<h5 class='dt-sc-toggle'><a href='#'>\u00c9nonc\u00e9s de positions de l&#039;ACTRM<\/a><\/h5><div class=\"dt-sc-toggle-content\" style=\"display: none;\"><div class=\"block\"><p><a href=\"https:\/\/camrt.ca\/fr\/wp-content\/uploads\/sites\/3\/2021\/01\/Enonce-de-position-de-lACTRM-Lepuisement-professionnel.pdf\"><strong>L\u2019\u00e9puisement professionnel &#8211; Janvier 2021<\/strong><\/a><\/p>\n<p><strong><a href=\"https:\/\/camrt.ca\/wp-content\/uploads\/2020\/04\/CAMRT-COVID-PPE-Position-Statement_EN.pdf\">\u00c9quipement de protection individuel pour les technologues en radiation m\u00e9dicale pendant la crise de la COVID-19<\/a> &#8211; mise \u00e0 jour d\u00e9cembre 2020 <\/strong>(anglais)<\/p><\/div><\/div>\n<h5 class='dt-sc-toggle'><a href='#'>Plan-cadre de pratique avanc\u00e9e<\/a><\/h5><div class=\"dt-sc-toggle-content\" style=\"display: none;\"><div class=\"block\"><p>Le <a href=\"https:\/\/camrt.ca\/fr\/profession-de-trm\/pratique-avancee\/\"><strong>Plan-cadre de pratique avanc\u00e9e<\/strong> <\/a>de l\u2019ACTRM fournit une d\u00e9finition de la pratique avanc\u00e9e en TRM au Canada. Il vise \u00e0 \u00e9tablir une compr\u00e9hension globale de l\u2019expression \u00ab pratique avanc\u00e9e \u00bb chez les TRM canadiens. Il le fait par un d\u00e9bat sur les principes et les concepts de haut niveau que l\u2019on peut appliquer \u00e0 une vaste profession. Il est \u00e0 souhaiter que ceux qui s\u2019int\u00e9ressent \u00e0 l\u2019application de la pratique avanc\u00e9e dans l\u2019ensemble du pays y trouvent un langage commun et un cadre conceptuel pour faire progresser le d\u00e9bat aux niveaux institutionnels, \u00e9ducationnels et gouvernementaux.<\/p><\/div><\/div>\n<h5 class='dt-sc-toggle'><a href='#'>Aper\u00e7u des r\u00f4les d\u2019exercice limit\u00e9 au Canada : 2016<\/a><\/h5><div class=\"dt-sc-toggle-content\" style=\"display: none;\"><div class=\"block\"><p>Le document intitul\u00e9 <a href=\"https:\/\/camrt.ca\/wp-content\/uploads\/2015\/02\/CAMRT-Limited-Practice-Overview.pdf\"><strong>Basic Overview of Limited Practice in the Canadian Medical Radiation Technology Landscape<\/strong><\/a> pr\u00e9sente un aper\u00e7u des r\u00f4les d\u2019exercice limit\u00e9 de la profession qui existent actuellement au Canada, jetant un regard sur ces r\u00f4les du point de vue de l\u2019histoire, de l\u2019\u00e9ducation, de la r\u00e9glementation et de l\u2019exercice de la profession. Il propose \u00e9galement des mesures que pourrait prendre l\u2019ACTRM en ce qui concerne l\u2019orientation future de l\u2019Association \u00e0 l\u2019\u00e9gard de l\u2019exercice limit\u00e9 de la profession.<\/p><\/div><\/div>\n<h5 class='dt-sc-toggle'><a href='#'>Sondage sur les ressources humaines<\/a><\/h5><div class=\"dt-sc-toggle-content\" style=\"display: none;\"><div class=\"block\"><p>En 2015, l&rsquo;ACTRM a \u00e9labor\u00e9 et men\u00e9 une enqu\u00eate sur les ressources humaines des installations d&rsquo;imagerie m\u00e9dicale et de radioth\u00e9rapie dans tout le pays. L&rsquo;ACTRM a men\u00e9 le m\u00eame sondage (avec quelques ajustements) en 2017. Le but de ce sondage \u00e9tait de donner \u00e0 la communaut\u00e9 des technologues en radiation m\u00e9dicale (TRM) une meilleure vue d\u2019ensemble des exigences actuelles et pr\u00e9vues en mati\u00e8re de ressources humaines dans leur domaine respectif.<\/p>\n<p><strong>Sondage 2020: COVID-19\n<\/strong><\/p>\n<p><strong><a href=\"https:\/\/camrt.ca\/wp-content\/uploads\/2020\/06\/COVID-19-HHR-Survey-Survey_1-Highlights.pdf\">Sondage #1 \u2013 Rapport (anglais)<\/a><\/strong><\/p>\n<p><a href=\"https:\/\/camrt.ca\/wp-content\/uploads\/2020\/10\/COVID-19-HHR-Survey-3-\u2013-Summary-Report.pdf\"><strong>Sondage #3 \u2013 Rapport (anglais)<\/strong><\/a><\/p>\n<p>&nbsp;<\/p>\n<p><strong>Sondage 2017<\/strong><\/p>\n<p><strong><a href=\"https:\/\/camrt.ca\/fr\/wp-content\/uploads\/sites\/3\/2019\/07\/CAMRT-HHR-Survey-Report-2017-FR.pdf\">Rapport complet<\/a><\/strong><\/p>\n<p><a href=\"https:\/\/camrt.ca\/fr\/wp-content\/uploads\/sites\/3\/2019\/07\/CAMRT-HHR-Survey-Report-2017-Exec-Summary-FR.pdf\"><strong>Sommaire ex\u00e9cutif<\/strong><\/a><\/p>\n<p>&nbsp;<\/p>\n<p><strong>Sondage 2015<\/strong><\/p>\n<p><strong><a href=\"https:\/\/camrt.ca\/fr\/wp-content\/uploads\/sites\/3\/2017\/03\/CAMRT-2015-MRT-HR-Survey-Report_FR.pdf\" target=\"_blank\" rel=\"noopener noreferrer\">Rapport complet<\/a><\/strong><\/p>\n<p><a href=\"https:\/\/camrt.ca\/fr\/wp-content\/uploads\/sites\/3\/2017\/03\/CAMRT-2015-MRT-HR-Survey-Exec-Summary_FR.pdf\" target=\"_blank\" rel=\"noopener noreferrer\"><strong>Sommaire ex\u00e9cutif<\/strong><\/a><\/p><\/div><\/div>\n<h5 class='dt-sc-toggle'><a href='#'>Analyse des \u00e9chelles salariales<\/a><\/h5><div class=\"dt-sc-toggle-content\" style=\"display: none;\"><div class=\"block\"><p>Les renseignements relatifs aux \u00e9chelles salariales furent rassembl\u00e9s \u00e0 fin de r\u00e9f\u00e9rence pour les technologues en radiation m\u00e9dicale pratiquants et par les \u00e9tudiants qui se pr\u00e9parent \u00e0 int\u00e9grer ce champ de pratique au Canada. Il s\u2019agit d\u2019une collection d\u2019\u00e9chelles salariales provinciales obtenues aupr\u00e8s des syndicats et des conventions collectives des unit\u00e9s de n\u00e9gociation externes. Veuillez prendre en note que certaines conventions collectives ne font aucune distinction entre les quatre disciplines (Radiologie, Radioth\u00e9rapie, M\u00e9decine nucl\u00e9aire et R\u00e9sonance magn\u00e9tique). Toutefois, nous avons tent\u00e9, dans la mesure du possible, de pr\u00e9ciser les \u00e9chelles salariales des quatre disciplines. Les renseignements suppl\u00e9mentaires renferment les majorations pour le travail suppl\u00e9mentaire et une annexe qui traite de l\u2019\u00e9cart du co\u00fbt de la vie entre les provinces.<\/p>\n<p><strong><a href=\"https:\/\/camrt.ca\/fr\/profession-de-trm\/ressources-professionnelles\/analyse-echelle-salariale\/\" target=\"_blank\" rel=\"noopener noreferrer\">ACTRM Analyse des \u00e9chelles salariales<\/a><\/strong><\/p><\/div><\/div>\n","protected":false},"excerpt":{"rendered":"<p>L\u2019abonnement gratuit \u00e0 un ensemble de publications professionnelles et de bulletins informatifs, en format papier ou \u00e9lectronique, publi\u00e9s par l\u2019ACTRM et deux organisations partenaires, compte au nombre des privil\u00e8ges exclusifs [&hellip;]<\/p>\n","protected":false},"author":30,"featured_media":0,"parent":47116,"menu_order":0,"comment_status":"closed","ping_status":"closed","template":"tpl-header2.php","meta":{"_monsterinsights_skip_tracking":false,"_monsterinsights_sitenote_active":false,"_monsterinsights_sitenote_note":"","_monsterinsights_sitenote_category":0,"footnotes":""},"class_list":["post-47637","page","type-page","status-publish","hentry"],"_links":{"self":[{"href":"https:\/\/camrt.ca\/fr\/wp-json\/wp\/v2\/pages\/47637","targetHints":{"allow":["GET"]}}],"collection":[{"href":"https:\/\/camrt.ca\/fr\/wp-json\/wp\/v2\/pages"}],"about":[{"href":"https:\/\/camrt.ca\/fr\/wp-json\/wp\/v2\/types\/page"}],"author":[{"embeddable":true,"href":"https:\/\/camrt.ca\/fr\/wp-json\/wp\/v2\/users\/30"}],"replies":[{"embeddable":true,"href":"https:\/\/camrt.ca\/fr\/wp-json\/wp\/v2\/comments?post=47637"}],"version-history":[{"count":0,"href":"https:\/\/camrt.ca\/fr\/wp-json\/wp\/v2\/pages\/47637\/revisions"}],"up":[{"embeddable":true,"href":"https:\/\/camrt.ca\/fr\/wp-json\/wp\/v2\/pages\/47116"}],"wp:attachment":[{"href":"https:\/\/camrt.ca\/fr\/wp-json\/wp\/v2\/media?parent=47637"}],"curies":[{"name":"wp","href":"https:\/\/api.w.org\/{rel}","templated":true}]}}