{"id":47127,"date":"2023-08-10T13:47:29","date_gmt":"2023-08-10T17:47:29","guid":{"rendered":"https:\/\/camrt.wpenginepowered.com\/fr\/?page_id=15305"},"modified":"2023-08-10T13:47:29","modified_gmt":"2023-08-10T17:47:29","slug":"sensibilisation","status":"publish","type":"page","link":"https:\/\/camrt.ca\/fr\/defense-des-interets\/sensibilisation\/","title":{"rendered":"Sensibilisation \u00e0 la profession de TRM"},"content":{"rendered":"<p>La sensibilisation \u00e0 la profession de TRM est un r\u00f4le important et bien \u00e9tabli de l&rsquo;ACTRM en tant que porte-parole de la profession au Canada. En tant que membres et TRM, vous avez clairement indiqu\u00e9 qu&rsquo;une meilleure compr\u00e9hension de ce que vous faites et, tout aussi important, de la fa\u00e7on dont vos activit\u00e9s influencent les soins aux patients et la fonction du syst\u00e8me de soins de sant\u00e9, est une grande priorit\u00e9.<\/p>\n<p>Il y a plusieurs d\u00e9cennies, les TRM du Canada ont cr\u00e9\u00e9 la semaine des TRM, une semaine ax\u00e9e sur la sensibilisation au r\u00f4le des TRM au Canada. Cette semaine n&rsquo;a cess\u00e9 de prendre de l&rsquo;ampleur et reste l&rsquo;\u00e9v\u00e9nement phare de la sensibilisation aux TRM au cours de l&rsquo;ann\u00e9e.<\/p>\n<p>Au-del\u00e0 de la Semaine des TRM, l&rsquo;ACTRM cherche des occasions tout au long de l&rsquo;ann\u00e9e, par le biais de diverses initiatives des m\u00e9dias et des membres, d&rsquo;accro\u00eetre la sensibilisation. Toutes nos activit\u00e9s de plaidoyer comportent un volet de sensibilisation, mais les activit\u00e9s \u00e9num\u00e9r\u00e9es sur la page ci-dessous sont principalement con\u00e7ues dans une optique de sensibilisation.<\/p>\n<h2><h3 class='border-title  '>La Semaine des TRM<span><\/span><\/h3><\/h2>\n<p>La semaine des TRM est une c\u00e9l\u00e9bration annuelle (qui tombe la semaine du 8 novembre chaque ann\u00e9e) du r\u00f4le essentiel que les technologues en radiation m\u00e9dicale (TRM) jouent dans le syst\u00e8me de soins de sant\u00e9.<\/p>\n<p><a href=\"https:\/\/camrt.wpenginepowered.com\/fr\/evenements\/la-semaine-des-trm\/\" target=\"_blank\" rel=\"noopener\"><strong>Site pour la Semaine des TRM<\/strong><\/a><\/p>\n<p>Surveillez les communications de l&rsquo;ACTRM au cours de la p\u00e9riode pr\u00e9c\u00e9dant la Semaine des TRM pour conna\u00eetre les possibilit\u00e9s et les id\u00e9es sur la fa\u00e7on de s&rsquo;impliquer et de promouvoir la profession.<\/p>\n<p>&nbsp;<\/p>\n<h2><h3 class='border-title  '>M\u00e9dias et outils de sensibilisation<span><\/span><\/h3><\/h2>\n<h4><strong>Site web de sensibilisation aux TRM<\/strong><\/h4>\n<p>Le site Web Au Coeur de Votre Sant\u00e9 (Image of Care), lanc\u00e9 en 2011, a \u00e9t\u00e9 une plaque tournante pour le public \u00e0 la recherche de connaissances sur les TRM. Au cours de la derni\u00e8re d\u00e9cennie, le site a re\u00e7u des centaines de milliers de visiteurs et a servi de point d&rsquo;entr\u00e9e pour les Canadiens qui souhaitent en savoir plus sur les r\u00f4les essentiels que jouent les TRM dans le syst\u00e8me de soins de sant\u00e9.<\/p>\n<p><a href=\"http:\/\/imageofcare.ca\/fr\" target=\"_blank\" rel=\"noopener\">http:\/\/imageofcare.ca\/fr<\/a><\/p>\n<p><em>REMARQUE : L&rsquo;ACTRM proc\u00e8de actuellement \u00e0 la mise \u00e0 jour de cet important site public, dont la pr\u00e9sentation et le contenu ont \u00e9t\u00e9 modifi\u00e9s. Les objectifs de la mise \u00e0 jour sont de rendre le site plus visuel, d&rsquo;\u00e9largir et de renforcer le contenu, et de fournir une exp\u00e9rience utilisateur plus fluide.<\/em><\/p>\n<p>&nbsp;<\/p>\n<h4><strong>Vid\u00e9o de sensibilisation aux TRM<\/strong><\/h4>\n<p><iframe loading=\"lazy\" title=\"Technologues en radiologie m\u00e9dicale : Essentiels \u00e0 vos soins\" width=\"1170\" height=\"658\" src=\"https:\/\/www.youtube.com\/embed\/HmeDRnbGoFE?feature=oembed&#038;wmode=opaque\" frameborder=\"0\" allow=\"accelerometer; autoplay; clipboard-write; encrypted-media; gyroscope; picture-in-picture; web-share\" allowfullscreen><\/iframe><\/p>\n<p><strong>D\u00e9couvrez et partagez la vid\u00e9o de sensibilization<\/strong><\/p>\n<p>&nbsp;<\/p>\n<h2><strong><h3 class='border-title  '>Campagne nationale de sensibilisation au TRM<span><\/span><\/h3><\/strong><\/h2>\n<h4><strong>Publicit\u00e9 vid\u00e9o de sensibilisation<\/strong><\/h4>\n<p>Parall\u00e8lement \u00e0 la Semaine des TRM, la campagne nationale de sensibilisation de l&rsquo;ACTRM a \u00e9t\u00e9 diffus\u00e9e sous forme de publicit\u00e9 vid\u00e9o sur des plateformes de m\u00e9dias sociaux comme Facebook, Instagram, Twitter et YouTube. Chaque ann\u00e9e (2020-2022), les publicit\u00e9s ont \u00e9t\u00e9 envoy\u00e9es aux fils de m\u00e9dias sociaux de millions de Canadiens, faisant conna\u00eetre au public canadien le r\u00f4le essentiel que jouent les TRM dans la sant\u00e9 de tous.<\/p>\n<p><a href=\"https:\/\/camrt.wpenginepowered.com\/fr\/campagne-de-sensibilisation-aux-trm-videos-a-partager\/\" target=\"_blank\" rel=\"noopener\"><strong>Voir les publicit\u00e9s vid\u00e9o de l&rsquo;ACTRM<\/strong><\/a><\/p>\n<p>&nbsp;<\/p>\n<h4><strong>Affiches de sensibilisation<\/strong><\/h4>\n<p><img loading=\"lazy\" decoding=\"async\" class=\"alignnone wp-image-14795 size-large\" src=\"https:\/\/camrt.wpenginepowered.com\/fr\/wp-content\/uploads\/sites\/3\/2022\/10\/All-2020-21-Posters-FR-1024x247.jpg\" alt=\"\" width=\"1024\" height=\"247\" \/><\/p>\n<p>&nbsp;<\/p>\n<p><strong>Les fichiers \u00e9lectroniques des affiches 2020 et 2021 peuvent \u00eatre t\u00e9l\u00e9charg\u00e9s ci-dessous (Taille originale : 17\u2033x 24\u2033)<\/strong><\/p>\n<ul class='dt-sc-fancy-list   rounded-arrow'>\n<li><a href=\"https:\/\/camrt.ca\/wp-content\/uploads\/2021\/10\/CAMRT_14703_Awareness_Posters_FR_17x24_WEB-Care.pdf\"><strong>Soins avec compassion<\/strong><\/a><\/li>\n<li><strong><a href=\"https:\/\/camrt.ca\/wp-content\/uploads\/2021\/10\/CAMRT_14703_Awareness_Posters_FR_17x24_WEB-Bone.pdf\">Fracture<\/a><\/strong><\/li>\n<li><strong><a href=\"https:\/\/camrt.ca\/wp-content\/uploads\/2020\/11\/CAMRT_14232_Awareness_Posters_FR_17x24_01.pdf\">Bosse<\/a><\/strong><\/li>\n<li><strong><a href=\"https:\/\/camrt.ca\/wp-content\/uploads\/2020\/11\/CAMRT_14232_Awareness_Posters_FR_17x24_03.pdf\">Cardiaque<\/a><\/strong><\/li>\n<li><strong><a href=\"https:\/\/camrt.ca\/wp-content\/uploads\/2020\/11\/CAMRT_14232_Awareness_Posters_FR_17x24_02.pdf\">COVID-19<\/a><\/strong><\/li>\n<li><strong><a href=\"https:\/\/camrt.ca\/wp-content\/uploads\/2020\/11\/CAMRT_14232_Awareness_Posters_FR_17x24_04.pdf\">Enfant<\/a><\/strong><\/li>\n<\/ul>\n<p>&nbsp;<\/p>\n<p>&nbsp;<\/p>\n","protected":false},"excerpt":{"rendered":"<p>La sensibilisation \u00e0 la profession de TRM est un r\u00f4le important et bien \u00e9tabli de l&rsquo;ACTRM en tant que porte-parole de la profession au Canada. En tant que membres et TRM, vous avez clairement indiqu\u00e9 qu&rsquo;une meilleure compr\u00e9hension de ce que vous faites et, tout aussi important, de la fa\u00e7on dont vos activit\u00e9s influencent les [&hellip;]<\/p>\n","protected":false},"author":30,"featured_media":0,"parent":5799,"menu_order":0,"comment_status":"closed","ping_status":"closed","template":"","meta":{"_monsterinsights_skip_tracking":false,"_monsterinsights_sitenote_active":false,"_monsterinsights_sitenote_note":"","_monsterinsights_sitenote_category":0,"footnotes":""},"class_list":["post-47127","page","type-page","status-publish","hentry"],"_links":{"self":[{"href":"https:\/\/camrt.ca\/fr\/wp-json\/wp\/v2\/pages\/47127","targetHints":{"allow":["GET"]}}],"collection":[{"href":"https:\/\/camrt.ca\/fr\/wp-json\/wp\/v2\/pages"}],"about":[{"href":"https:\/\/camrt.ca\/fr\/wp-json\/wp\/v2\/types\/page"}],"author":[{"embeddable":true,"href":"https:\/\/camrt.ca\/fr\/wp-json\/wp\/v2\/users\/30"}],"replies":[{"embeddable":true,"href":"https:\/\/camrt.ca\/fr\/wp-json\/wp\/v2\/comments?post=47127"}],"version-history":[{"count":0,"href":"https:\/\/camrt.ca\/fr\/wp-json\/wp\/v2\/pages\/47127\/revisions"}],"up":[{"embeddable":true,"href":"https:\/\/camrt.ca\/fr\/wp-json\/wp\/v2\/pages\/5799"}],"wp:attachment":[{"href":"https:\/\/camrt.ca\/fr\/wp-json\/wp\/v2\/media?parent=47127"}],"curies":[{"name":"wp","href":"https:\/\/api.w.org\/{rel}","templated":true}]}}