{"id":47126,"date":"2023-07-19T08:53:11","date_gmt":"2023-07-19T12:53:11","guid":{"rendered":"https:\/\/camrt.wpenginepowered.com\/fr\/?page_id=15277"},"modified":"2026-02-26T14:12:54","modified_gmt":"2026-02-26T19:12:54","slug":"collaborations","status":"publish","type":"page","link":"https:\/\/camrt.ca\/fr\/defense-des-interets\/collaborations\/","title":{"rendered":"Collaborations en mati\u00e8re de plaidoyer"},"content":{"rendered":"<p>L&rsquo;ACTRM collabore activement avec d&rsquo;autres groupes et associations dans le domaine des soins de sant\u00e9 pour d\u00e9fendre et faire avancer les causes que nous avons en commun. Nos collaborations actuelles sont les suivantes :<\/p>\n<h3 class='border-title  '>Collaborations multipartites<span><\/span><\/h3>\n<p>L&rsquo;ACTRM s&rsquo;associe et cherche activement \u00e0 s&rsquo;associer \u00e0 des collaborations pour faire avancer ses objectifs de d\u00e9fense des soins de sant\u00e9. Vous trouverez ci-dessous une liste des collaborations actuelles de l&rsquo;ACTRM dans le domaine des soins de sant\u00e9.<\/p>\n<p><em>Nationales<\/em><\/p>\n<ul class='dt-sc-fancy-list   rounded-arrow'>\n<li>Imagerie S\u00e9curitaire Canada &#8211; <a href=\"https:\/\/car.ca\/about\/associates\/csi\/\" target=\"_blank\" rel=\"noopener\">En savoir plus<\/a><\/li>\n<li>Alliance canadienne pour l&rsquo;intelligence artificielle et donn\u00e9es en radioth\u00e9rapie (ACADR) &#8211; <a href=\"https:\/\/www.cadra-acadr.ca\/\" target=\"_blank\" rel=\"noopener\">En savoir plus<\/a><\/li>\n<li>Canadian Breast Cancer Screening Network (CBCSN)<\/li>\n<li>R\u00e9seau canadien des personnels de sant\u00e9 (RCPS) &#8211; <a href=\"https:\/\/www.hhr-rhs.ca\/fr\/\" target=\"_blank\" rel=\"noopener\">En savoir plus<\/a><\/li>\n<li>Partnenariat canadien pour la qualit\u00e9 en radioth\u00e9rapie (PCQR) &#8211; <a href=\"https:\/\/www.pcqr.ca\/\">En savoir plus<\/a><\/li>\n<li>Choisir avec Soin Canada &#8211; <a href=\"https:\/\/choisiravecsoin.org\/recommendation\/technologie-de-radiation-medicale\/\">Voir les recommandations du Choisir avec soin de l&rsquo;ACTRM<\/a><\/li>\n<li>Groupe d&rsquo;Intervention Action Sant\u00e9 (GIAS) &#8211; <a href=\"https:\/\/www.healthaction.ca\/fr\">En savoir plus<\/a><\/li>\n<li>Image Gently &#8211; <a href=\"https:\/\/www.imagegently.org\/\">En savoir plus<\/a><\/li>\n<li>Multistakeholder Working Group on Medical Isotopes &#8211; <a href=\"https:\/\/camrt.wpenginepowered.com\/isotope-supply-resource-centre\/\">En savoir plus<\/a><\/li>\n<li>Coll\u00e8ge royal des m\u00e9decins et chirurgiens du Canada: Plan pour le bien-\u00eatre des effectifs en sant\u00e9 du Canada &#8211; <a href=\"https:\/\/www.royalcollege.ca\/fr\/about\/strategic-themes\/health-workforce-wellbeing-plan\">En savoir plus<\/a><\/li>\n<li>\u00c9quipe de soins primaires &#8211; <a href=\"https:\/\/www.healthaction.ca\/fr\" target=\"_blank\" rel=\"noopener\">En savoir plus<\/a><\/li>\n<\/ul>\n<h3 class='border-title  '>Organisations partenaires cl\u00e9s<span><\/span><\/h3>\n<p>L&rsquo;ACTRM collabore r\u00e9guli\u00e8rement avec d&rsquo;autres associations en imagerie m\u00e9dicale, en radio-oncologie et dans d&rsquo;autres secteurs des soins de sant\u00e9. Voici une liste des collaborateurs les plus fr\u00e9quents de l&rsquo;ACTRM.<\/p>\n<p><em>Nationales<\/em><\/p>\n<ul class='dt-sc-fancy-list   rounded-arrow'>\n<li>Association canadienne pour la radiologie d&rsquo;intervention (ACRI) &#8211; <a href=\"https:\/\/cairweb.ca\/fr\/\" target=\"_blank\" rel=\"noopener\">Site web<\/a><\/li>\n<li>Association canadienne de m\u00e9decine nucl\u00e9aire (ACMN) &#8211; <a href=\"https:\/\/canm-acmn.ca\/\/accueil\/~francais\" target=\"_blank\" rel=\"noopener\">Site web<\/a><\/li>\n<li>Association canadienne de radiation oncologie (ACRO) &#8211; <a href=\"https:\/\/www.caro-acro.ca\/\" target=\"_blank\" rel=\"noopener\">Site web<\/a><\/li>\n<li>Association canadienne des radiologistes (CAR) &#8211; <a href=\"https:\/\/car.ca\/\" target=\"_blank\" rel=\"noopener\">Site web<\/a><\/li>\n<li>Canadian Helium Users Group (CHUG)<\/li>\n<li>Organisation canadienne des physiciens m\u00e9dicaux (OCMP) &#8211; <a href=\"https:\/\/comp-ocpm.ca\/fr\" target=\"_blank\" rel=\"noopener\">Site web<\/a><\/li>\n<li>Soci\u00e9t\u00e9 canadienne de science de laboratoire m\u00e9dical (SCSLM) &#8211; <a href=\"https:\/\/csmls.org\/Home-FR.aspx?lang=fr-CA\" target=\"_blank\" rel=\"noopener\">Site web<\/a><\/li>\n<li>International Society of Radiographers and Radiological Technologists (ISRRT) &#8211; <a href=\"https:\/\/www.isrrt.org\/\" target=\"_blank\" rel=\"noopener\">Site web<\/a><\/li>\n<li>\u00c9chographie Canada &#8211; <a href=\"https:\/\/sonographycanada.ca\/fr\" target=\"_blank\" rel=\"noopener\">Site web<\/a><\/li>\n<li>Effectif de la sant\u00e9 Canada &#8211; <a href=\"https:\/\/healthworkforce.ca\/fr\/\">Site web<\/a><\/li>\n<\/ul>\n<p><em>Provinciales<\/em><\/p>\n<p><strong>C.-B.<\/strong> &#8211; British Columbia Radiological Society &#8211; <a href=\"https:\/\/camrt.wpenginepowered.com\/bc\/provincial-advocacy\/\" target=\"_blank\" rel=\"noopener\">Voir les pages de d\u00e9fense des int\u00e9r\u00eats de la CAMRT-BC<\/a><\/p>\n","protected":false},"excerpt":{"rendered":"<p>L&rsquo;ACTRM collabore activement avec d&rsquo;autres groupes et associations dans le domaine des soins de sant\u00e9 pour d\u00e9fendre et faire avancer les causes que nous avons en commun. Nos collaborations actuelles sont les suivantes : L&rsquo;ACTRM s&rsquo;associe et cherche activement \u00e0 s&rsquo;associer \u00e0 des collaborations pour faire avancer ses objectifs de d\u00e9fense des soins de sant\u00e9. [&hellip;]<\/p>\n","protected":false},"author":30,"featured_media":0,"parent":5799,"menu_order":0,"comment_status":"closed","ping_status":"closed","template":"","meta":{"_monsterinsights_skip_tracking":false,"_monsterinsights_sitenote_active":false,"_monsterinsights_sitenote_note":"","_monsterinsights_sitenote_category":0,"footnotes":""},"class_list":["post-47126","page","type-page","status-publish","hentry"],"_links":{"self":[{"href":"https:\/\/camrt.ca\/fr\/wp-json\/wp\/v2\/pages\/47126","targetHints":{"allow":["GET"]}}],"collection":[{"href":"https:\/\/camrt.ca\/fr\/wp-json\/wp\/v2\/pages"}],"about":[{"href":"https:\/\/camrt.ca\/fr\/wp-json\/wp\/v2\/types\/page"}],"author":[{"embeddable":true,"href":"https:\/\/camrt.ca\/fr\/wp-json\/wp\/v2\/users\/30"}],"replies":[{"embeddable":true,"href":"https:\/\/camrt.ca\/fr\/wp-json\/wp\/v2\/comments?post=47126"}],"version-history":[{"count":2,"href":"https:\/\/camrt.ca\/fr\/wp-json\/wp\/v2\/pages\/47126\/revisions"}],"predecessor-version":[{"id":60306,"href":"https:\/\/camrt.ca\/fr\/wp-json\/wp\/v2\/pages\/47126\/revisions\/60306"}],"up":[{"embeddable":true,"href":"https:\/\/camrt.ca\/fr\/wp-json\/wp\/v2\/pages\/5799"}],"wp:attachment":[{"href":"https:\/\/camrt.ca\/fr\/wp-json\/wp\/v2\/media?parent=47126"}],"curies":[{"name":"wp","href":"https:\/\/api.w.org\/{rel}","templated":true}]}}