{"id":47125,"date":"2023-07-19T08:00:18","date_gmt":"2023-07-19T12:00:18","guid":{"rendered":"https:\/\/camrt.wpenginepowered.com\/fr\/?page_id=15273"},"modified":"2026-01-22T13:10:05","modified_gmt":"2026-01-22T18:10:05","slug":"media","status":"publish","type":"page","link":"https:\/\/camrt.ca\/fr\/defense-des-interets\/media\/","title":{"rendered":"L&rsquo;ACTRM dans les m\u00e9dias"},"content":{"rendered":"<p>La d\u00e9fense des int\u00e9r\u00eats par l&rsquo;interm\u00e9diaire de la presse et des m\u00e9dias grand public est une tactique importante pour la d\u00e9fense des TRM. Qu&rsquo;il s&rsquo;agisse de la cr\u00e9ation de communiqu\u00e9s de presse pour stimuler la sensibilisation, l&rsquo;int\u00e9r\u00eat et le discours public sur une question, ou de la r\u00e9ponse \u00e0 des histoires dans le cycle m\u00e9diatique qui affectent les TRM, l&rsquo;ACTRM s&rsquo;efforce de fournir une voix faisant autorit\u00e9, respect\u00e9e et fond\u00e9e sur des preuves pour les TRM sur les questions.<\/p>\n<p>Les communiqu\u00e9s de presse, les \u00e9ditoriaux et les contacts avec les m\u00e9dias de l&rsquo;ACTRM ont \u00e9t\u00e9 publi\u00e9s dans des centaines de m\u00e9dias au cours des derni\u00e8res ann\u00e9es. La liste ci-dessous n&rsquo;est pas exhaustive, mais pr\u00e9sente des exemples qui illustrent le mieux l&rsquo;exposition de l&rsquo;ACTRM dans les m\u00e9dias au fil du temps.<\/p>\n<h3 class='border-title  '>Plus r\u00e9cents (2025-26)<span><\/span><\/h3>\n<p><em>Nationales<\/em><\/p>\n<p><iframe loading=\"lazy\" title=\"YouTube video player\" src=\"https:\/\/www.youtube.com\/embed\/ZIPLP4UxI1A?si=n_Q9VV_ONugOM_sP\" width=\"560\" height=\"315\" frameborder=\"0\" allowfullscreen=\"allowfullscreen\" data-mce-fragment=\"1\"><\/iframe><\/p>\n<p><a href=\"https:\/\/www.youtube.com\/watch?app=desktop&amp;v=ZIPLP4UxI1A&amp;fbclid=IwY2xjawPfKM1leHRuA2FlbQIxMABicmlkETF5Y1Fwcm9BYllJQWR6ejQ3c3J0YwZhcHBfaWQQMjIyMDM5MTc4ODIwMDg5MgABHlAA8tMz7npeqy3_qAK5H7YL_xtINR_Bn-b_5U87f-rRdlNqBXyQzACpWzNn_aem_v73knHoMNnQO15dcOnVzVA\"><strong>Conf\u00e9rence de presse tenue sur la Colline du Parlement<\/strong><\/a> (CPAC, 20 novembre, 2025) (<a href=\"https:\/\/camrt.ca\/fr\/blog\/2025\/11\/24\/defense-des-interets-crise-de-main-doeuvre\/\" target=\"_blank\" rel=\"noopener\">Lien vers le rapport<\/a>)<\/p>\n<p><a href=\"https:\/\/www.theglobeandmail.com\/canada\/article-mri-ct-scan-wait-times-delays-radiologists-concerns\/\" target=\"_blank\" rel=\"noopener\"><strong>Radiologists warn of rising wait times for MRIs, CT scans and other diagnostic tests<\/strong><\/a> (Globe and Mail, 21 octobre, 2025)<\/p>\n<p>&nbsp;<\/p>\n<p><em>Provinciales<\/em><\/p>\n<p><strong>MB \u2014 <a href=\"https:\/\/www.cbc.ca\/news\/canada\/manitoba\/mri-waits-increase-manitoba-1.7637804\">MRI waits surge in Manitoba after nearly 2 years of NDP governance<\/a><\/strong> (CBC News Manitoba, 22 septembre, 2025)<\/p>\n<p><strong>SK \u2014 <a href=\"https:\/\/www.cbc.ca\/news\/canada\/saskatchewan\/sask-women-mammogram-self-referral-1.7575615\" target=\"_blank\" rel=\"noopener\">Sask. women 45+ can now self-refer for breast screening mammograms, but awareness, capacity issues continue<\/a><\/strong> (CBC News Saskatchewan, 7 juillet, 2025)<\/p>\n<p><strong>N.-B. \u2014 <a href=\"https:\/\/www.cbc.ca\/news\/canada\/new-brunswick\/mri-wait-time-new-brunswick-non-urgent-vitalite-horizon-1.7462965\" target=\"_blank\" rel=\"noopener\">Canadians should wait 60 days for a non-urgent MRI. In N.B., patients often wait a year<\/a><\/strong> (CBC News Nouveau-Brunswick, 28 f\u00e9vrier, 2025)<\/p>\n<p><strong>SK \u2014 <a href=\"https:\/\/www.cbc.ca\/listen\/live-radio\/1-189-blue-sky\/clip\/16129191-breast-cancer-screening-diagnosis-saskatchewan\" target=\"_blank\" rel=\"noopener\">Breast cancer screening and diagnosis in Saskatchewan<\/a><\/strong> (CBC Radio, Blue Sky, 19 f\u00e9vrier, 2025)<\/p>\n<p><strong>N.-B. \u2014 <a href=\"https:\/\/tj.news\/new-brunswick\/the-system-is-broken-n-b-man-faces-year-long-wait-for-mri\" target=\"_blank\" rel=\"noopener\">\u2018The system is broken\u2019: N.B. man faces year-long wait for MRI<\/a><\/strong> (Telegraph Journal, 16 f\u00e9vrier, 2025)<\/p>\n<div class='dt-sc-hr-invisible-small'><\/div>\n<h3 id=\"S1939865421001983-title\" class=\"toc__item__title\"><strong><h3 class='border-title  '>Ann\u00e9es pr\u00e9c\u00e9dentes<span><\/span><\/h3><\/strong><\/h3>\n<h5 class='dt-sc-toggle'><a href='#'>2024<\/a><\/h5><div class=\"dt-sc-toggle-content\" style=\"display: none;\"><div class=\"block\"><p><em>Nationales<\/em><\/p>\n<p><a href=\"https:\/\/hospitalnews.com\/celebrating-medical-radiation-technology-week\/\" target=\"_blank\" rel=\"noopener\"><strong>Celebrating Medical Radiation Technology Week<\/strong><\/a> (Hospital News, 30 octobre, 2024)<\/p>\n<p><a href=\"https:\/\/vancouversun.com\/opinion\/op-ed\/irving-gold-adding-more-doctors-nurses-wont-improve-health-care\" target=\"_blank\" rel=\"noopener\"><strong>Adding more doctors and nurses alone won\u2019t improve bottleneck in health care<\/strong><\/a> (Vancouver Sun, 8 f\u00e9vrier 2024)<\/p>\n<p>&nbsp;<\/p>\n<p><em>Provinciales<\/em><\/p>\n<p><strong>T.N.-L. \u2014 <a href=\"https:\/\/www.cbc.ca\/news\/canada\/newfoundland-labrador\/ct-scan-waittime-1.7340480\" target=\"_blank\" rel=\"noopener\">There&rsquo;s a shortage of radiation techs in N.L., creating a long wait for imaging<\/a> exams, advocates say<\/strong> (CBC News Newfoundland &amp; Labrador, 10 octobre, 2024)<\/p>\n<p><strong>C.-B. \u2014 <\/strong><strong>BC\u2019s Code Blue <\/strong>(YouTube par Dr Kevin Mcleod, 2 juillet, 2024 \u2014 plus disponible en ligne)<\/p>\n<p><strong>N.-B. \u2014 <a href=\"https:\/\/www.cbc.ca\/listen\/live-radio\/1-83-shift-nb\/clip\/16067385-radiology-bottleneck\" target=\"_blank\" rel=\"noopener\">Radiology Bottleneck <\/a><\/strong>(CBC Radio: Shift &#8211; NB with Vanessa Vander Valk, 14 mai, 2024)<\/p>\n<p><strong>N.-B. \u2014 <a href=\"https:\/\/tj.news\/moncton-miramichi\/were-the-bottleneck-technologist-shortage-leads-to-diagnostic-wait\" target=\"_blank\" rel=\"noopener\">&lsquo;We&rsquo;re the bottleneck:&rsquo; Technologist shortage leads to diagnostic wait<\/a><\/strong> (Telegraph Journal, Saint John, 10 mai, 2024)<\/p>\n<p><strong>MB \u2014 <a href=\"https:\/\/www.cbc.ca\/news\/canada\/manitoba\/more-mri-techs-need-to-combat-wait-times-1.7157863\" target=\"_blank\" rel=\"noopener\">More MRI techs needed to combat wait times as burnout figures rise, association says<\/a> <\/strong>(CBC News Manitoba, 28 mars, 2024)<strong>\n<\/strong><\/p>\n<p><strong>C.-B. \u2014 <a href=\"https:\/\/bc.ctvnews.ca\/ct-scanner-disruptions-grow-as-b-c-medical-imaging-hangs-by-a-thread-1.6823901\" target=\"_blank\" rel=\"noopener\">CT scanner disruptions grow as B.C. medical imaging hangs by a thread<\/a><\/strong> (CTVNews Vancouver, 26 mars, 2024)<\/p>\n<p><strong>N.-B. \u2014 <a href=\"https:\/\/www.cbc.ca\/listen\/live-radio\/1-28-information-morning-saint-john\" target=\"_blank\" rel=\"noopener\">A shortage of radiation therapists at the SJR Hospital is lengthening cancer therapy wait times<\/a> <\/strong>(CBC Radio: Information Morning &#8211; Saint John with Julia Wright, 26 mars, 2024)<\/p>\n<p><strong>N.-B. \u2014 <a href=\"https:\/\/www.cbc.ca\/player\/play\/1.7155271\" target=\"_blank\" rel=\"noopener\">CAMRT-ATL speaks about radiation therapist shortage in New Brunswick<\/a><\/strong> (Segment at 03:49, CBC New Brunswick News, 25 mars, 2024)<\/p><\/div><\/div>\n<h5 class='dt-sc-toggle'><a href='#'>2023<\/a><\/h5><div class=\"dt-sc-toggle-content\" style=\"display: none;\"><div class=\"block\"><p><em>Nationales<\/em><\/p>\n<p><a href=\"https:\/\/www.newswire.ca\/news-releases\/newly-released-public-opinion-poll-states-canadians-want-the-federal-government-to-take-an-active-role-in-reducing-wait-times-for-medical-imaging-822597947.html\"><strong>Newly Released Public Opinion Poll States: Canadians Want the Federal Government to Take an Active Role in Reducing Wait Times for Medical Imaging<\/strong><\/a> (Communiqu\u00e9 de presse de CAR sur la collaboration ACTRM-CAR, octobre 2023)<\/p>\n<p><a href=\"https:\/\/hedac.ca\/canadian-helium-developers-establish-national-association-to-address-growing-demand-for-critical-helium-supply\/\" target=\"_blank\" rel=\"noopener\"><strong>Canadian Helium Developers Establish National Association to Address Growing Demand for Critical Helium Supply<\/strong><\/a> (Collaboration avec HeDAC, octobre 2023)<\/p>\n<p><a href=\"https:\/\/www.healthinsight.ca\/innovations\/careers-health-care\/medical-radiation-technology-a-rewarding-and-fast-growing-profession-in-health-care\/?_thumbnail_id=39233&amp;token=Colana&amp;utm_source=CAMRT%20Master%20List&amp;utm_campaign=c845597bd0-Dispatch%20EN%20-%20Nov%2010%202020_COPY_02&amp;utm_medium=email&amp;utm_term=0_a023243684-c845597bd0-93373533\" target=\"_blank\" rel=\"noopener\"><strong>Health Insight: Medical Radiation Technology: A Rewarding and Fast-Growing Profession in Health Care<\/strong><\/a> (Toronto Star\/MediaPlanet, juin 2023)<\/p>\n<p><a href=\"https:\/\/www.newswire.ca\/news-releases\/calling-for-the-establishment-of-sustainable-and-secure-canadian-helium-supply-812199940.html\" target=\"_blank\" rel=\"noopener\"><strong>Calling for the Establishment of Sustainable and Secure Canadian Helium Supply<\/strong><\/a> (Communiqu\u00e9 de presse, juin 2023)<\/p>\n<p><strong><a href=\"https:\/\/car.ca\/wp-content\/uploads\/2023\/05\/HHR_crisis_radiology_news_release_May_30_2023_FINAL.pdf?fbclid=IwAR08ygG4CXZBfvdujAzpyZGoYoyf7JqnC04mtd5isAhVxDMB1GWqjzfflH4\" target=\"_blank\" rel=\"noopener\">Addressing the Health Human Resource Crisis in Radiology Departments Across Canada<\/a><\/strong> (Communiqu\u00e9 de presse conjoint, mai 2023)<\/p>\n<p>&nbsp;<\/p>\n<p><em>Provinciales<\/em><\/p>\n<p><strong>N.-B.<\/strong> <strong>\u2014 <a href=\"https:\/\/atlantic.ctvnews.ca\/advocates-speak-out-about-radiation-therapist-shortage-in-new-brunswick-1.6680059\" target=\"_blank\" rel=\"noopener\">Advocates speak out about radiation therapist shortage in New Brunswick<\/a><\/strong> (CTV News Atlantic, d\u00e9cembre 2023)<\/p>\n<p><strong>C.-B. \u2014 <a href=\"https:\/\/vancouver.citynews.ca\/2023\/05\/19\/bc-radiation-technicians-cancer-care\/?fbclid=IwAR3xBllTxXNUCVp8OnMFaY2xT-mf-GZ0bbcfYA1-B-kq241wmn2Q7L-LfWo\" target=\"_blank\" rel=\"noopener\">B.C. radiation therapists hope U.S. cancer care is &lsquo;temporary solution&rsquo; <\/a><\/strong>(CityNews Vancouver, mai 2023)<\/p>\n<p><strong>C.-B. \u2014 <a href=\"https:\/\/podbay.fm\/p\/the-simi-sara-show\/e\/1684769519\" target=\"_blank\" rel=\"noopener\">British Columbia: Mornings with Simi -The backlog of radiation therapy in BC<\/a> <\/strong>(980 CKNW Radio Vancouver, mai 2023)<\/p>\n<p><strong>C.-B. \u2014 <\/strong><a href=\"https:\/\/bc.ctvnews.ca\/b-c-radiation-therapists-weigh-in-province-s-plan-to-send-patients-to-u-s-for-treatment-1.6406879?fbclid=IwAR37Oc3sp7uYrXtOkAOqtw7j3BOwCIyAqgXXbGl8cY3-4Y3FMwu_FQwWHjs\" target=\"_blank\" rel=\"noopener\"><strong>British Columbia: B.C. radiation therapists weigh in province&rsquo;s plan to send patients to U.S. for treatment<\/strong><\/a> (CTV News Vancouver, mai 2023)<\/p>\n<p><strong>MB \u2014 <a href=\"https:\/\/winnipeg.ctvnews.ca\/new-pet-scanner-sits-idle-at-winnipeg-hospital-without-staff-to-operate-it-1.6346224?fbclid=IwAR0hVznJNClG82-A8DyJpZ2n9RrR9VNPUFbhvhepxZMF-OPuN1sA25AAjrk\" target=\"_blank\" rel=\"noopener\">Manitoba: New PET scanner sits idle at Winnipeg hospital without staff to operate it <\/a><\/strong>(CTV News Winnipeg, avril 2023)<\/p>\n<p><strong>T.N.-L. \u2014 <a href=\"https:\/\/ntv.ca\/issues-and-answers\/#fvp_798153499,4s\" target=\"_blank\" rel=\"noopener\">Newfoundland and Labrador: Issues and Answers <\/a><\/strong>(NTV, f\u00e9vrier 2023)<\/p>\n<p><strong>T.N.-L. \u2014 <a href=\"https:\/\/ntv.ca\/radiation-therapy-program-at-risk-of-crumbling-says-canadian-association-of-medical-radiation-technologists\/?fbclid=IwAR3UnArf8UXygl-9KE0IUEM0wQ6XRX5axX19XkPL32Ymy37iKPJQX1kqf1w\" target=\"_blank\" rel=\"noopener\">Newfoundland and Labrador: Radiation therapy program \u2018at risk of crumbling,\u2019 says Canadian Association of Medical Radiation Technologists <\/a><\/strong>(NTV, f\u00e9vrier 2023)<\/p><\/div><\/div>\n<h5 class='dt-sc-toggle'><a href='#'>2022<\/a><\/h5><div class=\"dt-sc-toggle-content\" style=\"display: none;\"><div class=\"block\"><p><em>Nationales<\/em><\/p>\n<p><a href=\"https:\/\/www.cbc.ca\/listen\/live-radio\/1-90-columnists-from-cbc-radio\/clip\/15920096-skip-lead-apron-getting-x-rays\" target=\"_blank\" rel=\"noopener\"><strong>CBC Radio Interview, Lead Shielding<\/strong><\/a> (CBC Radio, June 2022)<\/p>\n<p><span class=\"x193iq5w xeuugli x13faqbe x1vvkbs x1xmvt09 x1lliihq x1s928wv xhkezso x1gmr53x x1cpjm7i x1fgarty x1943h6x xudqn12 x3x7a5m x1f6kntn xvq8zen xo1l8bm xzsf02u\" dir=\"auto\"><span class=\"x193iq5w xeuugli x13faqbe x1vvkbs x1xmvt09 x1f6kntn xvq8zen xo1l8bm xzsf02u\">Healthcare worker burnout needs to be addressed with policy, not resiliency &#8211; link no longer available (Global Radio, January 2022)\n<\/span><\/span><\/p>\n<p><a href=\"https:\/\/www.thespec.com\/opinion\/letters-to-the-editor\/jan-5-spec-readers-weigh-in-on-school-trustee-becky-buck-halton-sprawl-and-other\/article_a0687ec6-4a41-5a01-8c11-327fc3004989.html?\" target=\"_blank\" rel=\"noopener\"><strong>Health worker crisis <\/strong><\/a>(Hamilton Spectator, January 2022)<\/p>\n<p>&nbsp;<\/p>\n<p><em>Provinciales<\/em><\/p>\n<p><strong>T.N.-L. \u2014 <a href=\"https:\/\/www.cbc.ca\/amp\/1.6661579?fbclid=IwAR1Kq6pkdOBqc7ie40O-U8HHtjOQ4seguOagdvTGaT4wEQy7Y96_M2TaMRg\" target=\"_blank\" rel=\"noopener\">Lack of radiation therapists will hurt N.L.&rsquo;s cancer-care plans, says union<\/a><\/strong> (CBCNews, November 2022)<\/p>\n<p><strong>N.-B. \u2014 <a href=\"https:\/\/www.cbc.ca\/news\/canada\/new-brunswick\/new-brunswick-medical-imaging-technologists-burnout-1.6379322?fbclid=IwAR2h52jUNooQZlNZ_46xyrhmceCZbMV5UWSK0OU4qFB77mqabF7WZ80iT00\" target=\"_blank\" rel=\"noopener\">New Brunswick medical imaging technologists suffering from pandemic burnout<\/a><\/strong> (CBC, March 2022)<\/p><\/div><\/div>\n<h5 class='dt-sc-toggle'><a href='#'>2021<\/a><\/h5><div class=\"dt-sc-toggle-content\" style=\"display: none;\"><div class=\"block\"><p><em>National<\/em><\/p>\n<p><a href=\"https:\/\/www.winnipegfreepress.com\/opinion\/analysis\/2021\/12\/06\/governments-must-act-on-health-care-burnout\" target=\"_blank\" rel=\"noopener\"><strong>Governments must act on healthcare burnout<\/strong><\/a> (Winnipeg Free Press, December 2021)<\/p>\n<p><a href=\"https:\/\/ottawacitizen.com\/opinion\/gold-burnout-among-health-care-workers-isnt-just-about-doctors-and-nurses\" target=\"_blank\" rel=\"noopener\"><strong>Gold: Burnout among health-care workers isn&rsquo;t just about doctors and nurses<\/strong><\/a> (Ottawa Citizen, November 2021)<\/p>\n<p><a href=\"https:\/\/camrt.wpenginepowered.com\/wp-content\/uploads\/2021\/12\/CAMRT-SC-CSMLS-Joint-Statement-Mental-Health-Crisis.pdf\" target=\"_blank\" rel=\"noopener\"><strong>Joint Statement on the Mental Health Crisis in Healthcare Professionals<\/strong><\/a> (Joint Press Release, Fall 2021)<\/p>\n<p>Radio appearance in Montreal, discussing workforce &#8211; link no longer available (CJAD radio, October 2021)<\/p>\n<p><a href=\"https:\/\/www.lapresse.ca\/debats\/opinions\/2021-10-08\/l-imagerie-medicale-est-au-coeur-des-soins-aux-patients.php\" target=\"_blank\" rel=\"noopener\"><strong>L\u2019imagerie m\u00e9dicale est au c\u0153ur des soins aux patients<\/strong><\/a> (La Presse &#8211; with CAR, October 2021)<\/p>\n<p><a href=\"https:\/\/camrt.wpenginepowered.com\/wp-content\/uploads\/2022\/03\/HIll-Times-Ad-CMA-collab.pdf\" target=\"_blank\" rel=\"noopener\"><strong>There is No Health Without Healthcare Workers<\/strong><\/a> (Ad, Hill Times, Spring 2021)<\/p>\n<p><a href=\"https:\/\/www.newswire.ca\/news-releases\/reducing-the-prevalence-of-mrt-burnout-851598988.html\" target=\"_blank\" rel=\"noopener\"><strong>Reducing the Prevalence of MRT Burnout<\/strong><\/a> (Press Release, February 2021)<\/p>\n<p><a href=\"https:\/\/www.thestar.com\/opinion\/contributors\/2021\/01\/04\/not-all-front-line-health-workers-who-need-priority-covid-19-vaccination-are-doctors-and-nurses.html?rf\" target=\"_blank\" rel=\"noopener\"><strong>Not all front-line health workers who need priority COVID-19 vaccination are doctors and nurses<\/strong><\/a> (Toronto Star, January 2021)<\/p>\n<p>&nbsp;<\/p>\n<p><em>Provinciales<\/em><\/p>\n<p><strong>AB \u2014 <\/strong><a href=\"https:\/\/edmontonjournal.com\/opinion\/columnists\/opinion-medical-radiation-technologists-overlooked-in-albertas-vaccine-rollout\" target=\"_blank\" rel=\"noopener\"><strong>Opinion: Medical radiation technologists overlooked in Alberta&rsquo;s vaccine rollout<\/strong><\/a> (Edmonton Journal, March 2021)<\/p><\/div><\/div>\n<h5 class='dt-sc-toggle'><a href='#'>2020<\/a><\/h5><div class=\"dt-sc-toggle-content\" style=\"display: none;\"><div class=\"block\"><p><em>National<\/em><\/p>\n<p><a href=\"https:\/\/www.hilltimes.com\/story\/2020\/05\/06\/too-many-front-line-workers-not-getting-personal-protective-equipment\/267177\/\" target=\"_blank\" rel=\"noopener\"><strong>Too many front-line workers not getting personal protective equipment<\/strong><\/a> (Hill Times, May 2020)<\/p>\n<p><a href=\"https:\/\/www.healthing.ca\/diseases-and-conditions\/coronavirus\/opinion-why-are-we-choosing-which-frontline-workers-get-ppe\" target=\"_blank\" rel=\"noopener\"><strong>Opinion: Why are we choosing who is protected?<\/strong><\/a> (Vancouver Province\/PostMedia, April 2020)<\/p>\n<p><a href=\"https:\/\/www.healthinsight.ca\/health-care-industry-news\/mrts-at-the-forefront-of-canadian-health-care\/\" target=\"_blank\" rel=\"noopener\"><strong>MRTs: At the Forefront of Canadian Health Care<\/strong><\/a> (National Post\/MediaPlanet, March 2020)<\/p><\/div><\/div>\n<p>&nbsp;<\/p>\n<p>La capacit\u00e9 de l&rsquo;ACTRM \u00e0 s&rsquo;engager avec succ\u00e8s aupr\u00e8s des m\u00e9dias repose en grande partie sur les efforts de ses membres \u00e0 travers le pays qui aident l&rsquo;association \u00e0 suivre l&rsquo;\u00e9volution des sujets et qui participent \u00e9galement en tant qu&rsquo;experts et porte-parole de l&rsquo;association et de la profession de TRM.<\/p>\n<p>Si vous avez connaissance d&rsquo;un nouveau sujet que vous jugez important pour la profession de TRM, veuillez communiquer avec l&rsquo;ACTRM par courriel \u00e0 l&rsquo;adresse suivante : \u00a0<a href=\"mailto:communications@camrt.ca\">communications@camrt.ca<\/a>.<\/p>\n","protected":false},"excerpt":{"rendered":"<p>La d\u00e9fense des int\u00e9r\u00eats par l&rsquo;interm\u00e9diaire de la presse et des m\u00e9dias grand public est une tactique importante pour la d\u00e9fense des TRM. Qu&rsquo;il s&rsquo;agisse de la cr\u00e9ation de communiqu\u00e9s [&hellip;]<\/p>\n","protected":false},"author":30,"featured_media":0,"parent":5799,"menu_order":0,"comment_status":"closed","ping_status":"closed","template":"","meta":{"_monsterinsights_skip_tracking":false,"_monsterinsights_sitenote_active":false,"_monsterinsights_sitenote_note":"","_monsterinsights_sitenote_category":0,"footnotes":""},"class_list":["post-47125","page","type-page","status-publish","hentry"],"_links":{"self":[{"href":"https:\/\/camrt.ca\/fr\/wp-json\/wp\/v2\/pages\/47125","targetHints":{"allow":["GET"]}}],"collection":[{"href":"https:\/\/camrt.ca\/fr\/wp-json\/wp\/v2\/pages"}],"about":[{"href":"https:\/\/camrt.ca\/fr\/wp-json\/wp\/v2\/types\/page"}],"author":[{"embeddable":true,"href":"https:\/\/camrt.ca\/fr\/wp-json\/wp\/v2\/users\/30"}],"replies":[{"embeddable":true,"href":"https:\/\/camrt.ca\/fr\/wp-json\/wp\/v2\/comments?post=47125"}],"version-history":[{"count":0,"href":"https:\/\/camrt.ca\/fr\/wp-json\/wp\/v2\/pages\/47125\/revisions"}],"up":[{"embeddable":true,"href":"https:\/\/camrt.ca\/fr\/wp-json\/wp\/v2\/pages\/5799"}],"wp:attachment":[{"href":"https:\/\/camrt.ca\/fr\/wp-json\/wp\/v2\/media?parent=47125"}],"curies":[{"name":"wp","href":"https:\/\/api.w.org\/{rel}","templated":true}]}}