{"id":47124,"date":"2023-06-09T16:00:49","date_gmt":"2023-06-09T20:00:49","guid":{"rendered":"https:\/\/camrt.wpenginepowered.com\/fr\/?page_id=15271"},"modified":"2026-01-22T10:33:07","modified_gmt":"2026-01-22T15:33:07","slug":"soumissions","status":"publish","type":"page","link":"https:\/\/camrt.ca\/fr\/defense-des-interets\/soumissions\/","title":{"rendered":"Soumissions au gouvernement"},"content":{"rendered":"<h3><h3 class='border-title  '>Soumissions aux consultations pr\u00e9budg\u00e9taires f\u00e9d\u00e9rales par l&rsquo;ACTRM<span><\/span><\/h3><\/h3>\n<h5><span style=\"color: #ff0000;\"><strong>NOUVELLE<br \/>\n<\/strong><\/span><a href=\"https:\/\/www.ourcommons.ca\/Content\/Committee\/451\/FINA\/Brief\/BR13582564\/br-external\/CanadianAssociationOfMedicalRadiationTechnologists-067250813009-f.pdf\" target=\"_blank\" rel=\"noopener\">Soumission aux consultations pr\u00e9budg\u00e9taires f\u00e9d\u00e9rales de 2025 (pour le budget diff\u00e9r\u00e9 en automne)<\/a><\/h5>\n<h5><a href=\"https:\/\/camrt.ca\/fr\/wp-content\/uploads\/sites\/3\/2025\/08\/CANADI1.pdf\">Soumission aux consultations pr\u00e9budg\u00e9taires f\u00e9d\u00e9rales de 2025<\/a><\/h5>\n<h5><a href=\"https:\/\/www.ourcommons.ca\/Content\/Committee\/441\/FINA\/Brief\/BR12565053\/br-external\/CanadianAssociationOfMedicalRadiationTechnologists-10792634-f.pdf\">Soumission aux consultations pr\u00e9budg\u00e9taires f\u00e9d\u00e9rales de 2024<\/a><\/h5>\n<h5><a href=\"https:\/\/camrt.ca\/fr\/wp-content\/uploads\/sites\/3\/2023\/02\/Budget-2023-ACTRM.pdf\">Soumission aux consultations pr\u00e9budg\u00e9taires f\u00e9d\u00e9rales de 2023<\/a><\/h5>\n<h5><a href=\"https:\/\/camrt.ca\/wp-content\/uploads\/2022\/03\/CAMRT-Pre-budget-submission-2022-Final.pdf\">Soumission aux consultations pr\u00e9budg\u00e9taires f\u00e9d\u00e9rales de 2022 (anglais)<\/a><\/h5>\n<h5><a href=\"https:\/\/www.ourcommons.ca\/Content\/Committee\/431\/FINA\/Brief\/BR10629183\/br-external\/CanadianAssociationOfMedicalRadiationTechnologists-10107458-f.pdf\" target=\"_blank\" rel=\"noopener noreferrer\">Soumission aux consultations pr\u00e9budg\u00e9taires f\u00e9d\u00e9rales de 2020<\/a><\/h5>\n<h5><a href=\"https:\/\/www.ourcommons.ca\/Content\/Committee\/421\/FINA\/Brief\/BR10006962\/br-external\/CanadianAssociationOfMedicalRadiationTechnologists-9884738-f.pdf\">Soumission aux consultations pr\u00e9budg\u00e9taires f\u00e9d\u00e9rales de 2019<\/a><\/h5>\n<p>&nbsp;<\/p>\n<h3><h3 class='border-title  '>Soumissions aux comit\u00e9s permanents et aux \u00e9tudes de la Chambre des communes par l&rsquo;ACTRM<span><\/span><\/h3><\/h3>\n<h5><a href=\"https:\/\/www.ourcommons.ca\/Content\/Committee\/441\/HUMA\/Brief\/BR11680659\/br-external\/CanadianAssociationOfMedicalRadiationTechnologists-f-10592321.pdf\" target=\"_blank\" rel=\"noopener noreferrer\">M\u00e9moire de l&rsquo;ACTRM au Comit\u00e9 permanent des ressources humaines, du d\u00e9veloppement des comp\u00e9tences, du d\u00e9veloppement social et de la condition des personnes handicap\u00e9es de la Chambre des communes (HUMA) sur l<span class=\"title-text\">es p\u00e9nuries de main-d\u2019\u0153uvre, conditions de travail et l\u2019\u00e9conomie des soins <\/span><\/a><\/h5>\n<p>mars 2022<\/p>\n<h5><a href=\"https:\/\/camrt.ca\/fr\/wp-content\/uploads\/sites\/3\/2023\/02\/Consultation-HESA-2023.pdf\" target=\"_blank\" rel=\"noopener noreferrer\">M\u00e9moire de l&rsquo;ACTRM au Comit\u00e9 permanent de la sant\u00e9 de la Chambre des communes (HESA) sur les effectifs de la sant\u00e9 au Canada<\/a><\/h5>\n<p>mars 2022<\/p>\n<h5><a href=\"https:\/\/www.ourcommons.ca\/Content\/Committee\/431\/HESA\/Brief\/BR10825548\/br-external\/CanadianAssociationOfMedicalRadiationTechnologists-10247490-f.pdf\" target=\"_blank\" rel=\"noopener noreferrer\">M\u00e9moire de l&rsquo;ACTRM au Comit\u00e9 permanent de la sant\u00e9 de la Chambre des communes (HESA) sur les soins palliatifs en radioth\u00e9rapie<\/a><\/h5>\n<p>mai 2020<\/p>\n<h5><a href=\"https:\/\/camrt.ca\/wp-content\/uploads\/2020\/05\/HCINNOVATION_NOV3_final.pdf\" target=\"_blank\" rel=\"noopener noreferrer\">CAMRT Brief Brief to the National Advisory Panel on Health Care Innovation<\/a><\/h5>\n<p>novembre 2014<\/p>\n<h5><a href=\"https:\/\/camrt.ca\/wp-content\/uploads\/2020\/05\/HESA_Committee_October2014.pdf\" target=\"_blank\" rel=\"noopener noreferrer\">CAMRT Brief to House of Commons Standing Committee on Health (HESA) on scope of practice and skills training of healthcare professionals<\/a><\/h5>\n<p>octobre 2014<\/p>\n<h5><a href=\"https:\/\/camrt.ca\/wp-content\/uploads\/2020\/05\/RNNR_Committee_-Final..pdf\" target=\"_blank\" rel=\"noopener noreferrer\">CAMRT Brief to the House of Commons Standing Committee on Natural Resources on the supply of medical isotopes<\/a><\/h5>\n<p>juin 2009<\/p>\n","protected":false},"excerpt":{"rendered":"<p>NOUVELLE Soumission aux consultations pr\u00e9budg\u00e9taires f\u00e9d\u00e9rales de 2025 (pour le budget diff\u00e9r\u00e9 en automne) Soumission aux consultations pr\u00e9budg\u00e9taires f\u00e9d\u00e9rales de 2025 Soumission aux consultations pr\u00e9budg\u00e9taires f\u00e9d\u00e9rales de 2024 Soumission aux [&hellip;]<\/p>\n","protected":false},"author":30,"featured_media":0,"parent":5799,"menu_order":0,"comment_status":"closed","ping_status":"closed","template":"","meta":{"_monsterinsights_skip_tracking":false,"_monsterinsights_sitenote_active":false,"_monsterinsights_sitenote_note":"","_monsterinsights_sitenote_category":0,"footnotes":""},"class_list":["post-47124","page","type-page","status-publish","hentry"],"_links":{"self":[{"href":"https:\/\/camrt.ca\/fr\/wp-json\/wp\/v2\/pages\/47124","targetHints":{"allow":["GET"]}}],"collection":[{"href":"https:\/\/camrt.ca\/fr\/wp-json\/wp\/v2\/pages"}],"about":[{"href":"https:\/\/camrt.ca\/fr\/wp-json\/wp\/v2\/types\/page"}],"author":[{"embeddable":true,"href":"https:\/\/camrt.ca\/fr\/wp-json\/wp\/v2\/users\/30"}],"replies":[{"embeddable":true,"href":"https:\/\/camrt.ca\/fr\/wp-json\/wp\/v2\/comments?post=47124"}],"version-history":[{"count":0,"href":"https:\/\/camrt.ca\/fr\/wp-json\/wp\/v2\/pages\/47124\/revisions"}],"up":[{"embeddable":true,"href":"https:\/\/camrt.ca\/fr\/wp-json\/wp\/v2\/pages\/5799"}],"wp:attachment":[{"href":"https:\/\/camrt.ca\/fr\/wp-json\/wp\/v2\/media?parent=47124"}],"curies":[{"name":"wp","href":"https:\/\/api.w.org\/{rel}","templated":true}]}}