{"id":47123,"date":"2023-06-09T15:31:30","date_gmt":"2023-06-09T19:31:30","guid":{"rendered":"https:\/\/camrt.wpenginepowered.com\/fr\/?page_id=15269"},"modified":"2025-11-14T14:56:44","modified_gmt":"2025-11-14T19:56:44","slug":"enonces-de-positions","status":"publish","type":"page","link":"https:\/\/camrt.ca\/fr\/defense-des-interets\/enonces-de-positions\/","title":{"rendered":"\u00c9nonc\u00e9s de positions"},"content":{"rendered":"<h3><h3 class='border-title  '>\u00c9nonc\u00e9s de positions de l&rsquo;ACTRM<span><\/span><\/h3><\/h3>\n<h5><a href=\"https:\/\/camrt.ca\/wp-content\/uploads\/2023\/12\/Enonce-ACTRM_Utilisation-des-titres-de-pratique-avancee-radiotherapie.pdf\">Utilisation des titres de pratique avanc\u00e9e pour les radioth\u00e9rapeutes au Canada<\/a><\/h5>\n<p>d\u00e9cembre 2023<\/p>\n<h5><div class='dt-sc-hr-invisible-small'><\/div><\/h5>\n<h5><a href=\"https:\/\/camrt.ca\/wp-content\/uploads\/2023\/06\/HELIUM-POSITION-STATEMENT-French-FINAL.pdf\" target=\"_blank\" rel=\"noopener\">\u00c9nonc\u00e9 de l&rsquo;ACTRM CHUG CAR: \u00c9tablir un approvisionnement canadien en h\u00e9lium durable et s\u00fbr<\/a><\/h5>\n<p>mai 2023<\/p>\n<h5><div class='dt-sc-hr-invisible-small'><\/div><\/h5>\n<h5><a href=\"https:\/\/camrt.wpenginepowered.com\/fr\/wp-content\/uploads\/sites\/3\/2021\/12\/ACTRM-EC-SCLMS-Declaration-conjointe-sur-la-crise-de-sante-mentale.pdf\">ACTRM \u00c9C SCLMS D\u00e9claration conjointe sur la crise de sant\u00e9 mentale<\/a><strong><br \/>\n<\/strong><\/h5>\n<p>octobre 2021<\/p>\n<h5><div class='dt-sc-hr-invisible-small'><\/div><\/h5>\n<h5><a href=\"https:\/\/www.jmirs.org\/article\/S1939-8654(21)00198-3\/fulltext\" target=\"_blank\" rel=\"noopener\">The palliative clinical specialist radiation therapist: A CAMRT White Paper (anglais)<\/a><\/h5>\n<p>septembre 2021<\/p>\n<h5><div class='dt-sc-hr-invisible-small'><\/div><\/h5>\n<h5><a href=\"https:\/\/camrt.ca\/wp-content\/uploads\/2025\/11\/Blindage-gonadique-et-foetal_Position-ACTRM-1.pdf\">Cessation de l&rsquo;utilisation du blindage gonadique et f\u0153tal pour les patients<\/a><\/h5>\n<p>&gt; <a href=\"https:\/\/camrt.wpenginepowered.com\/fr\/defense-des-interets\/enonces-de-positions\/enonce-de-position-sur-le-blindage-foire-aux-questions\/\">Foire aux questions (FAQs)<\/a><br \/>\n&gt; <a href=\"https:\/\/camrt.ca\/fr\/defense-des-interets\/enonces-de-positions\/position-de-protection-du-patient-ressources-irm\/\">Aides \u00e0 la discussion avec les patients \/\/ Affiches<\/a><\/p>\n<p>mai 2021<\/p>\n<h5><div class='dt-sc-hr-invisible-small'><\/div><\/h5>\n<h5><a href=\"https:\/\/camrt.ca\/wp-content\/uploads\/2021\/01\/Enonce-de-position-de-lACTRM-Lepuisement-professionnel.pdf\">L\u2019\u00e9puisement professionnel<\/a><\/h5>\n<p>janvier 2021<\/p>\n<h5><div class='dt-sc-hr-invisible-small'><\/div><\/h5>\n<h5><a href=\"https:\/\/camrt.wpenginepowered.com\/wp-content\/uploads\/2020\/04\/CAMRT-COVID-PPE-Position-Statement_EN.pdf\">\u00c9quipement de protection individuel pour les technologues en radiation m\u00e9dicale pendant la crise de la COVID-19<\/a><\/h5>\n<p>mise \u00e0 jour d\u00e9cembre 2020 (anglais)<\/p>\n<div class='dt-sc-hr-invisible-medium'><\/div>\n<h5><a href=\"https:\/\/camrt.wpenginepowered.com\/fr\/profession-de-trm\/pratique-avancee\/\">Plan-cadre de pratique avanc\u00e9e de l&rsquo;ACTRM<\/a><\/h5>\n<p>2013<\/p>\n","protected":false},"excerpt":{"rendered":"<p>Utilisation des titres de pratique avanc\u00e9e pour les radioth\u00e9rapeutes au Canada d\u00e9cembre 2023 \u00c9nonc\u00e9 de l&rsquo;ACTRM CHUG CAR: \u00c9tablir un approvisionnement canadien en h\u00e9lium durable et s\u00fbr mai 2023 ACTRM [&hellip;]<\/p>\n","protected":false},"author":30,"featured_media":0,"parent":5799,"menu_order":0,"comment_status":"closed","ping_status":"closed","template":"","meta":{"_monsterinsights_skip_tracking":false,"_monsterinsights_sitenote_active":false,"_monsterinsights_sitenote_note":"","_monsterinsights_sitenote_category":0,"footnotes":""},"class_list":["post-47123","page","type-page","status-publish","hentry"],"_links":{"self":[{"href":"https:\/\/camrt.ca\/fr\/wp-json\/wp\/v2\/pages\/47123","targetHints":{"allow":["GET"]}}],"collection":[{"href":"https:\/\/camrt.ca\/fr\/wp-json\/wp\/v2\/pages"}],"about":[{"href":"https:\/\/camrt.ca\/fr\/wp-json\/wp\/v2\/types\/page"}],"author":[{"embeddable":true,"href":"https:\/\/camrt.ca\/fr\/wp-json\/wp\/v2\/users\/30"}],"replies":[{"embeddable":true,"href":"https:\/\/camrt.ca\/fr\/wp-json\/wp\/v2\/comments?post=47123"}],"version-history":[{"count":0,"href":"https:\/\/camrt.ca\/fr\/wp-json\/wp\/v2\/pages\/47123\/revisions"}],"up":[{"embeddable":true,"href":"https:\/\/camrt.ca\/fr\/wp-json\/wp\/v2\/pages\/5799"}],"wp:attachment":[{"href":"https:\/\/camrt.ca\/fr\/wp-json\/wp\/v2\/media?parent=47123"}],"curies":[{"name":"wp","href":"https:\/\/api.w.org\/{rel}","templated":true}]}}