{"id":47122,"date":"2023-08-04T14:03:51","date_gmt":"2023-08-04T18:03:51","guid":{"rendered":"https:\/\/camrt.wpenginepowered.com\/fr\/?page_id=15266"},"modified":"2025-12-08T14:12:26","modified_gmt":"2025-12-08T19:12:26","slug":"recherche-sur-la-profession-de-trm","status":"publish","type":"page","link":"https:\/\/camrt.ca\/fr\/profession-de-trm\/recherche-sur-la-profession-de-trm\/","title":{"rendered":"Recherche sur la profession de TRM"},"content":{"rendered":"<h3><h3 class='border-title  '>Sondages et recherche de l&rsquo;ACTRM<span><\/span><\/h3><\/h3>\n<p><strong>Violence, agression et\/ou harc\u00e8lement<\/strong><\/p>\n<h5><a href=\"https:\/\/camrt.ca\/wp-content\/uploads\/2023\/02\/Rapport-Violence-au-le-lieu-de-travail-2023.pdf\">Violence, agression et\/ou harc\u00e8lement sur le lieu de travail dans le domaine de la technologie de radiation m\u00e9dicale, 2023<\/a><\/h5>\n<h5><div class='dt-sc-hr-invisible-small'><\/div><\/h5>\n<p><strong>Cong\u00e9s de maladie et les absences<\/strong><\/p>\n<h5><a href=\"https:\/\/camrt.wpenginepowered.com\/fr\/wp-content\/uploads\/sites\/3\/2023\/02\/Sondage-sur-les-conges-de-maladie-et-les-absences-2022-1.pdf\">Sondage sur les cong\u00e9s de maladie et les absences, 2022<\/a><\/h5>\n<h5><div class='dt-sc-hr-invisible-small'><\/div><\/h5>\n<p><strong>Sant\u00e9 mentale<\/strong><\/p>\n<h5><a href=\"https:\/\/camrt.ca\/wp-content\/uploads\/2021\/10\/ACTRM-Sondage-National-Sante-Mentale-2021.pdf\">Sondage national sur la sant\u00e9 mentale de l&rsquo;ACTRM 2021<\/a><\/h5>\n<h5><div class='dt-sc-hr-invisible-small'><\/div><\/h5>\n<p><strong>COVID-19<br \/>\n<\/strong><\/p>\n<h5><a href=\"https:\/\/camrt.wpenginepowered.com\/wp-content\/uploads\/2020\/06\/COVID-19-HHR-Survey-Survey_1-Highlights.pdf\">Sondage #1 \u2013 Rapport (anglais)<\/a><\/h5>\n<h5><a href=\"https:\/\/camrt.wpenginepowered.com\/wp-content\/uploads\/2020\/10\/COVID-19-HHR-Survey-3-\u2013-Summary-Report.pdf\">Sondage #3 \u2013 Rapport (anglais)<\/a><\/h5>\n<h5><div class='dt-sc-hr-invisible-small'><\/div><\/h5>\n<p><strong>Sondage bi-annuel sur les ressources humaines<\/strong><\/p>\n<h5><a href=\"https:\/\/camrt.ca\/wp-content\/uploads\/2019\/07\/CAMRT-HHR-Survey-Report-2017-FR.pdf\">Rapport complet 2017<\/a> \/\u00a0<a href=\"https:\/\/camrt.ca\/wp-content\/uploads\/2019\/07\/CAMRT-HHR-Survey-Report-2017-Exec-Summary-FR.pdf\">Sommaire ex\u00e9cutif 2017<\/a><\/h5>\n<h5><a href=\"https:\/\/camrt.ca\/wp-content\/uploads\/2017\/03\/CAMRT-2015-MRT-HR-Survey-Report_FR.pdf\" target=\"_blank\" rel=\"noopener noreferrer\">Rapport complet 2015<\/a> \/\u00a0<a href=\"https:\/\/camrt.ca\/wp-content\/uploads\/2017\/03\/CAMRT-2015-MRT-HR-Survey-Exec-Summary_FR.pdf\" target=\"_blank\" rel=\"noopener noreferrer\">Sommaire ex\u00e9cutif 2015<\/a><\/h5>\n<h5><div class='dt-sc-hr-invisible-small'><\/div><\/h5>\n<p><strong>Analyse des \u00e9chelles salariales<\/strong><\/p>\n<p>Les renseignements relatifs aux \u00e9chelles salariales furent rassembl\u00e9s \u00e0 fin de r\u00e9f\u00e9rence pour les technologues en radiation m\u00e9dicale pratiquants et par les \u00e9tudiants qui se pr\u00e9parent \u00e0 int\u00e9grer ce champ de pratique au Canada. Il s\u2019agit d\u2019une collection d\u2019\u00e9chelles salariales provinciales obtenues aupr\u00e8s des syndicats et des conventions collectives des unit\u00e9s de n\u00e9gociation externes. Veuillez prendre en note que certaines conventions collectives ne font aucune distinction entre les quatre disciplines (Radiologie, Radioth\u00e9rapie, M\u00e9decine nucl\u00e9aire et R\u00e9sonance magn\u00e9tique). Toutefois, nous avons tent\u00e9, dans la mesure du possible, de pr\u00e9ciser les \u00e9chelles salariales des quatre disciplines. Les renseignements suppl\u00e9mentaires renferment les majorations pour le travail suppl\u00e9mentaire et une annexe qui traite de l\u2019\u00e9cart du co\u00fbt de la vie entre les provinces.<\/p>\n<h5><a href=\"https:\/\/camrt.wpenginepowered.com\/fr\/profession-de-trm\/ressources-professionnelles\/analyse-echelle-salariale\/\" target=\"_blank\" rel=\"noopener noreferrer\">ACTRM Analyse des \u00e9chelles salariales<\/a><\/h5>\n<p>&nbsp;<\/p>\n<p><strong>Exercice Limit\u00e9<br \/>\n<\/strong><\/p>\n<h5><strong>Aper\u00e7u des r\u00f4les d\u2019exercice limit\u00e9 au Canada : <\/strong><a href=\"https:\/\/camrt.wpenginepowered.com\/wp-content\/uploads\/2015\/02\/CAMRT-Limited-Practice-Overview.pdf\" target=\"_blank\" rel=\"noopener noreferrer\">Basic Overview of Limited Practice in the Canadian Medical Radiation Technology Landscape: 2016\u00a0<\/a><\/h5>\n<p>&nbsp;<\/p>\n","protected":false},"excerpt":{"rendered":"<p>Violence, agression et\/ou harc\u00e8lement Violence, agression et\/ou harc\u00e8lement sur le lieu de travail dans le domaine de la technologie de radiation m\u00e9dicale, 2023 Cong\u00e9s de maladie et les absences Sondage sur les cong\u00e9s de maladie et les absences, 2022 Sant\u00e9 mentale Sondage national sur la sant\u00e9 mentale de l&rsquo;ACTRM 2021 COVID-19 Sondage #1 \u2013 Rapport [&hellip;]<\/p>\n","protected":false},"author":30,"featured_media":0,"parent":47020,"menu_order":0,"comment_status":"closed","ping_status":"closed","template":"","meta":{"_monsterinsights_skip_tracking":false,"_monsterinsights_sitenote_active":false,"_monsterinsights_sitenote_note":"","_monsterinsights_sitenote_category":0,"footnotes":""},"class_list":["post-47122","page","type-page","status-publish","hentry"],"_links":{"self":[{"href":"https:\/\/camrt.ca\/fr\/wp-json\/wp\/v2\/pages\/47122","targetHints":{"allow":["GET"]}}],"collection":[{"href":"https:\/\/camrt.ca\/fr\/wp-json\/wp\/v2\/pages"}],"about":[{"href":"https:\/\/camrt.ca\/fr\/wp-json\/wp\/v2\/types\/page"}],"author":[{"embeddable":true,"href":"https:\/\/camrt.ca\/fr\/wp-json\/wp\/v2\/users\/30"}],"replies":[{"embeddable":true,"href":"https:\/\/camrt.ca\/fr\/wp-json\/wp\/v2\/comments?post=47122"}],"version-history":[{"count":0,"href":"https:\/\/camrt.ca\/fr\/wp-json\/wp\/v2\/pages\/47122\/revisions"}],"up":[{"embeddable":true,"href":"https:\/\/camrt.ca\/fr\/wp-json\/wp\/v2\/pages\/47020"}],"wp:attachment":[{"href":"https:\/\/camrt.ca\/fr\/wp-json\/wp\/v2\/media?parent=47122"}],"curies":[{"name":"wp","href":"https:\/\/api.w.org\/{rel}","templated":true}]}}