{"id":47113,"date":"2021-05-10T23:38:12","date_gmt":"2021-05-11T03:38:12","guid":{"rendered":"https:\/\/camrt.wpenginepowered.com\/fr\/?page_id=13769"},"modified":"2021-05-10T23:38:12","modified_gmt":"2021-05-11T03:38:12","slug":"enonce-de-position-sur-le-blindage-foire-aux-questions","status":"publish","type":"page","link":"https:\/\/camrt.ca\/fr\/defense-des-interets\/enonces-de-positions\/enonce-de-position-sur-le-blindage-foire-aux-questions\/","title":{"rendered":"\u00c9nonc\u00e9 de position sur le blindage: Foire aux questions"},"content":{"rendered":"<ol>\n<li>\n<h5><strong>Pourquoi l\u2019ACTRM adopte-t-elle cette position \u00e0 ce moment-ci?<\/strong><\/h5>\n<\/li>\n<\/ol>\n<p>Au fil du temps, les donn\u00e9es de recherche se sont accumul\u00e9es, indiquant qu&rsquo;il fallait modifier la pratique du blindage gonadique et f\u0153tal pour les patients. L&rsquo;ACTRM a examin\u00e9 la documentation, consult\u00e9 des experts en mati\u00e8re de radioprotection, obtenu les commentaires des organismes de r\u00e9glementation des TRM et des membres de l&rsquo;ACTRM (p. ex., le Conseil consultatif sur l&rsquo;exercice de la profession, le Comit\u00e9 consultatif sur la d\u00e9fense des int\u00e9r\u00eats ), et tenu des discussions avec d&rsquo;autres organisations int\u00e9ress\u00e9es afin d&rsquo;obtenir l&rsquo;information n\u00e9cessaire \u00e0 la prise de d\u00e9cisions fond\u00e9es sur des donn\u00e9es probantes. \u00c0 partir de ce processus de collecte d&rsquo;information, l&rsquo;ACTRM a d\u00e9termin\u00e9 qu&rsquo;il \u00e9tait essentiel d&rsquo;\u00e9valuer et d&rsquo;examiner sa position concernant le blindage gonadique et f\u0153tal des patients afin de fournir des renseignements sur les meilleures pratiques \u00e0 ses membres.<\/p>\n<div class='dt-sc-hr-invisible-medium'><\/div>\n<ol start=\"2\">\n<li>\n<h5><strong>L&rsquo;ACTRM est-elle l&rsquo;autorit\u00e9 qui d\u00e9termine la pratique en mati\u00e8re de blindage dans ma province, mon territoire ou mon \u00e9tablissement?<\/strong><\/h5>\n<\/li>\n<\/ol>\n<p>L&rsquo;ACTRM <u>n&rsquo;est pas<\/u> l&rsquo;autorit\u00e9 qui d\u00e9termine la pratique du blindage au sein d&rsquo;une province, d&rsquo;un territoire ou d&rsquo;un \u00e9tablissement. La pratique des TRM est d\u00e9termin\u00e9e au niveau provincial et par leurs employeurs. Il est imp\u00e9ratif que les TRM travaillent dans le cadre du champ d&rsquo;exercice \u00e9tabli par leur organisme de r\u00e9glementation (l\u00e0 o\u00f9 de tels organismes existent), qu&rsquo;ils connaissent et respectent toutes les lois pertinentes li\u00e9es \u00e0 leur exercice et qu&rsquo;ils suivent en tout temps les politiques et les proc\u00e9dures de leur \u00e9tablissement.<\/p>\n<div class='dt-sc-hr-invisible-medium'><\/div>\n<ol start=\"3\">\n<li>\n<h5><strong>Comment puis-je utiliser cet \u00e9nonc\u00e9 de position?<\/strong><\/h5>\n<\/li>\n<\/ol>\n<p>Cet \u00e9nonc\u00e9 de position fournit une recommandation claire bas\u00e9e sur une \u00e9valuation rigoureuse de la litt\u00e9rature scientifique actuelle sur le blindage. En fonction de votre pratique locale, cette position, et les sources documentaires qu&rsquo;elle contient peuvent \u00eatre utilis\u00e9es pour soutenir les politiques en place ou pour plaider en faveur du changement sugg\u00e9r\u00e9 aupr\u00e8s des autorit\u00e9s comp\u00e9tentes et\/ou l&rsquo;\u00e9quipe de direction de l&rsquo;imagerie m\u00e9dicale de votre \u00e9tablissement.<\/p>\n<div class='dt-sc-hr-invisible-medium'><\/div>\n<ol start=\"4\">\n<li>\n<h5><strong>Que puis-je faire lorsque des changements sont apport\u00e9s aux politiques et proc\u00e9dures de blindage gonadique et f\u0153tal de mon \u00e9tablissement?<\/strong><\/h5>\n<\/li>\n<\/ol>\n<p>L&rsquo;ACTRM recommande que tout le personnel d&rsquo;imagerie de premi\u00e8re ligne soit inform\u00e9 des raisons pour lesquelles on modifie la pratique du blindage dans leur \u00e9tablissement.<\/p>\n<p>L&rsquo;\u00e9nonc\u00e9 de position de l&rsquo;ACTRM n&rsquo;est pas une d\u00e9cision arbitraire. Il est fond\u00e9 sur une accumulation de recherches rigoureuses men\u00e9es pendant des d\u00e9cennies et examin\u00e9es par des experts du domaine. L&rsquo;\u00e9nonc\u00e9 de position contient des r\u00e9f\u00e9rences aux principaux articles \u00e9valu\u00e9s par les pairs qui traitent du sujet de la pratique professionnelle, ce qui constitue la base de l&rsquo;\u00e9ducation. En outre, l&rsquo;ACTRM a mis \u00e0 la disposition de ses membres du mat\u00e9riel \u00e9ducatif suppl\u00e9mentaire, comme un <a href=\"https:\/\/camrt.force.com\/CPBase__item?id=a102L000005APLuQAO\">webinaire<\/a> de perfectionnement professionnel continu.<\/p>\n<div class='dt-sc-hr-invisible-medium'><\/div>\n<ol start=\"5\">\n<li>\n<h5><strong>Comment puis-je \u00e9duquer les patients pour les aider \u00e0 comprendre ces changements dans une pratique \u00e9tablie depuis longtemps?<\/strong><\/h5>\n<\/li>\n<\/ol>\n<p>La meilleure fa\u00e7on de proc\u00e9der est d&rsquo;aborder cette \u00e9ducation du patient comme vous le feriez pour toute autre \u00e9ducation du patient. L&rsquo;ACTRM fournit une <a href=\"https:\/\/camrt-bpg.ca\/fr\/prise-en-charge-du-patient\/interactions-avec-le-patient\/renseigner-le-patient\/\">ligne directrice sur les pratiques exemplaires en mati\u00e8re d&rsquo;\u00e9ducation des patients<\/a> qui peut soutenir les efforts locaux. L&rsquo;ACTRM a \u00e9galement mis au point <a href=\"https:\/\/camrt.wpenginepowered.com\/about-camrt\/advocacy\/camrt-positions-and-research\/patient-shielding-position-mrt-resources\/\">les ressources pour TRM<\/a> li\u00e9es \u00e0 la pratique du blindage qui peuvent \u00eatre utilis\u00e9es pour soutenir les conversations en langage clair avec vos patients.<\/p>\n<div class='dt-sc-hr-invisible-medium'><\/div>\n<ol start=\"6\">\n<li>\n<h5><strong>Une fois que nos politiques d\u00e9partementales ont \u00e9t\u00e9 modifi\u00e9es pour refl\u00e9ter cet \u00e9nonc\u00e9 de position, le blindage devrait-il \u00eatre utilis\u00e9 pour les patients p\u00e9diatriques?<\/strong><\/h5>\n<\/li>\n<\/ol>\n<p>Le blindage gonadique et f\u0153tal des patients p\u00e9diatriques ne devrait pas avoir lieu, comme le d\u00e9crivent les preuves pr\u00e9sent\u00e9es dans l&rsquo;\u00e9nonc\u00e9 de position.<\/p>\n<div class='dt-sc-hr-invisible-medium'><\/div>\n<ol start=\"7\">\n<li>\n<h5><strong>Une fois que nos politiques d\u00e9partementales ont \u00e9t\u00e9 modifi\u00e9es pour refl\u00e9ter cet \u00e9nonc\u00e9 de position, le blindage devrait-il \u00eatre utilis\u00e9 pour les patientes enceintes?<\/strong><\/h5>\n<\/li>\n<\/ol>\n<p>Le blindage gonadique et f\u0153tal des patientes enceintes et de leur f\u0153tus\/embryon ne devrait pas avoir lieu, comme d\u00e9crit par les preuves pr\u00e9sent\u00e9es dans la d\u00e9claration de position.<\/p>\n<div class='dt-sc-hr-invisible-medium'><\/div>\n<ol start=\"8\">\n<li>\n<h5><strong>Comment dois-je r\u00e9agir si un patient demande un blindage apr\u00e8s que j&rsquo;ai expliqu\u00e9 les raisons de ce changement?<\/strong><\/h5>\n<\/li>\n<\/ol>\n<p>Le patient a en fin de compte le droit de choisir les soins qu&rsquo;il re\u00e7oit et nous recommandons que le blindage soit fourni si le patient le demande, dans la mesure o\u00f9 l&rsquo;anatomie concern\u00e9e n&rsquo;est pas obstru\u00e9e dans le champ de vision pr\u00e9vu.<\/p>\n<div class='dt-sc-hr-invisible-medium'><\/div>\n<ol start=\"9\">\n<li>\n<h5><strong>Les technologues et autres prestataires de soins de sant\u00e9 devraient-ils continuer \u00e0 porter des tabliers en plomb pendant leur travail?<\/strong><\/h5>\n<\/li>\n<\/ol>\n<p>Oui, les recommandations formul\u00e9es dans l&rsquo;\u00e9nonc\u00e9 de position ne s&rsquo;appliquent pas \u00e0 la fa\u00e7on dont les technologues et les autres fournisseurs de soins de sant\u00e9 se prot\u00e8gent contre l&rsquo;exposition aux rayonnements dans le cadre du travail.<\/p>\n<div class='dt-sc-hr-invisible-medium'><\/div>\n<ol start=\"10\">\n<li>\n<h5><strong>Devrais-je fournir un tablier de plomb \u00e0 un parent et \u00e0 toute personne qui accompagne le patient lors du rendez-vous?<\/strong><\/h5>\n<\/li>\n<\/ol>\n<p>Oui, \u00e9tant donn\u00e9 que le parent et les autres personnes pr\u00e9sentes ne tirent aucun b\u00e9n\u00e9fice de l&rsquo;examen d&rsquo;imagerie, ils doivent \u00eatre prot\u00e9g\u00e9s de toute radiation inutile.<\/p>\n<div class='dt-sc-hr-invisible-medium'><\/div>\n<h3>Vous avez une autre question ?<\/h3>\n<a href=\"mailto:professionalpractice@camrt.ca\" target=\"_blank\" class=\"dt-sc-button   medium\">Soumettre une question \u00e0 l&rsquo;ACTRM<\/a>\n","protected":false},"excerpt":{"rendered":"<p>Pourquoi l\u2019ACTRM adopte-t-elle cette position \u00e0 ce moment-ci? Au fil du temps, les donn\u00e9es de recherche se sont accumul\u00e9es, indiquant qu&rsquo;il fallait modifier la pratique du blindage gonadique et f\u0153tal [&hellip;]<\/p>\n","protected":false},"author":30,"featured_media":0,"parent":47123,"menu_order":0,"comment_status":"closed","ping_status":"closed","template":"","meta":{"_monsterinsights_skip_tracking":false,"_monsterinsights_sitenote_active":false,"_monsterinsights_sitenote_note":"","_monsterinsights_sitenote_category":0,"footnotes":""},"class_list":["post-47113","page","type-page","status-publish","hentry"],"_links":{"self":[{"href":"https:\/\/camrt.ca\/fr\/wp-json\/wp\/v2\/pages\/47113","targetHints":{"allow":["GET"]}}],"collection":[{"href":"https:\/\/camrt.ca\/fr\/wp-json\/wp\/v2\/pages"}],"about":[{"href":"https:\/\/camrt.ca\/fr\/wp-json\/wp\/v2\/types\/page"}],"author":[{"embeddable":true,"href":"https:\/\/camrt.ca\/fr\/wp-json\/wp\/v2\/users\/30"}],"replies":[{"embeddable":true,"href":"https:\/\/camrt.ca\/fr\/wp-json\/wp\/v2\/comments?post=47113"}],"version-history":[{"count":0,"href":"https:\/\/camrt.ca\/fr\/wp-json\/wp\/v2\/pages\/47113\/revisions"}],"up":[{"embeddable":true,"href":"https:\/\/camrt.ca\/fr\/wp-json\/wp\/v2\/pages\/47123"}],"wp:attachment":[{"href":"https:\/\/camrt.ca\/fr\/wp-json\/wp\/v2\/media?parent=47113"}],"curies":[{"name":"wp","href":"https:\/\/api.w.org\/{rel}","templated":true}]}}