{"id":47112,"date":"2021-04-20T15:39:21","date_gmt":"2021-04-20T19:39:21","guid":{"rendered":"https:\/\/camrt.wpenginepowered.com\/fr\/?page_id=13744"},"modified":"2026-02-25T15:53:35","modified_gmt":"2026-02-25T20:53:35","slug":"micro-certificats","status":"publish","type":"page","link":"https:\/\/camrt.ca\/fr\/micro-certificats\/","title":{"rendered":"Microcertificats"},"content":{"rendered":"<p>Nous sommes fiers de vous offrir cette nouvelle voie d&rsquo;apprentissage &#8211; nous savons que vous travaillez plus fort que jamais, et c&rsquo;est fatigant! Les microcertificats de l&rsquo;ACTRM vous permettent d&rsquo;autog\u00e9rer votre apprentissage, en prenant des cours de PPC group\u00e9s faciles \u00e0 g\u00e9rer qui visent \u00e0 fournir des connaissances et des comp\u00e9tences dans un domaine d&rsquo;exercice sp\u00e9cifique. Le contenu est \u00e9valu\u00e9 par les pairs et accr\u00e9dit\u00e9 pour les cr\u00e9dits de cat\u00e9gorie A comme nos offres \u00e9ducatives autonomes, et soigneusement s\u00e9lectionn\u00e9 pour vous fournir un apprentissage cibl\u00e9 qui est flexible, efficace et rentable.<\/p>\n<p>L&rsquo;ACTRM d\u00e9livre un <strong>badge num\u00e9rique<\/strong> \u00e0 tous les dipl\u00f4m\u00e9s du programme de microcertificat.<\/p>\n<p><img loading=\"lazy\" decoding=\"async\" class=\"alignnone size-full wp-image-17061\" src=\"https:\/\/camrt.ca\/fr\/wp-content\/uploads\/sites\/3\/2024\/07\/Micro-Certificate-Badges.png\" alt=\"\" width=\"851\" height=\"314\" \/><\/p>\n<p>Vous voulez mettre en valeur vos r\u00e9alisations \u00e9ducatives et professionnelles? Les badges obtenus peuvent \u00eatre t\u00e9l\u00e9charg\u00e9s et affich\u00e9s dans les profils de m\u00e9dias sociaux, les sites Web personnels et les curriculum vitae. Ils int\u00e8grent des m\u00e9tadonn\u00e9es qui authentifient le badge et cr\u00e9ent un enregistrement en ligne de la r\u00e9alisation, rendant ainsi les r\u00e9alisations plus \u00ab visibles \u00bb en ligne. Les employeurs potentiels ou les coll\u00e8gues curieux peuvent cliquer sur le badge pour v\u00e9rifier instantan\u00e9ment le titre obtenu<\/p>\n<p>Pour plus d\u2019information sur les programme de microcertificats, contactez <a href=\"mailto:specialtycertificates@camrt.ca\">specialtycertificates@camrt.ca<\/a>.<\/p>\n<div class=\"dt-sc-toggle-frame\"><h5 class='dt-sc-toggle'><a href='#'>Fondements du leadership<\/a><\/h5><div class=\"dt-sc-toggle-content\" style=\"display: none;\"><div class=\"block\"><p>Les TRM agissent en tant que leaders, individuellement ou en tant que partenaires du syst\u00e8me de soins de sant\u00e9. Ils prennent des initiatives et agissent en tant que mentors, d\u00e9fenseurs, intendants et facilitateurs pour am\u00e9liorer la qualit\u00e9 des soins.<\/p>\n<p>Ce microcertificat offre une formation aux comp\u00e9tences essentielles. Le programme de microcertificat sur les fondements du leadership est offert dans une combinaison de formats de cours et vise \u00e0\u00a0:<\/p>\n<ul class='dt-sc-fancy-list   rounded-arrow'>\n<li>d\u00e9velopper les TRM en tant que leaders au sein du syst\u00e8me de soins de sant\u00e9;<\/li>\n<li>pr\u00e9senter des strat\u00e9gies de d\u00e9fense des int\u00e9r\u00eats;<\/li>\n<li>pr\u00e9senter des strat\u00e9gies d&rsquo;\u00e9change d&rsquo;information efficace dans le cadre de l&rsquo;exercice des TRM;<\/li>\n<li>d\u00e9montrer des comp\u00e9tences qui permettent aux TRM de contribuer \u00e0 l&rsquo;am\u00e9lioration continue des soins aux patients;<\/li>\n<li>pr\u00e9senter des m\u00e9thodes qui \u00e9l\u00e8vent la pratique du leadership;<\/li>\n<li>promouvoir des strat\u00e9gies pour diriger efficacement le changement, sur le terrain ou dans la salle du conseil;<\/li>\n<li>promouvoir un leadership et une pratique inclusifs.<\/li>\n<\/ul>\n<p><strong>CONTENU DU PROGRAMME<\/strong><\/p>\n<ul class='dt-sc-fancy-list   rounded-arrow'>\n<li><a href=\"https:\/\/camrt.my.site.com\/CPBase__item?id=a10OK00000FyQlNYAV\">Leadership Skills<\/a>: Cours complet (version 2020)<\/li>\n<li><a href=\"https:\/\/camrt.my.site.com\/CPBase__item?id=a105G00000lDDANQA4\">Personal Leadership Empowering Self<\/a>: Classes virtuelle<\/li>\n<li><a href=\"https:\/\/camrt.my.site.com\/CPBase__item?id=a105G00000lDDALQA4\">Strategic Planning in Medical Radiation Technology<\/a>: Classe virtuelle<\/li>\n<li><a href=\"https:\/\/camrt.my.site.com\/CPBase__item?id=a105G00000lD2McQAK\">Enhancing Communication through Cultural Humility<\/a>: Cours d\u2019autoformation rapide<\/li>\n<li><a href=\"https:\/\/camrt.my.site.com\/CPBase__item?id=a105G00001Aow9kQAB\">Leader as Advocate<\/a>: Webinaire (en direct ou \u00e0 la demande)<\/li>\n<\/ul>\n<p><strong>INSCRIPTION AU PROGRAMME<\/strong><\/p>\n<p>Le microcertificat sur les fondements du leadership peut \u00eatre obtenu de deux mani\u00e8res : si vous \u00eates un nouveau candidat (\u00ab nouvelle inscription \u00bb), ou si vous avez partiellement rempli les conditions requises (\u00ab inscription de droits acquis \u00bb).<\/p>\n<h6><strong>Nouvelle inscription :<\/strong><\/h6>\n<ul class='dt-sc-fancy-list   rounded-arrow'>\n<li>Comme vous vous inscrivez \u00e0 toutes les exigences en m\u00eame temps, vous pouvez vous inscrire au microcertificat \u00e0 un prix r\u00e9duit (uniquement pour les \u00ab\u00a0nouvelles inscriptions\u00a0\u00bb). <strong>Pour consulter et acheter tous les modules \u00e0 un prix forfaitaire r\u00e9duit, cliquez<\/strong> <a href=\"https:\/\/camrt.my.site.com\/CPBase__item?id=a105G00001Aoui7QAB\"><strong>ici<\/strong><\/a><strong>.<\/strong><\/li>\n<li>Veuillez noter que le cours complet ajout\u00e9 \u00e0 votre programme portera sur la prochaine session ouverte disponible. Si vous avez besoin de reporter ou de transf\u00e9rer ce cours \u00e0 une session ult\u00e9rieure, veuillez en faire la demande par courriel \u00e0\u00a0<a href=\"mailto:cpd@camrt.ca\">cpd@camrt.ca<\/a>. Le cours complet est propos\u00e9 en automne et en hiver et doit \u00eatre commenc\u00e9 dans le d\u00e9lai standard de deux ans du programme de microcertificat.<\/li>\n<\/ul>\n<h6><strong>Inscription de droits acquis\u00a0:<\/strong><\/h6>\n<p>Merci de faire partie de notre programme de PPC! Si vous avez d\u00e9j\u00e0 r\u00e9ussi l&rsquo;un des cours obligatoires admissibles avec une note sup\u00e9rieure \u00e0 75 %, vous pouvez vous inscrire pour <strong>b\u00e9n\u00e9ficier d&rsquo;une clause de droits acquis dans le programme de microcertificat sur les fondements du leadership, en cliquant <a href=\"https:\/\/camrt.my.site.com\/CPBase__item?id=a105G00001AowAqQAJ\">ici<\/a>.<\/strong><\/p>\n<p>Cours obligatoires\u00a0:<\/p>\n<ul class='dt-sc-fancy-list   rounded-arrow'>\n<li><a href=\"https:\/\/camrt.my.site.com\/CPBase__item?id=a10OK00000FyQlNYAV\">Leadership Skills<\/a>: Cours complet (version 2020 ou plus r\u00e9cente)<\/li>\n<li><a href=\"https:\/\/camrt.my.site.com\/CPBase__item?id=a105G00000lDDANQA4\">Personal Leadership Empowering Self<\/a>: Conf\u00e9rence virtuelle<\/li>\n<li><a href=\"https:\/\/camrt.my.site.com\/CPBase__item?id=a105G00000lDDALQA4\">Strategic Planning in Medical Radiation Technology<\/a>: Conf\u00e9rence virtuelle<\/li>\n<li><a href=\"https:\/\/camrt.my.site.com\/CPBase__item?id=a105G00000lD2McQAK\">Enhancing Communication through Cultural Humility<\/a>: Cours d\u2019autoformation rapide<\/li>\n<li><a href=\"https:\/\/camrt.my.site.com\/CPBase__item?id=a105G00001Aow9kQAB\">Leader as Advocate<\/a>: Webinaire (en direct ou \u00e0 la demande)<\/li>\n<\/ul>\n<p>L&rsquo;ACTRM examinera votre demande et s&rsquo;assurera que vous \u00eates admissible, et vous accordera un cr\u00e9dit pour les cours compl\u00e9t\u00e9s en vue de votre programme de microcertificat.<\/p>\n<p>Votre date de d\u00e9but du programme de microcertificat sera celle de votre inscription.<\/p>\n<p>Il n&rsquo;y a pas de frais d&rsquo;inscription au programme de certificat; vous devez vous inscrire \u00e0 tous les cours en suspens au tarif normal et les terminer de fa\u00e7on ind\u00e9pendante, dans les d\u00e9lais habituels (par exemple, pour un cours d&rsquo;autoformation rapide, vous avez 4 mois pour le terminer \u00e0 partir du moment de l&rsquo;inscription). Les cours restants doivent \u00eatre compl\u00e9t\u00e9s dans les deux ans suivant l&rsquo;inscription au programme de microcertificat sur les fondements du leadership.\nPour consulter le programme et vous inscrire, cliquez <a href=\"https:\/\/camrt.my.site.com\/CPBase__item?id=a105G00001AowAqQAJ\">ici<\/a>.<\/p><\/div><\/div><\/div>\n<div class=\"dt-sc-toggle-frame\"><h5 class='dt-sc-toggle'><a href='#'>S\u00e9curit\u00e9 culturelle : Diversit\u00e9 et inclusion<\/a><\/h5><div class=\"dt-sc-toggle-content\" style=\"display: none;\"><div class=\"block\"><p>Conform\u00e9ment \u00e0 son <a href=\"https:\/\/camrt.ca\/fr\/a-propos-de-actrm\/gouvernance\/diversite\/\"><strong>Initiative sur l&rsquo;inclusion et la diversit\u00e9<\/strong><\/a>, l&rsquo;ACTRM soutient une main-d&rsquo;\u0153uvre diversifi\u00e9e et un environnement de travail inclusif par l&rsquo;\u00e9ducation et la reconnaissance de ceux qui s&rsquo;engagent dans une culture de respect, d&rsquo;ouverture et d&rsquo;apprentissage continu.<a href=\"https:\/\/camrt.ca\/fr\/wp-content\/uploads\/sites\/3\/2021\/05\/MicroCertificate-DiversityInclusion.png\"><img loading=\"lazy\" decoding=\"async\" class=\"alignright size-thumbnail wp-image-13745\" src=\"https:\/\/camrt.ca\/fr\/wp-content\/uploads\/sites\/3\/2021\/05\/MicroCertificate-DiversityInclusion-150x150.png\" alt=\"\" width=\"150\" height=\"150\" \/><\/a><\/p>\n<p>Les technologues qui termineront avec succ\u00e8s tous les modules d&rsquo;apprentissage suivants (disponibles en anglais seulement) recevront <strong>le <a href=\"https:\/\/camrt.ca\/fr\/badges-numeriques\/\">badge num\u00e9rique<\/a> du Micro-certificat en S\u00e9curit\u00e9 culturelle : Diversit\u00e9 et inclusion.*<\/strong><\/p>\n<ul class='dt-sc-fancy-list   rounded-arrow'>\n<li><a href=\"https:\/\/camrt.ca\/fr\/lidentite-est-importante-education-lgbtq2s-pour-les-trm\/\"><strong>L\u2019identit\u00e9 est importante : \u00c9ducation LGBTQ2S+ pour les TRM<\/strong><\/a>\u00a0<strong>(4 cours d\u2019autoformation rapide<\/strong>)\n<ul class='dt-sc-fancy-list   rounded-arrow'>\n<li><a href=\"https:\/\/camrt.my.site.com\/CPBase__item?id=a105G00000lD2MlQAK\">LGBTQ2S+ Background and History<\/a><\/li>\n<li><a href=\"https:\/\/camrt.my.site.com\/CPBase__item?id=a105G00000lD2MnQAK\">LGBTQ2S+ Experiences in Healthcare<\/a><\/li>\n<li><a href=\"https:\/\/camrt.my.site.com\/CPBase__item?id=a105G00000lD2MpQAK\">Creating LGBTQ2S+ Affirming Healthcare Environments<\/a><\/li>\n<li><a href=\"https:\/\/camrt.my.site.com\/CPBase__item?id=a105G00000lD2MrQAK\">Allyship for LGBTQ2S+ People<\/a><\/li>\n<\/ul>\n<\/li>\n<\/ul>\n<ul class='dt-sc-fancy-list   rounded-arrow'>\n<li><a href=\"https:\/\/camrt.my.site.com\/CPBase__item?id=a105G00000lD2MZQA0\"><strong>Cr\u00e9er un environnement de TRM inclusif pour les personnes handicap\u00e9es (cours d\u2019autoformation rapide)<\/strong><\/a><\/li>\n<li><a href=\"https:\/\/camrt.my.site.com\/CPBase__item?id=a105G00000lD2McQAK\"><strong>Am\u00e9liorer la communication par l\u2019humilit\u00e9 culturelle (cours d\u2019autoformation rapide)<\/strong><\/a><\/li>\n<\/ul>\n<p><em>* Pour acheter les six modules du programme avec un prix d\u2019ensemble, <strong>cliquez <a href=\"https:\/\/camrt.my.site.com\/CPBase__item?id=a105G00000lDaKqQAK\">ici<\/a><\/strong>.<\/em><\/p>\n<h5><strong>Objectifs du programme de micro-certificat S\u00e9curit\u00e9 culturelle : Diversit\u00e9 et inclusion<\/strong><\/h5>\n<ul class='dt-sc-fancy-list   rounded-arrow'>\n<li>Promouvoir et soutenir des soins culturellement s\u00fbrs et compatissants.<\/li>\n<li>Promouvoir et soutenir le respect, le traitement \u00e9quitable, les soins \u00e9quitables et la non-discrimination gr\u00e2ce \u00e0 un environnement professionnel exempt de pr\u00e9jug\u00e9s et d&rsquo;obstacles.<\/li>\n<li>Cr\u00e9er une culture d&rsquo;ouverture.<\/li>\n<li>Fournir des occasions aux TRM d&rsquo;explorer, d&rsquo;apprendre et de r\u00e9fl\u00e9chir sur les questions de diversit\u00e9 et d&rsquo;inclusion pertinentes \u00e0 l&rsquo;exercice de la TRM et au-del\u00e0.<\/li>\n<\/ul><\/div><\/div><\/div>\n<div class=\"dt-sc-toggle-frame\"><h5 class='dt-sc-toggle'><a href='#'>Bient\u00f4t disponible : Le prestataire de soins \u00e9thiques<\/a><\/h5><div class=\"dt-sc-toggle-content\" style=\"display: none;\"><div class=\"block\"><p>Nous sommes ravis de lancer un tout nouveau programme de micro-certificat con\u00e7u pour soutenir les TRM dans la prestation de soins \u00e9thiques centr\u00e9s sur le patient.<\/p>\n<p>D\u00e9couvrez les modules en ligne qui ont \u00e9t\u00e9 \u00e9labor\u00e9s pour garantir que les TRM canadiens disposent d&rsquo;une base solide en mati\u00e8re d&rsquo;\u00e9thique des soins de sant\u00e9 &amp; de fin de vie, qu&rsquo;ils sont \u00e9quip\u00e9s pour des strat\u00e9gies \u00e0 r\u00e9duire la partialit\u00e9 contre les ob\u00e8ses dans le domaine des soins de sant\u00e9, qu&rsquo;ils peuvent communiquer efficacement en devenant plus conscients des cadres indig\u00e8nes traditionnels et qu&rsquo;ils peuvent \u00e9galement d\u00e9velopper des liens significatifs tout en maintenant des limites. Ces cours augmenteront et d\u00e9velopperont votre professionnalisme, tout en \u00e9tant accessibles et applicables \u00e0 votre travail quotidien !<\/p>\n<p>Cela inclut les NOUVEAUX cours suivants (en anglais) :<\/p>\n<ul>\n<li><a href=\"https:\/\/camrt.my.site.com\/CPBase__item?id=a10OK000005vsdVYAQ\">Anti-fat Bias: Considerations for MRTs<\/a><\/li>\n<li><a href=\"https:\/\/camrt.my.site.com\/CPBase__item?id=a10OK000005yoK1YAI\">Applied Ethics for Healthcare Practitioners<\/a><\/li>\n<li><a href=\"https:\/\/camrt.my.site.com\/CPBase__item?id=a10OK000005yaliYAA\">Bonds and Boundaries: Meaningful Connections as Fuel in the Workplace<\/a><\/li>\n<li><a href=\"https:\/\/camrt.my.site.com\/CPBase__item?id=a10OK0000060kKOYAY\">Engaging Indigenous Teachings to Help Communication Thrive<\/a><\/li>\n<li><a href=\"https:\/\/camrt.my.site.com\/CPBase__item?id=a10OK00000613TRYAY\">Professionalism and Applied Ethics for End of Life Care<\/a><\/li>\n<\/ul>\n<p>Vous pourrez les regrouper \u00e0 <a href=\"https:\/\/camrt.my.site.com\/CPBase__item?id=a10OK000006Kss2YAC\">un prix r\u00e9duit<\/a> sous la forme d&rsquo;un micro-certificat (ou les suivre s\u00e9par\u00e9ment). Toutes les cours sont accr\u00e9dit\u00e9es.<\/p><\/div><\/div><\/div>\n<a href=\"https:\/\/camrt.ca\/fr\/badges-numeriques\/\" target=\"_top\" class=\"dt-sc-button   medium\">Pour en savoir plus<\/a>\n","protected":false},"excerpt":{"rendered":"<p>Nous sommes fiers de vous offrir cette nouvelle voie d&rsquo;apprentissage &#8211; nous savons que vous travaillez plus fort que jamais, et c&rsquo;est fatigant! Les microcertificats de l&rsquo;ACTRM vous permettent d&rsquo;autog\u00e9rer votre apprentissage, en prenant des cours de PPC group\u00e9s faciles \u00e0 g\u00e9rer qui visent \u00e0 fournir des connaissances et des comp\u00e9tences dans un domaine d&rsquo;exercice [&hellip;]<\/p>\n","protected":false},"author":30,"featured_media":0,"parent":0,"menu_order":0,"comment_status":"closed","ping_status":"closed","template":"","meta":{"_monsterinsights_skip_tracking":false,"_monsterinsights_sitenote_active":false,"_monsterinsights_sitenote_note":"","_monsterinsights_sitenote_category":0,"footnotes":""},"class_list":["post-47112","page","type-page","status-publish","hentry"],"_links":{"self":[{"href":"https:\/\/camrt.ca\/fr\/wp-json\/wp\/v2\/pages\/47112","targetHints":{"allow":["GET"]}}],"collection":[{"href":"https:\/\/camrt.ca\/fr\/wp-json\/wp\/v2\/pages"}],"about":[{"href":"https:\/\/camrt.ca\/fr\/wp-json\/wp\/v2\/types\/page"}],"author":[{"embeddable":true,"href":"https:\/\/camrt.ca\/fr\/wp-json\/wp\/v2\/users\/30"}],"replies":[{"embeddable":true,"href":"https:\/\/camrt.ca\/fr\/wp-json\/wp\/v2\/comments?post=47112"}],"version-history":[{"count":2,"href":"https:\/\/camrt.ca\/fr\/wp-json\/wp\/v2\/pages\/47112\/revisions"}],"predecessor-version":[{"id":60250,"href":"https:\/\/camrt.ca\/fr\/wp-json\/wp\/v2\/pages\/47112\/revisions\/60250"}],"wp:attachment":[{"href":"https:\/\/camrt.ca\/fr\/wp-json\/wp\/v2\/media?parent=47112"}],"curies":[{"name":"wp","href":"https:\/\/api.w.org\/{rel}","templated":true}]}}