{"id":47111,"date":"2020-11-27T14:59:55","date_gmt":"2020-11-27T19:59:55","guid":{"rendered":"https:\/\/camrt.wpenginepowered.com\/fr\/?page_id=13464"},"modified":"2020-11-27T14:59:55","modified_gmt":"2020-11-27T19:59:55","slug":"avantages-pour-les-membres-clone","status":"publish","type":"page","link":"https:\/\/camrt.ca\/fr\/avantages-pour-les-membres-clone\/","title":{"rendered":"Avantages pour les membres (Clone)"},"content":{"rendered":"<h2 style=\"text-align: center\"><strong>D\u00e9couvrez la valeur de l\u2019adh\u00e9sion \u00e0 l\u2019ACTRM<\/strong><\/h2>\n<p>&nbsp;<\/p>\n<p style=\"text-align: center\">L&rsquo;ann\u00e9e 2020 a \u00e9t\u00e9 remplie de nombreux d\u00e9fis pour les TRM. Cette pand\u00e9mie nous a montr\u00e9 l&rsquo;importance d&rsquo;un front uni, \u00e0 la fois en tant que citoyens et en tant que professionnels de sant\u00e9 de premi\u00e8re ligne. La profession des TRM va b\u00e9n\u00e9ficier de son unit\u00e9 et de sa coh\u00e9sion, aujourd&rsquo;hui plus que jamais. Rassembler les professionnels au sein d&rsquo;une communaut\u00e9, partager et amplifier la voix des TRM, et faire avancer la profession. Telles sont les fonctions essentielles d&rsquo;une association forte.<\/p>\n<p>&nbsp;<\/p>\n<p style=\"text-align: center\">Tout au long de 2020, l&rsquo;ACTRM s&rsquo;est efforc\u00e9e de r\u00e9pondre aux besoins changeants des TRM, et nous continuons \u00e0 travailler fort pour r\u00e9pondre aux besoins de la profession et des professionnels par le biais de nos activit\u00e9s de d\u00e9fense des int\u00e9r\u00eats, d&rsquo;\u00e9ducation, de programmes et de services.<\/p>\n<p>&nbsp;<\/p>\n<p style=\"text-align: left\"><div  class='column dt-sc-one-half  space  '   ><div class='dt-sc-ico-content type3'><div class=\"custom-icon\" ><span><a href=\"#\" target=\"_blank\"><img decoding=\"async\" src=\"https:\/\/camrt.wpenginepowered.com\/wp-content\/uploads\/2020\/08\/Advocacy-Icon-Sm.png\" title=\"Profil et influence de la profession de TRM\" alt=\"Profil et influence de la profession de TRM\"><\/a><\/span><\/div><h4><a href='#' target='_blank'>Profil et influence de la profession de TRM<\/a><\/h4><p>En tant qu&rsquo;association forte en nombre &#8211; plus de 12 000 membres &#8211; l&rsquo;ACTRM et vos <a href=\"https:\/\/camrt.wpenginepowered.com\/fr\/a-propos-de-actrm\/partenariats\/organismes-provinciaux\/\">organisations provinciales<\/a> peuvent d\u00e9fendre efficacement vos int\u00e9r\u00eats afin de faire progresser et \u00e9voluer la profession et de renforcer la reconnaissance du r\u00f4le majeur que jouent les technologues en radiation m\u00e9dicale au sein de l&rsquo;\u00e9quipe de soins de sant\u00e9.<\/p>\n<h5 class='dt-sc-toggle'><a href='#'>En savoir plus<\/a><\/h5><div class=\"dt-sc-toggle-content\" style=\"display: none;\"><div class=\"block\"><p>La repr\u00e9sentation aupr\u00e8s du gouvernement et la sensibilisation accrue \u00e0 la profession de TRM sont plus importantes aujourd&rsquo;hui que jamais pour garantir que les questions essentielles comme la r\u00e9mun\u00e9ration en cas de pand\u00e9mie, les fournitures d&rsquo;EPI et la sant\u00e9 et la s\u00e9curit\u00e9 des TRM soient abord\u00e9es. L&rsquo;ACTRM et vos organisations provinciales sont \u00e0 la table des n\u00e9gociations avec Sant\u00e9 Canada et d&rsquo;autres organismes de soins de sant\u00e9 pour s&rsquo;assurer que la voix des TRM est entendue par les d\u00e9cideurs.<\/p><\/div><\/div><\/div><\/div><div  class='column dt-sc-one-half  space  '   ><div class='dt-sc-ico-content type3'><div class=\"custom-icon\" ><span><a href=\"#\" target=\"_blank\"><img decoding=\"async\" src=\"https:\/\/camrt.wpenginepowered.com\/wp-content\/uploads\/2020\/08\/Umbrella-Icon-Sm.png\" title=\"Assurance responsabilit\u00e9 professionnelle\" alt=\"Assurance responsabilit\u00e9 professionnelle\"><\/a><\/span><\/div><h4><a href='#' target='_blank'>Assurance responsabilit\u00e9 professionnelle<\/a><\/h4><p>Chaque professionnel de la sant\u00e9 devrait \u00eatre couvert par une assurance de responsabilit\u00e9 professionnelle (ARP). En cas de demande d\u2019indemnisation ou de plainte, vous \u00eates prot\u00e9g\u00e9 par votre adh\u00e9sion.<\/p>\n<p>L&rsquo;ACTRM offre \u00e0 tous ses membres \u00e0 part enti\u00e8re et en exercice temporaire une protection \u00e9tendue gr\u00e2ce \u00e0 sa politique d&rsquo;assurance de la protection des renseignements personnels et \u00e0 ses extensions, telles que le remboursement des frais de d\u00e9fense au p\u00e9nal, la couverture des frais juridiques, la couverture des audiences du coroner et la couverture des frais des t\u00e9moins.<\/p>\n<h5 class='dt-sc-toggle'><a href='#'>En savoir plus<\/a><\/h5><div class=\"dt-sc-toggle-content\" style=\"display: none;\"><div class=\"block\"><p>Bien que certains employeurs et syndicats offrent une assurance responsabilit\u00e9 civile professionnelle, toutes les protections ne sont pas \u00e9gales. Veillez \u00e0 bien \u00e9tudier l&rsquo;\u00e9tendue de la couverture. Voici quelques diff\u00e9rences importantes \u00e0 prendre en compte lorsque vous comparez les polices d&rsquo;assurance. Pour les membres actuels, une copie compl\u00e8te de la police est disponible en visitant votre <a href=\"https:\/\/members.camrt.ca\/membership\/professional-liability-insurance\/\">profil de l&rsquo;ACTRM<\/a>.<\/p>\n<p><a href=\"https:\/\/camrt.wpenginepowered.com\/fr\/adhesion\/avantages-pour-les-membres\/arp\/\">Pour en savoir plus sur le programme d\u2019ARP de l\u2019ACTRM<\/a>.<\/div><\/div><\/div><\/div>\n<p>&nbsp;<br \/>\n&nbsp;<br \/>\n<div  class='column dt-sc-one-half  space  '   ><div class='dt-sc-ico-content type3'><div class=\"custom-icon\" ><span><a href=\"#\" target=\"_blank\"><img decoding=\"async\" src=\"https:\/\/camrt.wpenginepowered.com\/wp-content\/uploads\/2020\/08\/Computer-Icon-Sm.png\" title=\"\u00c9ducation\" alt=\"\u00c9ducation\"><\/a><\/span><\/div><h4><a href='#' target='_blank'>\u00c9ducation<\/a><\/h4><p>L&rsquo;ACTRM a \u00e9labor\u00e9 plus de 180 offres de perfectionnement professionnel continu (PPC), y compris des cours complets, des cours d&rsquo;autoformation rapide, des webinaires et des programmes de certificat de sp\u00e9cialit\u00e9, que nous offrons \u00e0 des tarifs pr\u00e9f\u00e9rentiels (\u00e0 moiti\u00e9 prix ou gratuitement) \u00e0 nos membres.<\/p>\n<h5 class='dt-sc-toggle'><a href='#'>En savoir plus<\/a><\/h5><div class=\"dt-sc-toggle-content\" style=\"display: none;\"><div class=\"block\"><ul>\n<li><strong>Possibilit\u00e9s de perfectionnement professionnel continu &#8211; <\/strong>Tous les cours de PPC de l&rsquo;ACTRM ont re\u00e7u des cr\u00e9dits de cat\u00e9gorie A, qui peuvent \u00eatre utilis\u00e9s pour satisfaire aux exigences de formation continue \u00e9tablies par une association provinciale ou un organisme de r\u00e9glementation. Ils peuvent \u00e9galement \u00eatre utilis\u00e9s par les membres pour obtenir des cr\u00e9dits en vue du renouvellement des licences de l&rsquo;ARRT. Voir le catalogue complet des <a href=\"https:\/\/camrt.wpenginepowered.com\/fr\/perfectionnement-professionnel\/\">cours de PPC<\/a> offerts par l&rsquo;ACTRM.<\/li>\n<li><strong>Conf\u00e9rences et \u00e9v\u00e9nements<\/strong> &#8211; Les membres de l&rsquo;ACTRM b\u00e9n\u00e9ficient de tarifs r\u00e9duits lors de nos \u00e9v\u00e9nements r\u00e9gionaux et nationaux. Les \u00e9v\u00e9nements de l&rsquo;ACTRM rassemblent des centaines de TRM pour des occasions d&rsquo;\u00e9ducation et de r\u00e9seautage de la plus haute qualit\u00e9. En plus de nos propres \u00e9v\u00e9nements, nous nous associons \u00e0 des organismes nationaux et provinciaux pour des conf\u00e9rences et des \u00e9v\u00e9nements conjoints. Voir la liste des <a href=\"https:\/\/camrt.wpenginepowered.com\/fr\/conferences-et-evenements\/\">\u00e9v\u00e9nements \u00e0 venir<\/a>.<\/li>\n<\/ul><\/div><\/div><\/div><\/div><div  class='column dt-sc-one-half  space  '   ><div class='dt-sc-ico-content type3'><div class=\"custom-icon\" ><span><a href=\"#\" target=\"_blank\"><img decoding=\"async\" src=\"https:\/\/camrt.wpenginepowered.com\/wp-content\/uploads\/2020\/08\/Community-Icon-Sm.png\" title=\"Communaut\u00e9\" alt=\"Communaut\u00e9\"><\/a><\/span><\/div><h4><a href='#' target='_blank'>Communaut\u00e9<\/a><\/h4><p>Avec plus de 12 000 membres, il existe une grande communaut\u00e9 de TRM avec laquelle vous pouvez vous connecter. B\u00e2tissez votre r\u00e9seau professionnel avec les TRM du Canada gr\u00e2ce aux \u00e9v\u00e9nements de l&rsquo;ACTRM, au b\u00e9n\u00e9volat et \u00e0 nos communaut\u00e9s de pratique en ligne.<\/p>\n<h5 class='dt-sc-toggle'><a href='#'>En savoir plus<\/a><\/h5><div class=\"dt-sc-toggle-content\" style=\"display: none;\"><div class=\"block\"><ul>\n<li><strong>Possibilit\u00e9s de b\u00e9n\u00e9volat et de d\u00e9veloppement du leadership &#8211; <\/strong>En tant qu&rsquo;association dirig\u00e9e par ses membres, l&rsquo;ACTRM fonctionne gr\u00e2ce au travail de nombreux comit\u00e9s de b\u00e9n\u00e9voles. La participation \u00e0 ces comit\u00e9s nationaux offre d&rsquo;excellentes occasions de d\u00e9velopper la pens\u00e9e critique et les comp\u00e9tences en leadership, ainsi que la possibilit\u00e9 d&rsquo;influencer l&rsquo;orientation de la profession et de l&rsquo;Association. Voyez les <a href=\"https:\/\/camrt.wpenginepowered.com\/fr\/a-propos-de-actrm\/benevolat\/\">occasions de b\u00e9n\u00e9volat et de d\u00e9veloppement du leadership<\/a> actuellement disponibles au sein de l\u2019ACTRM.<\/li>\n<li><strong>M\u00e9dias sociaux<\/strong> \u2013 Communiquez avec des TRM de partout au Canada via nos pages <a href=\"https:\/\/www.facebook.com\/CAMRTactrm\">Facebook<\/a>, <a href=\"https:\/\/www.instagram.com\/camrt_actrm\/?hl=en\">Instagram<\/a> et <a href=\"https:\/\/twitter.com\/CAMRT_ACTRM\">Twitter<\/a>.<\/li>\n<\/ul><\/div><\/div><\/div><\/div>\n<p>&nbsp;<br \/>\n&nbsp;<br \/>\n<div  class='column dt-sc-one-half  space  '   ><div class='dt-sc-ico-content type3'><div class=\"custom-icon\" ><span><a href=\"#\" target=\"_blank\"><img decoding=\"async\" src=\"https:\/\/camrt.wpenginepowered.com\/wp-content\/uploads\/2020\/08\/Resource-Icon-Sm.png\" title=\"Ressources\" alt=\"Ressources\"><\/a><\/span><\/div><h4><a href='#' target='_blank'>Ressources<\/a><\/h4><p>L&rsquo;ACTRM dispose de nombreuses ressources pour soutenir votre pratique, notamment des abonnements gratuits \u00e0 des revues, l&rsquo;acc\u00e8s \u00e0 nos lignes directrices sur les pratiques exemplaires, des mises \u00e0 jour r\u00e9guli\u00e8res sur l&rsquo;industrie, un portail de carri\u00e8re et un personnel disponible cinq jours par semaine pour r\u00e9pondre \u00e0 vos questions.<\/p>\n<h5 class='dt-sc-toggle'><a href='#'>En savoir plus<\/a><\/h5><div class=\"dt-sc-toggle-content\" style=\"display: none;\"><div class=\"block\"><ul>\n<li><a href=\"https:\/\/camrt-bpg.ca\/fr\/\"><strong>Lignes directrices sur les pratiques exemplaires<\/strong><\/a> &#8211; Une solide ressource en ligne consacr\u00e9e aux besoins et aux pr\u00e9occupations des TRM canadiens. Que vous soyez confront\u00e9 \u00e0 une situation difficile avec un patient, que vous cherchiez \u00e0 mettre \u00e0 jour vos politiques locales ou que vous commenciez tout juste \u00e0 examiner la base de donn\u00e9es probantes sur une pratique donn\u00e9e, les Lignes directrices sur les pratiques exemplaires sont l\u2019outil qu\u2019il vous faut.<\/li>\n<li><strong>Abonnements <\/strong>&#8211; Les membres de l&rsquo;ACTRM re\u00e7oivent un abonnement au <a href=\"https:\/\/www.jmirs.org\/\">Journal de l&rsquo;imagerie m\u00e9dicale et des sciences de la radiation<\/a> (JMIRS), la revue professionnelle officielle de l&rsquo;ACTRM (publi\u00e9e trimestriellement). Les membres re\u00e7oivent \u00e9galement un acc\u00e8s gratuit \u00e0 Radiography, la revue professionnelle officielle de la Society of Radiographers (SoR), bas\u00e9e au Royaume-Uni (publi\u00e9e trimestriellement).<\/li>\n<li style=\"text-align: left\"><strong>Nouvelles de l\u2019industrie<\/strong> &#8211; Les membres re\u00e7oivent les Nouvelles de l&rsquo;ACTRM, un bulletin d&rsquo;information professionnel et informatif produit et distribu\u00e9 tous les trimestres. Les Nouvelles de l&rsquo;ACTRM fournissent de l&rsquo;information sur les possibilit\u00e9s et les activit\u00e9s li\u00e9es \u00e0 la profession et \u00e0 l&rsquo;association. Il est disponible en version \u00e9lectronique ou sur papier. Les membres re\u00e7oivent \u00e9galement un bulletin \u00e9lectronique bimensuel, <span style=\"text-decoration: underline\"><em>Dispatch<\/em><\/span>, qui les tient inform\u00e9s des sujets d&rsquo;actualit\u00e9, des nouvelles tendances, des \u00e9v\u00e9nements \u00e0 venir et d&rsquo;autres sujets pertinents pour la profession.<\/li>\n<li style=\"text-align: left\"><a href=\"https:\/\/members.camrt.ca\/my-career\/\" target=\"_blank\" rel=\"noopener noreferrer\"><strong>Portail carri\u00e8re de l&rsquo;ACTRM<\/strong><\/a> &#8211; Vous cherchez un emploi ou \u00e0 faire progresser votre carri\u00e8re ? Les employeurs qui cherchent \u00e0 recruter des TRM dans l&rsquo;une ou l&rsquo;autre des disciplines se tournent de plus en plus vers l&rsquo;ACTRM pour afficher des offres d&#8217;emploi sur notre portail de carri\u00e8re. Le Portail carri\u00e8re est accessible aux membres seulement dans la <a href=\"https:\/\/camrt.force.com\/CPBase__custom_login?startURL=%2Fsetup%2Fsecur%2FRemoteAccessAuthorizationPage.apexp%3Fsource%3DCAAAAXXEkYP6ME8wMkwwMDAwMDA4T0k4AAAA5H5T7K9NXi01m4DecNzJt5FDpqgqcuFWRS2t4gDm1_F1Ud5kKECrwR9I0OTe5uLAI9S4xfdY2EC_UdSEdyqXbQIn1OeutaxG0ujvNFMcW7umiPcaxtKtzAGhahkR8jYvUqFN73QkLqdAkmQXzUYI8PBGcily1fJs2iwYSnzjYXnATOTUscGUqB5CcyuTNRn0izvRw_05PHqHStOf5iYRtl1APgS6dBN4mg8hHz_wm-Ahef3DFQMgTD4HEx-q3ml-1IC5ITqv58Dg-todLFr9l73zls8L8kuFzCubiRuLZoraZMKnMrW-DQBVLYYBi6bgUOITItWJsRQ2Q3g4a4k_5iHrpigiu53u9Is9uUiNxFQMicRqaRlAGfdl2nIENbN35uwV3kAdiCnqISS4oKUqfXYAv3KDAwjwAYi96l8lwNYzQXVzw1sGHB6Ohr_tVXwa6NphNi7FWx6CUe-ykpjmMWQ3ajKVZ9mVKKp_X99VyXU4UKoBpY4ysrTDoucE0djfqWffNOr6PhCPcbJOCfC4F0hlrSrMClPxQMR56f002y2rftC5D6mLD0wVxRUn-lp87IwKJGGr62x0j-sZSPG0ZtxfL1rVV9l4kv_59pRdpLOf1SxD_1hqHSJ9iLHc1juNdipPA6Mf9uu3TcGSyNNrKvTyZELWHeYP-cUhufRWuFQdHRkRNi7KiwAeuxw_3VL6GdMCN1PS64phwftxGSIF8Lc%253D\">zone r\u00e9serv\u00e9e aux membres<\/a> du site Web de l&rsquo;ACTRM.<\/li>\n<li><strong>Personnel ressource<\/strong> &#8211; Que vous ayez besoin de quelqu&rsquo;un pour vous guider dans vos besoins de d\u00e9veloppement professionnel, pour discuter du champ d&rsquo;activit\u00e9 ou des normes, ou pour r\u00e9pondre \u00e0 toute autre question, nous sommes l\u00e0 pour vous. Les membres peuvent joindre l&rsquo;ACTRM entre 8 h 30 et 16 h 30 HNE en composant notre num\u00e9ro de t\u00e9l\u00e9phone sans frais de n&rsquo;importe o\u00f9 au Canada (1-800-463-9729).<\/li>\n<\/ul><\/div><\/div><\/div><\/div><div  class='column dt-sc-one-half  space  '   ><div class='dt-sc-ico-content type3'><div class=\"custom-icon\" ><span><a href=\"#\" target=\"_blank\"><img decoding=\"async\" src=\"https:\/\/camrt.wpenginepowered.com\/wp-content\/uploads\/2020\/08\/Member-Savings-Icon-Sm.png\" title=\"\u00c9conomies pour les membres\" alt=\"\u00c9conomies pour les membres\"><\/a><\/span><\/div><h4><a href='#' target='_blank'>\u00c9conomies pour les membres<\/a><\/h4><p>Pour que l&rsquo;argent de vos cotisations aille plus loin ! Votre adh\u00e9sion \u00e0 l&rsquo;ACTRM comprend des tarifs pr\u00e9f\u00e9rentiels et des possibilit\u00e9s d&rsquo;\u00e9conomies aupr\u00e8s de l&rsquo;ACTRM et de fournisseurs de confiance.<\/p>\n<h5 class='dt-sc-toggle'><a href='#'>En savoir plus<\/a><\/h5><div class=\"dt-sc-toggle-content\" style=\"display: none;\"><div class=\"block\"><ul>\n<li><strong>GoodLife Fitness (\u00c9nergieCardio au Qu\u00e9bec) <\/strong>&#8211; \u00c9conomisez jusqu&rsquo;\u00e0 45 % sur les tarifs d&rsquo;abonnement r\u00e9guliers de GoodLife Fitness! En tant que membre de l&rsquo;ACTRM, vous avez acc\u00e8s aux tarifs d&rsquo;adh\u00e9sion exclusifs de GoodLife Fitness dans plus de 250 clubs au Canada pour seulement 499 $ par an (ou 21,12 $ toutes les deux semaines) + taxes. Vous et jusqu&rsquo;\u00e0 4 membres de votre famille pouvez b\u00e9n\u00e9ficier de ce tarif exclusif. \u00a0<a href=\"https:\/\/camrt.wpenginepowered.com\/fr\/goodlife-mise-en-forme\/\">En savoir plus sur le rabais GoodLife Fitness\/\u00c9nergieCardio<\/a>.<\/li>\n<li><strong>Scrubs Canada<\/strong> &#8211; Les membres de l&rsquo;ACTRM b\u00e9n\u00e9ficient d&rsquo;un rabais de 10 % sur toutes les commandes en ligne de Scrubs Canada. Choisissez parmi une vari\u00e9t\u00e9 d&rsquo;uniformes m\u00e9dicaux \u00e9l\u00e9gants et de chaussures confort de qualit\u00e9 de Dansko. <a href=\"https:\/\/members.camrt.ca\/membership\/member-discounts\/\">Acc\u00e9dez \u00e0 votre profil de membre<\/a> pour obtenir le code de rabais.<\/li>\n<li><strong>Assurances auto et maison Johnson<\/strong> \u2013 Les membres de l\u2019ACTRM peuvent \u00e9conomiser jusqu\u2019\u00e0 200\u00a0$ par ann\u00e9e sur l\u2019assurance auto et maison avec Johnson. <a href=\"https:\/\/members.camrt.ca\/membership\/member-discounts\/\">Acc\u00e9dez \u00e0 votre profil de membre<\/a> pour un lien direct vers le site Web de Johnson Insurance.<\/li>\n<li><strong>Telus<\/strong> &#8211; Les membres de l&rsquo;ACTRM re\u00e7oivent des rabais sur le forfaits voix et donn\u00e9es, ainsi qu&rsquo;une subvention d&rsquo;appareil pour chaque nouveau t\u00e9l\u00e9phone intelligent activ\u00e9 sur votre compte. Veuillez noter que ce rabais pour les membres n&rsquo;est pas disponible en magasin. <a href=\"https:\/\/members.camrt.ca\/membership\/member-discounts\/\">Acc\u00e9dez \u00e0 votre profil de membre<\/a> pour un lien direct vers le site Telus ACTRM.<\/li>\n<li style=\"text-align: left\"><strong>Voyages <\/strong>&#8211; Les membres de l&rsquo;ACTRM ont acc\u00e8s \u00e0 des rabais de voyage exclusifs dans le monde entier. Les \u00e9conomies sont en moyenne de 10 \u00e0 20 % inf\u00e9rieures aux prix du march\u00e9 sur tous les h\u00f4tels et les fournisseurs de location de voitures dans le monde. <a href=\"https:\/\/members.camrt.ca\/membership\/member-discounts\/\">Acc\u00e9dez \u00e0 votre profil de membre<\/a> pour un lien direct vers le site Web des rabais-voyage.<\/li>\n<li><strong>Cours de PPC en ligne et webinaires<\/strong> \u2013 Rabais sur les cours de PPC. Consultez le r\u00e9pertoire complet de <a href=\"https:\/\/camrt.wpenginepowered.com\/fr\/perfectionnement-professionnel\/\">cours de perfectionnement professionnel continu de l\u2019ACTRM<\/a>.<\/li>\n<li><strong>Conf\u00e9rences et \u00e9v\u00e9nements<\/strong> \u2013 Les membres obtiennent un prix pr\u00e9f\u00e9rentiel sur les conf\u00e9rences et \u00e9v\u00e9nements de l\u2019ACTRM. Voyez ici la liste des <a href=\"https:\/\/camrt.wpenginepowered.com\/fr\/conferences-et-evenements\/\">\u00e9v\u00e9nements \u00e0 venir<\/a>.<\/li>\n<li><strong>Encore plus de rabais!<\/strong> \u2013 Plusieurs organisations provinciales offrent \u00e9galement des rabais sur des produits et services. Visitez le site Web de votre <a href=\"https:\/\/camrt.wpenginepowered.com\/fr\/a-propos-de-actrm\/partenariats\/organismes-provinciaux\/\">organisation provinciale<\/a> ou communiquez avec elle pour plus d\u2019information sur ces services.<\/li>\n<\/ul><\/div><\/div><\/div><\/div>\n<p>&nbsp;<\/p>\n<p>&nbsp;<\/p>\n<p style=\"text-align: center\"><a href=\"#\" target=\"_top\" class=\"dt-sc-button   large\">Devenez membre ou renouvelez votre adh\u00e9sion<\/a>\n","protected":false},"excerpt":{"rendered":"<p>D\u00e9couvrez la valeur de l\u2019adh\u00e9sion \u00e0 l\u2019ACTRM &nbsp; L&rsquo;ann\u00e9e 2020 a \u00e9t\u00e9 remplie de nombreux d\u00e9fis pour les TRM. Cette pand\u00e9mie nous a montr\u00e9 l&rsquo;importance d&rsquo;un front uni, \u00e0 la [&hellip;]<\/p>\n","protected":false},"author":30,"featured_media":0,"parent":0,"menu_order":0,"comment_status":"closed","ping_status":"closed","template":"","meta":{"_monsterinsights_skip_tracking":false,"_monsterinsights_sitenote_active":false,"_monsterinsights_sitenote_note":"","_monsterinsights_sitenote_category":0,"footnotes":""},"class_list":["post-47111","page","type-page","status-publish","hentry"],"_links":{"self":[{"href":"https:\/\/camrt.ca\/fr\/wp-json\/wp\/v2\/pages\/47111","targetHints":{"allow":["GET"]}}],"collection":[{"href":"https:\/\/camrt.ca\/fr\/wp-json\/wp\/v2\/pages"}],"about":[{"href":"https:\/\/camrt.ca\/fr\/wp-json\/wp\/v2\/types\/page"}],"author":[{"embeddable":true,"href":"https:\/\/camrt.ca\/fr\/wp-json\/wp\/v2\/users\/30"}],"replies":[{"embeddable":true,"href":"https:\/\/camrt.ca\/fr\/wp-json\/wp\/v2\/comments?post=47111"}],"version-history":[{"count":0,"href":"https:\/\/camrt.ca\/fr\/wp-json\/wp\/v2\/pages\/47111\/revisions"}],"wp:attachment":[{"href":"https:\/\/camrt.ca\/fr\/wp-json\/wp\/v2\/media?parent=47111"}],"curies":[{"name":"wp","href":"https:\/\/api.w.org\/{rel}","templated":true}]}}