{"id":47110,"date":"2020-09-15T09:27:23","date_gmt":"2020-09-15T13:27:23","guid":{"rendered":"https:\/\/camrt.wpenginepowered.com\/fr\/?page_id=13453"},"modified":"2026-02-25T16:46:45","modified_gmt":"2026-02-25T21:46:45","slug":"badges-numeriques","status":"publish","type":"page","link":"https:\/\/camrt.ca\/fr\/badges-numeriques\/","title":{"rendered":"Badges num\u00e9riques"},"content":{"rendered":"<p>L&rsquo;ACTRM offre des certificats et des badges num\u00e9riques aux technologues en radiation m\u00e9dicale qui ont atteint des jalons sp\u00e9cifiques en mati\u00e8re de certification et de PPC.<\/p>\n<div class=\"dt-sc-toggle-frame\"><h5 class='dt-sc-toggle'><a href='#'>\u00c0 propos du certificat num\u00e9rique d&#039;admission \u00e0 la pratique<\/a><\/h5><div class=\"dt-sc-toggle-content\" style=\"display: none;\"><div class=\"block\"><p><strong>Qu&rsquo;est-ce que le certificat num\u00e9rique d&rsquo;admission \u00e0 la pratique de l&rsquo;ACTRM?\u00a0<\/strong><strong>\u00a0<\/strong><\/p>\n<p>L&rsquo;ACTRM est pass\u00e9e de l&rsquo;envoi postal de certificats papier attestant la r\u00e9ussite de l&rsquo;examen d\u2019agr\u00e9ment ouvrant l\u2019admission \u00e0 la pratique \u00e0 la d\u00e9livrance de certificats num\u00e9riques s\u00e9curis\u00e9s au format PDF.<\/p>\n<p>Ce changement prendra effet \u00e0 partir du cycle d\u2019agr\u00e9ment de septembre 2025.<\/p>\n<p>Les certificats sont d\u00e9livr\u00e9s via<a href=\"https:\/\/factory.cancred.ca\/fr\/\"> CanCred Factory<\/a>, un fournisseur canadien.<\/p>\n<p><strong>Pourquoi ce changement?<\/strong><\/p>\n<p><em>S\u00e9curit\u00e9 renforc\u00e9e<\/em><em>\u202f<\/em><em>:\u00a0\u00a0<\/em><\/p>\n<ul class='dt-sc-fancy-list   rounded-arrow'>\n<li>Les certificats et les badges num\u00e9riques associ\u00e9s contiennent des m\u00e9tadonn\u00e9es permettant de v\u00e9rifier leur authenticit\u00e9 et de d\u00e9crire les r\u00e9sultats obtenus.<\/li>\n<li>Les certificats et les badges num\u00e9riques associ\u00e9s peuvent \u00eatre v\u00e9rifi\u00e9s par des tiers, qu&rsquo;ils soient partag\u00e9s en ligne ou t\u00e9l\u00e9charg\u00e9s au format PDF.<\/li>\n<li>Les copies non autoris\u00e9es ou les contrefa\u00e7ons \u00e9choueront \u00e0 la v\u00e9rification, car elles ne contiennent pas les m\u00e9tadonn\u00e9es requises.<\/li>\n<li>L&rsquo;acc\u00e8s est fourni via un lien \u00e9lectronique suivi, et les certificats num\u00e9riques au format PDF peuvent \u00eatre stock\u00e9s dans le portail en ligne CanCred Passport ou t\u00e9l\u00e9charg\u00e9s tout en conservant l&rsquo;int\u00e9gralit\u00e9 des \u00e9l\u00e9ments de v\u00e9rification et des m\u00e9tadonn\u00e9es.<\/li>\n<\/ul>\n<p><em>Acc\u00e8s modernis\u00e9<\/em><em>\u202f<\/em><em>:\u00a0\u00a0<\/em><\/p>\n<ul class='dt-sc-fancy-list   rounded-arrow'>\n<li>R\u00e9duction des risques li\u00e9s aux probl\u00e8mes d&rsquo;envoi postal ou aux retards dus aux interruptions du service postal et aux d\u00e9lais des transporteurs internationaux.<\/li>\n<li>Les certificats obtenus peuvent \u00eatre partag\u00e9s sur les profils des r\u00e9seaux sociaux ou dans des portefeuilles num\u00e9riques, tout en conservant les m\u00e9tadonn\u00e9es int\u00e9gr\u00e9es qui authentifient les qualifications et cr\u00e9ent un dossier en ligne permanent des r\u00e9alisations.<\/li>\n<li>Les employeurs potentiels et autres v\u00e9rificateurs peuvent confirmer instantan\u00e9ment un titre de comp\u00e9tence en cliquant sur le lien de v\u00e9rification, qui affiche\u202f:<\/li>\n<li>Recipient\u2019s name\n<ul class='dt-sc-fancy-list   rounded-arrow'>\n<li>Le nom du titulaire<\/li>\n<li>La description du certificat\/de la r\u00e9ussite<\/li>\n<li>Les conditions requises pour obtenir le certificat<\/li>\n<li>Statut du certificat (actif\/valide)<\/li>\n<li>L&rsquo;organisme \u00e9metteur (ACTRM)<\/li>\n<\/ul>\n<\/li>\n<\/ul><\/div><\/div><\/div>\n<div class=\"dt-sc-toggle-frame\"><h5 class='dt-sc-toggle'><a href='#'>Aspect et utilisation du certificat num\u00e9rique<\/a><\/h5><div class=\"dt-sc-toggle-content\" style=\"display: none;\"><div class=\"block\"><p><strong>\u00c0 quoi ressemble le certificat de l&rsquo;ACTRM?\u00a0<\/strong><span data-ccp-props=\"{&quot;201341983&quot;:0,&quot;335559738&quot;:120,&quot;335559739&quot;:120,&quot;335559740&quot;:240}\">\u00a0<\/span><\/p>\n<p><span data-contrast=\"auto\"><strong>Le certificat d&rsquo;admission \u00e0 la pratique est un document PDF d\u00e9taill\u00e9 qui comprend<\/strong><strong>\u202f<\/strong><strong>:<\/strong><\/span><span data-ccp-props=\"{&quot;201341983&quot;:0,&quot;335559738&quot;:120,&quot;335559739&quot;:120,&quot;335559740&quot;:240}\">\u00a0<\/span><\/p>\n<ul class='dt-sc-fancy-list   rounded-arrow'>\n<li>Une page \u00ab\u202fcertificat\u202f\u00bb traditionnelle au d\u00e9but, qui est une copie visuelle de nos certificats papier d&rsquo;admission \u00e0 la pratique et qui peut \u00eatre imprim\u00e9e en haute r\u00e9solution pour \u00eatre affich\u00e9e ou partag\u00e9 Elle comprend le nom du ou de la TRM, la discipline, la date de l&rsquo;examen (mois et ann\u00e9e), les signatures de la directrice de l\u2019\u00c9ducation et de la pr\u00e9sidente de l&rsquo;ACTRM au moment de la d\u00e9livrance, ainsi que certains codes li\u00e9s \u00e0 la tenue des dossiers de l&rsquo;ACTRM. <strong>Ce certificat num\u00e9rique d\u00e9taill\u00e9 au format PDF est le certificat officiel de l&rsquo;ACTRM. <\/strong>S\u00e9lectionnez \u00ab\u202fT\u00e9l\u00e9charger le PDF\u202f\u00bb parmi les options propos\u00e9es pour l&rsquo;enregistrer.<\/li>\n<li>Viennent ensuite toutes les donn\u00e9es que nous avons ajout\u00e9es, qui d\u00e9crivent\u202f: le nom du certificat (\u00ab\u202fbadge\u202f\u00bb), les d\u00e9tails de notre organisation, une description du certificat, les crit\u00e8res du certificat, les informations sur l&rsquo;\u00e9mettrice, les informations sur le titulaire, la date d&rsquo;\u00e9mission, les images et logos du badge, les preuves et les alignements de l\u2019agr\u00e9ment et les balises. Il n&rsquo;y a pas de date d&rsquo;expiration, car notre agr\u00e9ment n&rsquo;expire pas, mais vous pouvez voir son statut comme \u00ab\u202factif\u202f\u00bb ou \u00ab\u202fr\u00e9voqu\u00e9\u202f\u00bb lorsque vous le validez. En bas, vous verrez le lien de validation et le code QR, qui sont sp\u00e9cifiques \u00e0 ce certificat et sont li\u00e9s aux m\u00e9tadonn\u00e9es internes \u00e0 l\u2019ACTRM ainsi qu&rsquo;\u00e0 nos dossiers en dehors de CanCred Factory.<\/li>\n<li>Il existe un badge num\u00e9rique en ligne associ\u00e9 qui comprend une ic\u00f4ne de badge (partageable sur les r\u00e9seaux sociaux et en ligne) et un lien de v\u00e9rification. Il ne s&rsquo;agit pas du certificat officiel complet de l\u2019ACTRM, mais il y est li\u00e9.<\/li>\n<\/ul>\n<p><strong>Votre badge num\u00e9rique\u00a0\u00a0<\/strong><\/p>\n<ul class='dt-sc-fancy-list   rounded-arrow'>\n<li>Dans le courriel que vous recevrez et sur la page d&rsquo;accueil une fois que vous l&rsquo;aurez accept\u00e9, vous verrez un badge num\u00e9rique qui est une simple ic\u00f4ne contenant des donn\u00e9es int\u00e9gr\u00e9es. Il s&rsquo;agit d&rsquo;une repr\u00e9sentation visuelle simple de votre r\u00e9ussite sur laquelle vous pouvez cliquer pour la v\u00e9rifier, l&rsquo;ajouter \u00e0 vos r\u00e9seaux sociaux, etc. et la stocker. Ce certificat num\u00e9rique PDF d\u00e9taill\u00e9 est le certificat officiel de l\u2019ACTRM.<\/li>\n<\/ul>\n<p>Pour plus de d\u00e9tails, consultez la FAQ ci-dessous (\u00e0 venir).<\/p><\/div><\/div><\/div>\n<div class=\"dt-sc-toggle-frame\"><h5 class='dt-sc-toggle'><a href='#'>Accepter et enregistrer le certificat num\u00e9rique<\/a><\/h5><div class=\"dt-sc-toggle-content\" style=\"display: none;\"><div class=\"block\"><p><strong>Comment puis-je acc\u00e9der \u00e0 mon certificat num\u00e9rique?<\/strong><strong>\u00a0<\/strong><\/p>\n<p>Le certificat num\u00e9rique PDF d\u00e9taill\u00e9 constituant l\u2019attestation officielle de votre r\u00e9ussite \u00e0 l&rsquo;examen d&rsquo;admission \u00e0 la pratique, vous devez le conserver en lieu s\u00fbr pour vos dossiers.<\/p>\n<p><strong>Acc\u00e9der au certificat\u00a0<\/strong><\/p>\n<ul class='dt-sc-fancy-list   rounded-arrow'>\n<li>Pour y acc\u00e9der, vous devrez recevoir un courriel de l&rsquo;ACTRM via CanCred Factory.\u00a0 Pour plus d&rsquo;informations, consultez <strong><a href=\"https:\/\/vimeo.com\/showcase\/7462656\">la vid\u00e9o de formation<\/a><\/strong> \u00ab\u202fAccept your first badge\u202f\u00bb.<\/li>\n<\/ul>\n<ul class='dt-sc-fancy-list   rounded-arrow'>\n<li>Vous pouvez consulter votre certificat (et votre badge num\u00e9rique) en ligne, l&rsquo;enregistrer dans le passeport en ligne propos\u00e9 par CanCred et t\u00e9l\u00e9charger\/enregistrer le certificat officiel au format PDF. Vous trouverez plus de d\u00e9tails dans la FAQ.<\/li>\n<\/ul>\n<p><em>\u00ab<\/em><em>\u202f<\/em><em>Je souhaite t\u00e9l\u00e9charger mon certificat au format PDF.<\/em><em>\u202f<\/em><em>\u00bb\u00a0<\/em>Parfait! Nous vous recommandons vivement de le faire imm\u00e9diatement et de l&rsquo;enregistrer en lieu s\u00fbr. Pour en savoir plus, <a href=\"https:\/\/vimeo.com\/showcase\/7462656\"><strong>consultez la vid\u00e9o de formation<\/strong> <\/a>\u00ab\u202fDownload and share a PDF badge\u202f\u00bb.<\/p>\n<p><em>\u00abAttendez, je veux ma lettre de r\u00e9ussite!\u202f\u00bb<\/em> Les profils des membres de l&rsquo;ACTRM continueront d&rsquo;afficher une lettre de r\u00e9ussite \u00e0 des fins d&rsquo;archivage et de r\u00e9f\u00e9rence crois\u00e9e.<\/p>\n<p><em>\u00abPourquoi est-ce que je vois une version en anglais?\u202f\u00bb<\/em> Les versions FR et ENG du certificat PDF sont disponibles, mais n&rsquo;indiquent pas la langue dans laquelle vous avez pass\u00e9 votre examen; CanCred Factory est bilingue par d\u00e9faut et vous pouvez changer la langue selon vos pr\u00e9f\u00e9rences.<\/p>\n<p><strong>Enregistrement et partage du certificat\u00a0<\/strong><\/p>\n<ul class='dt-sc-fancy-list   rounded-arrow'>\n<li>Lorsque vous acceptez votre certificat ou tout autre badge, plusieurs options m\u00e9dias s&rsquo;affichent.<\/li>\n<li>Choisissez celle qui vous convient le mieux (nous vous <strong>recommandons vivement<\/strong> de t\u00e9l\u00e9charger une version PDF de votre badge de certificat et de l&rsquo;enregistrer imm\u00e9diatement dans un endroit s\u00fbr).<\/li>\n<li>D\u00e9couvrez comment partager le certificat et en savoir plus sur le passeport en ligne et les options de partage dans ces <strong><a href=\"https:\/\/vimeo.com\/showcase\/7462656\">vid\u00e9os de formation<\/a><\/strong><\/li>\n<\/ul>\n<p><strong>REMARQUE<\/strong><strong>\u202f<\/strong><strong>: vous devez enregistrer une version PDF de votre certificat <\/strong><strong>\u00e0<\/strong><strong> des fins d&rsquo;archivage!<\/strong><strong>\u00a0<\/strong><\/p>\n<p><em>Vous ne savez pas ce qu&rsquo;est un \u00ab<\/em><em>\u202f<\/em><em>badge PDF<\/em><em>\u202f<\/em><em>\u00bb<\/em><em>? <\/em>Vous verrez le terme \u00ab\u202fbadge PDF\u202f\u00bb sur les pages CanCred Factory. Il s&rsquo;agit du terme utilis\u00e9 dans le secteur pour d\u00e9signer notre certificat num\u00e9rique dans sa forme d\u00e9taill\u00e9e officielle.<\/p>\n<p><em>Vous ne savez pas quelle option choisir? <\/em>CanCred Factory est la soci\u00e9t\u00e9 par l&rsquo;interm\u00e9diaire de laquelle nous d\u00e9livrons votre certificat. Elle offre \u00e9galement un acc\u00e8s gratuit \u00e0 CanCred Passport, une plateforme en ligne sur laquelle vous pouvez choisir de stocker votre certificat (et tout autre badge num\u00e9rique que vous pourriez obtenir, par exemple en suivant les programmes de certificat de formation continue de l&rsquo;ACTRM). C&rsquo;est comme un portefeuille pour vos r\u00e9alisations!<\/p><\/div><\/div><\/div>\n<div class=\"dt-sc-toggle-frame\"><h5 class='dt-sc-toggle'><a href='#'>V\u00e9rification du certificat num\u00e9rique<\/a><\/h5><div class=\"dt-sc-toggle-content\" style=\"display: none;\"><div class=\"block\"><p><strong>Comment puis-je v\u00e9rifier un certificat num\u00e9rique?<\/strong><strong>\u00a0<\/strong><\/p>\n<p>En tant que v\u00e9rificateur, le certificat d&rsquo;un TRM peut vous \u00eatre transmis via un lien partag\u00e9 depuis CanCred Passport, un courriel, un document t\u00e9l\u00e9charg\u00e9 ou le t\u00e9l\u00e9chargement du certificat officiel de l\u2019ACTRM au format PDF.<\/p>\n<p>Pour en savoir plus, <strong>consultez la <\/strong><strong><a href=\"https:\/\/vimeo.com\/showcase\/7462656\">vid\u00e9o de formation<\/a><\/strong> \u00ab\u202fDownload and share a PDF badge\u202f\u00bb qui vous guide \u00e0 travers les options de validation.<\/p>\n<ul class='dt-sc-fancy-list   rounded-arrow'>\n<li>En ligne\u202f: cliquez sur le lien int\u00e9gr\u00e9 dans la version en ligne du badge que vous avez re\u00e7u pour \u00eatre redirig\u00e9 vers CanCred Factory, qui v\u00e9rifie les m\u00e9tadonn\u00e9es que vous avez re\u00e7ues par rapport au badge original \u00e9mis par l\u2019ACTRM.<\/li>\n<\/ul>\n<ul class='dt-sc-fancy-list   rounded-arrow'>\n<li>PDF\u202f: vous pouvez balayer le code QR \u00e0 la fin du certificat PDF d\u00e9taill\u00e9, cliquer sur l&rsquo;URL fournie ou cliquer sur l&rsquo;ic\u00f4ne pour valider un certificat en ligne.<\/li>\n<\/ul>\n<ul class='dt-sc-fancy-list   rounded-arrow'>\n<li>Si vous choisissez de t\u00e9l\u00e9charger un PDF \u00e0 valider, un fichier non authentique ou un fichier dans lequel nos m\u00e9tadonn\u00e9es sont manquantes, vous verrez un message d&rsquo;\u00e9chec de l&rsquo;authentification. Veuillez contacter le service de l\u2019agr\u00e9ment de l&rsquo;ACTRM.<\/li>\n<\/ul>\n<p>Ce certificat num\u00e9rique peut \u00eatre revalid\u00e9 \u00e0 plusieurs reprises, au fil des ans.<\/p>\n<p><em>Pourquoi est-ce que je vois une version en anglais? <\/em>Les versions FR et ENG du certificat PDF sont disponibles pour utilisation par les TRM, mais n&rsquo;indiquent pas dans quelle langue vous avez pass\u00e9 votre examen; CanCred Factory est bilingue par d\u00e9faut. En 2025, l\u2019examen en fran\u00e7ais est propos\u00e9 2025 dans deux disciplines; les deux autres suivront dans un avenir proche (les examens en m\u00e9decine nucl\u00e9aire et en radioth\u00e9rapie ne sont disponibles qu\u2019en anglais \u00e0 l\u2019automne 2025). Vous pouvez basculer entre les langues pour utiliser celle de votre choix.<\/p><\/div><\/div><\/div>\n<div class=\"dt-sc-toggle-frame\"><h5 class='dt-sc-toggle'><a href='#'>FAQ - Certificat num\u00e9rique<\/a><\/h5><div class=\"dt-sc-toggle-content\" style=\"display: none;\"><div class=\"block\"><p><strong>\u00c0 venir!<\/strong><strong>\u00a0 <\/strong><\/p><\/div><\/div><\/div>\n<div class=\"dt-sc-toggle-frame\"><h5 class='dt-sc-toggle'><a href='#'>Badges num\u00e9riques PPC - Certificats PPC et micro-certificats<\/a><\/h5><div class=\"dt-sc-toggle-content\" style=\"display: none;\"><div class=\"block\"><p>Le service de l\u2019\u00c9ducation utilise \u00e9galement la m\u00eame plateforme pour offrir des badges num\u00e9riques pour certaines r\u00e9alisations en mati\u00e8re de perfectionnement professionnel continu (PPC).<\/p>\n<ol>\n<li>R\u00e9ussite de nos <a href=\"https:\/\/camrt.ca\/professional-development\/certificate-programs\/certificate-programs-2nd-page\/\">programmes de certificats de PPC<\/a> (CTDM, CTRT, PET\/CT, CIS-De, CIS-Di, CRI, CDC)<\/li>\n<li>R\u00e9ussite d&rsquo;un programme de micro-certificat, tel que le <a href=\"https:\/\/camrt.ca\/fr\/micro-certificats\/\"><strong>nouveau micro-certificat Ethical Care Provider <\/strong>(Prestataire de soins \u00e9thiques<\/a>), notre <a href=\"https:\/\/camrt.ca\/fr\/micro-certificats\/\"><strong>micro-certificat Cultural Safety: Diversity &amp; Inclusion <\/strong>(S\u00e9curit\u00e9 culturelle\u202f: diversit\u00e9 et inclusion)<\/a> ou le <a href=\"https:\/\/camrt.ca\/fr\/micro-certificats\/\"><strong>micro-certificat Leadership Foundations <\/strong>(Fondements du leadership).<\/a><\/li>\n<li>Reconnaissance sp\u00e9ciale pour les r\u00e9alisations d\u2019apprentissage sp\u00e9cialis\u00e9. Cela comprend la r\u00e9ussite des quatre modules d&rsquo;apprentissage cibl\u00e9s qui composent notre programme <a href=\"https:\/\/camrt.ca\/fr\/lidentite-est-importante-education-lgbtq2s-pour-les-trm\/\"><strong>Identity Matters<\/strong><strong>\u202f<\/strong><strong>: LGBGTQ2S+ Education for MRTs <\/strong>(L&rsquo;identit\u00e9 compte\u202f: formation LGBGTQ2S+ pour les TRM).<\/a><\/li>\n<\/ol><strong>\u00a0<\/strong>\n<ul class='dt-sc-fancy-list   rounded-arrow'>\n<li>Il s&rsquo;agit d&rsquo;un <strong><em>symbole num\u00e9rique portable repr\u00e9sentant votre travail acharn\u00e9, <\/em><\/strong>d\u00e9cern\u00e9 \u00e0 l&rsquo;issue d&rsquo;un programme \u00e9ducatif structur\u00e9.<\/li>\n<\/ul>\n<ul class='dt-sc-fancy-list   rounded-arrow'>\n<li>Il contient <strong><em>des m\u00e9tadonn\u00e9es <\/em><\/strong>qui d\u00e9crivent et valident les connaissances, les comp\u00e9tences ou les aptitudes acquises par une personne dans un domaine sp\u00e9cifique. Cela permet \u00e0 votre badge d&rsquo;\u00eatre valid\u00e9 et reconnu par tous ceux qui le voient!<\/li>\n<\/ul>\n<ul class='dt-sc-fancy-list   rounded-arrow'>\n<li>Le badge peut \u00eatre <strong><em>partag\u00e9 et affich\u00e9 num\u00e9riquement<\/em><\/strong>. Les badges num\u00e9riques permettent aux titulaires de mettre en valeur leurs r\u00e9alisations et de fournir une preuve de leur apprentissage dans un environnement num\u00e9rique en constante \u00e9volution. Vous pouvez l&rsquo;int\u00e9grer \u00e0 vos pages sociales ou professionnelles.<\/li>\n<\/ul>\n<ul class='dt-sc-fancy-list   rounded-arrow'>\n<li>Nous esp\u00e9rons que ces badges encourageront, motiveront et mettront les apprenants en relation avec des opportunit\u00e9s enrichissantes, tout en promouvant ces m\u00eames r\u00e9alisations aupr\u00e8s des employeurs actuels et futurs. <strong><em>Affichez les v\u00f4tres avec fiert\u00e9!<\/em><\/strong><\/li>\n<\/ul>\n<p><strong>Remarque<\/strong><strong>\u202f<\/strong>:<\/p>\n<ul class='dt-sc-fancy-list   rounded-arrow'>\n<li>Le PPC ne fournit pas de certificats PDF d\u00e9taill\u00e9s, ceux-ci \u00e9tant r\u00e9serv\u00e9s \u00e0 l\u2019agr\u00e9ment d&rsquo;admission \u00e0 la pratique.<\/li>\n<\/ul>\n<ul class='dt-sc-fancy-list   rounded-arrow'>\n<li>Pour des raisons de confidentialit\u00e9, les titulaires admissibles sont les membres actuels de l&rsquo;ACTRM, ainsi que les non-membres qui ont suivi une formation continue avec l&rsquo;ACTRM depuis l&rsquo;automne 2018. Les titulaires de (micro)certificats dont l&rsquo;obtention est ant\u00e9rieure \u00e0 cette date et qui souhaitent avoir acc\u00e8s \u00e0 leur badge doivent nous contacter \u00e0 l\u2019adresse <a href=\"mailto:cpd@camrt.ca\">cpd@camrt.ca<\/a>.<\/li>\n<\/ul><strong>\u00a0<\/strong><\/p><\/div><\/div><\/div>\n<p>L&rsquo;ACTRM utilise CanCred Factory et Passport pour cr\u00e9er, d\u00e9livrer et stocker les badges num\u00e9riques.<\/p>\n<p><a href=\"https:\/\/cancred.ca\/\" target=\"_blank\" rel=\"noopener\"><img loading=\"lazy\" decoding=\"async\" class=\"aligncenter wp-image-23485 size-medium\" src=\"https:\/\/camrt.ca\/wp-content\/uploads\/2020\/09\/CanCred-Logo-300x83.png\" alt=\"\" width=\"300\" height=\"83\" srcset=\"https:\/\/camrt.ca\/wp-content\/uploads\/2020\/09\/CanCred-Logo-300x83.png 300w, https:\/\/camrt.ca\/wp-content\/uploads\/2020\/09\/CanCred-Logo.png 398w\" sizes=\"auto, (max-width: 300px) 100vw, 300px\" \/><\/a><\/p>\n","protected":false},"excerpt":{"rendered":"<p>L&rsquo;ACTRM offre des certificats et des badges num\u00e9riques aux technologues en radiation m\u00e9dicale qui ont atteint des jalons sp\u00e9cifiques en mati\u00e8re de certification et de PPC. L&rsquo;ACTRM utilise CanCred Factory et Passport pour cr\u00e9er, d\u00e9livrer et stocker les badges num\u00e9riques.<\/p>\n","protected":false},"author":30,"featured_media":0,"parent":0,"menu_order":0,"comment_status":"closed","ping_status":"closed","template":"","meta":{"_monsterinsights_skip_tracking":false,"_monsterinsights_sitenote_active":false,"_monsterinsights_sitenote_note":"","_monsterinsights_sitenote_category":0,"footnotes":""},"class_list":["post-47110","page","type-page","status-publish","hentry"],"_links":{"self":[{"href":"https:\/\/camrt.ca\/fr\/wp-json\/wp\/v2\/pages\/47110","targetHints":{"allow":["GET"]}}],"collection":[{"href":"https:\/\/camrt.ca\/fr\/wp-json\/wp\/v2\/pages"}],"about":[{"href":"https:\/\/camrt.ca\/fr\/wp-json\/wp\/v2\/types\/page"}],"author":[{"embeddable":true,"href":"https:\/\/camrt.ca\/fr\/wp-json\/wp\/v2\/users\/30"}],"replies":[{"embeddable":true,"href":"https:\/\/camrt.ca\/fr\/wp-json\/wp\/v2\/comments?post=47110"}],"version-history":[{"count":2,"href":"https:\/\/camrt.ca\/fr\/wp-json\/wp\/v2\/pages\/47110\/revisions"}],"predecessor-version":[{"id":60260,"href":"https:\/\/camrt.ca\/fr\/wp-json\/wp\/v2\/pages\/47110\/revisions\/60260"}],"wp:attachment":[{"href":"https:\/\/camrt.ca\/fr\/wp-json\/wp\/v2\/media?parent=47110"}],"curies":[{"name":"wp","href":"https:\/\/api.w.org\/{rel}","templated":true}]}}