{"id":47109,"date":"2020-11-17T12:24:05","date_gmt":"2020-11-17T17:24:05","guid":{"rendered":"https:\/\/camrt.wpenginepowered.com\/fr\/?page_id=13448"},"modified":"2020-11-17T12:24:05","modified_gmt":"2020-11-17T17:24:05","slug":"occasions-de-redaction-de-cours-de-ppc","status":"publish","type":"page","link":"https:\/\/camrt.ca\/fr\/occasions-de-redaction-de-cours-de-ppc\/","title":{"rendered":"Occasions de r\u00e9daction de cours de PPC"},"content":{"rendered":"<p><a href=\"https:\/\/camrt.ca\/wp-content\/uploads\/2020\/11\/Author-Recruitment-Webpage-Image-Adobe-scaled-1.jpeg\"><img loading=\"lazy\" decoding=\"async\" class=\"aligncenter size-full wp-image-13447\" src=\"https:\/\/camrt.ca\/wp-content\/uploads\/2020\/11\/Author-Recruitment-Webpage-Image-Adobe-scaled-1.jpeg\" alt=\"\" width=\"2560\" height=\"1707\" \/><\/a><\/p>\n<p><strong>AVEZ-VOUS DE L\u2019EXPERTISE DANS UN DOMAINE PARTICULIER?<\/strong><\/p>\n<p>L&rsquo;ACTRM est toujours \u00e0 la recherche d&rsquo;experts en la mati\u00e8re pour d\u00e9velopper des offres de formation en ligne actuelles et pertinentes pour les TRM.<\/p>\n<p>Le mat\u00e9riel d&rsquo;apprentissage doit \u00eatre structur\u00e9 de mani\u00e8re que les apprenants puissent faire la plupart, sinon la totalit\u00e9, de leur apprentissage \u00e0 partir du seul mat\u00e9riel de cours. Le mat\u00e9riel de soutien du cours doit \u00eatre con\u00e7u pour guider et motiver l&rsquo;apprenant et pr\u00e9senter, expliquer et revoir les connaissances et comp\u00e9tences requises.<\/p>\n<p><strong>Avez-vous ce que nous cherchons?<\/strong><\/p>\n<ul class='dt-sc-fancy-list   rounded-arrow'>\n<li>Une expertise de l\u2019une des quatre disciplines principales de la TRM<\/li>\n<li>De l\u2019exp\u00e9rience en mati\u00e8re de r\u00e9daction universitaire<\/li>\n<li>De l\u2019exp\u00e9rience en enseignement ou en d\u00e9veloppement de contenu (souhait\u00e9e mais non essentielle<\/li>\n<\/ul>\n<p><strong>Actuellement, l&rsquo;ACTRM accorde la priorit\u00e9 au d\u00e9veloppement dans les domaines suivants (sans toutefois s&rsquo;y limiter)\u00a0:<\/strong><\/p>\n<ul class='dt-sc-fancy-list   rounded-arrow'>\n<li>Densit\u00e9 osseuse<\/li>\n<li>Imagerie du sein<\/li>\n<li>Radiographie g\u00e9n\u00e9rale<\/li>\n<li>Imagerie p\u00e9diatrique<\/li>\n<li>Changements \u00e0 la pratique d\u00e9coulant de la COVID-19<\/li>\n<li>Contr\u00f4le de la qualit\u00e9<\/li>\n<li>S\u00e9curit\u00e9 en RM<\/li>\n<li>M\u00e9decine nucl\u00e9aire<\/li>\n<li>Intelligence artificielle<\/li>\n<li>Pathologie\/\u00e9valuation des images<\/li>\n<\/ul>\n<p><strong>L\u2019ACTRM offre plusieurs formats de cours\u00a0:<\/strong><\/p>\n<div  class='column dt-sc-one-half  space  first'    ><p style=\"text-align: justify\"><div class='dt-sc-titled-box '><h6 class='dt-sc-titled-box-title'  style=\"background-color:#00a651;border-color:#00a651;color:#ffffff;\">  COURS COMPLETS<\/h6><div class='dt-sc-titled-box-content'><p>Chacun comprend 6 chapitres et les devoirs correspondants ainsi qu&rsquo;un examen final et est d\u00e9livr\u00e9 selon des modalit\u00e9s pr\u00e9d\u00e9termin\u00e9es. Leur dur\u00e9e varie de 30 \u00e0 55 cr\u00e9dits\/heures. Un soutien est apport\u00e9 par le mentor et\/ou l&rsquo;instructeur du cours. <strong>Les auteurs se voient g\u00e9n\u00e9ralement offrir un droit de premier refus sur l&rsquo;enseignement.<\/strong><\/p>\n<p><a href=\"https:\/\/camrt.wpenginepowered.com\/fr\/wp-content\/uploads\/sites\/3\/2020\/11\/AUTHOR-Guidelines-DOCUMENT-2020.pdf\"><strong>Directives \u00e0 l\u2019intention des auteurs (disponibles en anglais seulement)<\/strong><\/a><\/p><\/div><\/div><\/div>\n<div  class='column dt-sc-one-half  space  '    ><p style=\"text-align: justify\"><div class='dt-sc-titled-box '><h6 class='dt-sc-titled-box-title'  style=\"background-color:#1c9ad6;border-color:#1c9ad6;color:#ffffff;\">  COURS D\u2019AUTOFORMATION RAPIDE<\/h6><div class='dt-sc-titled-box-content'><p>Des modules d&rsquo;apprentissage auto-administr\u00e9s plus courts, jusqu&rsquo;\u00e0 10 cr\u00e9dits\/heures, avec un test \u00e9clair.\u00a0 Ces modules sont destin\u00e9s aux technologues ayant un emploi du temps charg\u00e9 et qui souhaitent continuer \u00e0 s&rsquo;informer, am\u00e9liorer leur pratique tout en obtenant des cr\u00e9dits de formation continue<strong>.<\/strong><\/p>\n<p><a href=\"https:\/\/camrt.wpenginepowered.com\/fr\/wp-content\/uploads\/sites\/3\/2020\/11\/AUTHOR-Guidelines-DOCUMENT-2020.pdf\"><strong>Directives \u00e0 l\u2019intention des auteurs (disponibles en anglais seulement)<\/strong><\/a><\/p>\n<p style=\"text-align: justify\"><\/div><\/div><\/div>\n<div class=\"dt-sc-clear\"><\/div>\n<div  class='column dt-sc-one-half  space  first'    ><div class='dt-sc-titled-box '><h6 class='dt-sc-titled-box-title'  style=\"background-color:#c9252c;border-color:#c9252c;color:#ffffff;\">  CONF\u00c9RENCES VIRTUELLES<\/h6><div class='dt-sc-titled-box-content'><p>Conf\u00e9rences interactives en ligne &#8211; jusqu&rsquo;\u00e0 2 cr\u00e9dits\/heures &#8211; con\u00e7ues pour am\u00e9liorer et rafra\u00eechir les connaissances de base.\u00a0 Ces conf\u00e9rences de haute qualit\u00e9 sont un moyen pratique de r\u00e9pondre aux exigences de comp\u00e9tence continue et une occasion d&rsquo;apprendre aupr\u00e8s d&rsquo;experts cliniques et industriels.<\/p>\n<p><a href=\"https:\/\/camrt.wpenginepowered.com\/fr\/wp-content\/uploads\/sites\/3\/2020\/11\/AUTHOR-Guidelines-DOCUMENT-2020.pdf\"><strong>Directives \u00e0 l\u2019intention des auteurs (disponibles en anglais seulement)<\/strong><\/a><\/p><\/div><\/div><\/div>\n<div  class='column dt-sc-one-half  space  '    ><div class='dt-sc-titled-box '><h6 class='dt-sc-titled-box-title'  style=\"background-color:#F7941E;border-color:#F7941E;color:#ffffff;\">  WEBINAIRES<\/h6><div class='dt-sc-titled-box-content'><p>Offre un aper\u00e7u et une formation aux TRM en exercice sur des sujets d&rsquo;int\u00e9r\u00eat clinique et professionnel. Cette s\u00e9rie de webinaires pr\u00e9sente la recherche li\u00e9e aux TRM, les innovations du secteur et d&rsquo;autres aper\u00e7us pertinents sur la pratique.<\/p><\/div><\/div><\/div>\n<div class=\"dt-sc-clear\"><\/div>\n<p>&nbsp;<\/p>\n<p>Si un sujet vous int\u00e9resse et que vous aimeriez en faire une activit\u00e9 de PPC, vous pouvez pr\u00e9senter une\u00a0<a href=\"https:\/\/camrt.wpenginepowered.com\/fr\/wp-content\/uploads\/sites\/3\/2020\/11\/Proposition-de-cours-de-lACTRM.pdf\"><strong>proposition<\/strong><\/a> \u00e0 l\u2019ACTRM, accompagn\u00e9e de votre <strong>curriculum vitae.<\/strong><\/p>\n<div class=\"dt-sc-contact-info\"><div class='icon'><i class='fa fa-envelope'><\/i><\/div><p><a href='mailto:jgill@camrt.ca'>jgill@camrt.ca<\/a><\/p><span><\/span><\/div>\n<p>&nbsp;<\/p>\n<p>&nbsp;<\/p>\n","protected":false},"excerpt":{"rendered":"<p>AVEZ-VOUS DE L\u2019EXPERTISE DANS UN DOMAINE PARTICULIER? L&rsquo;ACTRM est toujours \u00e0 la recherche d&rsquo;experts en la mati\u00e8re pour d\u00e9velopper des offres de formation en ligne actuelles et pertinentes pour les TRM. Le mat\u00e9riel d&rsquo;apprentissage doit \u00eatre structur\u00e9 de mani\u00e8re que les apprenants puissent faire la plupart, sinon la totalit\u00e9, de leur apprentissage \u00e0 partir du [&hellip;]<\/p>\n","protected":false},"author":30,"featured_media":0,"parent":0,"menu_order":0,"comment_status":"closed","ping_status":"closed","template":"","meta":{"_monsterinsights_skip_tracking":false,"_monsterinsights_sitenote_active":false,"_monsterinsights_sitenote_note":"","_monsterinsights_sitenote_category":0,"footnotes":""},"class_list":["post-47109","page","type-page","status-publish","hentry"],"_links":{"self":[{"href":"https:\/\/camrt.ca\/fr\/wp-json\/wp\/v2\/pages\/47109","targetHints":{"allow":["GET"]}}],"collection":[{"href":"https:\/\/camrt.ca\/fr\/wp-json\/wp\/v2\/pages"}],"about":[{"href":"https:\/\/camrt.ca\/fr\/wp-json\/wp\/v2\/types\/page"}],"author":[{"embeddable":true,"href":"https:\/\/camrt.ca\/fr\/wp-json\/wp\/v2\/users\/30"}],"replies":[{"embeddable":true,"href":"https:\/\/camrt.ca\/fr\/wp-json\/wp\/v2\/comments?post=47109"}],"version-history":[{"count":0,"href":"https:\/\/camrt.ca\/fr\/wp-json\/wp\/v2\/pages\/47109\/revisions"}],"wp:attachment":[{"href":"https:\/\/camrt.ca\/fr\/wp-json\/wp\/v2\/media?parent=47109"}],"curies":[{"name":"wp","href":"https:\/\/api.w.org\/{rel}","templated":true}]}}