{"id":47106,"date":"2019-04-24T14:08:04","date_gmt":"2019-04-24T18:08:04","guid":{"rendered":"https:\/\/camrt.wpenginepowered.com\/fr\/?page_id=11946"},"modified":"2019-04-24T14:08:04","modified_gmt":"2019-04-24T18:08:04","slug":"mission-vision-et-valeurs","status":"publish","type":"page","link":"https:\/\/camrt.ca\/fr\/a-propos-de-lactrm\/mission-vision-et-valeurs\/","title":{"rendered":"Mission, vision et valeurs"},"content":{"rendered":"<h3>Notre mission<\/h3>\n<p>L\u2019ACTRM travaille \u00e0 l\u2019avancement de la profession par son leadership en mati\u00e8re de d\u00e9fense des int\u00e9r\u00eats, d\u2019\u00e9ducation et de recherche.<\/p>\n<p>L\u2019ACTRM aide les TRM \u00e0 fournir des soins de la plus haute qualit\u00e9 aux patients tout au long de leur carri\u00e8re en offrant un processus d\u2019agr\u00e9ment tr\u00e8s respect\u00e9, une formation continue exceptionnelle, des ressources pratiques opportunes et fond\u00e9es sur des donn\u00e9es probantes et des services pr\u00e9cieux aux membres.<\/p>\n<h3>Notre vision<\/h3>\n<p>Les technologues en radiation m\u00e9dicale sont recherch\u00e9s pour leurs connaissances et leur expertise et reconnus pour le r\u00f4le essentiel qu\u2019ils jouent dans le parcours de sant\u00e9 des diverses populations qu\u2019ils servent.<\/p>\n<p>La technologie de radiation m\u00e9dicale est respect\u00e9e en tant que profession fermement ancr\u00e9e dans une \u00e9ducation rigoureuse, engag\u00e9e dans une pratique fond\u00e9e sur des preuves et d\u00e9di\u00e9e \u00e0 la sant\u00e9 et au bien-\u00eatre des Canadiens.<\/p>\n<h3>Nos valeurs<\/h3>\n<p>Nos valeurs organisationnelles fa\u00e7onnent nos d\u00e9cisions, influencent la programmation que nous \u00e9laborons et mettons en oeuvre, et guident toutes nos interactions avec les membres, les parties prenantes et les autres personnes par le biais de :<br \/>\n<ul class='dt-sc-fancy-list   rounded-arrow'>\n<li>Int\u00e9grit\u00e9<\/li>\n<li>Innovation<\/li>\n<li>Collaboration<\/li>\n<li>Transparence<\/li>\n<li>Inclusion<\/li>\n<\/ul>\n","protected":false},"excerpt":{"rendered":"<p>Notre mission L\u2019ACTRM travaille \u00e0 l\u2019avancement de la profession par son leadership en mati\u00e8re de d\u00e9fense des int\u00e9r\u00eats, d\u2019\u00e9ducation et de recherche. L\u2019ACTRM aide les TRM \u00e0 fournir des soins de la plus haute qualit\u00e9 aux patients tout au long de leur carri\u00e8re en offrant un processus d\u2019agr\u00e9ment tr\u00e8s respect\u00e9, une formation continue exceptionnelle, des [&hellip;]<\/p>\n","protected":false},"author":30,"featured_media":0,"parent":47116,"menu_order":0,"comment_status":"closed","ping_status":"closed","template":"","meta":{"_monsterinsights_skip_tracking":false,"_monsterinsights_sitenote_active":false,"_monsterinsights_sitenote_note":"","_monsterinsights_sitenote_category":0,"footnotes":""},"class_list":["post-47106","page","type-page","status-publish","hentry"],"_links":{"self":[{"href":"https:\/\/camrt.ca\/fr\/wp-json\/wp\/v2\/pages\/47106","targetHints":{"allow":["GET"]}}],"collection":[{"href":"https:\/\/camrt.ca\/fr\/wp-json\/wp\/v2\/pages"}],"about":[{"href":"https:\/\/camrt.ca\/fr\/wp-json\/wp\/v2\/types\/page"}],"author":[{"embeddable":true,"href":"https:\/\/camrt.ca\/fr\/wp-json\/wp\/v2\/users\/30"}],"replies":[{"embeddable":true,"href":"https:\/\/camrt.ca\/fr\/wp-json\/wp\/v2\/comments?post=47106"}],"version-history":[{"count":0,"href":"https:\/\/camrt.ca\/fr\/wp-json\/wp\/v2\/pages\/47106\/revisions"}],"up":[{"embeddable":true,"href":"https:\/\/camrt.ca\/fr\/wp-json\/wp\/v2\/pages\/47116"}],"wp:attachment":[{"href":"https:\/\/camrt.ca\/fr\/wp-json\/wp\/v2\/media?parent=47106"}],"curies":[{"name":"wp","href":"https:\/\/api.w.org\/{rel}","templated":true}]}}