{"id":47105,"date":"2019-03-26T11:51:56","date_gmt":"2019-03-26T15:51:56","guid":{"rendered":"https:\/\/camrt.wpenginepowered.com\/fr\/?page_id=11930"},"modified":"2026-04-14T18:22:05","modified_gmt":"2026-04-14T22:22:05","slug":"conferences-et-evenements","status":"publish","type":"page","link":"https:\/\/camrt.ca\/fr\/conferences-et-evenements\/","title":{"rendered":"Conf\u00e9rences et \u00e9v\u00e9nements"},"content":{"rendered":"\r\n<h1><strong>Conf\u00e9rences et \u00e9v\u00e9nements<\/strong><\/h1>\r\n<p>Cliquez sur le titre des \u00e9v\u00e9nements pour en savoir davantage. Vous cherchez des renseignements ou du contenu virtuel d&rsquo;un \u00e9v\u00e9nement qui a d\u00e9j\u00e0 eu lieu? Rendez-vous sur notre page <a href=\"https:\/\/camrt.ca\/fr\/evenements-passes\/\">\u00c9V\u00c9NEMENTS PASS\u00c9S.<\/a><\/p>\r\n<p><strong>Opportunit\u00e9s de parrainage<\/strong><\/p>\r\n<p>Vous cherchez \u00e0 devenir commanditaire d&rsquo;un \u00e9v\u00e9nement de l&rsquo;ACTRM? Il existe de nombreuses opportunit\u00e9s provinciales et nationales. Les opportunit\u00e9s de parrainage pour la conf\u00e9rence nationale seront publi\u00e9es chaque ann\u00e9e au cours de l&rsquo;\u00e9t\u00e9.<\/p>\r\n<a href=\"https:\/\/camrt.ca\/provincial-events-sponsorship\/\" target=\"_blank\" class=\"dt-sc-button   small\">Commandite d&rsquo;\u00e9v\u00e9nements provinciaux<\/a>\r\n<p>&nbsp;<\/p>\r\n<p><em>Derni\u00e8re mise \u00e0 jour: avr 01 2026<\/em><\/p>\r\n<h2>\u00c9V\u00c9NEMENTS \u00c0 VENIR DE L&rsquo;ACTRM<\/h2>\r\n<div class=\"dt-sc-toggle-frame\"><h5 class='dt-sc-toggle'><a href='#'>Webinaires par l&#039;ACTRM : \u00c0 la demande disponible<\/a><\/h5><div class=\"dt-sc-toggle-content\" style=\"display: none;\"><div class=\"block\"><p><a href=\"https:\/\/camrt.ca\/breast-imaging-education-day\/\"><strong>2025-6 S\u00e9rie de webinaires sur la mammographie<\/strong><\/a><\/p>\r\n<p>Veuillez noter nos webinaires sur la mammographie, il y a<strong> 13 webinaires r\u00e9cents<\/strong> d\u00e9sormais disponibles \u00e0 la demande et <strong>gratuits<\/strong> pour les membres ! Merci \u00e0 notre sponsor, Hologic.<\/p>\r\n<p>Les th\u00e8mes abord\u00e9s sont notamment : <strong>l&rsquo;intelligence artificielle en mammographie<\/strong> ; <strong>le tatouage reconstructif du mamelon<\/strong> ; une analyse approfondie de la \u00ab <strong>dose<\/strong> \u00bb et de<strong> l&rsquo;exp\u00e9rience du patient<\/strong>.<\/p>\r\n<p>&nbsp;<\/p>\r\n<p><strong><a href=\"https:\/\/camrt.my.site.com\/CPBase__item?id=a10OK00000GnoIdYAJ\">\u00a0<em>Environmental Stewardship in Radiology &amp; Actions for MRTs to Take<\/em><\/a> \/ Gestion environnementale en radiologie<\/strong><\/p>\r\n<p>Rejoignez les Drs Kate Hanneman et Maura Brown pour une pr\u00e9sentation des principaux \u00e9l\u00e9ments et conclusions de deux articles r\u00e9cents publi\u00e9s par le CAR. Elles nous pr\u00e9senteront l&rsquo;impact g\u00e9n\u00e9ral de la radiologie, d&rsquo;une perspective plan\u00e9taire \u00e0 une perspective ax\u00e9e sur l&rsquo;\u00e9quipe et les donn\u00e9es, puis \u00e0 une perspective progressivement plus sp\u00e9cifique aux TRM. Rejoignez ensuite Natalie Rozenec, TRM, qui pr\u00e9sentera ses travaux r\u00e9cents, l&rsquo;impact et l&rsquo;exp\u00e9rience des TRM engag\u00e9s dans l&rsquo;action environnementale, et des exemples de mesures que les TRM peuvent prendre pour contribuer au changement que nous souhaitons voir dans notre environnement. Le webinaire sera dispens\u00e9 en anglais.\u00a0<\/p>\r\n<p>&nbsp;<\/p>\r\n<p><b><strong><a href=\"https:\/\/camrt.my.site.com\/CPBase__item?id=a10OK00000NeaxBYAR\">Hopedale Portable x-ray Pilot Project Webinar<\/a> (Nunatsiavut)<\/strong><\/b><\/p>\r\n<p>Ce webinaire, accessible gratuitement aux membres, est d\u00e9sormais disponible \u00e0 la demande. Il porte sur le r\u00e9cent projet pilote de r\u00e9ussite concernant l&rsquo;appareil de radiographie portable de Hopedale. Au-del\u00e0 du communiqu\u00e9 de presse, nous avons abord\u00e9 la planification, le soutien de l&rsquo;ACTRM, le point de vue du fournisseur (FujiFilm, par l&rsquo;interm\u00e9diaire d&rsquo;un technicien en radiologie m\u00e9dicale de confiance), les mesures prises par les autorit\u00e9s gouvernementales et sanitaires (de Terre-Neuve-et-Labrador et du Nunatsiavut), ainsi que le point de vue du technicien en radiologie m\u00e9dicale qui \u00e9tait sur le terrain pour assurer le bon d\u00e9roulement de ce projet en toute s\u00e9curit\u00e9. Le webinaire sera dispens\u00e9 en anglais.\u00a0<\/p>\r\n<p>&nbsp;<\/p>\r\n<p><a href=\"https:\/\/camrt.my.site.com\/CPBase__item?id=a10OK00000JsxszYAB\"><strong><em>Clinical Orientation and Education Strategy: Leading with Compassion, Courage and Discovery \/ <\/em><\/strong><\/a><em><strong>L&rsquo;orientation clinique et la strat\u00e9gie \u00e9ducative : diriger avec compassion, courage et d\u00e9couverte.<\/strong><\/em><\/p>\r\n<p>Rejoignez notre pr\u00e9sentatrice Gillian Graham (RTT, CMD, MA &#8211; Leadership) pour en savoir plus sur un projet visant \u00e0 favoriser une culture qui met l&rsquo;accent sur l&rsquo;apprentissage continu et le d\u00e9veloppement professionnel, et \u00e0 soutenir le recrutement, l&#8217;embauche et la fid\u00e9lisation des talents. Elle abordera les m\u00e9thodes, les objectifs, les principes directeurs et les recommandations pour \u00e9laborer une strat\u00e9gie globale de soutien aux professionnels de la sant\u00e9. Le webinaire sera dispens\u00e9 en anglais. Ce webinaire est gratuit pour les membres !<\/p>\r\n<p>&nbsp;<\/p>\r\n<p><strong>Webinaires de l&rsquo;ISRRT soutenus par l&rsquo;ACTRM<\/strong><\/p>\r\n<p>Une s\u00e9rie de deux webinaires est pr\u00e9vue en collaboration avec l&rsquo;ACTRM et est anim\u00e9e par la Soci\u00e9t\u00e9 internationale des radiologues et technologues en radiologie (ISRRT). Ces deux webinaires aborderont des sujets d&rsquo;int\u00e9r\u00eat g\u00e9n\u00e9ral pour les TRM canadiens et internationaux.<\/p>\r\n<p><strong><a href=\"https:\/\/camrt.my.site.com\/CPBase__item?id=a10OK00000FuQwtYAF\">Pr\u00e9ceptation 101 : D\u00e9velopper une expertise adaptative<\/a> <\/strong>\u00a0par Marcia Docherty, RTNM, Ph. D.<\/p>\r\n<p>L&rsquo;apprentissage par essais et erreurs est fondamental pour le d\u00e9veloppement des comp\u00e9tences lors d&rsquo;un stage clinique. Apprendre et grandir gr\u00e2ce \u00e0 l&rsquo;erreur exige des comp\u00e9tences d&rsquo;apprentissage adaptatif. Lors de cette pr\u00e9sentation, les participants discuteront des techniques de compte rendu de qualit\u00e9 qui favorisent l&rsquo;apprentissage adaptatif et cr\u00e9ent des environnements d&rsquo;apprentissage psychologiquement s\u00e9curitaires. Dans cette pr\u00e9sentation, nous aborderons l&rsquo;apprentissage adaptatif dans le contexte clinique canadien, d\u00e9couvrirons des approches permettant de d\u00e9velopper une expertise adaptative, identifierons des approches qui pourraient bien s&rsquo;adapter \u00e0 d&rsquo;autres contextes d&rsquo;apprentissage et \u00e9laborerons des strat\u00e9gies de compte rendu efficaces pour les contextes de formation clinique. Ce webinaire est gratuit pour les membres de l&rsquo;ACTRM.<\/p>\r\n<p>Il sera anim\u00e9 en direct par l&rsquo;ISRRT, puis \u00e0 la demande dans notre catalogue, et accr\u00e9dit\u00e9 pour des cr\u00e9dits de cat\u00e9gorie A.<\/p>\r\n<p>Webinaire pr\u00e9c\u00e9dent\u00a0: Rejoignez une \u00e9quipe de recherche sur les pr\u00e9jug\u00e9s et la stigmatisation li\u00e9s au poids en radiographie et en radioth\u00e9rapie, organis\u00e9 par l&rsquo;International Society of Radiographers and Radiological Technologists (ISRRT). Ce webinaire comprend une revue de la litt\u00e9rature, une revue m\u00e9thodologique et une analyse de leurs \u00e9tudes par Marcia Smoke, Megan Brydon, Sarah Smith, Alexa Wolak et Tom Farrell, anim\u00e9e par Steve Lacey (ISRRT). Il dure moins d&rsquo;une heure. La version enregistr\u00e9e sera disponible sur le <strong><a href=\"https:\/\/www.isrrt.org\/education\/\">site web de l&rsquo;ISSRT.<\/a><\/strong><\/p><\/div><\/div><\/div>\r\n<div class=\"dt-sc-toggle-frame\"><h5 class='dt-sc-toggle'><a href='#'>The Summit 2025 - 18 octobre 2025 (Burnaby, C.-B.)<\/a><\/h5><div class=\"dt-sc-toggle-content\" style=\"display: none;\"><div class=\"block\"><p><img loading=\"lazy\" decoding=\"async\" src=\"https:\/\/camrt.ca\/wp-content\/uploads\/2024\/11\/The-Summit-2025-Logo-300x113.png\" alt=\"\" width=\"406\" height=\"153\" \/><\/p>\r\n<p><strong>R\u00e9servez la date !<\/strong><\/p>\r\n<p><strong>The Summit 2025<\/strong><\/p>\r\n<p>18 octobre 2025<\/p>\r\n<p><b>Hilton Metrotown Vancouver<\/b><\/p>\r\n<p>6083 McKay Avenue Burnaby, British Columbia V5H 2W7<\/p>\r\n<p>Les d\u00e9tails et tarifs seront d\u00e9voil\u00e9s d\u00e9but 2025.<\/p>\r\n<a href=\"https:\/\/camrt.ca\/bc\/events\/\" target=\"_blank\" class=\"dt-sc-button   small\">PLUS D&rsquo;INFO<\/a><\/div><\/div><\/div>\r\n<div class=\"dt-sc-toggle-frame\"><h5 class='dt-sc-toggle'><a href='#'>The Current 2025 - 25 octobre 2025 (Charlottetown, \u00ce-P-\u00c9)<\/a><\/h5><div class=\"dt-sc-toggle-content\" style=\"display: none;\"><div class=\"block\"><p><img loading=\"lazy\" decoding=\"async\" src=\"https:\/\/camrt.ca\/wp-content\/uploads\/2024\/11\/The-Current-Logo-300x113.png\" alt=\"\" width=\"406\" height=\"153\" \/><\/p>\r\n<p><strong>R\u00e9servez la date !<\/strong><\/p>\r\n<p><strong>The Current 2025<\/strong><\/p>\r\n<p>25 octobre 2025<\/p>\r\n<p><b>Rodd Charlottetown<\/b><\/p>\r\n<p>75 Kent St, Charlottetown, PEI C1A 7K4<\/p>\r\n<p>Les d\u00e9tails et tarifs seront d\u00e9voil\u00e9s d\u00e9but 2025.<\/p>\r\n<a href=\"https:\/\/camrt.ca\/atlantic\/events\/\" target=\"_blank\" class=\"dt-sc-button   small\">PLUS D&rsquo;INFO<\/a><\/div><\/div><\/div>\r\n<div class=\"dt-sc-titled-box\"><h6 class=\"dt-sc-titled-box-title\"> ACTRM 2026 -  28-30 mai 2026  (Victoria, C.-B.)<\/h6><div class=\"dt-sc-titled-box-content\"><p><img loading=\"lazy\" decoding=\"async\" src=\"https:\/\/camrt.ca\/fr\/wp-content\/uploads\/sites\/3\/2025\/08\/FR-2026-Logo-with-Bracco-300x150.png\" alt=\"\" width=\"542\" height=\"271\" \/><\/p>\r\n<p style=\"text-align: center\"><strong>Les inscriptions sont d\u00e9sormais ouvertes<\/strong><\/p>\r\n<p style=\"text-align: center\"><a href=\"https:\/\/site.pheedloop.com\/event\/camrt\/home\" target=\"_blank\" class=\"dt-sc-button   medium\">INSCRIVEZ-VOUS D\u00c8S MAINTENANT<\/a>\r\n<p><strong>ACTRM 2026<\/strong><\/p>\r\n<p><strong>mai 28-30, 2026<\/strong><\/p>\r\n<p><strong><a href=\"https:\/\/www.tourismvictoria.com\/meetings\/victoria-conference-centre\">Victoria Conference Centre<\/a><\/strong><\/p>\r\n<p>720 Douglas St, Victoria, BC V8W 3M7<\/p>\r\n<h4>&#8212;&#8212;&#8212;-<\/h4>\r\n<h4><strong>Appel \u00e0 propositions pour la conf\u00e9rence ACTRM 2025<\/strong><\/h4>\r\n<p>Postulez pour faire une pr\u00e9sentation \u00e0 la conf\u00e9rence ACTRM 2026, qui se tiendra les 28 et 29 mai 2026 au Victoria Convention Center \u00e0 Victoria, en Colombie-Britannique !<\/p>\r\n<p>Nous sollicitons des pr\u00e9sentations \u00e9ducatives, des r\u00e9sum\u00e9s d&rsquo;\u00e9tudes de recherche et des r\u00e9sum\u00e9s d&rsquo;initiatives ou d&rsquo;innovations pratiques afin de constituer un programme de conf\u00e9rence diversifi\u00e9 et captivant. Les soumissions peuvent porter sur des sujets li\u00e9s \u00e0 n&rsquo;importe quelle discipline ou d&rsquo;int\u00e9r\u00eat g\u00e9n\u00e9ral (par exemple, les soins et l&rsquo;exp\u00e9rience des patients, la gestion des services, l&rsquo;\u00e9ducation innovante, le leadership, les soins personnels, la sant\u00e9 mentale, l&rsquo;\u00e9volution de carri\u00e8re, etc.).<\/p>\r\n<p>Pour soumettre une proposition ou un r\u00e9sum\u00e9, veuillez remplir le formulaire disponible via le lien ci-dessous.<\/p>\r\n<a href=\"https:\/\/airtable.com\/appkgF90AaFoPs6Kc\/pagYhyfjyL0w84nwQ\/form\" target=\"_parent\" class=\"dt-sc-button   medium\">POUR SOUMETTRE UNE PROPOSITION<\/a>\u00a0 \u00a0 <a href=\"https:\/\/camrt.ca\/fr\/actrm-2026-appel-a-resumes-et-presentations\/\" target=\"_parent\" class=\"dt-sc-button   medium\">PLUS D&rsquo;INFOS<\/a>\r\n<p><strong>Date limite de soumission : 14 novembre 2025<\/strong><\/p>\r\n<h4>&#8212;&#8212;&#8212;-<\/h4>\r\n<h4><strong>Commandites<\/strong><\/h4>\r\n<p>Rejoignez-nous \u00e0 Victoria pour l&rsquo;ACTRM 2026 et rencontrez des leaders en imagerie m\u00e9dicale et en radioth\u00e9rapie. Les forfaits de commandite sont maintenant disponibles\u00a0: t\u00e9l\u00e9chargez le prospectus pour d\u00e9couvrir les offres et soumettez le formulaire rapidement pour r\u00e9server votre place. Ne manquez pas cette occasion de mettre en valeur votre marque lors de notre \u00e9v\u00e9nement national de premier plan\u00a0!<\/p>\r\n<a href=\"https:\/\/camrt.ca\/wp-content\/uploads\/2025\/09\/CAMRT-2026-Sponsorship-Prospectus.pdf\" target=\"_blank\" class=\"dt-sc-button   medium\">Prospectus<\/a>\u00a0 \u00a0 <a href=\"https:\/\/airtable.com\/appkgF90AaFoPs6Kc\/pagcJYWUe8x8OTLGE\/form\" target=\"_blank\" class=\"dt-sc-button   medium\">Formulaire d&rsquo;inscription<\/a>\r\n<p><img loading=\"lazy\" decoding=\"async\" class=\"alignnone size-medium wp-image-61429\" src=\"https:\/\/camrt.ca\/wp-content\/uploads\/2026\/03\/FR-300x150.png\" alt=\"\" width=\"300\" height=\"150\" srcset=\"https:\/\/camrt.ca\/wp-content\/uploads\/2026\/03\/FR-300x150.png 300w, https:\/\/camrt.ca\/wp-content\/uploads\/2026\/03\/FR-1024x512.png 1024w, https:\/\/camrt.ca\/wp-content\/uploads\/2026\/03\/FR-768x384.png 768w, https:\/\/camrt.ca\/wp-content\/uploads\/2026\/03\/FR-1536x768.png 1536w, https:\/\/camrt.ca\/wp-content\/uploads\/2026\/03\/FR.png 1600w\" sizes=\"auto, (max-width: 300px) 100vw, 300px\" \/><\/p><\/div><\/div>\r\n<div class=\"dt-sc-toggle-frame\"><h5 class='dt-sc-toggle'><a href='#'>ACTRM 2027 - 27-29 mai 2027 (Niagara Falls, ON)<\/a><\/h5><div class=\"dt-sc-toggle-content\" style=\"display: none;\"><div class=\"block\"><p><strong><img loading=\"lazy\" decoding=\"async\" src=\"https:\/\/camrt.ca\/fr\/wp-content\/uploads\/sites\/3\/2025\/03\/CAMRT-2027-FR-Copy-with-no-background-01-300x116.png\" alt=\"\" width=\"419\" height=\"162\" \/><\/strong><\/p>\r\n<p><strong>R\u00e9servez cette date!<\/strong><\/p>\r\n<p><strong>ACTRM 2027<\/strong><\/p>\r\n<p><strong>mai 27-29, 2027<\/strong><\/p>\r\n<p><strong>Niagara Falls Convention Centre &amp; Hilton Niagara Falls \/ Fallsview Hotel and Suites<\/strong><\/p>\r\n<p>Plus d&rsquo;informations seront publi\u00e9es \u00e0 l&rsquo;\u00e9t\u00e9 2026<\/p><\/div><\/div><\/div>\r\n<div class=\"dt-sc-toggle-frame\"><h5 class='dt-sc-toggle'><a href='#'>ACTRM 2028 - 25-27 mai 2028 (Charlottetown, \u00ce-P-\u00c9))<\/a><\/h5><div class=\"dt-sc-toggle-content\" style=\"display: none;\"><div class=\"block\"><p><strong>R\u00e9servez cette date!<\/strong><\/p>\r\n<p><strong>ACTRM 2028<\/strong><\/p>\r\n<p><strong>mai 25-27, 2028<\/strong><\/p>\r\n<p><b>The Delta, Charlottetown<\/b><\/p>\r\n<p>Plus d&rsquo;informations seront publi\u00e9es \u00e0 l&rsquo;\u00e9t\u00e9 2027<\/p><\/div><\/div><\/div>\r\n<div class=\"dt-sc-toggle-frame\"><h5 class='dt-sc-toggle'><a href='#'>ACTRM 2029 - 10-12 mai 2029 (Banff, Alb))<\/a><\/h5><div class=\"dt-sc-toggle-content\" style=\"display: none;\"><div class=\"block\"><p><strong>R\u00e9servez cette date!<\/strong><\/p>\r\n<p><strong>ACTRM 2029<\/strong><\/p>\r\n<p><strong>mai 10-12, 2029<\/strong><\/p>\r\n<p><b>Fairmont Banff Springs, Banff<\/b><\/p>\r\n<p>Plus d&rsquo;informations seront publi\u00e9es \u00e0 l&rsquo;\u00e9t\u00e9 2028<\/p><\/div><\/div><\/div>\r\n<p>&nbsp;<\/p>\r\n<h2>AUTRES \u00c9V\u00c9NEMENTS POUR LES TRM<\/h2>\r\n<div class=\"dt-sc-toggle-frame\"><h5 class='dt-sc-toggle'><a href='#'>CAR - Webinaires en-direct (2026)<\/a><\/h5><div class=\"dt-sc-toggle-content\" style=\"display: none;\"><div class=\"block\"><p><strong>May 14; Sep 17 and Dec 10, 2026<\/strong><\/p>\r\n<p>The CAR welcomes you to consider attendance at the following webinars. Please note, these are unaccredited by the CAMRT (but you may be able to self-claim, depending on your regulatory landscape).<\/p>\r\n<ul>\r\n<li><b><span data-olk-copy-source=\"MessageBody\">BRC Webinar.\u00a0<em>BI-RADS Lexicon: Updates from the Newest Edition<\/em><\/span><\/b><\/li>\r\n<\/ul>\r\n<p>May 14<sup>th<\/sup>, 2026 @ 7:00 pm \u2013 8:00 pm ET.<\/p>\r\n<p><a href=\"https:\/\/us06web.zoom.us\/webinar\/register\/WN_dv0ZigmTSmuhh73pKcORfQ\">Registration &amp; More Information<\/a>.\u00a0<\/p>\r\n<p>Speakers: Drs. Tanya (Tetyana) Martin and Dr. Darya Kurowecki<\/p>\r\n<p>Moderator: Dr. Rachel Fleming<\/p>\r\n<p>&nbsp;<\/p>\r\n<ul>\r\n<li><b>BRC Webinar.\u00a0<em>Tomosynthesis: Using It as a Diagnostic and Screening Tool<\/em><\/b><\/li>\r\n<\/ul>\r\n<p>September 17, 2026 @ 7:00 pm \u2013 8:00 pm ET.<\/p>\r\n<p><a href=\"https:\/\/us06web.zoom.us\/webinar\/register\/WN_QhqLSwRYRjKCkGN7khZmgQ\">Registration\u00a0 &amp; More Information<\/a>.<\/p>\r\n<p>&nbsp;<\/p>\r\n<ul>\r\n<li><b>BRC Webinar. Contrast-Enhanced Mammography (CEM)<\/b><\/li>\r\n<\/ul>\r\n<p>December 10, 2026 @ 7:00 pm \u2013 8:00 pm ET.<\/p>\r\n<p><a href=\"https:\/\/us06web.zoom.us\/webinar\/register\/WN_C3auKTiVQ-efH61GQXXfJQ\">Registration &amp; More Information<\/a>.\u00a0<\/p>\r\n<p>Speakers: Drs. Maya Grisaru Kacen and Ray Deobald<\/p>\r\n<p>Moderator: Dr. Carolyn Flegg<\/p><\/div><\/div><\/div>\r\n<div class=\"dt-sc-toggle-frame\"><h5 class='dt-sc-toggle'><a href='#'>CAR - Conf\u00e9rence (2026)<\/a><\/h5><div class=\"dt-sc-toggle-content\" style=\"display: none;\"><div class=\"block\"><p><strong>CAR Annual Scientific Meeting<\/strong><\/p>\r\n<p><strong>April 16-19, 2026<\/strong><\/p>\r\n<p><a href=\"https:\/\/car-asm.ca\/register\/\">Information<\/a><\/p><\/div><\/div><\/div>\r\n<div class=\"dt-sc-toggle-frame\"><h5 class='dt-sc-toggle'><a href='#'>CAIR - Conf\u00e9rence (2026)<\/a><\/h5><div class=\"dt-sc-toggle-content\" style=\"display: none;\"><div class=\"block\"><p><strong>CAIR MRT and RN Day 2026<\/strong><\/p>\r\n<p><strong>May 20, 2026<\/strong><\/p>\r\n<p><a href=\"https:\/\/cairweb.ca\/en\/event\/mrtrn-day-st-johns-2026\/\">Information<\/a><\/p><\/div><\/div><\/div>\r\n<div class=\"dt-sc-toggle-frame\"><h5 class='dt-sc-toggle'><a href='#'>Conf\u00e9rence annuelle de l&#039;OTIMROEPMQ - 6-7 juin 2025 (Montr\u00e9al, QC)<\/a><\/h5><div class=\"dt-sc-toggle-content\" style=\"display: none;\"><div class=\"block\"><p><strong>Conf\u00e9rence annuelle de l&rsquo;OTIMROEPMQ<\/strong><\/p>\r\n<p><strong>6-7 juin 2025<\/strong><\/p>\r\n<p><strong>H\u00f4tel Mortagne de Boucherville (Montr\u00e9al), QC<\/strong><\/p>\r\n<a href=\"https:\/\/otimroepmq.ca\/espace-membre\/developpement-professionnel\/congres-annuel\/\" target=\"_blank\" class=\"dt-sc-button\">Plus d&rsquo;informations<\/a><\/div><\/div><\/div>\r\n<div class=\"dt-sc-toggle-frame\"><h5 class='dt-sc-toggle'><a href='#'>SNMMI - 21-24 juin 2025 (La Nouvelle-Orl\u00e9ans, LA)<\/a><\/h5><div class=\"dt-sc-toggle-content\" style=\"display: none;\"><div class=\"block\"><p><strong>Congr\u00e8s annuel du SNMMI, Acc\u00e9l\u00e9rer la gu\u00e9rison<\/strong><\/p>\r\n<p><strong>Juin 21-24, 2025<\/strong><\/p>\r\n<p><strong>La Nouvelle-Orl\u00e9ans, Louisiane<\/strong><\/p>\r\n<a href=\"https:\/\/snmmi.org\/AM\/AM\/Home.aspx\" target=\"_blank\" class=\"dt-sc-button\">Site Web de l&rsquo;\u00e9v\u00e9nement<\/a><\/div><\/div><\/div>\r\n<div class=\"dt-sc-toggle-frame\"><h5 class='dt-sc-toggle'><a href='#'>R\u00e9union scientifique annuelle 2025 de la CARO - 10-13 septembre 2025 (Calgary, AB)<\/a><\/h5><div class=\"dt-sc-toggle-content\" style=\"display: none;\"><div class=\"block\"><p><strong>R\u00e9union scientifique annuelle 2025 de la CARO<\/strong><\/p>\r\n<p><strong>10-13 septembre 2025<\/strong><\/p>\r\n<p><strong>The Westin Calgary, Alberta<\/strong><\/p>\r\n<p>L&rsquo;ACTRM est ravie d&rsquo;\u00eatre pr\u00e9sente \u00e0 cet \u00e9v\u00e9nement, n&rsquo;h\u00e9sitez pas \u00e0 vous arr\u00eater \u00e0 notre stand.<\/p>\r\n<a href=\"https:\/\/www.caro-acro.ca\/asm\" target=\"_blank\" class=\"dt-sc-button\">Site Web de l&rsquo;\u00e9v\u00e9nement<\/a><\/div><\/div><\/div>\r\n<div class=\"dt-sc-toggle-frame\"><h5 class='dt-sc-toggle'><a href='#'>Conf\u00e9rence sur la radioth\u00e9rapie de l&#039;ASRT - 28-30 septembre 2025 (San Francisco, CA)<\/a><\/h5><div class=\"dt-sc-toggle-content\" style=\"display: none;\"><div class=\"block\"><p><strong>Conf\u00e9rence sur la radioth\u00e9rapie de l&rsquo;ASRT<\/strong><\/p>\r\n<p><strong>28-30 septembre 2025<\/strong><\/p>\r\n<p><strong>San Francisco, CA<\/strong><\/p>\r\n<a href=\"https:\/\/www.asrt.org\/events-and-conferences\" target=\"_blank\" class=\"dt-sc-button\">Plus d&rsquo;informations<\/a><\/div><\/div><\/div>\r\n<div class=\"dt-sc-toggle-frame\"><h5 class='dt-sc-toggle'><a href='#'>Conf\u00e9rence annuelle de l&#039;OARM - 1er au 3 octobre 2025 (Niagara on the Lake, ON)<\/a><\/h5><div class=\"dt-sc-toggle-content\" style=\"display: none;\"><div class=\"block\"><p><strong>Conf\u00e9rence annuelle de l&rsquo;OARM<\/strong><\/p>\r\n<p><strong>Du 1er au 3 octobre 2025<\/strong><\/p>\r\n<p><strong>Niagara on the Lake, ON<\/strong><\/p>\r\n<p>Plus d&rsquo;informations \u00e0 venir<\/p><\/div><\/div><\/div>\r\n<div class=\"dt-sc-toggle-frame\"><h5 class='dt-sc-toggle'><a href='#'>R\u00e9union annuelle de la RSNA - 29 novembre au 4 d\u00e9cembre 2025 (Chicago, IL)<\/a><\/h5><div class=\"dt-sc-toggle-content\" style=\"display: none;\"><div class=\"block\"><p><strong>R\u00e9union annuelle de la RSNA<\/strong><\/p>\r\n<p><strong>29 novembre au 4 d\u00e9cembre 2025<\/strong><\/p>\r\n<p><strong>Chicago, IL<\/strong><\/p>\r\n<a href=\"https:\/\/www.rsna.org\/annual-meeting\" target=\"_blank\" class=\"dt-sc-button\">Plus d&rsquo;informations<\/a><\/div><\/div><\/div>\r\n<h2>Les conf\u00e9rence virtuelles<\/h2>\r\n<p>Nous avons \u00e0 votre disposition un vaste catalogue d&rsquo;enregistrements de conf\u00e9rences virtuelles de nos \u00e9v\u00e9nements pass\u00e9s. Un grand nombre de ces enregistrements sont gratuits pour les membres et les enregistrements les plus r\u00e9cents ne coutent que 10 $. Cliquez sur le bouton ci-dessous pour acc\u00e9der directement au catalogue. Pour plus d&rsquo;informations sur ces offres, visitez notre page de <a href=\"https:\/\/camrt.ca\/fr\/perfectionnement-professionnel\/programmation-virtuelle\/\"><strong>conf\u00e9rences virtuelles<\/strong><\/a>. Il existe \u00e9galement des douzaines d&rsquo;autres options &#8211; toutes consultables et disponibles en ligne &#8211; dans le <a href=\"https:\/\/camrt.force.com\/CPBase__store?site=a0a1a00000AMdCoAAL&amp;catalog=a0p1a000004oxew\" target=\"_blank\" rel=\"noopener noreferrer\"><strong>Catalogue de PPC de l&rsquo;ACTRM<\/strong><\/a> et le <strong><a href=\"https:\/\/repository.camrt.ca\/fr\/recherche-dans-la-bibliotheque\/\" target=\"_blank\" rel=\"noopener noreferrer\">R\u00e9pertoire de PPC de l&rsquo;ACTRM<\/a><\/strong>.<\/p>\r\n<a href=\"https:\/\/camrt.force.com\/CPBase__store?site=a0a1a00000AMdCoAAL&#038;catalog=a0p1a000004oxew\" target=\"_blank\" class=\"dt-sc-button   small\">CONF\u00c9RENCE VIRTUELLE<\/a>\r\n<p>&nbsp;<\/p>\r\n<h2>Souhaitez-vous \u00eatre conf\u00e9rencier<\/h2>\r\n<p>Souhaitez-vous \u00eatre conf\u00e9rencier \u00e0 un \u00e9v\u00e9nement de l&rsquo;ACTRM \u00e0 l&rsquo;avenir? Remplissez ce formulaire pour que vos informations, ainsi que votre pr\u00e9sentation potentielle, soient ajout\u00e9es \u00e0 notre bureau des conf\u00e9renciers de l&rsquo;ACTRM.<\/p>\r\n<h5><a href=\"https:\/\/airtable.com\/shrDJxnRUJe0HZwlb\" target=\"_blank\" class=\"dt-sc-button   small\">Le bureau des conf\u00e9renciers de l&rsquo;ACTRM<\/a><\/h5>\r\n<p>&nbsp;<\/p>\r\n","protected":false},"excerpt":{"rendered":"<p>Conf\u00e9rences et \u00e9v\u00e9nements Cliquez sur le titre des \u00e9v\u00e9nements pour en savoir davantage. Vous cherchez des renseignements ou du contenu virtuel d&rsquo;un \u00e9v\u00e9nement qui a d\u00e9j\u00e0 eu lieu? Rendez-vous sur notre page \u00c9V\u00c9NEMENTS PASS\u00c9S. Opportunit\u00e9s de parrainage Vous cherchez \u00e0 devenir commanditaire d&rsquo;un \u00e9v\u00e9nement de l&rsquo;ACTRM? Il existe de nombreuses opportunit\u00e9s provinciales et nationales. Les [&hellip;]<\/p>\n","protected":false},"author":30,"featured_media":0,"parent":0,"menu_order":0,"comment_status":"closed","ping_status":"closed","template":"","meta":{"_monsterinsights_skip_tracking":false,"_monsterinsights_sitenote_active":false,"_monsterinsights_sitenote_note":"","_monsterinsights_sitenote_category":0,"footnotes":""},"class_list":["post-47105","page","type-page","status-publish","hentry"],"_links":{"self":[{"href":"https:\/\/camrt.ca\/fr\/wp-json\/wp\/v2\/pages\/47105","targetHints":{"allow":["GET"]}}],"collection":[{"href":"https:\/\/camrt.ca\/fr\/wp-json\/wp\/v2\/pages"}],"about":[{"href":"https:\/\/camrt.ca\/fr\/wp-json\/wp\/v2\/types\/page"}],"author":[{"embeddable":true,"href":"https:\/\/camrt.ca\/fr\/wp-json\/wp\/v2\/users\/30"}],"replies":[{"embeddable":true,"href":"https:\/\/camrt.ca\/fr\/wp-json\/wp\/v2\/comments?post=47105"}],"version-history":[{"count":10,"href":"https:\/\/camrt.ca\/fr\/wp-json\/wp\/v2\/pages\/47105\/revisions"}],"predecessor-version":[{"id":61715,"href":"https:\/\/camrt.ca\/fr\/wp-json\/wp\/v2\/pages\/47105\/revisions\/61715"}],"wp:attachment":[{"href":"https:\/\/camrt.ca\/fr\/wp-json\/wp\/v2\/media?parent=47105"}],"curies":[{"name":"wp","href":"https:\/\/api.w.org\/{rel}","templated":true}]}}