{"id":47100,"date":"2018-04-23T10:55:30","date_gmt":"2018-04-23T14:55:30","guid":{"rendered":"https:\/\/camrt.wpenginepowered.com\/fr\/?page_id=10926"},"modified":"2018-04-23T10:55:30","modified_gmt":"2018-04-23T14:55:30","slug":"reviseurs-benevoles-des-cours-de-perfectionnement-professionnel-continu-ppc","status":"publish","type":"page","link":"https:\/\/camrt.ca\/fr\/perfectionnement-professionnel\/programme-dagrement-des-credits-de-formation-continue\/reviseurs-benevoles-des-cours-de-perfectionnement-professionnel-continu-ppc\/","title":{"rendered":"R\u00e9viseurs B\u00e9n\u00e9voles des cours de perfectionnement professionnel continu (PPC)"},"content":{"rendered":"<p style=\"text-align: justify\">L\u2019ACTRM recherche des personnes int\u00e9ress\u00e9es \u00e0 donner leur temps et leur expertise afin d\u2019effectuer la r\u00e9vision par les pairs du contenu des cours de perfectionnement professionnel continu (PPC) ou d\u2019aider \u00e0 l\u2019attribution des cr\u00e9dits dans le cadre de notre Programme d\u2019agr\u00e9ment des cr\u00e9dits de formation continue (PACFP).<\/p>\n<p style=\"text-align: justify\">Pour appuyer ces processus continus, l\u2019ACTRM recherche des b\u00e9n\u00e9voles dans <strong>toutes les disciplines et toutes les sp\u00e9cialit\u00e9s. Ces b\u00e9n\u00e9voles<\/strong> <strong>sont<\/strong> ensuite appel\u00e9s au besoin pour effectuer des r\u00e9visions dans leur discipline ou champ d\u2019expertise.<\/p>\n<p style=\"text-align: justify\">\u00c0 titre de r\u00e9viseur(e) b\u00e9n\u00e9vole pour l\u2019ACTRM, vous :<\/p>\n<ul class='dt-sc-fancy-list   rounded-arrow'>\n<li style=\"text-align: justify\">veillerez \u00e0 ce que les nouveaux cours produits par l\u2019ACTRM refl\u00e8tent la pratique actuelle et la pertinence clinique;<\/li>\n<li style=\"text-align: justify\">attribuerez des cr\u00e9dits de formation continue aux activit\u00e9s de formation offertes aux TRM au Canada.<\/li>\n<\/ul>\n<p style=\"text-align: justify\">Le recrutement pour les b\u00e9n\u00e9voles assurant la r\u00e9vision par les pairs et l\u2019attribution des cr\u00e9dits est continu.<\/p>\n<p style=\"text-align: justify\">Pour de plus amples informations, veuillez communiquer avec <a href=\"mailto:cpd@camrt.ca\"><b>cpd@camrt.ca<\/b><\/a>\u00a0ou <a href=\"https:\/\/camrt.wpenginepowered.com\/fr\/wp-content\/uploads\/sites\/3\/2018\/04\/Application-for-Peer-Reviewers-FR.pdf\"><strong>envoyez le formulaire de candidature<\/strong><\/a> avec une copie \u00e0 jour de votre curriculum vitae.<\/p>\n","protected":false},"excerpt":{"rendered":"<p>L\u2019ACTRM recherche des personnes int\u00e9ress\u00e9es \u00e0 donner leur temps et leur expertise afin d\u2019effectuer la r\u00e9vision par les pairs du contenu des cours de perfectionnement professionnel continu (PPC) ou d\u2019aider \u00e0 l\u2019attribution des cr\u00e9dits dans le cadre de notre Programme d\u2019agr\u00e9ment des cr\u00e9dits de formation continue (PACFP). Pour appuyer ces processus continus, l\u2019ACTRM recherche des [&hellip;]<\/p>\n","protected":false},"author":30,"featured_media":0,"parent":6557,"menu_order":0,"comment_status":"closed","ping_status":"closed","template":"","meta":{"_monsterinsights_skip_tracking":false,"_monsterinsights_sitenote_active":false,"_monsterinsights_sitenote_note":"","_monsterinsights_sitenote_category":0,"footnotes":""},"class_list":["post-47100","page","type-page","status-publish","hentry"],"_links":{"self":[{"href":"https:\/\/camrt.ca\/fr\/wp-json\/wp\/v2\/pages\/47100","targetHints":{"allow":["GET"]}}],"collection":[{"href":"https:\/\/camrt.ca\/fr\/wp-json\/wp\/v2\/pages"}],"about":[{"href":"https:\/\/camrt.ca\/fr\/wp-json\/wp\/v2\/types\/page"}],"author":[{"embeddable":true,"href":"https:\/\/camrt.ca\/fr\/wp-json\/wp\/v2\/users\/30"}],"replies":[{"embeddable":true,"href":"https:\/\/camrt.ca\/fr\/wp-json\/wp\/v2\/comments?post=47100"}],"version-history":[{"count":0,"href":"https:\/\/camrt.ca\/fr\/wp-json\/wp\/v2\/pages\/47100\/revisions"}],"up":[{"embeddable":true,"href":"https:\/\/camrt.ca\/fr\/wp-json\/wp\/v2\/pages\/6557"}],"wp:attachment":[{"href":"https:\/\/camrt.ca\/fr\/wp-json\/wp\/v2\/media?parent=47100"}],"curies":[{"name":"wp","href":"https:\/\/api.w.org\/{rel}","templated":true}]}}