{"id":47099,"date":"2018-03-28T12:00:18","date_gmt":"2018-03-28T16:00:18","guid":{"rendered":"https:\/\/camrt.wpenginepowered.com\/fr\/?page_id=10811"},"modified":"2018-03-28T12:00:18","modified_gmt":"2018-03-28T16:00:18","slug":"reprise-dexamen","status":"publish","type":"page","link":"https:\/\/camrt.ca\/fr\/agrement-2\/programmes-detudes-canadiens-agrees\/prochaines-etapes\/reprise-dexamen\/","title":{"rendered":"Reprise d\u2019examen"},"content":{"rendered":"<p><strong>Profils de rendement<\/strong><\/p>\n<ul class='dt-sc-fancy-list   rounded-arrow'>\n<li>Le profil de rendement des candidats qui n\u2019ont pas obtenu la note de passage appara\u00eet sur leur page personnelle de r\u00e9sultats d\u2019examen.<\/li>\n<li>Cette information est donn\u00e9e afin de permettre au candidat de corriger ses faiblesses en pr\u00e9vision de la reprise d\u2019examen.<\/li>\n<\/ul>\n<p><strong>Les tentatives d\u2019examen<\/strong><\/p>\n<p>Les candidats admissibles ont <strong>quatre chances*<\/strong> de r\u00e9ussir l\u2019examen d\u2019agr\u00e9ment (l\u2019examen initial et trois reprises) dans un d\u00e9lai de cinq ans.<\/p>\n<ul class='dt-sc-fancy-list   rounded-arrow'>\n<li>Les <a href=\"https:\/\/camrt.wpenginepowered.com\/fr\/agrement-2\/agrement-pour-acces-a-la-pratique\/programmes-detudes-canadiens-agrees\/\">dipl\u00f4m\u00e9s des programmes d\u2019\u00e9tudes canadiennes agr\u00e9es<\/a> doivent compl\u00e9ter les quatre tentatives de passage de l\u2019examen dans les cinq ans qui suivent la date \u00e0 laquelle ils ont termin\u00e9 leurs \u00e9tudes avec succ\u00e8s ou avant la date d\u00e9termin\u00e9e par un organisme de r\u00e9glementation.<\/li>\n<li>Les <a href=\"https:\/\/camrt.wpenginepowered.com\/fr\/agrement-2\/technologues-en-radiation-medicale-formes-a-letranger-trmfe\/\">technologues en radiation m\u00e9dicale form\u00e9s \u00e0 l\u2019\u00e9tranger<\/a> doivent compl\u00e9ter les quatre tentatives de passage de l\u2019examen dans un d\u00e9lai de cinq ans suivant la derni\u00e8re date de pratique en technologie de radiation m\u00e9dicale, ou avant la date d\u00e9termin\u00e9e par un organisme de r\u00e9glementation.<\/li>\n<\/ul>\n<p><strong>* Les candidats qui ont acc\u00e8s aux deux examens d\u2019agr\u00e9ment (l&rsquo;examen de l\u2019ACTRM ou l\u2019examen du Qu\u00e9bec\/OTIMROEPMQ) ont un total combin\u00e9 de quatre (4) tentatives.<\/strong><\/p>\n","protected":false},"excerpt":{"rendered":"<p>Profils de rendement Les tentatives d\u2019examen Les candidats admissibles ont quatre chances* de r\u00e9ussir l\u2019examen d\u2019agr\u00e9ment (l\u2019examen initial et trois reprises) dans un d\u00e9lai de cinq ans.<\/p>\n","protected":false},"author":30,"featured_media":0,"parent":12571,"menu_order":0,"comment_status":"closed","ping_status":"closed","template":"","meta":{"_monsterinsights_skip_tracking":false,"_monsterinsights_sitenote_active":false,"_monsterinsights_sitenote_note":"","_monsterinsights_sitenote_category":0,"footnotes":""},"class_list":["post-47099","page","type-page","status-publish","hentry"],"_links":{"self":[{"href":"https:\/\/camrt.ca\/fr\/wp-json\/wp\/v2\/pages\/47099","targetHints":{"allow":["GET"]}}],"collection":[{"href":"https:\/\/camrt.ca\/fr\/wp-json\/wp\/v2\/pages"}],"about":[{"href":"https:\/\/camrt.ca\/fr\/wp-json\/wp\/v2\/types\/page"}],"author":[{"embeddable":true,"href":"https:\/\/camrt.ca\/fr\/wp-json\/wp\/v2\/users\/30"}],"replies":[{"embeddable":true,"href":"https:\/\/camrt.ca\/fr\/wp-json\/wp\/v2\/comments?post=47099"}],"version-history":[{"count":0,"href":"https:\/\/camrt.ca\/fr\/wp-json\/wp\/v2\/pages\/47099\/revisions"}],"up":[{"embeddable":true,"href":"https:\/\/camrt.ca\/fr\/wp-json\/wp\/v2\/pages\/12571"}],"wp:attachment":[{"href":"https:\/\/camrt.ca\/fr\/wp-json\/wp\/v2\/media?parent=47099"}],"curies":[{"name":"wp","href":"https:\/\/api.w.org\/{rel}","templated":true}]}}