{"id":47098,"date":"2018-03-27T16:03:26","date_gmt":"2018-03-27T20:03:26","guid":{"rendered":"https:\/\/camrt.wpenginepowered.com\/fr\/?page_id=10807"},"modified":"2018-03-28T11:51:49","modified_gmt":"2018-03-28T15:51:49","slug":"certificat-et-designation-professionnelle","status":"publish","type":"page","link":"https:\/\/camrt.ca\/fr\/agrement-2\/programmes-detudes-canadiens-agrees\/prochaines-etapes\/certificat-et-designation-professionnelle\/","title":{"rendered":"Certificat et d\u00e9signation professionnelle"},"content":{"rendered":"<p>Tous les candidats qui r\u00e9ussissent l\u2019examen re\u00e7oivent un certificat de l\u2019ACTRM.<\/p>\n<p style=\"text-align: justify\">Apr\u00e8s avoir satisfait \u00e0 l\u2019ensemble des exigences d\u2019agr\u00e9ment, les candidats obtiennent le droit d\u2019ajouter \u00e0 leur nom les initiales correspondant \u00e0 la d\u00e9signation professionnelle propre \u00e0 leur discipline\u00a0:<\/p>\n<ul class='dt-sc-fancy-list   rounded-arrow'>\n<li>Technologue agr\u00e9\u00e9 en r\u00e9sonance magn\u00e9tique, t.e.r.m.<\/li>\n<li>Technologue agr\u00e9\u00e9 en m\u00e9decine nucl\u00e9aire, t.e.m.n.<\/li>\n<li>Technologue agr\u00e9\u00e9 en radioth\u00e9rapie, t.e.t.<\/li>\n<li>Technologue agr\u00e9\u00e9 en radiologie, t.e.r.<\/li>\n<\/ul>\n","protected":false},"excerpt":{"rendered":"<p>Tous les candidats qui r\u00e9ussissent l\u2019examen re\u00e7oivent un certificat de l\u2019ACTRM. Apr\u00e8s avoir satisfait \u00e0 l\u2019ensemble des exigences d\u2019agr\u00e9ment, les candidats obtiennent le droit d\u2019ajouter \u00e0 leur nom les initiales [&hellip;]<\/p>\n","protected":false},"author":30,"featured_media":0,"parent":12571,"menu_order":0,"comment_status":"closed","ping_status":"closed","template":"","meta":{"_monsterinsights_skip_tracking":false,"_monsterinsights_sitenote_active":false,"_monsterinsights_sitenote_note":"","_monsterinsights_sitenote_category":0,"footnotes":""},"class_list":["post-47098","page","type-page","status-publish","hentry"],"_links":{"self":[{"href":"https:\/\/camrt.ca\/fr\/wp-json\/wp\/v2\/pages\/47098","targetHints":{"allow":["GET"]}}],"collection":[{"href":"https:\/\/camrt.ca\/fr\/wp-json\/wp\/v2\/pages"}],"about":[{"href":"https:\/\/camrt.ca\/fr\/wp-json\/wp\/v2\/types\/page"}],"author":[{"embeddable":true,"href":"https:\/\/camrt.ca\/fr\/wp-json\/wp\/v2\/users\/30"}],"replies":[{"embeddable":true,"href":"https:\/\/camrt.ca\/fr\/wp-json\/wp\/v2\/comments?post=47098"}],"version-history":[{"count":0,"href":"https:\/\/camrt.ca\/fr\/wp-json\/wp\/v2\/pages\/47098\/revisions"}],"up":[{"embeddable":true,"href":"https:\/\/camrt.ca\/fr\/wp-json\/wp\/v2\/pages\/12571"}],"wp:attachment":[{"href":"https:\/\/camrt.ca\/fr\/wp-json\/wp\/v2\/media?parent=47098"}],"curies":[{"name":"wp","href":"https:\/\/api.w.org\/{rel}","templated":true}]}}