{"id":47096,"date":"2018-03-28T11:37:20","date_gmt":"2018-03-28T15:37:20","guid":{"rendered":"https:\/\/camrt.wpenginepowered.com\/fr\/?page_id=10794"},"modified":"2018-03-28T11:37:20","modified_gmt":"2018-03-28T15:37:20","slug":"comment-passer-un-examen-base-sur-les-competences","status":"publish","type":"page","link":"https:\/\/camrt.ca\/fr\/agrement-2\/programmes-detudes-canadiens-agrees\/preparation-a-lexamen-dagrement\/comment-passer-un-examen-base-sur-les-competences\/","title":{"rendered":"Comment passer un examen bas\u00e9 sur les comp\u00e9tences"},"content":{"rendered":"<p style=\"text-align: justify\">L\u2019examen d\u2019acc\u00e8s \u00e0 la pratique de l\u2019ACTRM est un examen bas\u00e9 sur les comp\u00e9tences. L\u2019emphase est mise sur l\u2019application des connaissances dans l\u2019environnement pratique et les questions de l\u2019examen sont formul\u00e9es en cons\u00e9quence.<\/p>\n<p style=\"text-align: justify\">Un <a href=\"https:\/\/camrt.wpenginepowered.com\/examen_base_sur_les_competences\/story.html\">module interactif<\/a> en ligne a \u00e9t\u00e9 produit afin de fournir un nouvel outil permettant aux candidats de mieux comprendre les examens bas\u00e9s sur les comp\u00e9tences. Le module pr\u00e9sente les renseignements suivants\u00a0:<\/p>\n<ul class='dt-sc-fancy-list   rounded-arrow'>\n<li>L\u2019admission \u00e0 la pratique au Canada<\/li>\n<li>L\u2019enseignement et l\u2019\u00e9valuation bas\u00e9s sur les comp\u00e9tences<\/li>\n<li>La valeur de l\u2019apprentissage bas\u00e9 sur les comp\u00e9tences comme mod\u00e8le permettant de r\u00e9pondre aux besoins du milieu du travail<\/li>\n<li>Exemples de questions d\u2019examen comparant les questions bas\u00e9es sur les connaissances et les questions bas\u00e9es sur les comp\u00e9tences<\/li>\n<li>La pr\u00e9paration et la notation des examens d\u2019agr\u00e9ment nationaux<\/li>\n<li>Conseils et strat\u00e9gies pour passer l\u2019examen<\/li>\n<li>\u00c9valuation du module<\/li>\n<\/ul>\n","protected":false},"excerpt":{"rendered":"<p>L\u2019examen d\u2019acc\u00e8s \u00e0 la pratique de l\u2019ACTRM est un examen bas\u00e9 sur les comp\u00e9tences. L\u2019emphase est mise sur l\u2019application des connaissances dans l\u2019environnement pratique et les questions de l\u2019examen sont formul\u00e9es en cons\u00e9quence. Un module interactif en ligne a \u00e9t\u00e9 produit afin de fournir un nouvel outil permettant aux candidats de mieux comprendre les examens [&hellip;]<\/p>\n","protected":false},"author":30,"featured_media":0,"parent":12569,"menu_order":0,"comment_status":"closed","ping_status":"closed","template":"","meta":{"_monsterinsights_skip_tracking":false,"_monsterinsights_sitenote_active":false,"_monsterinsights_sitenote_note":"","_monsterinsights_sitenote_category":0,"footnotes":""},"class_list":["post-47096","page","type-page","status-publish","hentry"],"_links":{"self":[{"href":"https:\/\/camrt.ca\/fr\/wp-json\/wp\/v2\/pages\/47096","targetHints":{"allow":["GET"]}}],"collection":[{"href":"https:\/\/camrt.ca\/fr\/wp-json\/wp\/v2\/pages"}],"about":[{"href":"https:\/\/camrt.ca\/fr\/wp-json\/wp\/v2\/types\/page"}],"author":[{"embeddable":true,"href":"https:\/\/camrt.ca\/fr\/wp-json\/wp\/v2\/users\/30"}],"replies":[{"embeddable":true,"href":"https:\/\/camrt.ca\/fr\/wp-json\/wp\/v2\/comments?post=47096"}],"version-history":[{"count":0,"href":"https:\/\/camrt.ca\/fr\/wp-json\/wp\/v2\/pages\/47096\/revisions"}],"up":[{"embeddable":true,"href":"https:\/\/camrt.ca\/fr\/wp-json\/wp\/v2\/pages\/12569"}],"wp:attachment":[{"href":"https:\/\/camrt.ca\/fr\/wp-json\/wp\/v2\/media?parent=47096"}],"curies":[{"name":"wp","href":"https:\/\/api.w.org\/{rel}","templated":true}]}}