{"id":47095,"date":"2018-08-08T09:22:51","date_gmt":"2018-08-08T13:22:51","guid":{"rendered":"https:\/\/camrt.wpenginepowered.com\/fr\/?page_id=8039"},"modified":"2018-08-08T09:22:51","modified_gmt":"2018-08-08T13:22:51","slug":"service-daffichage-au-opportunites-de-carriere","status":"publish","type":"page","link":"https:\/\/camrt.ca\/fr\/service-daffichage-au-opportunites-de-carriere\/","title":{"rendered":"Service d\u2019affichage au opportunit\u00e9s de carri\u00e8re"},"content":{"rendered":"<div  class='column dt-sc-one-half  space  '   ><div  class='column dt-sc-one-half  space  '   ><\/div>\n<div class=\"dt-sc-titled-box cyan\"><h6 class=\"dt-sc-titled-box-title\"> EMPLOYEURS<\/h6><div class=\"dt-sc-titled-box-content\"><p>Le portail de carri\u00e8re de l&rsquo;ACTRM offre aux employeurs la possibilit\u00e9 de recruter des candidats, membres de l&rsquo;ACTRM, hautement qualifi\u00e9s pour les postes disponibles de technologues en radiation m\u00e9dicale<\/p>\n<p><strong><em>BONNES NOUVELLES !\u00a0<\/em><\/strong>L&rsquo;ACTRM offre maintenant des frais annuels pour l&rsquo;affichage illimit\u00e9 de postes. Les frais d&rsquo;inscription sont de<strong> 100\u00a0$<\/strong>, plus taxes (dollars canadiens).<\/p>\n<p><strong>Cr\u00e9er votre affichage de poste<\/strong><\/p>\n<p>Utilisez ce <a href=\"http:\/\/www.microsofttranslator.com\/bv.aspx?from=en&amp;to=fr&amp;a=http%3A%2F%2Fcamrt.ca%2Fwp-content%2Fuploads%2F2015%2F02%2FJob-Bank-application-form.pdf\" target=\"_top\">formulaire en ligne\u00a0<\/a>pour soumettre une offre d\u2019emploi et de paiement pour votre annonce d\u2019emploi. Vous ne pouvez indiquer qu\u2019un seul titre et description de poste par affichage.<\/p>\n<p><strong>Options de paiement<\/strong><\/p>\n<p>Les frais d\u2019affichage de poste peuvent \u00eatre pay\u00e9s par carte de cr\u00e9dit (Visa ou MasterCard), ou par ch\u00e8que &#8211; nous vous ferons alors parvenir une facture par courriel. S\u00e9lectionnez l&rsquo;option qui vous convient dans le cadre du processus.<\/p>\n<p>Veuillez remplir le formulaire suivant et le soumettre par courriel.<\/p>\n<p><a href=\"http:\/\/www.microsofttranslator.com\/bv.aspx?from=en&amp;to=fr&amp;a=http%3A%2F%2Fcamrt.ca%2Fwp-content%2Fuploads%2F2015%2F02%2FJob-Bank-Payment-Form.pdf\" target=\"_top\">Cliquez ici pour le formulaire de paiement (PDF)<\/a><\/p>\n<p>&nbsp;<\/p>\n<p><strong>Dur\u00e9e de l&rsquo;annonce<\/strong><\/p>\n<p>Votre annonce sera affich\u00e9e de fa\u00e7on continue jusqu&rsquo;\u00e0 la date d\u2019\u00e9ch\u00e9ance de votre affichage.<\/p>\n<p>Si vous d\u00e9sirez de l\u2019aide, veuillez communiquer avec notre d\u00e9partement d&rsquo;adh\u00e9sion \u00e0 <a href=\"mailto:membership@camrt.ca\">membership@camrt.ca <\/a>.<\/p><\/div><\/div><\/div>\n<div  class='column dt-sc-one-half  space  '   ><\/div>\n<div  class='column dt-sc-one-half  space  '   ><div class=\"dt-sc-titled-box cyan\"><h6 class=\"dt-sc-titled-box-title\"> DEMANDEURS D&#039;EMPLOI<\/h6><div class=\"dt-sc-titled-box-content\">Si vous \u00eates un membre de l&rsquo;ACTRM \u00e0 la recherche d&#8217;emploi ou de ressources pour l&rsquo;orientation professionnelle, cliquez sur <a href=\"http:\/\/www.microsofttranslator.com\/bv.aspx?from=en&amp;to=fr&amp;a=https%3A%2F%2Fww2.camrt.ca%2Fauthentication%2Findex.php%3Fpage%3Dlogin\">MaCarri\u00e8re <\/a>(vous devez ouvrir une session) pour visualiser la liste actuelle des opportunit\u00e9s d&#8217;emploi et d&rsquo;acc\u00e9der \u00e0 des ressources pr\u00e9cieuses.<\/p><\/div><\/div><\/div>\n","protected":false},"excerpt":{"rendered":"","protected":false},"author":30,"featured_media":0,"parent":0,"menu_order":0,"comment_status":"closed","ping_status":"closed","template":"","meta":{"_monsterinsights_skip_tracking":false,"_monsterinsights_sitenote_active":false,"_monsterinsights_sitenote_note":"","_monsterinsights_sitenote_category":0,"footnotes":""},"class_list":["post-47095","page","type-page","status-publish","hentry"],"_links":{"self":[{"href":"https:\/\/camrt.ca\/fr\/wp-json\/wp\/v2\/pages\/47095","targetHints":{"allow":["GET"]}}],"collection":[{"href":"https:\/\/camrt.ca\/fr\/wp-json\/wp\/v2\/pages"}],"about":[{"href":"https:\/\/camrt.ca\/fr\/wp-json\/wp\/v2\/types\/page"}],"author":[{"embeddable":true,"href":"https:\/\/camrt.ca\/fr\/wp-json\/wp\/v2\/users\/30"}],"replies":[{"embeddable":true,"href":"https:\/\/camrt.ca\/fr\/wp-json\/wp\/v2\/comments?post=47095"}],"version-history":[{"count":0,"href":"https:\/\/camrt.ca\/fr\/wp-json\/wp\/v2\/pages\/47095\/revisions"}],"wp:attachment":[{"href":"https:\/\/camrt.ca\/fr\/wp-json\/wp\/v2\/media?parent=47095"}],"curies":[{"name":"wp","href":"https:\/\/api.w.org\/{rel}","templated":true}]}}