{"id":47094,"date":"2018-03-27T15:53:32","date_gmt":"2018-03-27T19:53:32","guid":{"rendered":"https:\/\/camrt.wpenginepowered.com\/fr\/?page_id=10783"},"modified":"2025-10-25T07:52:53","modified_gmt":"2025-10-25T11:52:53","slug":"obtention-de-vos-resultats-dexamen","status":"publish","type":"page","link":"https:\/\/camrt.ca\/fr\/agrement-2\/programmes-detudes-canadiens-agrees\/examen-dagrement-dentree-a-la-pratique\/obtention-de-vos-resultats-dexamen\/","title":{"rendered":"Obtention de vos r\u00e9sultats d\u2019examen"},"content":{"rendered":"<p>Les r\u00e9sultats de l&rsquo;examen d&rsquo;agr\u00e9ment sont publi\u00e9s dans les 20 jours ouvrables suivant la date de l&rsquo;examen (\u00e0 l&rsquo;exclusion des jours f\u00e9ri\u00e9s et des jours de fermeture des bureaux).<\/p>\n<p>Les candidats sont inform\u00e9s par courriel lorsque les r\u00e9sultats sont affich\u00e9s sur leur profil en ligne de l&rsquo;ACTRM. Les r\u00e9sultats ne sont PAS communiqu\u00e9s par t\u00e9l\u00e9phone ou par courriel.<\/p>\n<p><strong><span class=\"TextRun SCXW263714589 BCX0\" lang=\"FR-CA\" xml:lang=\"FR-CA\" data-contrast=\"none\"><span class=\"NormalTextRun SCXW263714589 BCX0\">R\u00e9ussite de l\u2019examen<\/span><\/span><span class=\"EOP SCXW263714589 BCX0\" data-ccp-props=\"{&quot;201341983&quot;:0,&quot;335559738&quot;:120,&quot;335559739&quot;:0,&quot;335559740&quot;:240}\">\u00a0<\/span><\/strong><\/p>\n<ul class='dt-sc-fancy-list   rounded-arrow'>\n<li>Les r\u00e9sultats de l\u2019examen sont publi\u00e9s dans les 20 jours ouvrables suivant la date de l\u2019examen.<\/li>\n<li>Les candidats sont avis\u00e9s par courriel lorsque les r\u00e9sultats sont affich\u00e9s sur leur profil en ligne sur le site de l\u2019ACTRM. Le r\u00e9sultat de l\u2019examen n\u2019est PAS communiqu\u00e9 par t\u00e9l\u00e9phone ou par courriel.<\/li>\n<li>Les candidats qui ont r\u00e9ussi l\u2019examen re\u00e7oivent la mention \u00ab r\u00e9ussi \u00bb. Aucune note num\u00e9rique n\u2019est donn\u00e9e aux candidats \u00e0 l\u2019examen d\u2019agr\u00e9ment qui ont r\u00e9ussi l\u2019examen.\n<ul class='dt-sc-fancy-list   rounded-arrow'>\n<li>Un certificat est envoy\u00e9 par la poste aux candidats qui ont r\u00e9ussi l\u2019examen, dans les six semaines\nsuivant la publication des r\u00e9sultats. Veillez \u00e0 ce que votre nom et que votre adresse postale\nsoient exacts en mettant vos coordonn\u00e9es \u00e0 jour sur votre profil en ligne de l\u2019ACTRM.<\/li>\n<\/ul>\n<\/li>\n<li>Les candidats qui n\u2019ont pas r\u00e9ussi re\u00e7oivent une analyse de leur rendement \u00e0 l\u2019examen d\u2019agr\u00e9ment environ 5 jours apr\u00e8s la publication des r\u00e9sultats.\n<ul class='dt-sc-fancy-list   rounded-arrow'>\n<li>Le Profil de rendement ventile les r\u00e9sultats par module, afin de favoriser la pr\u00e9paration corrective.<\/li>\n<\/ul>\n<\/li>\n<li>Tous les r\u00e9sultats des examens sont d\u00e9finitifs.<\/li>\n<\/ul>\n<p><span class=\"TextRun SCXW52597304 BCX0\" lang=\"FR-CA\" xml:lang=\"FR-CA\" data-contrast=\"none\"><strong> Remarque importante\u202f<\/strong>: Il est essentiel que votre adresse \u00e9lectronique\/nom d&rsquo;utilisateur soient exacts dans votre profil de l&rsquo;ACTRM avant la date de votre examen afin de garantir un acc\u00e8s rapide \u00e0 vos r\u00e9sultats \u00e0 l\u2019examen d\u2019agr\u00e9ment. Vous devez conserver l&rsquo;acc\u00e8s \u00e0 l&rsquo;adresse \u00e9lectronique\/au nom d&rsquo;utilisateur utilis\u00e9 dans votre profil de l&rsquo;ACTRM pour obtenir votre certificat. Veuillez utiliser une adresse \u00e9lectronique stable et \u00e0 long terme. Confirmez et mettez \u00e0 jour votre nom complet, votre adresse \u00e9lectronique et votre adresse postale dans votre profil en ligne de l&rsquo;ACTRM avant l&rsquo;examen.<\/span><\/p>\n<p><strong><span class=\"TextRun SCXW97495519 BCX0\" lang=\"FR-CA\" xml:lang=\"FR-CA\" data-contrast=\"none\"><span class=\"NormalTextRun SCXW97495519 BCX0\">\u00c9chec <\/span><span class=\"NormalTextRun SCXW97495519 BCX0\">\u00e0 l\u2019examen<\/span><\/span><span class=\"EOP SCXW97495519 BCX0\" data-ccp-props=\"{&quot;201341983&quot;:0,&quot;335559738&quot;:120,&quot;335559739&quot;:0,&quot;335559740&quot;:240}\">\u00a0<\/span><\/strong><\/p>\n<ul class='dt-sc-fancy-list   rounded-arrow'>\n<li data-leveltext=\"o\" data-font=\"Courier New\" data-listid=\"3\" data-list-defn-props=\"{&quot;335552541&quot;:1,&quot;335559685&quot;:720,&quot;335559991&quot;:360,&quot;469769226&quot;:&quot;Courier New&quot;,&quot;469769242&quot;:&#091;9675&#093;,&quot;469777803&quot;:&quot;left&quot;,&quot;469777804&quot;:&quot;o&quot;,&quot;469777815&quot;:&quot;multilevel&quot;}\" data-aria-posinset=\"1\" data-aria-level=\"1\"><span data-contrast=\"none\">Les candidats qui ont \u00e9chou\u00e9 recevront un profil de performance \u00e0 l&rsquo;examen environ cinq (5) jours apr\u00e8s la publication des r\u00e9sultats.<\/span><span data-ccp-props=\"{&quot;201341983&quot;:0,&quot;335559738&quot;:120,&quot;335559739&quot;:0,&quot;335559740&quot;:240}\">\u00a0<\/span><\/li>\n<\/ul>\n<ul class='dt-sc-fancy-list   rounded-arrow'>\n<li data-leveltext=\"o\" data-font=\"Courier New\" data-listid=\"3\" data-list-defn-props=\"{&quot;335552541&quot;:1,&quot;335559685&quot;:720,&quot;335559991&quot;:360,&quot;469769226&quot;:&quot;Courier New&quot;,&quot;469769242&quot;:&#091;9675&#093;,&quot;469777803&quot;:&quot;left&quot;,&quot;469777804&quot;:&quot;o&quot;,&quot;469777815&quot;:&quot;multilevel&quot;}\" data-aria-posinset=\"2\" data-aria-level=\"1\"><span data-contrast=\"none\">Le profil de performance \u00e0 l&rsquo;examen fournit une analyse d\u00e9taill\u00e9e des r\u00e9sultats obtenus \u00e0 l&rsquo;examen afin de faciliter la pr\u00e9paration d&rsquo;une nouvelle tentative, le cas \u00e9ch\u00e9ant.<\/span><span data-ccp-props=\"{&quot;201341983&quot;:0,&quot;335559738&quot;:120,&quot;335559739&quot;:0,&quot;335559740&quot;:240}\">\u00a0<\/span><\/li>\n<\/ul>\n<p><span data-ccp-props=\"{&quot;201341983&quot;:0,&quot;335559685&quot;:720,&quot;335559738&quot;:120,&quot;335559739&quot;:0,&quot;335559740&quot;:240}\"><\/span><\/p>\n<p><b><span data-contrast=\"none\">Tous les r\u00e9sultats d&rsquo;examen sont sans appel.<\/span><\/b><span data-ccp-props=\"{&quot;201341983&quot;:0,&quot;335559738&quot;:120,&quot;335559739&quot;:0,&quot;335559740&quot;:240}\">\u00a0<\/span><\/p>\n","protected":false},"excerpt":{"rendered":"<p>Les r\u00e9sultats de l&rsquo;examen d&rsquo;agr\u00e9ment sont publi\u00e9s dans les 20 jours ouvrables suivant la date de l&rsquo;examen (\u00e0 l&rsquo;exclusion des jours f\u00e9ri\u00e9s et des jours de fermeture des bureaux). Les candidats sont inform\u00e9s par courriel lorsque les r\u00e9sultats sont affich\u00e9s sur leur profil en ligne de l&rsquo;ACTRM. Les r\u00e9sultats ne sont PAS communiqu\u00e9s par t\u00e9l\u00e9phone [&hellip;]<\/p>\n","protected":false},"author":30,"featured_media":0,"parent":12567,"menu_order":0,"comment_status":"closed","ping_status":"closed","template":"","meta":{"_monsterinsights_skip_tracking":false,"_monsterinsights_sitenote_active":false,"_monsterinsights_sitenote_note":"","_monsterinsights_sitenote_category":0,"footnotes":""},"class_list":["post-47094","page","type-page","status-publish","hentry"],"_links":{"self":[{"href":"https:\/\/camrt.ca\/fr\/wp-json\/wp\/v2\/pages\/47094","targetHints":{"allow":["GET"]}}],"collection":[{"href":"https:\/\/camrt.ca\/fr\/wp-json\/wp\/v2\/pages"}],"about":[{"href":"https:\/\/camrt.ca\/fr\/wp-json\/wp\/v2\/types\/page"}],"author":[{"embeddable":true,"href":"https:\/\/camrt.ca\/fr\/wp-json\/wp\/v2\/users\/30"}],"replies":[{"embeddable":true,"href":"https:\/\/camrt.ca\/fr\/wp-json\/wp\/v2\/comments?post=47094"}],"version-history":[{"count":0,"href":"https:\/\/camrt.ca\/fr\/wp-json\/wp\/v2\/pages\/47094\/revisions"}],"up":[{"embeddable":true,"href":"https:\/\/camrt.ca\/fr\/wp-json\/wp\/v2\/pages\/12567"}],"wp:attachment":[{"href":"https:\/\/camrt.ca\/fr\/wp-json\/wp\/v2\/media?parent=47094"}],"curies":[{"name":"wp","href":"https:\/\/api.w.org\/{rel}","templated":true}]}}