{"id":47093,"date":"2018-03-28T09:30:44","date_gmt":"2018-03-28T13:30:44","guid":{"rendered":"https:\/\/camrt.wpenginepowered.com\/fr\/?page_id=10753"},"modified":"2018-03-28T09:30:44","modified_gmt":"2018-03-28T13:30:44","slug":"transfer-a-une-autre-session","status":"publish","type":"page","link":"https:\/\/camrt.ca\/fr\/agrement-2\/programmes-detudes-canadiens-agrees\/examen-dagrement-dentree-a-la-pratique\/transfer-a-une-autre-session\/","title":{"rendered":"Transferts \u00e0 d&rsquo;autres sessions d\u2019examen"},"content":{"rendered":"<p>Si les candidats d\u00e9cident de NE PAS passer l&rsquo;examen d&rsquo;agr\u00e9ment pour quelque raison que ce soit, ils peuvent demander \u00e0 \u00eatre transf\u00e9r\u00e9s \u00e0 la prochaine session d&rsquo;examen disponible s&rsquo;ils sont encore dans la p\u00e9riode d&rsquo;admissibilit\u00e9 \u00e0 l&rsquo;examen d&rsquo;agr\u00e9ment de l&rsquo;ACTRM. Les frais d&rsquo;inscription \u00e0 l&rsquo;examen pay\u00e9s \u00e0 l&rsquo;ACTRM seront appliqu\u00e9s \u00e0 la session demand\u00e9e.<\/p>\n<table>\n<tbody>\n<tr>\n<td><strong>Frais de transfert \u00e0 une autre session d\u2019examen<\/strong><\/td>\n<td>75 $<\/td>\n<\/tr>\n<\/tbody>\n<\/table>\n<ul class='dt-sc-fancy-list   rounded-arrow'>\n<li>Cliquez ici pour t\u00e9l\u00e9charger une <strong><a href=\"https:\/\/camrt.ca\/wp-content\/uploads\/2025\/01\/CAMRT_Exam_Transfer_Form_FR_v2_Jan2025-1.pdf\">demande de changement de session d\u2019examen<\/a> <\/strong>et envoyez le formulaire rempli \u00e0 <strong><a href=\"mailto:certification@camrt.ca\">certification@camrt.ca<\/a>.<\/strong><\/li>\n<li>Toutes les demandes de transfert doivent \u00eatre re\u00e7ues avant la fin de la p\u00e9riode d\u2019inscription pour la session d\u2019examen choisie<\/li>\n<li>Les frais de r\u00e9servation pay\u00e9s \u00e0 Yardstick pour le choix d\u2019un centre d\u2019examen et la r\u00e9servation d\u2019un si\u00e8ge ne peuvent \u00eatre transf\u00e9r\u00e9s.\n<ul class='dt-sc-fancy-list   rounded-arrow'>\n<li style=\"text-align: justify\">La r\u00e9servation doit \u00eatre annul\u00e9e et une nouvelle r\u00e9servation doit \u00eatre faite pour la s\u00e9ance d\u2019examen choisie. Veuillez envoyer un courriel \u00e0 Yardstick \u00e0 l&rsquo;adresse <a href=\"mailto:testingsupport@getyardstick.com\">testingsupport@getyardstick.com<\/a> pour annuler la place que vous avez r\u00e9serv\u00e9e.<\/li>\n<li>Yardstick accepte les demandes de remboursement jusqu&rsquo;\u00e0 10 jours ouvrables avant l&rsquo;examen. Apr\u00e8s ce d<span style=\"float: none;background-color: #ffffff;color: #333333;cursor: text;font-family: Georgia,'Times New Roman','Bitstream Charter',Times,serif;font-size: 16px;font-style: normal;font-variant: normal;font-weight: 400;letter-spacing: normal;text-align: left;text-decoration: none;text-indent: 0px;text-transform: none\">\u00e9<\/span>lais, les frais de r\u00e9servation sont perdus.<\/li>\n<\/ul>\n<\/li>\n<\/ul>\n","protected":false},"excerpt":{"rendered":"<p>Si les candidats d\u00e9cident de NE PAS passer l&rsquo;examen d&rsquo;agr\u00e9ment pour quelque raison que ce soit, ils peuvent demander \u00e0 \u00eatre transf\u00e9r\u00e9s \u00e0 la prochaine session d&rsquo;examen disponible s&rsquo;ils sont encore dans la p\u00e9riode d&rsquo;admissibilit\u00e9 \u00e0 l&rsquo;examen d&rsquo;agr\u00e9ment de l&rsquo;ACTRM. Les frais d&rsquo;inscription \u00e0 l&rsquo;examen pay\u00e9s \u00e0 l&rsquo;ACTRM seront appliqu\u00e9s \u00e0 la session demand\u00e9e. Frais [&hellip;]<\/p>\n","protected":false},"author":30,"featured_media":0,"parent":12567,"menu_order":0,"comment_status":"closed","ping_status":"closed","template":"","meta":{"_monsterinsights_skip_tracking":false,"_monsterinsights_sitenote_active":false,"_monsterinsights_sitenote_note":"","_monsterinsights_sitenote_category":0,"footnotes":""},"class_list":["post-47093","page","type-page","status-publish","hentry"],"_links":{"self":[{"href":"https:\/\/camrt.ca\/fr\/wp-json\/wp\/v2\/pages\/47093","targetHints":{"allow":["GET"]}}],"collection":[{"href":"https:\/\/camrt.ca\/fr\/wp-json\/wp\/v2\/pages"}],"about":[{"href":"https:\/\/camrt.ca\/fr\/wp-json\/wp\/v2\/types\/page"}],"author":[{"embeddable":true,"href":"https:\/\/camrt.ca\/fr\/wp-json\/wp\/v2\/users\/30"}],"replies":[{"embeddable":true,"href":"https:\/\/camrt.ca\/fr\/wp-json\/wp\/v2\/comments?post=47093"}],"version-history":[{"count":0,"href":"https:\/\/camrt.ca\/fr\/wp-json\/wp\/v2\/pages\/47093\/revisions"}],"up":[{"embeddable":true,"href":"https:\/\/camrt.ca\/fr\/wp-json\/wp\/v2\/pages\/12567"}],"wp:attachment":[{"href":"https:\/\/camrt.ca\/fr\/wp-json\/wp\/v2\/media?parent=47093"}],"curies":[{"name":"wp","href":"https:\/\/api.w.org\/{rel}","templated":true}]}}