{"id":47092,"date":"2018-03-28T09:28:41","date_gmt":"2018-03-28T13:28:41","guid":{"rendered":"https:\/\/camrt.wpenginepowered.com\/fr\/?page_id=10751"},"modified":"2018-03-28T09:28:41","modified_gmt":"2018-03-28T13:28:41","slug":"politique-dadaptation-aux-besoins-particuliers","status":"publish","type":"page","link":"https:\/\/camrt.ca\/fr\/agrement-2\/programmes-detudes-canadiens-agrees\/examen-dagrement-dentree-a-la-pratique\/politique-dadaptation-aux-besoins-particuliers\/","title":{"rendered":"Mesures d&rsquo;accommodement pour l&rsquo;examen"},"content":{"rendered":"<p>Les mesures d\u2019adaptation doivent \u00eatre demand\u00e9es <strong>avant<\/strong> l&rsquo;examen. Une mesure d\u2019adaptation peut vous convenir si vous avez une raison m\u00e9dicale ou un handicap qui pourrait vous emp\u00eacher de passer l&rsquo;examen d&rsquo;agr\u00e9ment sans cette mesure. Les mesures d\u2019adaptation visent \u00e0 supprimer les obstacles susceptibles de d\u00e9savantager un candidat ou une candidate lors de l&rsquo;examen en raison d&rsquo;un handicap ou d&rsquo;un probl\u00e8me m\u00e9dical, et \u00e0 leur donner l&rsquo;occasion de d\u00e9montrer leurs connaissances avec pr\u00e9cision. Les mesures d\u2019adaptation ne suppriment pas les exigences et ne modifient pas fondamentalement le contenu de l&rsquo;examen.<\/p>\n<p>Une demande de mesure d\u2019adaptation d&rsquo;examen doit \u00eatre soumise par \u00e9crit \u00e0 l&rsquo;ACTRM. <strong>La demande doit \u00eatre soumise avant la date limite d&rsquo;inscription \u00e0 l&rsquo;examen de la s\u00e9ance \u00e0 laquelle la personne souhaite participer<\/strong>. Une demande doit \u00eatre soumise pour la premi\u00e8re session et pour toute session ult\u00e9rieure de l&rsquo;examen. Nous vous recommandons <strong>vivement<\/strong> de demander des mesures d\u2019adaptation <strong>avant de passer un examen<\/strong>, si vous pensez que cela s&rsquo;applique \u00e0 vous.<\/p>\n<p>Veillez \u00e0 ce que les formulaires soumis soient <strong>clairs<\/strong> et contiennent <strong>tous les renseignements dont nous avons besoin<\/strong> pour examiner correctement votre demande d&rsquo;accommodement et mettre en place un ou plusieurs mesures d\u2019adaptation dans les meilleurs d\u00e9lais. Toutes les demandes seront trait\u00e9es de mani\u00e8re confidentielle et individuelle.<\/p>\n<p style=\"text-align: justify\">Veuillez imprimer une copie du <a href=\"https:\/\/camrt.wpenginepowered.com\/fr\/wp-content\/uploads\/sites\/3\/2019\/06\/Formulaire-de-demande-d\u2019accomodement-pour-l\u2019examen.pdf\">formulaire de demande de mesures d&rsquo;accommodement pour l&rsquo;examen<\/a>. Veuillez remplir et envoyer le formulaire avec les documents qui doivent aussi \u00eatre fournis comme indiqu\u00e9 ci-dessous au gestionnaire de l\u2019agr\u00e9ment de l\u2019ACTRM avant la date limite d\u2019inscription \u00e0 la s\u00e9ance d\u2019examen que vous souhaitez assister.<\/p>\n<ul class='dt-sc-fancy-list   rounded-arrow'>\n<li>un \u00e9nonc\u00e9 clair de la nature du handicap ou de la d\u00e9ficience indiquant sa gravit\u00e9; <em><a href=\"https:\/\/camrt.ca\/wp-content\/uploads\/2024\/07\/Medical_Disability_Verification-French-1.pdf\"><strong>Formulaire de renseignements sur le handicap de l&rsquo;ACTRM<\/strong><\/a> (en vigueur pour l&rsquo;examen de certification de janvier 2025)<\/em><\/li>\n<li>une description claire et concise de la mesure ou des mesures d\u2019accommodement demand\u00e9es;<\/li>\n<li>un ou des documents indiquant qu\u2019une mesure ou des mesures d\u2019accommodement comparables ont \u00e9t\u00e9 consenties \u00e0 la candidate ou au candidat durant ses \u00e9tudes;<\/li>\n<li>un ou des documents fournis par un professionnel de la sant\u00e9 ou en counseling\u00a0:\n<ul class='dt-sc-fancy-list   rounded-arrow'>\n<li style=\"text-align: justify\">attestant que le cas de la candidate ou du candidat a fait l\u2019objet d\u2019une \u00e9valuation;<\/li>\n<li style=\"text-align: justify\">donnant des d\u00e9tails sur le handicap ou la d\u00e9ficience, incluant un diagnostic;<\/li>\n<li style=\"text-align: justify\">d\u00e9crivant la limitation fonctionnelle courante;<\/li>\n<li style=\"text-align: justify\">appuyant la demande concernant une ou des mesures d\u2019accommodement sp\u00e9cifiques pr\u00e9sent\u00e9es par la candidate ou le candidat.<\/li>\n<\/ul>\n<\/li>\n<\/ul>\n<p>Note :<\/p>\n<p style=\"text-align: justify\">Tous les documents fournis par un professionnel de la sant\u00e9 ou en counseling doivent \u00eatre \u00e0 jour dans les douze (12) mois de la date de la demande d\u2019admission \u00e0 l\u2019examen. Si un ou des documents fournis (rapports ou lettres) ne sont pas \u00e0 jour dans les douze (12) mois de la date de la demande d\u2019admission \u00e0 l\u2019examen, la candidate ou le candidat doit inclure une lettre d\u2019un professionnel de la sant\u00e9 ou en counseling indiquant qu\u2019il a examin\u00e9 les documents \u00e0 l\u2019appui et qu\u2019il est d\u2019accord que la ou les mesures d\u2019accommodement indiqu\u00e9es dans ces documents demeurent valides pour la candidate ou le candidat aux fins de l\u2019examen d\u2019agr\u00e9ment de l\u2019ACTRM \u00e0 la date proposer pour cet examen.<\/p>\n<p style=\"text-align: justify\">En prenant la d\u00e9cision, l\u2019ACTRM doit s\u2019assurer que le fait d\u2019acquiescer \u00e0 la demande de mesures d\u2019accommodement n\u2019affecte pas la validit\u00e9 et l\u2019int\u00e9grit\u00e9 de l\u2019examen d\u2019agr\u00e9ment.<\/p>\n<p>&nbsp;<\/p>\n<p><em>NOUVEAU &#8211; <a href=\"https:\/\/camrt.ca\/wp-content\/uploads\/2024\/07\/OP-CERT-02-Politique-sur-les-mesures-daccommodement-pour-lexamen-dagrement.pdf\" target=\"_blank\" rel=\"noopener\">POLITIQUE SUR LES MESURES D&rsquo;ACCOMMODEMENT POUR L&rsquo;EXAMEN<\/a> (en vigueur pour l&rsquo;examen de certification de janvier 2025)<\/em><\/p>\n<p>&nbsp;<\/p>\n","protected":false},"excerpt":{"rendered":"<p>Les mesures d\u2019adaptation doivent \u00eatre demand\u00e9es avant l&rsquo;examen. Une mesure d\u2019adaptation peut vous convenir si vous avez une raison m\u00e9dicale ou un handicap qui pourrait vous emp\u00eacher de passer l&rsquo;examen d&rsquo;agr\u00e9ment sans cette mesure. Les mesures d\u2019adaptation visent \u00e0 supprimer les obstacles susceptibles de d\u00e9savantager un candidat ou une candidate lors de l&rsquo;examen en raison [&hellip;]<\/p>\n","protected":false},"author":30,"featured_media":0,"parent":12567,"menu_order":0,"comment_status":"closed","ping_status":"closed","template":"","meta":{"_monsterinsights_skip_tracking":false,"_monsterinsights_sitenote_active":false,"_monsterinsights_sitenote_note":"","_monsterinsights_sitenote_category":0,"footnotes":""},"class_list":["post-47092","page","type-page","status-publish","hentry"],"_links":{"self":[{"href":"https:\/\/camrt.ca\/fr\/wp-json\/wp\/v2\/pages\/47092","targetHints":{"allow":["GET"]}}],"collection":[{"href":"https:\/\/camrt.ca\/fr\/wp-json\/wp\/v2\/pages"}],"about":[{"href":"https:\/\/camrt.ca\/fr\/wp-json\/wp\/v2\/types\/page"}],"author":[{"embeddable":true,"href":"https:\/\/camrt.ca\/fr\/wp-json\/wp\/v2\/users\/30"}],"replies":[{"embeddable":true,"href":"https:\/\/camrt.ca\/fr\/wp-json\/wp\/v2\/comments?post=47092"}],"version-history":[{"count":0,"href":"https:\/\/camrt.ca\/fr\/wp-json\/wp\/v2\/pages\/47092\/revisions"}],"up":[{"embeddable":true,"href":"https:\/\/camrt.ca\/fr\/wp-json\/wp\/v2\/pages\/12567"}],"wp:attachment":[{"href":"https:\/\/camrt.ca\/fr\/wp-json\/wp\/v2\/media?parent=47092"}],"curies":[{"name":"wp","href":"https:\/\/api.w.org\/{rel}","templated":true}]}}