{"id":47091,"date":"2018-03-27T15:49:09","date_gmt":"2018-03-27T19:49:09","guid":{"rendered":"https:\/\/camrt.wpenginepowered.com\/fr\/?page_id=10747"},"modified":"2026-03-30T13:56:57","modified_gmt":"2026-03-30T17:56:57","slug":"dates-dexamen-droits-et-frais","status":"publish","type":"page","link":"https:\/\/camrt.ca\/fr\/agrement-2\/programmes-detudes-canadiens-agrees\/examen-dagrement-dentree-a-la-pratique\/dates-dexamen-droits-et-frais\/","title":{"rendered":"Dates d\u2019examen, droits et frais"},"content":{"rendered":"\n\n\t<p><strong>\u00c0 compter de mai 2025<\/strong> : Les examens d&rsquo;agr\u00e9ment en technologie de radiologie se tiendront le jour 1 (g\u00e9n\u00e9ralement le lundi). Les examens d&rsquo;agr\u00e9ment en radioth\u00e9rapie, r\u00e9sonance magn\u00e9tique et m\u00e9decine nucl\u00e9aire se d\u00e9rouleront le deuxi\u00e8me jour (g\u00e9n\u00e9ralement le mardi).<\/p>\n<table width=\"1372\">\n<tbody>\n<tr>\n<td><strong>Session d&rsquo;examen<\/strong><\/td>\n<td><strong>P\u00e9riode d&rsquo;inscription<\/strong><\/td>\n<td><strong>Droits de l&rsquo;examen d&rsquo;agr\u00e9ment<\/strong><\/td>\n<td><strong>Frais de Surveillance virtuelle<\/strong><\/td>\n<td><strong>Frais de Centre de test\u00a0<\/strong><\/td>\n<\/tr>\n<tr>\n<td>11-12 mai 2026<\/td>\n<td>26 janvier-6 mars 2026<\/td>\n<td>980 $<\/td>\n<td>86.05 $+les taxes applicables<\/td>\n<td>166.75 $ + les taxes applicables<\/td>\n<\/tr>\n<tr>\n<td>14-15 septembre 2026<\/td>\n<td>1 juin-10- juillet 2026<\/td>\n<td>980 $<\/td>\n<td>86.05 $+les taxes applicables<\/td>\n<td>166.75 $ + les taxes applicables<\/td>\n<\/tr>\n<tr>\n<td>11-12 janvier 2027<\/td>\n<td>28 septembre-6 novembre 2026<\/td>\n<td>980 $<\/td>\n<td>$88.63 $+les taxes applicables<\/td>\n<td>$171.75 $ +les taxes applicables<\/td>\n<\/tr>\n<\/tbody>\n<\/table>\n<ul class='dt-sc-fancy-list   decimal'>\n<li>Les droits et les frais sont tous indiqu\u00e9s en dollars canadiens et sont sujets \u00e0 changement sans pr\u00e9avis.<\/li>\n<li>Une fois le paiement des frais d&rsquo;examen de certification de l&rsquo;ACTRM valid\u00e9, les candidats re\u00e7oivent un e-mail de confirmation contenant les instructions pour passer \u00e0 l&rsquo;\u00e9tape 2 : r\u00e9server une place pour l&rsquo;examen \u00e0 distance ou en pr\u00e9sentiel aupr\u00e8s de Yardstick. Veuillez contacter certification@camrt.ca si vous ne recevez pas cet e-mail de confirmation.<\/li>\n<\/ul>\n<p><strong>IMPORTANT<\/strong> : Tous les dates limites doivent \u00eatre respect\u00e9es. Sinon, vous perdrez votre chance d&rsquo;\u00e9crire l&rsquo;examen \u00e0 la s\u00e9ance de votre choix<\/p>\n<p>Toutes les communications avec les candidats aux examens se font par e-mail. Il est imp\u00e9ratif que vous <strong>consultiez r\u00e9guli\u00e8rement vos e-mails (y compris les dossiers \u00ab Courrier ind\u00e9sirable \u00bb et \u00ab Spam \u00bb)<\/strong> pendant la p\u00e9riode d&rsquo;inscription et jusqu&rsquo;\u00e0 la date de l&rsquo;examen.<\/p>\n\n","protected":false},"excerpt":{"rendered":"<p>\u00c0 compter de mai 2025 : Les examens d&rsquo;agr\u00e9ment en technologie de radiologie se tiendront le jour 1 (g\u00e9n\u00e9ralement le lundi). Les examens d&rsquo;agr\u00e9ment en radioth\u00e9rapie, r\u00e9sonance magn\u00e9tique et m\u00e9decine [&hellip;]<\/p>\n","protected":false},"author":30,"featured_media":0,"parent":12567,"menu_order":0,"comment_status":"closed","ping_status":"closed","template":"","meta":{"_monsterinsights_skip_tracking":false,"_monsterinsights_sitenote_active":false,"_monsterinsights_sitenote_note":"","_monsterinsights_sitenote_category":0,"footnotes":""},"class_list":["post-47091","page","type-page","status-publish","hentry"],"_links":{"self":[{"href":"https:\/\/camrt.ca\/fr\/wp-json\/wp\/v2\/pages\/47091","targetHints":{"allow":["GET"]}}],"collection":[{"href":"https:\/\/camrt.ca\/fr\/wp-json\/wp\/v2\/pages"}],"about":[{"href":"https:\/\/camrt.ca\/fr\/wp-json\/wp\/v2\/types\/page"}],"author":[{"embeddable":true,"href":"https:\/\/camrt.ca\/fr\/wp-json\/wp\/v2\/users\/30"}],"replies":[{"embeddable":true,"href":"https:\/\/camrt.ca\/fr\/wp-json\/wp\/v2\/comments?post=47091"}],"version-history":[{"count":1,"href":"https:\/\/camrt.ca\/fr\/wp-json\/wp\/v2\/pages\/47091\/revisions"}],"predecessor-version":[{"id":61554,"href":"https:\/\/camrt.ca\/fr\/wp-json\/wp\/v2\/pages\/47091\/revisions\/61554"}],"up":[{"embeddable":true,"href":"https:\/\/camrt.ca\/fr\/wp-json\/wp\/v2\/pages\/12567"}],"wp:attachment":[{"href":"https:\/\/camrt.ca\/fr\/wp-json\/wp\/v2\/media?parent=47091"}],"curies":[{"name":"wp","href":"https:\/\/api.w.org\/{rel}","templated":true}]}}