{"id":47081,"date":"2017-05-16T16:11:45","date_gmt":"2017-05-16T20:11:45","guid":{"rendered":"https:\/\/camrt.wpenginepowered.com\/fr\/?page_id=9892"},"modified":"2017-05-16T16:11:45","modified_gmt":"2017-05-16T20:11:45","slug":"enonce-dintegrite","status":"publish","type":"page","link":"https:\/\/camrt.ca\/fr\/perfectionnement-professionnel\/cours-complets\/enonce-dintegrite\/","title":{"rendered":"\u00c9nonc\u00e9 d&rsquo;int\u00e9grit\u00e9"},"content":{"rendered":"<p style=\"text-align: justify\">L\u2019ACTRM a pris un engagement envers l\u2019int\u00e9grit\u00e9. Le plagiat, la tricherie et les tentatives d\u2019obtenir un avantage indu dans les cours et les examens sont des formes d\u2019inconduite. L\u2019ACTRM s\u2019attend \u00e0 ce que toutes les personnes qui participent \u00e0 son programme de perfectionnement continu (PPC) respectent la <em>Politique d\u2019int\u00e9grit\u00e9<\/em> pr\u00e9sent\u00e9e ici.<\/p>\n<p style=\"text-align: justify\"><strong>Plagiat :<\/strong> l\u2019utilisation ou une imitation \u00e9troite du texte ou de la pens\u00e9e d\u2019un autre auteur et leur pr\u00e9sentation comme le propre travail de la personne. <strong>Les travaux des cours et les r\u00e9ponses aux examens doivent \u00eatre les propres mots du candidat ou de la candidate.<\/strong><\/p>\n<p style=\"text-align: justify\"><strong>Tricherie :<\/strong> une tentative d\u2019obtenir un avantage inappropri\u00e9 dans le cadre d\u2019une \u00e9valuation. Ceci peut comprendre l\u2019acc\u00e8s \u00e0 du mat\u00e9riel non autoris\u00e9, au travail d\u2019une autre personne ou la collusion avec d\u2019autres personnes durant une \u00e9valuation.<\/p>\n<p><strong>Les examens de l\u2019ACTRM se font \u00e0 livre ferm\u00e9, le cas \u00e9ch\u00e9ant. Les documents de r\u00e9f\u00e9rence (manuels de cours, ressources internet, etc.) ne devraient pas \u00eatre utilis\u00e9s pendant l\u2019examen.<\/strong><\/p>\n<p><strong>Les travaux des cours et les examens de l\u2019ACTRM doivent \u00eatre compl\u00e9t\u00e9s de mani\u00e8re ind\u00e9pendante.<\/strong><\/p>\n<p><span style=\"text-decoration: underline\"><strong>Les \u00e9l\u00e9ments suivants sont consid\u00e9r\u00e9s comme de l\u2019inconduite :<\/strong><\/span><\/p>\n<p style=\"text-align: justify\"><ul class='dt-sc-fancy-list   rounded-arrow'>\n<li style=\"text-align: justify\">reproduire ou distribuer un travail ou un examen ou l\u2019un ou l\u2019autre de ses composants, sous quelque forme que ce soit (<em>incluant les photographies ou les captures d\u2019\u00e9cran<\/em>);<\/li>\n<li style=\"text-align: justify\">copier ou partager les r\u00e9ponses d\u2019une autre personne \u00e0 un travail ou \u00e0 une question d\u2019examen;<\/li>\n<li style=\"text-align: justify\">copier le contenu d\u2019une source ou d\u2019une publication (p. ex. les manuels de cours) sans la citation ou l\u2019attribution appropri\u00e9e;<\/li>\n<li style=\"text-align: justify\">consulter ou apporter une source non autoris\u00e9e portant sur le trait\u00e9 durant un examen (<em>incluant les documents du cours ouverts dans des fen\u00eatres distinctes du navigateur<\/em>);<\/li>\n<li>pratiquer la collusion avec d\u2019autres durant n\u2019importe quelle \u00e9valuation.<\/li>\n<\/ul>\n<p style=\"text-align: justify\">\n<h3 style=\"text-align: justify\">Cons\u00e9quences de l\u2019inconduite<\/h3>\n<p style=\"text-align: justify\">Premi\u00e8re infraction : note automatique de z\u00e9ro \u00e0 l\u2019\u00e9valuation lors de laquelle l\u2019inconduite est constat\u00e9e.<\/p>\n<p>Deuxi\u00e8me infraction : \u00c9chec automatique au cours, sans remboursement. L\u2019\u00e9tudiant ou l\u2019\u00e9tudiante sera disqualifi\u00e9(e) du cours et ne pourra se r\u00e9inscrire avant un (1) an.<\/p>\n","protected":false},"excerpt":{"rendered":"<p>L\u2019ACTRM a pris un engagement envers l\u2019int\u00e9grit\u00e9. Le plagiat, la tricherie et les tentatives d\u2019obtenir un avantage indu dans les cours et les examens sont des formes d\u2019inconduite. L\u2019ACTRM s\u2019attend [&hellip;]<\/p>\n","protected":false},"author":30,"featured_media":0,"parent":6508,"menu_order":0,"comment_status":"closed","ping_status":"closed","template":"","meta":{"_monsterinsights_skip_tracking":false,"_monsterinsights_sitenote_active":false,"_monsterinsights_sitenote_note":"","_monsterinsights_sitenote_category":0,"footnotes":""},"class_list":["post-47081","page","type-page","status-publish","hentry"],"_links":{"self":[{"href":"https:\/\/camrt.ca\/fr\/wp-json\/wp\/v2\/pages\/47081","targetHints":{"allow":["GET"]}}],"collection":[{"href":"https:\/\/camrt.ca\/fr\/wp-json\/wp\/v2\/pages"}],"about":[{"href":"https:\/\/camrt.ca\/fr\/wp-json\/wp\/v2\/types\/page"}],"author":[{"embeddable":true,"href":"https:\/\/camrt.ca\/fr\/wp-json\/wp\/v2\/users\/30"}],"replies":[{"embeddable":true,"href":"https:\/\/camrt.ca\/fr\/wp-json\/wp\/v2\/comments?post=47081"}],"version-history":[{"count":0,"href":"https:\/\/camrt.ca\/fr\/wp-json\/wp\/v2\/pages\/47081\/revisions"}],"up":[{"embeddable":true,"href":"https:\/\/camrt.ca\/fr\/wp-json\/wp\/v2\/pages\/6508"}],"wp:attachment":[{"href":"https:\/\/camrt.ca\/fr\/wp-json\/wp\/v2\/media?parent=47081"}],"curies":[{"name":"wp","href":"https:\/\/api.w.org\/{rel}","templated":true}]}}