{"id":47079,"date":"2016-09-12T10:56:47","date_gmt":"2016-09-12T14:56:47","guid":{"rendered":"https:\/\/camrt.wpenginepowered.com\/fr\/?page_id=9826"},"modified":"2017-05-09T16:26:03","modified_gmt":"2017-05-09T20:26:03","slug":"examens-finaux","status":"publish","type":"page","link":"https:\/\/camrt.ca\/fr\/perfectionnement-professionnel\/cours-complets\/examens-finaux\/","title":{"rendered":"Examens finaux"},"content":{"rendered":"<p style=\"text-align: justify\"><strong>Tous les examens de l&rsquo;ACTRM sont offerts en ligne seulement.<\/strong><\/p>\n<p style=\"text-align: justify\">Les examens finaux de l\u2019ACTRM comprennent des questions \u00e0 choix multiples, des questions vrai ou faux, des questions appelant une r\u00e9ponse courte et des questions d\u2019\u00e9tiquetage. Certains examens peuvent \u00e9galement comprendre des questions \u00e0 d\u00e9veloppement et\/ou des \u00e9tudes de cas.<\/p>\n<p style=\"text-align: justify\"><ul class='dt-sc-fancy-list   rounded-arrow'>\n<li style=\"text-align: justify\">Seule la version la plus r\u00e9cente de l\u2019examen sera disponible<\/li>\n<li style=\"text-align: justify\">Toute tricherie sera sanctionn\u00e9e par un \u00e9chec automatique<\/li>\n<li style=\"text-align: justify\">Les examens ne sont pas remis aux candidats<\/li>\n<\/ul>\n<p style=\"text-align: justify\">\n<h3 style=\"text-align: justify\">Changement de date pour l\u2019examen final<\/h3>\n<p style=\"text-align: justify\">Une deuxi\u00e8me date d\u2019examen sera fournie par session.\u00a0Il n&rsquo;y a pas de frais pour changer la date d&rsquo;examen final.<\/p>\n<p style=\"text-align: justify\">Contactez <strong><a href=\"mailto:cpd@camrt.ca\">cpd@camrt.ca<\/a><\/strong> pour plus d&rsquo;informations. Les demandes doivent\u00a0\u00eatre re\u00e7ues au plus tard cinq jours ouvrables avant la date pr\u00e9vue de l&rsquo;examen.<\/p>\n<h3><\/h3>\n","protected":false},"excerpt":{"rendered":"<p>Tous les examens de l&rsquo;ACTRM sont offerts en ligne seulement. Les examens finaux de l\u2019ACTRM comprennent des questions \u00e0 choix multiples, des questions vrai ou faux, des questions appelant une r\u00e9ponse courte et des questions d\u2019\u00e9tiquetage. Certains examens peuvent \u00e9galement comprendre des questions \u00e0 d\u00e9veloppement et\/ou des \u00e9tudes de cas. Changement de date pour l\u2019examen [&hellip;]<\/p>\n","protected":false},"author":30,"featured_media":0,"parent":6508,"menu_order":0,"comment_status":"closed","ping_status":"closed","template":"","meta":{"_monsterinsights_skip_tracking":false,"_monsterinsights_sitenote_active":false,"_monsterinsights_sitenote_note":"","_monsterinsights_sitenote_category":0,"footnotes":""},"class_list":["post-47079","page","type-page","status-publish","hentry"],"_links":{"self":[{"href":"https:\/\/camrt.ca\/fr\/wp-json\/wp\/v2\/pages\/47079","targetHints":{"allow":["GET"]}}],"collection":[{"href":"https:\/\/camrt.ca\/fr\/wp-json\/wp\/v2\/pages"}],"about":[{"href":"https:\/\/camrt.ca\/fr\/wp-json\/wp\/v2\/types\/page"}],"author":[{"embeddable":true,"href":"https:\/\/camrt.ca\/fr\/wp-json\/wp\/v2\/users\/30"}],"replies":[{"embeddable":true,"href":"https:\/\/camrt.ca\/fr\/wp-json\/wp\/v2\/comments?post=47079"}],"version-history":[{"count":0,"href":"https:\/\/camrt.ca\/fr\/wp-json\/wp\/v2\/pages\/47079\/revisions"}],"up":[{"embeddable":true,"href":"https:\/\/camrt.ca\/fr\/wp-json\/wp\/v2\/pages\/6508"}],"wp:attachment":[{"href":"https:\/\/camrt.ca\/fr\/wp-json\/wp\/v2\/media?parent=47079"}],"curies":[{"name":"wp","href":"https:\/\/api.w.org\/{rel}","templated":true}]}}