{"id":47078,"date":"2017-05-09T16:20:16","date_gmt":"2017-05-09T20:20:16","guid":{"rendered":"https:\/\/camrt.wpenginepowered.com\/fr\/?page_id=9821"},"modified":"2017-05-09T16:20:16","modified_gmt":"2017-05-09T20:20:16","slug":"transferts-et-retraits","status":"publish","type":"page","link":"https:\/\/camrt.ca\/fr\/perfectionnement-professionnel\/cours-complets\/information-sur-les-cours\/transferts-et-retraits\/","title":{"rendered":"Transferts et retraits"},"content":{"rendered":"<h3 style=\"text-align: justify\"><strong>Transferts<\/strong><\/h3>\n<p style=\"text-align: justify\">Les candidats ont droit \u00e0 un transfert \u00e0 la session suivante par cours. Des frais d\u2019administration de 50 $ s\u2019appliqueront en cas de transfert. Toutes les marques de travaux d\u00e9j\u00e0 obtenues seront report\u00e9es \u00e0 la session suivante. <strong>Il incombe au candidat de s\u2019informer des dates limites applicables \u00e0 la nouvelle session.<\/strong><\/p>\n<p style=\"text-align: justify\">Veuillez communiquer avec <strong><a href=\"mailto:cpd@camrt.ca\" target=\"_blank\" rel=\"noopener noreferrer\">cpd@camrt.ca<\/a><\/strong> pour demander un transfert.<\/p>\n<h3 style=\"text-align: justify\"><strong>Politique de retraits\u00a0<\/strong><\/h3>\n<p style=\"text-align: justify\"><strong>Les candidats peuvent se retirer d\u2019un cours. En cas de retrait :<\/strong><\/p>\n<p style=\"text-align: justify\"><ul class='dt-sc-fancy-list   rounded-arrow'>\n<li>90 % des frais d\u2019inscription au cours seront rembours\u00e9s <strong>si<\/strong> la demande de retrait est re\u00e7ue avant la <strong><a href=\"https:\/\/camrt.wpenginepowered.com\/fr\/perfectionnement-professionnel\/cours-complets\/inscription\/dates-limites-et-dexamens\/\">date limite d&rsquo;inscription h\u00e2tive<\/a><\/strong>.<\/li>\n<li style=\"text-align: justify\">75 % des frais d\u2019inscription au cours seront rembours\u00e9s <strong>si<\/strong> la demande de retrait est re\u00e7ue avant la <strong><a href=\"https:\/\/camrt.wpenginepowered.com\/fr\/perfectionnement-professionnel\/cours-complets\/inscription\/dates-limites-et-dexamens\/\">date de remise du premier travail<\/a><\/strong> <strong>et<\/strong> qu\u2019aucun travail n\u2019a \u00e9t\u00e9 remis.<\/li>\n<li style=\"text-align: justify\">50 % des frais d\u2019inscription au cours seront rembours\u00e9s <strong>si<\/strong> la demande de retrait est re\u00e7ue avant la <strong><a href=\"https:\/\/camrt.wpenginepowered.com\/fr\/perfectionnement-professionnel\/cours-complets\/inscription\/dates-limites-et-dexamens\/\">date de remise du troisi\u00e8me travail<\/a><\/strong> <strong>et<\/strong> qu\u2019aucun travail n\u2019a \u00e9t\u00e9 remis.<\/li>\n<li style=\"text-align: justify\">75 % des frais d\u2019inscription \u00e0 un examen de reconnaissance des acquis ou \u00e0 une reprise d\u2019examen pourront \u00eatre rembours\u00e9s <strong>si<\/strong> la demande de retrait est re\u00e7ue plus de trois semaines avant la <strong><a href=\"https:\/\/camrt.wpenginepowered.com\/fr\/perfectionnement-professionnel\/cours-complets\/inscription\/dates-limites-et-dexamens\/\">date de l\u2019examen<\/a><\/strong>.<\/li>\n<\/ul>\n<p style=\"text-align: justify\">\n<p><strong>Remarque: les candidats inscrits au cours PET \/ CT sont soumis au <a href=\"https:\/\/camrt.wpenginepowered.com\/fr\/perfectionnement-professionnel\/cours-complets\/inscription\/dates-limites-et-dexamens\/\">m\u00eame horaire<\/a> que les autres cours complets.<\/strong><\/p>\n<p>&nbsp;<\/p>\n<p style=\"text-align: justify\"><strong>Aucun remboursement ne sera accord\u00e9 dans les cas suivants :<\/strong><\/p>\n<p style=\"text-align: justify\"><ul class='dt-sc-fancy-list   rounded-arrow'>\n<li>la demande de retrait est re\u00e7ue apr\u00e8s la date de remise du troisi\u00e8me travail;<\/li>\n<li style=\"text-align: justify\">des travaux pour le cours ont \u00e9t\u00e9 remis pour \u00eatre not\u00e9s;<\/li>\n<li style=\"text-align: justify\">le candidat a transf\u00e9r\u00e9 l\u2019inscription;<\/li>\n<li style=\"text-align: justify\">des frais d\u2019administration (transfert, inscription tardive, etc.).<\/li>\n<\/ul>\n","protected":false},"excerpt":{"rendered":"<p>Transferts Les candidats ont droit \u00e0 un transfert \u00e0 la session suivante par cours. Des frais d\u2019administration de 50 $ s\u2019appliqueront en cas de transfert. Toutes les marques de travaux d\u00e9j\u00e0 obtenues seront report\u00e9es \u00e0 la session suivante. Il incombe au candidat de s\u2019informer des dates limites applicables \u00e0 la nouvelle session. Veuillez communiquer avec [&hellip;]<\/p>\n","protected":false},"author":30,"featured_media":0,"parent":9806,"menu_order":0,"comment_status":"closed","ping_status":"closed","template":"","meta":{"_monsterinsights_skip_tracking":false,"_monsterinsights_sitenote_active":false,"_monsterinsights_sitenote_note":"","_monsterinsights_sitenote_category":0,"footnotes":""},"class_list":["post-47078","page","type-page","status-publish","hentry"],"_links":{"self":[{"href":"https:\/\/camrt.ca\/fr\/wp-json\/wp\/v2\/pages\/47078","targetHints":{"allow":["GET"]}}],"collection":[{"href":"https:\/\/camrt.ca\/fr\/wp-json\/wp\/v2\/pages"}],"about":[{"href":"https:\/\/camrt.ca\/fr\/wp-json\/wp\/v2\/types\/page"}],"author":[{"embeddable":true,"href":"https:\/\/camrt.ca\/fr\/wp-json\/wp\/v2\/users\/30"}],"replies":[{"embeddable":true,"href":"https:\/\/camrt.ca\/fr\/wp-json\/wp\/v2\/comments?post=47078"}],"version-history":[{"count":0,"href":"https:\/\/camrt.ca\/fr\/wp-json\/wp\/v2\/pages\/47078\/revisions"}],"up":[{"embeddable":true,"href":"https:\/\/camrt.ca\/fr\/wp-json\/wp\/v2\/pages\/9806"}],"wp:attachment":[{"href":"https:\/\/camrt.ca\/fr\/wp-json\/wp\/v2\/media?parent=47078"}],"curies":[{"name":"wp","href":"https:\/\/api.w.org\/{rel}","templated":true}]}}