{"id":47077,"date":"2017-05-09T16:12:30","date_gmt":"2017-05-09T20:12:30","guid":{"rendered":"https:\/\/camrt.wpenginepowered.com\/fr\/?page_id=9819"},"modified":"2017-05-09T16:12:30","modified_gmt":"2017-05-09T20:12:30","slug":"exigences-de-reussite","status":"publish","type":"page","link":"https:\/\/camrt.ca\/fr\/perfectionnement-professionnel\/cours-complets\/information-sur-les-cours\/exigences-de-reussite\/","title":{"rendered":"Exigences de r\u00e9ussite"},"content":{"rendered":"<p>La note finale est compos\u00e9e comme suit :<\/p>\n<ul class='dt-sc-fancy-list   rounded-arrow'>\n<li>Travaux : 40 %<\/li>\n<li>Examen final : 60 %<\/li>\n<\/ul>\n<p>Cependant, la r\u00e9ussite du cours exige de satisfaire aux deux crit\u00e8res suivants :<\/p>\n<ul class='dt-sc-fancy-list   rounded-arrow'>\n<li>60 % \u00e0 l\u2019examen final*, et<\/li>\n<li>60 % comme note finale du cours (note combin\u00e9e des travaux et de l\u2019examen final)<\/li>\n<\/ul>\n<p><strong>* <span style=\"color: #000080\">IMPORTANT<\/span><\/strong> : pour faire cr\u00e9diter un cours dans un programme de Certificat, le candidat doit avoir obtenu une note minimale de 75 % \u00e0 l\u2019examen final.<\/p>\n","protected":false},"excerpt":{"rendered":"<p>La note finale est compos\u00e9e comme suit : Cependant, la r\u00e9ussite du cours exige de satisfaire aux deux crit\u00e8res suivants : * IMPORTANT : pour faire cr\u00e9diter un cours dans un programme de Certificat, le candidat doit avoir obtenu une note minimale de 75 % \u00e0 l\u2019examen final.<\/p>\n","protected":false},"author":30,"featured_media":0,"parent":9806,"menu_order":0,"comment_status":"closed","ping_status":"closed","template":"","meta":{"_monsterinsights_skip_tracking":false,"_monsterinsights_sitenote_active":false,"_monsterinsights_sitenote_note":"","_monsterinsights_sitenote_category":0,"footnotes":""},"class_list":["post-47077","page","type-page","status-publish","hentry"],"_links":{"self":[{"href":"https:\/\/camrt.ca\/fr\/wp-json\/wp\/v2\/pages\/47077","targetHints":{"allow":["GET"]}}],"collection":[{"href":"https:\/\/camrt.ca\/fr\/wp-json\/wp\/v2\/pages"}],"about":[{"href":"https:\/\/camrt.ca\/fr\/wp-json\/wp\/v2\/types\/page"}],"author":[{"embeddable":true,"href":"https:\/\/camrt.ca\/fr\/wp-json\/wp\/v2\/users\/30"}],"replies":[{"embeddable":true,"href":"https:\/\/camrt.ca\/fr\/wp-json\/wp\/v2\/comments?post=47077"}],"version-history":[{"count":0,"href":"https:\/\/camrt.ca\/fr\/wp-json\/wp\/v2\/pages\/47077\/revisions"}],"up":[{"embeddable":true,"href":"https:\/\/camrt.ca\/fr\/wp-json\/wp\/v2\/pages\/9806"}],"wp:attachment":[{"href":"https:\/\/camrt.ca\/fr\/wp-json\/wp\/v2\/media?parent=47077"}],"curies":[{"name":"wp","href":"https:\/\/api.w.org\/{rel}","templated":true}]}}