{"id":47076,"date":"2016-09-12T11:22:30","date_gmt":"2016-09-12T15:22:30","guid":{"rendered":"https:\/\/camrt.wpenginepowered.com\/fr\/?page_id=9817"},"modified":"2025-11-07T09:42:57","modified_gmt":"2025-11-07T14:42:57","slug":"travaux-remis-en-retard","status":"publish","type":"page","link":"https:\/\/camrt.ca\/fr\/perfectionnement-professionnel\/cours-complets\/information-sur-les-cours\/travaux-remis-en-retard\/","title":{"rendered":"Travaux remis en retard"},"content":{"rendered":"<p style=\"text-align: justify;\">Des p\u00e9nalit\u00e9s seront impos\u00e9es pour le non-respect des dates de remise des travaux.<\/p>\n<p style=\"text-align: justify;\"><strong>1. P\u00e9nalit\u00e9 :<\/strong><\/p>\n<p style=\"text-align: justify;\"><ul class='dt-sc-fancy-list   rounded-arrow'>\n<li style=\"text-align: justify\">Les travaux pratiques doivent \u00eatre re\u00e7us au plus tard \u00e0 minuit HNE \u00e0 la date indiqu\u00e9e.<\/li>\n<li style=\"text-align: justify\">10 % de la note sera d\u00e9duit de chaque travail non remis \u00e0 l\u2019\u00e9ch\u00e9ance.<\/li>\n<li style=\"text-align: justify\">Les travaux pratiques remis avec plus de sept jours de retard ne seront pas not\u00e9s et recevront la note de z\u00e9ro. Ces travaux seront corrig\u00e9s et retourn\u00e9s aux candidats avec des commentaires, mais perdront la priorit\u00e9 de notation. Ils pourraient ne pas \u00eatre re\u00e7us \u00e0 temps pour permettre l\u2019\u00e9tude en pr\u00e9vision de l\u2019examen final.<\/li>\n<\/ul>\n<p style=\"text-align: justify\">\n<p style=\"text-align: justify;\">Remarque :\u00a0Tous les travaux doivent \u00eatre soumis afin d&rsquo;acc\u00e9der \u00e0 l&rsquo;examen final.<\/p>\n<p style=\"text-align: justify;\"><strong>2. Travaux re\u00e7us dans les 7 jours de la date de l\u2019examen :<\/strong> Les travaux soumis dans les sept jours de la date pr\u00e9vue de l\u2019examen ne seront pas accept\u00e9s. De plus, le candidat ne sera en mesure d\u2019acc\u00e9der \u00e0 l\u2019examen final. Les inscriptions seront automatiquement transf\u00e9r\u00e9es, avec les frais applicables, au prochain terme.<\/p>\n<p dir=\"LTR\" style=\"text-align: justify;\" align=\"LEFT\"><span style=\"text-decoration: underline;\"><strong>Cours en ligne <b class=\"b5\">automatiquement not\u00e9s\u00a0<\/b>offerts sur le syst\u00e8me de gestion de l\u2019apprentissage<\/strong><\/span><\/p>\n<ul>\n<li dir=\"LTR\">CT Imaging 1<\/li>\n<li>CT Imaging 2<\/li>\n<li>CT Imaging 3<\/li>\n<li dir=\"LTR\">Fundamental of Quality Management<\/li>\n<li dir=\"LTR\">Human Factors in Patient Safety<\/li>\n<li dir=\"LTR\">Pharmacology in Cancer Care<\/li>\n<li dir=\"LTR\">Project Management for the Health Care Professional<\/li>\n<li dir=\"LTR\">Sectional Anatomy 1<\/li>\n<li dir=\"LTR\">Sectional Anatomy 2<\/li>\n<\/ul>\n<p dir=\"LTR\" style=\"text-align: justify;\" align=\"LEFT\">Bien que les dates de remise ne soient pas applicables aux cours mentionn\u00e9s ci-haut offerts sur le syst\u00e8me de gestion de l\u2019apprentissage, tous les travaux doivent \u00eatre soumis sept jours avant la date pr\u00e9vue de l\u2019examen afin d\u2019acc\u00e9der \u00e0 l\u2019examen final. D\u00e9faut de le faire r\u00e9sultera par un transfert \u00e0 la prochaine session avec les frais applicables.<\/p>\n","protected":false},"excerpt":{"rendered":"<p>Des p\u00e9nalit\u00e9s seront impos\u00e9es pour le non-respect des dates de remise des travaux. 1. P\u00e9nalit\u00e9 : Remarque :\u00a0Tous les travaux doivent \u00eatre soumis afin d&rsquo;acc\u00e9der \u00e0 l&rsquo;examen final. 2. Travaux re\u00e7us dans les 7 jours de la date de l\u2019examen : Les travaux soumis dans les sept jours de la date pr\u00e9vue de l\u2019examen ne [&hellip;]<\/p>\n","protected":false},"author":30,"featured_media":0,"parent":9806,"menu_order":0,"comment_status":"closed","ping_status":"closed","template":"","meta":{"_monsterinsights_skip_tracking":false,"_monsterinsights_sitenote_active":false,"_monsterinsights_sitenote_note":"","_monsterinsights_sitenote_category":0,"footnotes":""},"class_list":["post-47076","page","type-page","status-publish","hentry"],"_links":{"self":[{"href":"https:\/\/camrt.ca\/fr\/wp-json\/wp\/v2\/pages\/47076","targetHints":{"allow":["GET"]}}],"collection":[{"href":"https:\/\/camrt.ca\/fr\/wp-json\/wp\/v2\/pages"}],"about":[{"href":"https:\/\/camrt.ca\/fr\/wp-json\/wp\/v2\/types\/page"}],"author":[{"embeddable":true,"href":"https:\/\/camrt.ca\/fr\/wp-json\/wp\/v2\/users\/30"}],"replies":[{"embeddable":true,"href":"https:\/\/camrt.ca\/fr\/wp-json\/wp\/v2\/comments?post=47076"}],"version-history":[{"count":0,"href":"https:\/\/camrt.ca\/fr\/wp-json\/wp\/v2\/pages\/47076\/revisions"}],"up":[{"embeddable":true,"href":"https:\/\/camrt.ca\/fr\/wp-json\/wp\/v2\/pages\/9806"}],"wp:attachment":[{"href":"https:\/\/camrt.ca\/fr\/wp-json\/wp\/v2\/media?parent=47076"}],"curies":[{"name":"wp","href":"https:\/\/api.w.org\/{rel}","templated":true}]}}