{"id":47075,"date":"2017-05-09T15:52:31","date_gmt":"2017-05-09T19:52:31","guid":{"rendered":"https:\/\/camrt.wpenginepowered.com\/fr\/?page_id=9809"},"modified":"2017-05-09T15:52:31","modified_gmt":"2017-05-09T19:52:31","slug":"manuels","status":"publish","type":"page","link":"https:\/\/camrt.ca\/fr\/perfectionnement-professionnel\/cours-complets\/information-sur-les-cours\/manuels\/","title":{"rendered":"Manuels"},"content":{"rendered":"<p style=\"text-align: justify\">Les manuels doivent \u00eatre achet\u00e9s s\u00e9par\u00e9ment. La plupart des manuels peuvent \u00eatre achet\u00e9s \u00e0 la librairie de l\u2019Universit\u00e9 de Toronto, \u00e0 l\u2019adresse suivante :<\/p>\n<p style=\"text-align: justify\"><span style=\"color: #000080\"><strong>University of Toronto Bookstore<\/strong><\/span><\/p>\n<p style=\"text-align: justify\">214 College Street<\/p>\n<p style=\"text-align: justify\">Toronto, ON M5T 3A1<\/p>\n<p style=\"text-align: justify\">Canada<\/p>\n<p style=\"text-align: justify\">T\u00e9l\u00e9phone : 416-640-5830 poste 5831 ou 1-800-387-4420 poste 5831<\/p>\n<p style=\"text-align: justify\">T\u00e9l\u00e9copieur : 416-640-5336 ou 1-800-665-8810 (au Canada)<\/p>\n<p style=\"text-align: justify\">Courriel : <strong><a href=\"mailto:medical@uoftbookstore.com\" target=\"_blank\" rel=\"noopener noreferrer\">medical@uoftbookstore.com<\/a><\/strong><\/p>\n<p>Site web : <strong><a href=\"https:\/\/uoftbookstore.com\/\">https:\/\/uoftbookstore.com\/<\/a><\/strong><\/p>\n<p style=\"text-align: justify\"><strong>Les candidats ne sont pas limit\u00e9s \u00e0 l&rsquo;achat de manuels aupr\u00e8s de ce fournisseur.<\/strong><\/p>\n<p style=\"text-align: justify\">La librairie de l\u2019Universit\u00e9 de Toronto accepte les commandes t\u00e9l\u00e9phoniques ou postales pay\u00e9es par carte MasterCard ou Visa. Le prix des manuels est sujet \u00e0 changement et les frais de port ne sont pas inclus.<br \/>\nLes manuels qui ne sont pas disponibles \u00e0 la librairie de l\u2019Universit\u00e9 de Toronto sont clairement indiqu\u00e9s dans la description du cours et une source d\u2019approvisionnement est indiqu\u00e9e.<\/p>\n","protected":false},"excerpt":{"rendered":"<p>Les manuels doivent \u00eatre achet\u00e9s s\u00e9par\u00e9ment. La plupart des manuels peuvent \u00eatre achet\u00e9s \u00e0 la librairie de l\u2019Universit\u00e9 de Toronto, \u00e0 l\u2019adresse suivante : University of Toronto Bookstore 214 College Street Toronto, ON M5T 3A1 Canada T\u00e9l\u00e9phone : 416-640-5830 poste 5831 ou 1-800-387-4420 poste 5831 T\u00e9l\u00e9copieur : 416-640-5336 ou 1-800-665-8810 (au Canada) Courriel : medical@uoftbookstore.com [&hellip;]<\/p>\n","protected":false},"author":30,"featured_media":0,"parent":9806,"menu_order":0,"comment_status":"closed","ping_status":"closed","template":"","meta":{"_monsterinsights_skip_tracking":false,"_monsterinsights_sitenote_active":false,"_monsterinsights_sitenote_note":"","_monsterinsights_sitenote_category":0,"footnotes":""},"class_list":["post-47075","page","type-page","status-publish","hentry"],"_links":{"self":[{"href":"https:\/\/camrt.ca\/fr\/wp-json\/wp\/v2\/pages\/47075","targetHints":{"allow":["GET"]}}],"collection":[{"href":"https:\/\/camrt.ca\/fr\/wp-json\/wp\/v2\/pages"}],"about":[{"href":"https:\/\/camrt.ca\/fr\/wp-json\/wp\/v2\/types\/page"}],"author":[{"embeddable":true,"href":"https:\/\/camrt.ca\/fr\/wp-json\/wp\/v2\/users\/30"}],"replies":[{"embeddable":true,"href":"https:\/\/camrt.ca\/fr\/wp-json\/wp\/v2\/comments?post=47075"}],"version-history":[{"count":0,"href":"https:\/\/camrt.ca\/fr\/wp-json\/wp\/v2\/pages\/47075\/revisions"}],"up":[{"embeddable":true,"href":"https:\/\/camrt.ca\/fr\/wp-json\/wp\/v2\/pages\/9806"}],"wp:attachment":[{"href":"https:\/\/camrt.ca\/fr\/wp-json\/wp\/v2\/media?parent=47075"}],"curies":[{"name":"wp","href":"https:\/\/api.w.org\/{rel}","templated":true}]}}