{"id":47074,"date":"2017-05-02T13:33:12","date_gmt":"2017-05-02T17:33:12","guid":{"rendered":"https:\/\/camrt.wpenginepowered.com\/fr\/?page_id=9729"},"modified":"2017-05-02T13:33:12","modified_gmt":"2017-05-02T17:33:12","slug":"fondation-de-la-dominion-society","status":"publish","type":"page","link":"https:\/\/camrt.ca\/fr\/fondation-de-la-dominion-society\/","title":{"rendered":"Fondation de la Dominion Society"},"content":{"rendered":"<p><a href=\"https:\/\/camrt.wpenginepowered.com\/wp-content\/uploads\/2017\/04\/CSRT-Prov-logo.jpg\"><img loading=\"lazy\" decoding=\"async\" class=\"size-medium wp-image-13382 alignright\" src=\"https:\/\/camrt.wpenginepowered.com\/wp-content\/uploads\/2017\/04\/CSRT-Prov-logo-300x294.jpg\" alt=\"\" width=\"300\" height=\"294\" srcset=\"https:\/\/camrt.ca\/wp-content\/uploads\/2017\/04\/CSRT-Prov-logo-300x294.jpg 300w, https:\/\/camrt.ca\/wp-content\/uploads\/2017\/04\/CSRT-Prov-logo.jpg 498w\" sizes=\"auto, (max-width: 300px) 100vw, 300px\" \/><\/a>L\u2019histoire de ceux et celles qui font fonctionner les diff\u00e9rents appareils qui \u00e9mettent des rayons\u00a0X remonte virtuellement jusqu\u2019\u00e0 la d\u00e9couverte faite par Wilhelm Roentgen en 1895. Au panth\u00e9on des innovations, la d\u00e9couverte des rayons\u00a0X doit s\u00fbrement compter parmi celles qui ont \u00e9t\u00e9 adopt\u00e9es le plus rapidement, puisque les m\u00e9decins de tous les continents n\u2019ont mis que quelques mois \u00e0 utiliser cette nouvelle technologie dans leurs cabinets. La vitesse de propagation de la technologie a entra\u00een\u00e9 celle du personnel form\u00e9 pour son utilisation.<\/p>\n<p>Un radiographe manitobain du nom de Claude Bodle allait \u00eatre le pionnier de l&rsquo;organisation des TRM au Canada. Apr\u00e8s avoir \u00e9t\u00e9 \u00e9lu pr\u00e9sident de l&rsquo;ASXT, M. Bodle a fond\u00e9 la Western Society of Radiographers (qui est devenue plus tard la MAMRT) en 1929. En tant que dirigeant de cette organisation, M. Bodle a \u00e9galement jou\u00e9 un r\u00f4le d\u00e9terminant dans la fondation de la Dominion Society, dont il est devenu le premier pr\u00e9sident \u00e9lu.<\/p>\n<p>Avec les techniciens en radiologie de l&rsquo;Ontario (qui devint le si\u00e8ge de la deuxi\u00e8me soci\u00e9t\u00e9 de radiographie du Canada), les radiographes du Manitoba se rendirent compte du vaste potentiel de la profession dans tout le pays et de la n\u00e9cessit\u00e9 d&rsquo;une organisation au niveau national. Un groupe de dirigeants partageant les m\u00eames id\u00e9es met sur pied un comit\u00e9 d&rsquo;organisation nationale, dont Ethel Pugen de Toronto \u00e9tait la pr\u00e9sidente, et pr\u00e9sent\u00e9 des plans et un projet de constitution \u00e0 l\u2019Association m\u00e9dicale canadienne et \u00e0 l\u2019Association canadienne des radiologistes \u00e0 leur r\u00e9union conjointe de 1938. Les deux organisations ont endoss\u00e9 l\u2019initiative et le Dr\u00a0William McGuffin a \u00e9t\u00e9 d\u00e9sign\u00e9 pour diriger le \u00ab\u00a0Comit\u00e9 des techniciens\u00a0\u00bb de l\u2019ACR.<\/p>\n<p>La premi\u00e8re \u00e9tape de l\u2019organisation nationale consistait \u00e0 s\u2019\u00e9tablir dans les autres provinces. Au cours des cinq ann\u00e9es qui ont suivi, des associations provinciales sont apparues \u00e0 travers le Canada\u00a0: Alberta, Saskatchewan, Qu\u00e9bec, Nouveau-Brunswick et Nouvelle-\u00c9cosse en 1940; Colombie-Britannique en 1943.<\/p>\n<p>La premi\u00e8re r\u00e9union du conseil d\u2019administration de la Dominion Society a \u00e9t\u00e9 tenue \u00e0 Toronto en 1942; elle a permis d\u2019\u00e9tablir les exigences d\u2019adh\u00e9sion et de jeter les bases de l\u2019agr\u00e9ment. Un protocole d\u2019entente a \u00e9galement \u00e9t\u00e9 r\u00e9dig\u00e9 et une demande de Charte du Dominion afin de former la Soci\u00e9t\u00e9 canadienne des techniciens en radiologie (SCTR). La Charte du Dominion de la SCTR a finalement \u00e9t\u00e9 accord\u00e9e en mai 1943 aux membres fondateurs, le Dr William Colbeck (radiologiste, Welland, Ontario); son \u00e9pouse, Sadie Storm (Welland, Ontario); George Reason (Toronto, Ontario); Mary Cameron (Hamilton, Ontario); Claude Bodle (Winnipeg, Manitoba); Rosemary O\u2019Hagen (Montr\u00e9al, Qu\u00e9bec); et le Dr\u00a0Herbert McGuffin (radiologiste, Calgary, Alberta).<\/p>\n<p>Les associations membres en 1943 \u00e9taient celles de la Colombie-Britannique, de l\u2019Alberta, de la Saskatchewan, du Manitoba, de l\u2019Ontario, du Qu\u00e9bec, du Nouveau-Brunswick et de la Nouvelle-\u00c9cosse.<\/p>\n<p>\u00c0 partir de ce moment, la progression a \u00e9t\u00e9 rapide, avec la premi\u00e8re assembl\u00e9e g\u00e9n\u00e9rale annuelle de la SCTR en septembre 1943, l\u2019adoption d\u2019un \u00e9cusson et d\u2019une devise (\u00ab\u00a0Scientia et mores\u00a0\u00bb, ce qui signifie \u00ab\u00a0Connaissances et \u00e9thique\u00a0\u00bb) pour la Soci\u00e9t\u00e9, et le lancement en 1944 d\u2019une publication nationale\u00a0: <em>The Focal Spot<\/em> (note\u00a0: <em>The Focal Spot<\/em> \u00e9tait une \u00e9volution d\u2019une publication ant\u00e9rieure de la Soci\u00e9t\u00e9 de l\u2019Ontario, <em>The Radiographer<\/em>).<\/p>\n","protected":false},"excerpt":{"rendered":"<p>L\u2019histoire de ceux et celles qui font fonctionner les diff\u00e9rents appareils qui \u00e9mettent des rayons\u00a0X remonte virtuellement jusqu\u2019\u00e0 la d\u00e9couverte faite par Wilhelm Roentgen en 1895. Au panth\u00e9on des innovations, [&hellip;]<\/p>\n","protected":false},"author":30,"featured_media":0,"parent":0,"menu_order":0,"comment_status":"closed","ping_status":"closed","template":"","meta":{"_monsterinsights_skip_tracking":false,"_monsterinsights_sitenote_active":false,"_monsterinsights_sitenote_note":"","_monsterinsights_sitenote_category":0,"footnotes":""},"class_list":["post-47074","page","type-page","status-publish","hentry"],"_links":{"self":[{"href":"https:\/\/camrt.ca\/fr\/wp-json\/wp\/v2\/pages\/47074","targetHints":{"allow":["GET"]}}],"collection":[{"href":"https:\/\/camrt.ca\/fr\/wp-json\/wp\/v2\/pages"}],"about":[{"href":"https:\/\/camrt.ca\/fr\/wp-json\/wp\/v2\/types\/page"}],"author":[{"embeddable":true,"href":"https:\/\/camrt.ca\/fr\/wp-json\/wp\/v2\/users\/30"}],"replies":[{"embeddable":true,"href":"https:\/\/camrt.ca\/fr\/wp-json\/wp\/v2\/comments?post=47074"}],"version-history":[{"count":0,"href":"https:\/\/camrt.ca\/fr\/wp-json\/wp\/v2\/pages\/47074\/revisions"}],"wp:attachment":[{"href":"https:\/\/camrt.ca\/fr\/wp-json\/wp\/v2\/media?parent=47074"}],"curies":[{"name":"wp","href":"https:\/\/api.w.org\/{rel}","templated":true}]}}