{"id":47072,"date":"2017-03-28T15:44:53","date_gmt":"2017-03-28T19:44:53","guid":{"rendered":"https:\/\/camrt.wpenginepowered.com\/fr\/?page_id=9516"},"modified":"2025-12-08T14:19:41","modified_gmt":"2025-12-08T19:19:41","slug":"sondage-sur-les-ressources-humaines","status":"publish","type":"page","link":"https:\/\/camrt.ca\/fr\/profession-de-trm\/recherche-sur-la-profession-de-trm\/sondage-sur-les-ressources-humaines\/","title":{"rendered":"Sondage sur les ressources humaines"},"content":{"rendered":"<p>En 2015, l&rsquo;ACTRM a \u00e9labor\u00e9 et men\u00e9 une enqu\u00eate sur les ressources humaines des installations d&rsquo;imagerie m\u00e9dicale et de radioth\u00e9rapie dans tout le pays. L&rsquo;ACTRM a men\u00e9 le m\u00eame sondage (avec quelques ajustements) en 2017. Le but de ce sondage \u00e9tait de donner \u00e0 la communaut\u00e9 des technologues en radiation m\u00e9dicale (TRM) une meilleure vue d\u2019ensemble des exigences actuelles et pr\u00e9vues en mati\u00e8re de ressources humaines dans leur domaine respectif.<\/p>\n<p><strong>Sondage 2017<\/strong><\/p>\n<p><a href=\"https:\/\/camrt.ca\/wp-content\/uploads\/2019\/07\/CAMRT-HHR-Survey-Report-2017-FR.pdf\" target=\"_blank\" rel=\"noopener\">Rapport complet<\/a><\/p>\n<p><a href=\"https:\/\/camrt.ca\/wp-content\/uploads\/2019\/07\/CAMRT-HHR-Survey-Report-2017-Exec-Summary-FR.pdf\" target=\"_blank\" rel=\"noopener\">Sommaire ex\u00e9cutif<\/a><\/p>\n<p>&nbsp;<\/p>\n<p><strong>Sondage 2015<\/strong><\/p>\n<p><a href=\"https:\/\/camrt.ca\/wp-content\/uploads\/2017\/03\/CAMRT-2015-MRT-HR-Survey-Report_FR.pdf\" target=\"_blank\" rel=\"noopener noreferrer\">Rapport complet<\/a><\/p>\n<p><a href=\"https:\/\/camrt.ca\/wp-content\/uploads\/2017\/03\/CAMRT-2015-MRT-HR-Survey-Exec-Summary_FR.pdf\" target=\"_blank\" rel=\"noopener noreferrer\">Sommaire ex\u00e9cutif<\/a><\/p>\n","protected":false},"excerpt":{"rendered":"<p>En 2015, l&rsquo;ACTRM a \u00e9labor\u00e9 et men\u00e9 une enqu\u00eate sur les ressources humaines des installations d&rsquo;imagerie m\u00e9dicale et de radioth\u00e9rapie dans tout le pays. L&rsquo;ACTRM a men\u00e9 le m\u00eame sondage [&hellip;]<\/p>\n","protected":false},"author":30,"featured_media":0,"parent":47122,"menu_order":0,"comment_status":"closed","ping_status":"closed","template":"","meta":{"_monsterinsights_skip_tracking":false,"_monsterinsights_sitenote_active":false,"_monsterinsights_sitenote_note":"","_monsterinsights_sitenote_category":0,"footnotes":""},"class_list":["post-47072","page","type-page","status-publish","hentry"],"_links":{"self":[{"href":"https:\/\/camrt.ca\/fr\/wp-json\/wp\/v2\/pages\/47072","targetHints":{"allow":["GET"]}}],"collection":[{"href":"https:\/\/camrt.ca\/fr\/wp-json\/wp\/v2\/pages"}],"about":[{"href":"https:\/\/camrt.ca\/fr\/wp-json\/wp\/v2\/types\/page"}],"author":[{"embeddable":true,"href":"https:\/\/camrt.ca\/fr\/wp-json\/wp\/v2\/users\/30"}],"replies":[{"embeddable":true,"href":"https:\/\/camrt.ca\/fr\/wp-json\/wp\/v2\/comments?post=47072"}],"version-history":[{"count":0,"href":"https:\/\/camrt.ca\/fr\/wp-json\/wp\/v2\/pages\/47072\/revisions"}],"up":[{"embeddable":true,"href":"https:\/\/camrt.ca\/fr\/wp-json\/wp\/v2\/pages\/47122"}],"wp:attachment":[{"href":"https:\/\/camrt.ca\/fr\/wp-json\/wp\/v2\/media?parent=47072"}],"curies":[{"name":"wp","href":"https:\/\/api.w.org\/{rel}","templated":true}]}}