{"id":47069,"date":"2016-10-12T11:26:13","date_gmt":"2016-10-12T15:26:13","guid":{"rendered":"https:\/\/camrt.wpenginepowered.com\/fr\/?page_id=9085"},"modified":"2016-10-12T11:26:13","modified_gmt":"2016-10-12T15:26:13","slug":"prix-de-la-defense-des-interets-de-base","status":"publish","type":"page","link":"https:\/\/camrt.ca\/fr\/prix-de-la-defense-des-interets-de-base\/","title":{"rendered":"Formulaire de mise en candidature au Prix de la d\u00e9fense des int\u00e9r\u00eats de base"},"content":{"rendered":"<form method=\"post\" enctype=\"multipart\/form-data\" id=\"vfbp-form-27\" class=\"vfbp-form\"><div style=\"display:none;\"><label for=\"vfbp-EMAIL-AN8fuQyoDLXem\">Si vous \u00eates humain, laissez ce champ vide.<\/label><input size=\"25\" autocomplete=\"off\" type=\"text\" name=\"vfbp-EMAIL-AN8fuQyoDLXem\" value=\"\" id=\"\"><\/div><input type=\"hidden\" name=\"_vfb-timestamp-27\" value=\"1776404824\" id=\"\"><input type=\"hidden\" name=\"_vfb-form-id\" value=\"27\" id=\"\"><\/form>\n","protected":false},"excerpt":{"rendered":"","protected":false},"author":30,"featured_media":0,"parent":0,"menu_order":0,"comment_status":"closed","ping_status":"closed","template":"","meta":{"_monsterinsights_skip_tracking":false,"_monsterinsights_sitenote_active":false,"_monsterinsights_sitenote_note":"","_monsterinsights_sitenote_category":0,"footnotes":""},"class_list":["post-47069","page","type-page","status-publish","hentry"],"_links":{"self":[{"href":"https:\/\/camrt.ca\/fr\/wp-json\/wp\/v2\/pages\/47069","targetHints":{"allow":["GET"]}}],"collection":[{"href":"https:\/\/camrt.ca\/fr\/wp-json\/wp\/v2\/pages"}],"about":[{"href":"https:\/\/camrt.ca\/fr\/wp-json\/wp\/v2\/types\/page"}],"author":[{"embeddable":true,"href":"https:\/\/camrt.ca\/fr\/wp-json\/wp\/v2\/users\/30"}],"replies":[{"embeddable":true,"href":"https:\/\/camrt.ca\/fr\/wp-json\/wp\/v2\/comments?post=47069"}],"version-history":[{"count":0,"href":"https:\/\/camrt.ca\/fr\/wp-json\/wp\/v2\/pages\/47069\/revisions"}],"wp:attachment":[{"href":"https:\/\/camrt.ca\/fr\/wp-json\/wp\/v2\/media?parent=47069"}],"curies":[{"name":"wp","href":"https:\/\/api.w.org\/{rel}","templated":true}]}}