{"id":47056,"date":"2015-02-06T06:36:16","date_gmt":"2015-02-06T11:36:16","guid":{"rendered":"https:\/\/camrt.wpenginepowered.com\/fr\/?page_id=5784"},"modified":"2015-02-06T06:36:16","modified_gmt":"2015-02-06T11:36:16","slug":"service-affichage-en-ligne","status":"publish","type":"page","link":"https:\/\/camrt.ca\/fr\/profession-de-trm\/ressources-professionnelles\/service-affichage-en-ligne\/","title":{"rendered":"Banque d&#8217;emplois en ligne \u2013 Employeurs"},"content":{"rendered":"<h2>Soumettre une annonce dans la banque d&#8217;emplois<\/h2>\n<p>La banque d&#8217;emplois en ligne de l&rsquo;ACTRM offre aux employeurs la possibilit\u00e9 de recruter des membres de l&rsquo;ACTRM hautement qualifi\u00e9s et recherch\u00e9s pour des postes disponibles en technologie de radiation m\u00e9dicale. Les postes peuvent \u00eatre affich\u00e9s partout au Canada ou \u00e0 l&rsquo;\u00e9tranger.<\/p>\n<p>&nbsp;<\/p>\n<p><strong>Co\u00fbt<\/strong><\/p>\n<p>L&rsquo;ACTRM a r\u00e9cemment adopt\u00e9 un service de paiement \u00e0 l&rsquo;affichage. Chaque affichage co\u00fbte <strong>100 $<\/strong>, plus les taxes (en dollars canadiens).<\/p>\n<p>&nbsp;<\/p>\n<p><strong>D\u00e9tails<\/strong><\/p>\n<ul>\n<li>Chaque soumission doit concerner une seule offre d&#8217;emploi. (Un titre de poste avec une description de poste par annonce, par site). Les annonces portant sur divers postes sur divers sites ne seront pas accept\u00e9es. Les annonces recrutant pour plus d&rsquo;un m\u00eame poste sur le m\u00eame site seront accept\u00e9es.<\/li>\n<li>Votre annonce sera affich\u00e9e jusqu&rsquo;\u00e0 la date limite de candidature indiqu\u00e9e ou pendant un maximum de 60 jours, la date la plus proche \u00e9tant retenue.<\/li>\n<li>Veuillez soumettre un formulaire par affichage.<\/li>\n<li>Les annonces peuvent concerner n&rsquo;importe quel endroit au Canada ou \u00e0 l&rsquo;\u00e9tranger.<\/li>\n<li>Veuillez pr\u00e9voir de 1 \u00e0 3 jours pour que les annonces soient mises en ligne sur notre site Web.<\/li>\n<\/ul>\n<p><strong>Veuillez remplir et renvoyer le formulaire ci-dessous.<\/strong><\/p>\n<p>&nbsp;<\/p>\n<h2>NOUVEAU! Envoi bihebdomadaire d&rsquo;offres d&#8217;emploi par courriel aux membres de l&rsquo;AB, de la C.-B., du MB ou de la r\u00e9gion de l&rsquo;Atlantique<\/h2>\n<p>Attirez l&rsquo;attention sur votre offre d&#8217;emploi. Incluez votre offre d&#8217;emploi dans notre nouveau courriel bihebdomadaire sur les emplois vedettes destin\u00e9 aux membres de l&rsquo;ACTRM-AB, de l&rsquo;ACTRM-BC, de l&rsquo;ACTRM-MB ou de l&rsquo;ACTRM-ATL (Nouvelle-\u00c9cosse, Nouveau-Brunswick, \u00cele-du-Prince-\u00c9douard et Terre-Neuve-et-Labrador). Ce courriel de type bulletin sera envoy\u00e9 aux membres de l&rsquo;ACTRM dans les r\u00e9gions sp\u00e9cifi\u00e9es.<\/p>\n<p><strong>Co\u00fbt<\/strong><\/p>\n<p>L&rsquo;inscription dans le courriel bihebdomadaire sur les emplois vedettes co\u00fbte <strong>200 $<\/strong>, plus taxes (en dollars canadiens), par r\u00e9gion.<\/p>\n<p>&nbsp;<\/p>\n<h5><a href=\"https:\/\/camrt.ca\/wp-content\/uploads\/2023\/09\/BANQUE-DEMPLOIS-DE-LACTRM_2023_.pdf\" target=\"_blank\" class=\"dt-sc-button   large\">FORMULAIRE D&rsquo;AFFICHAGE DE POSTE<\/a><div class=\"dt-sc-clear\"><\/div><\/h5>\n<p>&nbsp;<\/p>\n<h5><strong>Options de paiement<\/strong><\/h5>\n<p>Les annonces d&#8217;emploi peuvent \u00eatre pay\u00e9es par carte de cr\u00e9dit (Visa ou MasterCard) en remplissant le formulaire ci-dessus.<\/p>\n<p>&nbsp;<\/p>\n<h5><strong>Vous avez des questions?<\/strong><\/h5>\n<p>Si vous avez besoin d&rsquo;aide, veuillez contacter notre \u00e9quipe d&rsquo;adh\u00e9sion \u00e0 <a href=\"mailto:info@camrt.ca\">info@camrt.ca <\/a>.<\/p>\n<div class='dt-sc-hr'><\/div>\n<h2>Chercheurs d&#8217;emploi<\/h2>\n<p>Si vous \u00eates membre de l&rsquo;ACTRM et \u00eates \u00e0 la recherche d&rsquo;un emploi ou de ressources d\u2019orientation professionnelle, cliquez sur <a href=\"https:\/\/ww2.camrt.ca\/my-career\/?lang=FR\">Ma Carri\u00e8re <\/a>(vous devez ouvrir une session) pour visualiser la liste actuelle des occasions d&#8217;emploi et pour acc\u00e9der \u00e0 des ressources.<\/p>\n<p>&nbsp;<\/p>\n","protected":false},"excerpt":{"rendered":"<p>Soumettre une annonce dans la banque d&#8217;emplois La banque d&#8217;emplois en ligne de l&rsquo;ACTRM offre aux employeurs la possibilit\u00e9 de recruter des membres de l&rsquo;ACTRM hautement qualifi\u00e9s et recherch\u00e9s pour [&hellip;]<\/p>\n","protected":false},"author":30,"featured_media":0,"parent":47036,"menu_order":0,"comment_status":"open","ping_status":"open","template":"tpl-header2.php","meta":{"_monsterinsights_skip_tracking":false,"_monsterinsights_sitenote_active":false,"_monsterinsights_sitenote_note":"","_monsterinsights_sitenote_category":0,"footnotes":""},"class_list":["post-47056","page","type-page","status-publish","hentry"],"_links":{"self":[{"href":"https:\/\/camrt.ca\/fr\/wp-json\/wp\/v2\/pages\/47056","targetHints":{"allow":["GET"]}}],"collection":[{"href":"https:\/\/camrt.ca\/fr\/wp-json\/wp\/v2\/pages"}],"about":[{"href":"https:\/\/camrt.ca\/fr\/wp-json\/wp\/v2\/types\/page"}],"author":[{"embeddable":true,"href":"https:\/\/camrt.ca\/fr\/wp-json\/wp\/v2\/users\/30"}],"replies":[{"embeddable":true,"href":"https:\/\/camrt.ca\/fr\/wp-json\/wp\/v2\/comments?post=47056"}],"version-history":[{"count":0,"href":"https:\/\/camrt.ca\/fr\/wp-json\/wp\/v2\/pages\/47056\/revisions"}],"up":[{"embeddable":true,"href":"https:\/\/camrt.ca\/fr\/wp-json\/wp\/v2\/pages\/47036"}],"wp:attachment":[{"href":"https:\/\/camrt.ca\/fr\/wp-json\/wp\/v2\/media?parent=47056"}],"curies":[{"name":"wp","href":"https:\/\/api.w.org\/{rel}","templated":true}]}}