{"id":47052,"date":"2015-02-05T19:14:51","date_gmt":"2015-02-06T00:14:51","guid":{"rendered":"https:\/\/camrt.wpenginepowered.com\/fr\/?page_id=5755"},"modified":"2015-02-05T19:14:51","modified_gmt":"2015-02-06T00:14:51","slug":"pratique-avancee","status":"publish","type":"page","link":"https:\/\/camrt.ca\/fr\/profession-de-trm\/pratique-avancee\/","title":{"rendered":"La pratique avanc\u00e9e"},"content":{"rendered":"<h4><strong>Contexte canadien<\/strong><\/h4>\n<p>L\u2019Association canadienne des technologues en radiation m\u00e9dicale (ACTRM) croit fermement qu\u2019il y a une place pour la pratique avanc\u00e9e en TRM au Canada.<\/p>\n<p>Depuis 2010, l\u2019ACTRM a port\u00e9 au rang de ses priorit\u00e9s la pratique avanc\u00e9e en TRM. Un symposium multidisciplinaire tenu en novembre de la m\u00eame ann\u00e9e, avait \u00e9t\u00e9 consacr\u00e9 \u00e0 la pratique avanc\u00e9e en TRM dans un contexte canadien. Des d\u00e9l\u00e9gu\u00e9s des organismes de TRM et des repr\u00e9sentants de diff\u00e9rentes professions des soins de sant\u00e9 s\u2019\u00e9taient r\u00e9unis pour discuter des possibilit\u00e9s et des d\u00e9fis auxquels faisaient face les TRM dans leur d\u00e9sir d\u2019instaurer la pratique avanc\u00e9e. On avait notamment discut\u00e9 de la formation, des comp\u00e9tences, de l\u2019augmentation des soins aux patients et de la r\u00e8glementation. \u00c0 la suite du colloque, un mandat clair avait \u00e9t\u00e9 confi\u00e9 \u00e0 l\u2019ACTRM :<\/p>\n<ul class='dt-sc-fancy-list   rounded-arrow'>\n<li>D\u00e9finir la pratique avanc\u00e9e en TRM dans un contexte canadien<\/li>\n<li>\u00c9laborer des modalit\u00e9s d\u2019agr\u00e9ment des professionnels de la pratique avanc\u00e9e<\/li>\n<\/ul>\n<p>Deux projets compl\u00e9mentaires ont \u00e9t\u00e9 mis sur pied \u00e0 partir de ce mandat : le plan-cadre de pratique avanc\u00e9e et l\u2019agr\u00e9ment en mati\u00e8re de pratique avanc\u00e9e. Les deux initiatives constituent des \u00e9tapes importantes vers la d\u00e9finition des r\u00f4les en pratique avanc\u00e9e pour les professions de la TRM de l\u2019ensemble du pays.<\/p>\n<p>La pratique avanc\u00e9e est une \u00e9volution transformatrice pour la profession de TRM. L\u2019\u00e9laboration de r\u00f4les avanc\u00e9s parall\u00e8lement \u00e0 la pratique existante offre le potentiel d\u2019influer positivement sur les soins aux patients en technologie de la radiation m\u00e9dicale en am\u00e9liorant l\u2019acc\u00e8s et en cr\u00e9ant l\u2019efficacit\u00e9 des syst\u00e8mes. Elle profitera \u00e0 tous les gens de la profession en \u00e9largissant les horizons professionnels et en rehaussant la r\u00e9putation de la profession. Nous encourageons tous les membres \u00e0 se joindre \u00e0 nous dans la poursuite de cet objectif. En s\u2019unissant dans une compr\u00e9hension commune et en travaillant ensemble avec l\u2019ACTRM pour \u00e9tablir les bases des r\u00f4les, les TRM deviendront des champions pr\u00e9cieux de la pratique avanc\u00e9e au Canada.<\/p>\n<div class=\"dt-sc-toggle-frame\"><h5 class='dt-sc-toggle'><a href='#'>Le plan-cadre de pratique avanc\u00e9e<\/a><\/h5><div class=\"dt-sc-toggle-content\" style=\"display: none;\"><div class=\"block\">Le plan-cadre de pratique avanc\u00e9e de l\u2019ACTRM fournit une d\u00e9finition de la pratique avanc\u00e9e en TRM au Canada. Il vise \u00e0 \u00e9tablir une compr\u00e9hension globale de l\u2019expression \u00ab pratique avanc\u00e9e \u00bb chez les TRM canadiens. Il le fait par un d\u00e9bat sur les principes et les concepts de haut niveau que l\u2019on peut appliquer \u00e0 une profession aussi vaste que celle de TRM. Il est \u00e0 souhaiter que ceux qui s\u2019int\u00e9ressent \u00e0 l\u2019application de la pratique avanc\u00e9e dans l\u2019ensemble du pays y trouvent un langage commun et un cadre conceptuel pour faire progresser le d\u00e9bat aux niveaux institutionnels, \u00e9ducationnels et gouvernementaux.\nLa d\u00e9finition du terme \u00ab pratique avanc\u00e9e \u00bb est au c\u0153ur du document. Le reste du document vise \u00e0 pr\u00e9senter le contexte de la pratique avanc\u00e9e au Canada et \u00e0 \u00e9largir les concepts abord\u00e9s par la d\u00e9finition. Les sections qui pr\u00e9c\u00e8dent la d\u00e9finition abordent bri\u00e8vement l\u2019historique de la pratique avanc\u00e9e et pr\u00e9sentent une justification de son int\u00e9gration aux soins de sant\u00e9. Les sections qui suivent la d\u00e9finition isolent les diff\u00e9rents \u00e9l\u00e9ments et les approfondissent en fonction du contexte canadien des soins de sant\u00e9.<\/p>\n<p>Il a \u00e9t\u00e9 d\u00e9cid\u00e9 d\u2019\u00e9viter de recenser et d\u2019\u00e9num\u00e9rer des t\u00e2ches propres \u00e0 la pratique avanc\u00e9e dans le plan-cadre. L\u2019\u00e9volution continuelle de la pratique en TRM et les diff\u00e9rences dans la pratique entre les provinces canadiennes font en sorte qu\u2019il devient difficile de trouver des exemples fixes dans le temps et pouvant s\u2019appliquer \u00e0 l\u2019\u00e9chelle nationale. Les exemples cit\u00e9s servent plut\u00f4t \u00e0 illustrer et \u00e0 faire ressortir les principes de haut niveau de la pratique avanc\u00e9e tels qu\u2019ils ont \u00e9t\u00e9 appliqu\u00e9s jusqu\u2019\u00e0 pr\u00e9sent.<\/p>\n<p><a href=\"https:\/\/camrt.ca\/wp-content\/uploads\/2015\/02\/PATR.png\"><img loading=\"lazy\" decoding=\"async\" class=\"alignnone size-medium wp-image-6108\" src=\"https:\/\/camrt.ca\/wp-content\/uploads\/2015\/02\/PATR-300x76.png\" alt=\"Pratique avanc\u00e9e en technologie de radiation m\u00e9dicale\" width=\"300\" height=\"76\" \/><\/a><\/p>\n<table>\n<tbody>\n<tr>\n<td><a href=\"\/fr\/wp-content\/uploads\/sites\/3\/2015\/02\/Pratique-avancee-en-TRM_Sommaire-executif.pdf\" target=\"_blank\" rel=\"noopener noreferrer\">Sommaire ex\u00e9cutif (PDF)<\/a><\/td>\n<\/tr>\n<tr>\n<td><a href=\"\/fr\/wp-content\/uploads\/sites\/3\/2015\/02\/Pratique-avancee-en-TRM.pdf\" target=\"_blank\" rel=\"noopener noreferrer\">Plan-cadre complet (PDF)<\/a><\/td>\n<\/tr>\n<tr>\n<td><sub>NOTE : <em>Les utilisateurs de Mozilla Firefox peuvent avoir des probl\u00e8mes \u00e0 voir ces fichiers PDF dans ce navigateur. Pour de meilleurs r\u00e9sultats, essayez un autre navigateur (ex. : Internet Explorer, Chrome) ou t\u00e9l\u00e9charger le fichier PDF.<\/em><\/sub><\/td>\n<\/tr>\n<\/tbody>\n<\/table><\/div><\/div><\/div>\n<div class=\"dt-sc-toggle-frame\"><h5 class='dt-sc-toggle'><a href='#'>Processus de certification en pratique avanc\u00e9e - Contexte<\/a><\/h5><div class=\"dt-sc-toggle-content\" style=\"display: none;\"><div class=\"block\">Avec le succ\u00e8s remport\u00e9 par l\u2019initiative de sp\u00e9cialiste clinique en radioth\u00e9rapie (CSRT) en Ontario, la pratique avanc\u00e9e en radioth\u00e9rapie est devenue une priorit\u00e9 premi\u00e8re et une \u00e9tude de cas pour la cr\u00e9ation d\u2019un processus de certification en pratique avanc\u00e9e de l\u2019ACTRM. L\u2019ACTRM travaille depuis un certain nombre d\u2019ann\u00e9es \u00e0 l\u2019\u00e9tablissement d\u2019un processus de certification des TRM qui pratiquent \u00e0 un niveau avanc\u00e9 de la radioth\u00e9rapie.<\/p>\n<p>Depuis le d\u00e9but, ce processus \u00e9tait ax\u00e9 sur les comp\u00e9tences. Les comp\u00e9tences avanc\u00e9es \u00e9taient d\u00e9termin\u00e9es avec les CSRT en exercice et ensuite valid\u00e9es \u00e0 l\u2019\u00e9chelle nationale. \u00c0 partir de ce profil de comp\u00e9tences valid\u00e9 \u00e0 l\u2019\u00e9chelle nationale, nous avons entrepris la planification d\u2019un processus afin d\u2019\u00e9valuer et de concevoir une structure en trois \u00e9tapes pour proc\u00e9der \u00e0 une \u00e9valuation globale des praticiens avanc\u00e9s fond\u00e9e sur l\u2019examen du portfolio, les cas soumis et un examen oral. Ensuite, des mod\u00e8les, des documents et des examens ont \u00e9t\u00e9 cr\u00e9\u00e9s et le processus de certification \u00e0 trois \u00e9tapes a \u00e9t\u00e9 mis \u00e0 l\u2019essai d\u2019ao\u00fbt 2015 \u00e0 mai 2017. Les trois candidates ont franchi les trois \u00e9tapes du processus de certification et ont \u00e9galement eu l\u2019honneur d\u2019\u00eatre les premi\u00e8res TRM au Canada \u00e0 pouvoir ajouter la d\u00e9signation APRT(T) \u00e0 leur nom. (<a href=\"https:\/\/camrt.wpenginepowered.com\/fr\/nouvelle-certification-de-pratique-avancee-en-radiotherapie\/\" target=\"_blank\" rel=\"noopener\">Communiqu\u00e9 de presse : R\u00e9alisation du programme pilote de certification en pratique avanc\u00e9e de la radioth\u00e9rapie<\/a>.)<\/p>\n<p>\u00c0 la suite du succ\u00e8s remport\u00e9 par ce programme pilote, l\u2019ACTRM a rendu le processus de certification APRT(T) accessible aux candidats en radioth\u00e9rapie.<\/p>\n<p>L\u2019ACTRM pr\u00e9voit \u00e9galement que le processus cr\u00e9\u00e9 pour la radioth\u00e9rapie servira de base \u00e0 un processus national de certification en pratique avanc\u00e9e dans d\u2019autres disciplines de la TRM lorsque des r\u00f4les de pratique avanc\u00e9e feront leur apparition.<\/div><\/div><\/div>\n","protected":false},"excerpt":{"rendered":"<p>Contexte canadien L\u2019Association canadienne des technologues en radiation m\u00e9dicale (ACTRM) croit fermement qu\u2019il y a une place pour la pratique avanc\u00e9e en TRM au Canada. Depuis 2010, l\u2019ACTRM a port\u00e9 [&hellip;]<\/p>\n","protected":false},"author":30,"featured_media":0,"parent":47020,"menu_order":0,"comment_status":"open","ping_status":"open","template":"tpl-header2.php","meta":{"_monsterinsights_skip_tracking":false,"_monsterinsights_sitenote_active":false,"_monsterinsights_sitenote_note":"","_monsterinsights_sitenote_category":0,"footnotes":""},"class_list":["post-47052","page","type-page","status-publish","hentry"],"_links":{"self":[{"href":"https:\/\/camrt.ca\/fr\/wp-json\/wp\/v2\/pages\/47052","targetHints":{"allow":["GET"]}}],"collection":[{"href":"https:\/\/camrt.ca\/fr\/wp-json\/wp\/v2\/pages"}],"about":[{"href":"https:\/\/camrt.ca\/fr\/wp-json\/wp\/v2\/types\/page"}],"author":[{"embeddable":true,"href":"https:\/\/camrt.ca\/fr\/wp-json\/wp\/v2\/users\/30"}],"replies":[{"embeddable":true,"href":"https:\/\/camrt.ca\/fr\/wp-json\/wp\/v2\/comments?post=47052"}],"version-history":[{"count":0,"href":"https:\/\/camrt.ca\/fr\/wp-json\/wp\/v2\/pages\/47052\/revisions"}],"up":[{"embeddable":true,"href":"https:\/\/camrt.ca\/fr\/wp-json\/wp\/v2\/pages\/47020"}],"wp:attachment":[{"href":"https:\/\/camrt.ca\/fr\/wp-json\/wp\/v2\/media?parent=47052"}],"curies":[{"name":"wp","href":"https:\/\/api.w.org\/{rel}","templated":true}]}}