{"id":47050,"date":"2015-02-05T07:09:46","date_gmt":"2015-02-05T12:09:46","guid":{"rendered":"https:\/\/camrt.wpenginepowered.com\/fr\/?page_id=5730"},"modified":"2015-02-05T07:09:46","modified_gmt":"2015-02-05T12:09:46","slug":"diversite","status":"publish","type":"page","link":"https:\/\/camrt.ca\/fr\/a-propos-de-lactrm\/gouvernance\/diversite\/","title":{"rendered":"\u00c9nonc\u00e9 sur la diversit\u00e9"},"content":{"rendered":"<h2>L\u2019inclusion et la diversit\u00e9<\/h2>\n<span class='dt-sc-pullquote1 quotes alignleft'> \u00ab\u00a0La diversit\u00e9 n\u2019insiste pas sur les diff\u00e9rences. Elle consiste \u00e0 accueillir l\u2019unicit\u00e9 de l\u2019autre.\u00a0\u00bb \u2013 Ola Joseph <\/span>\n<p>En 2010, l\u2019ACTRM a lanc\u00e9 une initiative sur l\u2019inclusion et la diversit\u00e9 dans le but de c\u00e9l\u00e9brer les diff\u00e9rences au sein de ses membres et de les encourager \u00e0 r\u00e9fl\u00e9chir \u00e0 l\u2019importance de la culture, de la religion, des politiques, de l\u2019orientation sexuelle, de l\u2019ethnicit\u00e9, de la langue et m\u00eame de l\u2019\u00e2ge.\u00a0L\u2019initiative a \u00e9t\u00e9 mise en place sous la direction d\u2019une championne, l\u2019ex-pr\u00e9sidente Fiona Mitchell.<\/p>\n<p>En novembre 2012, le Conseil d\u2019administration de l\u2019ACTRM a fi\u00e8rement approuv\u00e9 un \u00e9nonc\u00e9 sur l\u2019accent mis sur l\u2019inclusion et la diversit\u00e9 au sein de l\u2019ACTRM. Vous pouvez le lire ci-dessous.<\/p>\n<h2>L\u2019importance de l\u2019inclusion et de la diversit\u00e9 au sein de l\u2019ACTRM<\/h2>\n<p><em>D\u00e9finition r\u00e9sultant d\u2019un d\u00e9bat sur l\u2019inclusion et la diversit\u00e9 tenu lors du congr\u00e8s g\u00e9n\u00e9ral annuel du 9\u00a0juin\u00a02012 et des commentaires du Conseil d\u2019administration de l\u2019ACTRM<\/em><\/p>\n<p>L\u2019ACTRM compte, d\u2019un oc\u00e9an \u00e0 l\u2019autre, plus de 11\u00a0000\u00a0membres aux ant\u00e9c\u00e9dents et orientations diversifi\u00e9s. Mais tous ces membres ont \u00e0 c\u0153ur la sant\u00e9 de leurs patients et offrent au public des services de diagnostic m\u00e9dical et de technologues th\u00e9rapeutiques.<\/p>\n<p>L\u2019initiative de l\u2019ACTRM sur l\u2019inclusion et la diversit\u00e9 c\u00e9l\u00e8bre les diff\u00e9rences entre les personnes et encourage les membres \u00e0 reconna\u00eetre l\u2019importance de la diversit\u00e9, \u00e0 la promouvoir, \u00e0 l\u2019int\u00e9rioriser et \u00e0 tenir compte des diff\u00e9rences, \u00e0 la fois dans les relations avec leurs coll\u00e8gues et dans le cadre des activit\u00e9s professionnelles. Les principaux aspects de la diversit\u00e9 se manifestent dans la culture, la religion, les politiques, l\u2019orientation sexuelle, l\u2019ethnicit\u00e9, la race, le genre, les croyances, la langue, le statut socio-\u00e9conomique, la discipline et l\u2019\u00e2ge.<\/p>\n<p>L\u2019ACTRM respecte la diversit\u00e9 de ses membres et de ses parties int\u00e9ress\u00e9es. Dans un effort pour maximiser l\u2019inclusion et c\u00e9l\u00e9brer notre diversit\u00e9, nous favorisons une culture inclusive au sein de notre association.<\/p>\n","protected":false},"excerpt":{"rendered":"<p>L\u2019inclusion et la diversit\u00e9 En 2010, l\u2019ACTRM a lanc\u00e9 une initiative sur l\u2019inclusion et la diversit\u00e9 dans le but de c\u00e9l\u00e9brer les diff\u00e9rences au sein de ses membres et de les encourager \u00e0 r\u00e9fl\u00e9chir \u00e0 l\u2019importance de la culture, de la religion, des politiques, de l\u2019orientation sexuelle, de l\u2019ethnicit\u00e9, de la langue et m\u00eame de [&hellip;]<\/p>\n","protected":false},"author":30,"featured_media":0,"parent":47017,"menu_order":0,"comment_status":"open","ping_status":"closed","template":"tpl-header2.php","meta":{"_monsterinsights_skip_tracking":false,"_monsterinsights_sitenote_active":false,"_monsterinsights_sitenote_note":"","_monsterinsights_sitenote_category":0,"footnotes":""},"class_list":["post-47050","page","type-page","status-publish","hentry"],"_links":{"self":[{"href":"https:\/\/camrt.ca\/fr\/wp-json\/wp\/v2\/pages\/47050","targetHints":{"allow":["GET"]}}],"collection":[{"href":"https:\/\/camrt.ca\/fr\/wp-json\/wp\/v2\/pages"}],"about":[{"href":"https:\/\/camrt.ca\/fr\/wp-json\/wp\/v2\/types\/page"}],"author":[{"embeddable":true,"href":"https:\/\/camrt.ca\/fr\/wp-json\/wp\/v2\/users\/30"}],"replies":[{"embeddable":true,"href":"https:\/\/camrt.ca\/fr\/wp-json\/wp\/v2\/comments?post=47050"}],"version-history":[{"count":0,"href":"https:\/\/camrt.ca\/fr\/wp-json\/wp\/v2\/pages\/47050\/revisions"}],"up":[{"embeddable":true,"href":"https:\/\/camrt.ca\/fr\/wp-json\/wp\/v2\/pages\/47017"}],"wp:attachment":[{"href":"https:\/\/camrt.ca\/fr\/wp-json\/wp\/v2\/media?parent=47050"}],"curies":[{"name":"wp","href":"https:\/\/api.w.org\/{rel}","templated":true}]}}