{"id":47045,"date":"2015-02-01T13:08:53","date_gmt":"2015-02-01T18:08:53","guid":{"rendered":"https:\/\/camrt.wpenginepowered.com\/fr\/?page_id=5660"},"modified":"2015-02-01T13:08:53","modified_gmt":"2015-02-01T18:08:53","slug":"politique-de-confidentialite","status":"publish","type":"page","link":"https:\/\/camrt.ca\/fr\/politique-de-confidentialite\/","title":{"rendered":"Politique de confidentialit\u00e9"},"content":{"rendered":"<h2>Vos renseignements personnels<\/h2>\n<p>L\u2019ACTRM ne recueille pas de renseignements personnels provenant des visiteurs de son site Web. Notre site est ouvert au grand public et les membres ont acc\u00e8s \u00e0 certaines sections qui leur sont r\u00e9serv\u00e9es et auxquelles ils peuvent acc\u00e9der en indiquant leur nom de famille et leur num\u00e9ro de membre de l\u2019ACTRM. La communication de ces renseignements constitue un mot de passe \u00e0 la section r\u00e9serv\u00e9e aux membres et n\u2019identifie aucunement le membre ou l\u2019utilisateur.<\/p>\n<h2>Renseignements non-personnels<\/h2>\n<p>Le syst\u00e8me d\u2019exploitation de notre site recueille automatiquement des renseignements non personnels sur les visites \u00e0 notre site Web dont l\u2019adresse Internet de l\u2019ordinateur visiteur, la date et l\u2019heure de la visite ainsi que les pages du site consult\u00e9.<\/p>\n<p>Ces renseignements non personnels peuvent \u00eatre utilis\u00e9s pour l\u2019analyse de statistiques internes en vue de rendre notre site Web plus utile aux visiteurs. Nous ne partageons pas ces statistiques avec des tiers et ne relions pas l\u2019information aux donn\u00e9es personnelles que nous recueillons par d\u2019autres m\u00e9thodes.<\/p>\n<h2>Pourriel<\/h2>\n<p>Nous n\u2019envoyons pas de courriel non sollicit\u00e9 ou promotionnel au public ni aux membres de l\u2019ACTRM. Les adresses de courriel qui nous sont communiqu\u00e9es ne sont utilis\u00e9es que pour des communications personnelles ou pour des envois \u00e0 des membres d\u2019un m\u00eame comit\u00e9.<\/p>\n<h2>Liens \u00e0 d\u2019autres sites Web<\/h2>\n<p>La politique de confidentialit\u00e9 de notre site Web s\u2019applique uniquement au site Web de l\u2019ACTRM. Notre site affiche des liens \u00e0 d\u2019autres sites. Si vous vous reliez \u00e0 un autre site par le biais du site Web de l\u2019ACTRM, vous \u00eates assujetti \u00e0 la politique de confidentialit\u00e9 de ce site. Nous vous invitons \u00e0 lire les politiques de confidentialit\u00e9 des autres sites Web, surtout si vous y communiquez des renseignements personnels.<\/p>\n<p>Pour de plus amples renseignements sur la fa\u00e7on dont l\u2019ACTRM traite les renseignements personnels, veuillez consulter notre\u00a0<a href=\"politique-de-protection-renseignements-personnels\">politique de protection\u00a0des renseignements personnels<\/a>.<\/p>\n","protected":false},"excerpt":{"rendered":"<p>Vos renseignements personnels L\u2019ACTRM ne recueille pas de renseignements personnels provenant des visiteurs de son site Web. Notre site est ouvert au grand public et les membres ont acc\u00e8s \u00e0 certaines sections qui leur sont r\u00e9serv\u00e9es et auxquelles ils peuvent acc\u00e9der en indiquant leur nom de famille et leur num\u00e9ro de membre de l\u2019ACTRM. La [&hellip;]<\/p>\n","protected":false},"author":30,"featured_media":0,"parent":0,"menu_order":0,"comment_status":"open","ping_status":"open","template":"tpl-header2.php","meta":{"_monsterinsights_skip_tracking":false,"_monsterinsights_sitenote_active":false,"_monsterinsights_sitenote_note":"","_monsterinsights_sitenote_category":0,"footnotes":""},"class_list":["post-47045","page","type-page","status-publish","hentry"],"_links":{"self":[{"href":"https:\/\/camrt.ca\/fr\/wp-json\/wp\/v2\/pages\/47045","targetHints":{"allow":["GET"]}}],"collection":[{"href":"https:\/\/camrt.ca\/fr\/wp-json\/wp\/v2\/pages"}],"about":[{"href":"https:\/\/camrt.ca\/fr\/wp-json\/wp\/v2\/types\/page"}],"author":[{"embeddable":true,"href":"https:\/\/camrt.ca\/fr\/wp-json\/wp\/v2\/users\/30"}],"replies":[{"embeddable":true,"href":"https:\/\/camrt.ca\/fr\/wp-json\/wp\/v2\/comments?post=47045"}],"version-history":[{"count":0,"href":"https:\/\/camrt.ca\/fr\/wp-json\/wp\/v2\/pages\/47045\/revisions"}],"wp:attachment":[{"href":"https:\/\/camrt.ca\/fr\/wp-json\/wp\/v2\/media?parent=47045"}],"curies":[{"name":"wp","href":"https:\/\/api.w.org\/{rel}","templated":true}]}}