{"id":47043,"date":"2021-08-24T09:44:41","date_gmt":"2021-08-24T13:44:41","guid":{"rendered":"https:\/\/camrt.wpenginepowered.com\/fr\/?page_id=5638"},"modified":"2026-03-11T11:24:23","modified_gmt":"2026-03-11T15:24:23","slug":"subvention-de-recherche","status":"publish","type":"page","link":"https:\/\/camrt.ca\/fr\/profession-de-trm\/ressources-professionnelles\/subvention-de-recherche\/","title":{"rendered":"Subventions de recherche"},"content":{"rendered":"<h1>Subventions de recherche<\/h1>\n<p>La recherche joue un r\u00f4le essentiel dans les progr\u00e8s r\u00e9alis\u00e9s dans les soins de sant\u00e9 et dans notre propre profession en comblant les lacunes en mati\u00e8re de connaissances, en optimisant les soins pour les patients, en am\u00e9liorant la fa\u00e7on dont les TRM travaillent et en veillant \u00e0 ce que les TRM soient per\u00e7us comme des chefs de file dans un syst\u00e8me de soins de sant\u00e9 complexe. Alors que nous nous effor\u00e7ons de fa\u00e7onner une association et une profession pour l&rsquo;avenir, nous savons que les preuves, les connaissances et la recherche sont essentielles \u00e0 la r\u00e9ussite.<\/p>\n<p>Au fil des ans, l&rsquo;ACTRM a mis en place des soutiens \u00e0 la recherche pour encourager l&rsquo;utilisation g\u00e9n\u00e9ralis\u00e9e des donn\u00e9es probantes afin d&rsquo;aligner les soins aux patients sur les pratiques fond\u00e9es sur les donn\u00e9es probantes. Les subventions de recherche sont le prolongement naturel de cette strat\u00e9gie &#8211; un investissement dans la recherche effectu\u00e9e pour les TRM, par les TRM, sur des sujets d&rsquo;importance strat\u00e9gique pour la croissance de la profession.<\/p>\n<p>&nbsp;<\/p>\n<h3>Bourse de recherche (\u00ab Research Fellowship Grant \u00bb)<\/h3>\n<p>Le programme de <strong><a href=\"https:\/\/camrt.wpenginepowered.com\/fr\/profession-de-trm\/ressources-professionnelles\/subventions-de-recherche\/bourse-de-recherche\/\" target=\"_blank\" rel=\"noopener\">Bourse de recherche<\/a><\/strong> de l&rsquo;ACTRM est un concours national qui s&rsquo;adresse aux TRM afin qu&rsquo;ils poursuivent des projets de recherche d&rsquo;importance et d&rsquo;int\u00e9r\u00eat g\u00e9n\u00e9ral dans le domaine des sciences de la radiation m\u00e9dicale. Il vise \u00e0 offrir aux candidats retenus (boursiers de recherche) un environnement de recherche propice \u00e0 l&rsquo;innovation et \u00e0 la cr\u00e9ation de connaissances, et \u00e0 renforcer les partenariats entre l&rsquo;ACTRM et la communaut\u00e9 des chercheurs en TRM.<\/p>\n<p><strong>Valeur et dur\u00e9e :<\/strong> 30 000 $, 1 an<\/p>\n<h3>Subvention de recherche<\/h3>\n<p>Favoriser la recherche et la publication par l&rsquo;\u00e9ducation et le financement est une activit\u00e9 cl\u00e9 de l&rsquo;engagement de l&rsquo;ACTRM \u00e0 promouvoir le professionnalisme. L&rsquo;ACTRM accorde chaque ann\u00e9e une <strong><a href=\"https:\/\/camrt.ca\/fr\/profession-de-trm\/ressources-professionnelles\/subvention-de-recherche\/programme-de-subvention-de-recherche\/\" target=\"_blank\" rel=\"noopener\">Subvention de recherche<\/a><\/strong> pour une recherche originale li\u00e9e aux sciences de la radiation m\u00e9dicale.<\/p>\n<p><strong>Valeur et dur\u00e9e :<\/strong> jusqu&rsquo;\u00e2 5 000 $, 1 an<\/p>\n<h3>Du soutien pour la recherche<\/h3>\n<p>Faciliter la recherche et la publication par l\u2019\u00e9ducation et le financement constitue une activit\u00e9 cl\u00e9 dans le soutien de l\u2019engagement de l\u2019ACTRM envers le professionnalisme. En plus des subventions de recherche (voir ci-dessus), la <a href=\"https:\/\/camrt.wpenginepowered.com\/fr\/a-propos-de-actrm\/fondation-de-actrm\/\" target=\"_blank\" rel=\"noopener\">Fondation de l\u2019ACTRM<\/a> offre plusieurs possibilit\u00e9s de bourses d&rsquo;\u00e9tudes. L&rsquo;ACTRM a \u00e9galement cr\u00e9\u00e9 une <a href=\"https:\/\/members.camrt.ca\/my-publications\/my-research-toolkit\/\" target=\"_blank\" rel=\"noopener\"><strong>trousse d&rsquo;outils de recherche<\/strong><\/a> <em>(en anglais)<\/em> qui offre une vari\u00e9t\u00e9 de ressources li\u00e9es \u00e0 la recherche (disponibles dans la section Ressources pour les membres du site web).<\/p>\n<p>&nbsp;<\/p>\n<p>Pour toute question concernant les programmes de subventions de recherche de l&rsquo;ACTRM, veuillez contacter <a href=\"mailto:professionalpractice@camrt.ca\">professionalpractice@camrt.ca<\/a>.<\/p>\n","protected":false},"excerpt":{"rendered":"<p>Subventions de recherche La recherche joue un r\u00f4le essentiel dans les progr\u00e8s r\u00e9alis\u00e9s dans les soins de sant\u00e9 et dans notre propre profession en comblant les lacunes en mati\u00e8re de connaissances, en optimisant les soins pour les patients, en am\u00e9liorant la fa\u00e7on dont les TRM travaillent et en veillant \u00e0 ce que les TRM soient [&hellip;]<\/p>\n","protected":false},"author":30,"featured_media":0,"parent":47036,"menu_order":0,"comment_status":"closed","ping_status":"closed","template":"","meta":{"_monsterinsights_skip_tracking":false,"_monsterinsights_sitenote_active":false,"_monsterinsights_sitenote_note":"","_monsterinsights_sitenote_category":0,"footnotes":""},"class_list":["post-47043","page","type-page","status-publish","hentry"],"_links":{"self":[{"href":"https:\/\/camrt.ca\/fr\/wp-json\/wp\/v2\/pages\/47043","targetHints":{"allow":["GET"]}}],"collection":[{"href":"https:\/\/camrt.ca\/fr\/wp-json\/wp\/v2\/pages"}],"about":[{"href":"https:\/\/camrt.ca\/fr\/wp-json\/wp\/v2\/types\/page"}],"author":[{"embeddable":true,"href":"https:\/\/camrt.ca\/fr\/wp-json\/wp\/v2\/users\/30"}],"replies":[{"embeddable":true,"href":"https:\/\/camrt.ca\/fr\/wp-json\/wp\/v2\/comments?post=47043"}],"version-history":[{"count":10,"href":"https:\/\/camrt.ca\/fr\/wp-json\/wp\/v2\/pages\/47043\/revisions"}],"predecessor-version":[{"id":60594,"href":"https:\/\/camrt.ca\/fr\/wp-json\/wp\/v2\/pages\/47043\/revisions\/60594"}],"up":[{"embeddable":true,"href":"https:\/\/camrt.ca\/fr\/wp-json\/wp\/v2\/pages\/47036"}],"wp:attachment":[{"href":"https:\/\/camrt.ca\/fr\/wp-json\/wp\/v2\/media?parent=47043"}],"curies":[{"name":"wp","href":"https:\/\/api.w.org\/{rel}","templated":true}]}}