{"id":47042,"date":"2015-01-21T18:35:29","date_gmt":"2015-01-21T23:35:29","guid":{"rendered":"https:\/\/camrt.wpenginepowered.com\/fr\/?page_id=5632"},"modified":"2015-01-21T18:35:29","modified_gmt":"2015-01-21T23:35:29","slug":"ressources-developpement-professionnel","status":"publish","type":"page","link":"https:\/\/camrt.ca\/fr\/profession-de-trm\/ressources-professionnelles\/ressources-developpement-professionnel\/","title":{"rendered":"Banque d&#8217;emplois et ressources professionnelles"},"content":{"rendered":"<h4>Portail carri\u00e8re des membres de l\u2019ACTRM<\/h4>\n<p>Le <a href=\"https:\/\/ww2.camrt.ca\/my-career\/index.php?lang=FR\">Portail carri\u00e8re<\/a> de l\u2019ACTRM vous donne un acc\u00e8s commode \u00e0 des outils et des ressources con\u00e7us pour vous appuyer \u00e0 toutes les \u00e9tapes de votre carri\u00e8re. Tirez parti de nos outils et ressources, de l\u2019information sur la carri\u00e8re ou la planification de la formation ou examinez tout simplement les emplois actuellement offerts aux TRM.<\/p>\n<h4>Banque d&#8217;emplois en ligne de l&rsquo;ACTRM<\/h4>\n<ul class='dt-sc-fancy-list   rounded-arrow'>\n<li><a href=\"https:\/\/ww2.camrt.ca\/my-career\/job-bank\/?lang=FR\">Pour les membres : Recherche dans les emplois offerts<\/a><\/li>\n<li><a href=\"https:\/\/camrt.wpenginepowered.com\/fr\/profession-de-trm\/ressources-professionnelles\/service-affichage-en-ligne\/\">Pour les employeurs : Afficher un poste dans la Banque d&#8217;emplois en ligne de l&rsquo;ACTRM<\/a><\/li>\n<\/ul>\n<h4>Ressources en d\u00e9veloppement de carri\u00e8re<\/h4>\n<ul class='dt-sc-fancy-list   rounded-arrow'>\n<li><a href=\"https:\/\/camrt.wpenginepowered.com\/fr\/profession-de-trm\/ressources-professionnelles\/analyse-echelle-salariale\/\">Analyse des \u00e9chelles salariales de l&rsquo;ACTRM<\/a><\/li>\n<\/ul>\n<h4>Occasions de d\u00e9veloppement de\u00a0carri\u00e8re<\/h4>\n<ul class='dt-sc-fancy-list   rounded-arrow'>\n<li><a href=\"https:\/\/camrt.wpenginepowered.com\/fr\/evenements\/institut-de-developpement-du-leadership\/\">Institut de d\u00e9veloppement du leadership<\/a><\/li>\n<li><a href=\"https:\/\/camrt.wpenginepowered.com\/fr\/a-propos-de-actrm\/benevolat\/\">Occasions de b\u00e9n\u00e9volat \u00e0 l&rsquo;ACTRM<\/a><\/li>\n<\/ul>\n","protected":false},"excerpt":{"rendered":"<p>Portail carri\u00e8re des membres de l\u2019ACTRM Le Portail carri\u00e8re de l\u2019ACTRM vous donne un acc\u00e8s commode \u00e0 des outils et des ressources con\u00e7us pour vous appuyer \u00e0 toutes les \u00e9tapes de votre carri\u00e8re. Tirez parti de nos outils et ressources, de l\u2019information sur la carri\u00e8re ou la planification de la formation ou examinez tout simplement [&hellip;]<\/p>\n","protected":false},"author":30,"featured_media":0,"parent":47036,"menu_order":0,"comment_status":"open","ping_status":"open","template":"tpl-header2.php","meta":{"_monsterinsights_skip_tracking":false,"_monsterinsights_sitenote_active":false,"_monsterinsights_sitenote_note":"","_monsterinsights_sitenote_category":0,"footnotes":""},"class_list":["post-47042","page","type-page","status-publish","hentry"],"_links":{"self":[{"href":"https:\/\/camrt.ca\/fr\/wp-json\/wp\/v2\/pages\/47042","targetHints":{"allow":["GET"]}}],"collection":[{"href":"https:\/\/camrt.ca\/fr\/wp-json\/wp\/v2\/pages"}],"about":[{"href":"https:\/\/camrt.ca\/fr\/wp-json\/wp\/v2\/types\/page"}],"author":[{"embeddable":true,"href":"https:\/\/camrt.ca\/fr\/wp-json\/wp\/v2\/users\/30"}],"replies":[{"embeddable":true,"href":"https:\/\/camrt.ca\/fr\/wp-json\/wp\/v2\/comments?post=47042"}],"version-history":[{"count":0,"href":"https:\/\/camrt.ca\/fr\/wp-json\/wp\/v2\/pages\/47042\/revisions"}],"up":[{"embeddable":true,"href":"https:\/\/camrt.ca\/fr\/wp-json\/wp\/v2\/pages\/47036"}],"wp:attachment":[{"href":"https:\/\/camrt.ca\/fr\/wp-json\/wp\/v2\/media?parent=47042"}],"curies":[{"name":"wp","href":"https:\/\/api.w.org\/{rel}","templated":true}]}}