{"id":47040,"date":"2015-01-20T23:28:07","date_gmt":"2015-01-21T04:28:07","guid":{"rendered":"https:\/\/camrt.wpenginepowered.com\/fr\/?page_id=5576"},"modified":"2026-01-16T09:34:07","modified_gmt":"2026-01-16T14:34:07","slug":"concours-de-conferencier","status":"publish","type":"page","link":"https:\/\/camrt.ca\/fr\/profession-de-trm\/reconnaissance-professionnelle\/concours-de-conferencier\/","title":{"rendered":"Concours annuel de conf\u00e9rencier"},"content":{"rendered":"<p>L\u2019ACTRM s\u2019est associ\u00e9e \u00e0 l\u2019American Society of Radiologic Technologists dans la recherche d\u2019un conf\u00e9rencier pour leurs \u00e9v\u00e9nements. Le conf\u00e9rencier est choisi par voie de concours au sein des membres de l\u2019ACTRM et devrait pr\u00e9senter en anglais.<\/p>\n<p><em><strong>Veuillez noter que les soumissions sont maintenant ferm\u00e9es.<\/strong><\/em><\/p>\n<div class=\"dt-sc-toggle-frame\"><h5 class='dt-sc-toggle'><a href='#'>Congr\u00e8s de radioth\u00e9rapie de l\u2019ASRT<\/a><\/h5><div class=\"dt-sc-toggle-content\" style=\"display: none;\"><div class=\"block\"><p><a href=\"https:\/\/camrt.ca\/mrt-profession\/professional-recognition\/speaker-competitions\/asrt-radiation-therapy-conference\/\" target=\"_blank\" rel=\"noopener noreferrer\">Formulaire d\u2019inscription en ligne<\/a>\u00a0(en anglais seulement)<\/p>\n<p>L\u2019ACTRM collaborera avec l\u2019American Society of Radiologic Technologists (ASRT) et pr\u00e9sentera un conf\u00e9rencier au congr\u00e8s annuel de radioth\u00e9rapie de l\u2019ASRT. Le congr\u00e8s \u00a0se tiendra en m\u00eame temps que l\u2019assembl\u00e9e g\u00e9n\u00e9rale annuelle de l\u2019American Society for Radiation Oncology (ASTRO).<\/p>\n<p>Le conf\u00e9rencier sera choisi par voie de concours parmi les membres de l\u2019ACTRM. Les membres int\u00e9ress\u00e9s sont invit\u00e9s \u00e0 pr\u00e9senter leur candidature, laquelle devrait inclure\u00a0:<\/p>\n<ul class='dt-sc-fancy-list   rounded-arrow'>\n<li>Un r\u00e9sum\u00e9 d\u2019un maximum de 200 mots sur l\u2019expos\u00e9 propos\u00e9. Il doit aborder un th\u00e8me de la radioth\u00e9rapie ou de la dosim\u00e9trie qui se veut innovateur et progressif.<\/li>\n<li>Les objectifs de l\u2019expos\u00e9 (distincts du r\u00e9sum\u00e9 de 200 mots).<\/li>\n<li>Un aper\u00e7u de l\u2019expos\u00e9 (aussi distinct du r\u00e9sum\u00e9 de 200 mots).<\/li>\n<li>Un CV d\u2019un maximum de 3 pages incluant des donn\u00e9es sur l\u2019exp\u00e9rience du candidat en tant qu\u2019orateur.<\/li>\n<\/ul>\n<p>En soumettant leur proposition, les candidats confirment qu\u2019ils pourront pr\u00e9senter leur expos\u00e9 aux dates du congr\u00e8s, dans le cas o\u00f9 ils seraient choisis.<\/p>\n<p>Les candidatures seront r\u00e9vis\u00e9es par un comit\u00e9 de s\u00e9lection et seront \u00e9valu\u00e9es selon les crit\u00e8res suivants :<\/p>\n<ul class='dt-sc-fancy-list   rounded-arrow'>\n<li>Le th\u00e8me aborde-t-il un aspect important du domaine de la radioth\u00e9rapie, notamment de la dosim\u00e9trie?<\/li>\n<li>L\u2019expos\u00e9 propos\u00e9 est-il appropri\u00e9 \u00e0 un auditoire international?<\/li>\n<li>L\u2019expos\u00e9 propos\u00e9 met-il convenablement l\u2019accent sur l\u2019exp\u00e9rience canadienne dans le domaine?<\/li>\n<li>Le r\u00e9sum\u00e9, les objectifs et l\u2019aper\u00e7u d\u00e9montrent-ils bien que l\u2019expos\u00e9 propos\u00e9 sera percutant?<\/li>\n<li>Quelle est l\u2019exp\u00e9rience du candidat dans la pr\u00e9sentation d\u2019expos\u00e9s de qualit\u00e9?<\/li>\n<\/ul>\n<p>Le candidat retenu recevra :<\/p>\n<ul class='dt-sc-fancy-list   rounded-arrow'>\n<li>Le tarif a\u00e9rien \u00e9conomique \u00e9quivalent \u00e0 Tango-Plus<\/li>\n<li>Le transport terrestre aller-retour \u00e0 l\u2019a\u00e9roport<\/li>\n<li>Chambre d\u2019h\u00f4tel pour deux nuits<\/li>\n<li>Une indemnit\u00e9 quotidienne (au taux courant de l\u2019ACTRM) pour les repas et les menus frais<\/li>\n<li>L\u2019inscription au congr\u00e8s de l\u2019ASRT, incluant l\u2019admission \u00e0 l\u2019exposition de l\u2019ASTRO.<\/li>\n<\/ul><\/div><\/div><\/div>\n<div class=\"dt-sc-toggle-frame\"><h5 class='dt-sc-toggle'><a href='#'>ASRT@RSNA<\/a><\/h5><div class=\"dt-sc-toggle-content\" style=\"display: none;\"><div class=\"block\"><p><a href=\"https:\/\/camrt.ca\/mrt-profession\/professional-recognition\/speaker-competitions\/asrtrsna\/\" target=\"_blank\" rel=\"noopener noreferrer\">Formulaire d\u2019inscription en ligne<\/a>\u00a0(en anglais seulement)<\/p>\n<p>&nbsp;<\/p>\n<p>L\u2019American Society of Radiologic Technologists tiendra son septi\u00e8me congr\u00e8s annuel ax\u00e9 sur la technologie, ASRT@RSNA, durant la rencontre de la RSNA de Chicago. L\u2019ACTRM et l\u2019ASRT ont \u00a0convenu de collaborer et l\u2019ACTRM pr\u00e9sentera un conf\u00e9rencier au congr\u00e8s.<\/p>\n<p>Le conf\u00e9rencier sera choisi par voie de concours parmi les membres de l\u2019ACTRM. Les membres int\u00e9ress\u00e9s sont invit\u00e9s \u00e0 pr\u00e9senter leur candidature, laquelle devrait inclure\u00a0:<\/p>\n<ul class='dt-sc-fancy-list   rounded-arrow'>\n<li>Un r\u00e9sum\u00e9 d\u2019un maximum de 200 mots sur l\u2019expos\u00e9 propos\u00e9. Il doit aborder un th\u00e8me de la technologie de la radiologie, de la technologie de la m\u00e9decine nucl\u00e9aire ou de l\u2019imagerie par r\u00e9sonance magn\u00e9tique qui se veut innovateur et progressif.<\/li>\n<li>Les objectifs de l\u2019expos\u00e9 (distincts du r\u00e9sum\u00e9 de 200 mots).<\/li>\n<li>Un aper\u00e7u de l\u2019expos\u00e9 (aussi distinct du r\u00e9sum\u00e9 de 200 mots).<\/li>\n<li>Un CV d\u2019un maximum de 3 pages incluant des donn\u00e9es sur l\u2019exp\u00e9rience du candidat en tant qu\u2019orateur.<\/li>\n<\/ul>\n<p>En soumettant leur proposition, les candidats confirment qu\u2019ils pourront pr\u00e9senter leur expos\u00e9 aux dates du congr\u00e8s, dans le cas o\u00f9 ils seraient choisis.<\/p>\n<p>Les candidatures seront r\u00e9vis\u00e9es par un comit\u00e9 de s\u00e9lection et seront \u00e9valu\u00e9es selon les crit\u00e8res suivants :<\/p>\n<ul class='dt-sc-fancy-list   rounded-arrow'>\n<li>Le th\u00e8me aborde-t-il un aspect important du domaine de la technologie de la radiologie, de la technologie de la m\u00e9decine nucl\u00e9aire, ou de l\u2019imagerie par r\u00e9sonance magn\u00e9tique?<\/li>\n<li>L\u2019expos\u00e9 propos\u00e9 est-il appropri\u00e9 \u00e0 un auditoire international?<\/li>\n<li>L\u2019expos\u00e9 propos\u00e9 met-il convenablement l\u2019accent sur l\u2019exp\u00e9rience canadienne dans le domaine?<\/li>\n<li>Le r\u00e9sum\u00e9, les objectifs et l\u2019aper\u00e7u d\u00e9montrent-ils bien que l\u2019expos\u00e9 propos\u00e9 sera percutant?<\/li>\n<li>Quelle est l\u2019exp\u00e9rience du candidat dans la pr\u00e9sentation d\u2019expos\u00e9s de qualit\u00e9?<\/li>\n<\/ul>\n<p>Le candidat retenu recevra\u00a0:<\/p>\n<ul class='dt-sc-fancy-list   rounded-arrow'>\n<li>Une subvention \u00e9ducative couvrant les frais de voyage, de logement et de repas li\u00e9s \u00e0 sa pr\u00e9sence au congr\u00e8s.<\/li>\n<li>L\u2019inscription \u00e0 RSNA<\/li>\n<\/ul><\/div><\/div><\/div>\n<p>&nbsp;<\/p>\n<p>Pour de plus amples renseignements, veuillez vous adresser \u00e0 Rachel Darroch, rdarroch@camrt.ca et 613 234-0012, poste 241.<\/p>\n","protected":false},"excerpt":{"rendered":"<p>L\u2019ACTRM s\u2019est associ\u00e9e \u00e0 l\u2019American Society of Radiologic Technologists dans la recherche d\u2019un conf\u00e9rencier pour leurs \u00e9v\u00e9nements. Le conf\u00e9rencier est choisi par voie de concours au sein des membres de l\u2019ACTRM et devrait pr\u00e9senter en anglais. Veuillez noter que les soumissions sont maintenant ferm\u00e9es. &nbsp; Pour de plus amples renseignements, veuillez vous adresser \u00e0 Rachel [&hellip;]<\/p>\n","protected":false},"author":30,"featured_media":0,"parent":47037,"menu_order":0,"comment_status":"closed","ping_status":"closed","template":"","meta":{"_monsterinsights_skip_tracking":false,"_monsterinsights_sitenote_active":false,"_monsterinsights_sitenote_note":"","_monsterinsights_sitenote_category":0,"footnotes":""},"class_list":["post-47040","page","type-page","status-publish","hentry"],"_links":{"self":[{"href":"https:\/\/camrt.ca\/fr\/wp-json\/wp\/v2\/pages\/47040","targetHints":{"allow":["GET"]}}],"collection":[{"href":"https:\/\/camrt.ca\/fr\/wp-json\/wp\/v2\/pages"}],"about":[{"href":"https:\/\/camrt.ca\/fr\/wp-json\/wp\/v2\/types\/page"}],"author":[{"embeddable":true,"href":"https:\/\/camrt.ca\/fr\/wp-json\/wp\/v2\/users\/30"}],"replies":[{"embeddable":true,"href":"https:\/\/camrt.ca\/fr\/wp-json\/wp\/v2\/comments?post=47040"}],"version-history":[{"count":0,"href":"https:\/\/camrt.ca\/fr\/wp-json\/wp\/v2\/pages\/47040\/revisions"}],"up":[{"embeddable":true,"href":"https:\/\/camrt.ca\/fr\/wp-json\/wp\/v2\/pages\/47037"}],"wp:attachment":[{"href":"https:\/\/camrt.ca\/fr\/wp-json\/wp\/v2\/media?parent=47040"}],"curies":[{"name":"wp","href":"https:\/\/api.w.org\/{rel}","templated":true}]}}