{"id":47036,"date":"2014-12-20T13:38:57","date_gmt":"2014-12-20T18:38:57","guid":{"rendered":"https:\/\/camrt.wpenginepowered.com\/fr\/?page_id=5324"},"modified":"2014-12-20T13:38:57","modified_gmt":"2014-12-20T18:38:57","slug":"ressources-professionnelles","status":"publish","type":"page","link":"https:\/\/camrt.ca\/fr\/profession-de-trm\/ressources-professionnelles\/","title":{"rendered":"Ressources professionnelles et soutien \u00e0 la pratique pour les TRM"},"content":{"rendered":"<p>La mission de l\u2019ACTRM, qui est de soutenir ses membres dans la prestation aux patients de soins d\u2019imagerie m\u00e9dicale et de radioth\u00e9rapie de la plus haute qualit\u00e9, est soutenue par la recherche et le d\u00e9veloppement continu de nouveaux outils de pratique. Le groupe de soutien \u00e0 la pratique professionnelle de l\u2019ACTRM m\u00e8ne des recherches sur les enjeux et les tendances de la profession, publie des lignes directrices et des \u00e9tudes et soutient le d\u00e9veloppement du leadership et des objectifs de carri\u00e8re \u00e0 toutes les \u00e9tapes de la carri\u00e8re des TRM.<\/p>\n<h3>Ressources professionnelles et soutien \u00e0 la pratique<\/h3>\n<ul class='dt-sc-fancy-list   rounded-arrow'>\n<li><a href=\"https:\/\/camrt-bpg.ca\/\" target=\"_blank\" rel=\"noopener noreferrer\">Lignes directrices sur les pratiques exemplaires<\/a><\/li>\n<li><a title=\"Code de d\u00e9ontologie\" href=\"\/fr\/profession-de-trm\/code-de-deontologie\/\">Code de d\u00e9ontologie et de conduite professionnelle des membres<\/a><\/li>\n<li><a href=\"https:\/\/camrt.wpenginepowered.com\/fr\/communautes-de-pratique\/\">Communautes de pratique<\/a><\/li>\n<li><a href=\"https:\/\/camrt.wpenginepowered.com\/fr\/profession-de-trm\/ressources-professionnelles\/soutien-recherche\/\">Soutien \u00e0 la recherche<\/a><\/li>\n<li><a href=\"https:\/\/camrt.ca\/wp-content\/uploads\/2015\/03\/MoC-FR-Guidelines-March-2013-1.pdf\" target=\"_blank\" rel=\"noopener noreferrer\">Maintien des comp\u00e9tences\/portfolio de contributions professionnelles<\/a><\/li>\n<li><a href=\"https:\/\/camrt.wpenginepowered.com\/fr\/profession-de-trm\/ressources-professionnelles\/ressources-developpement-professionnel\/\">Ressources de d\u00e9veloppement professionnelles<\/a><\/li>\n<li><a href=\"https:\/\/camrt.wpenginepowered.com\/fr\/profession-de-trm\/ressources-professionnelles\/sante-et-securite\/\">Sant\u00e9 et s\u00e9curit\u00e9 au travail (SST)<\/a><\/li>\n<li><a href=\"http:\/\/pli.camrt.ca\/\" target=\"_blank\" rel=\"noopener noreferrer\">Assurance responsabilit\u00e9 professionnelle <\/a>(site disponible en anglais seulement)<\/li>\n<li><a href=\"https:\/\/camrt.ca\/wp-content\/uploads\/2015\/03\/PreceptorGuidelines_f.pdf\" target=\"_blank\" rel=\"noopener noreferrer\">Pr\u00e9ceptorat<\/a><\/li>\n<li><a title=\"Analyse des \u00e9chelles salariales\" href=\"\/fr\/profession-de-trm\/analyse-echelle-salariale\/\">Analyse des \u00e9chelles salariales<\/a><\/li>\n<li><a href=\"https:\/\/camrt.wpenginepowered.com\/fr\/profession-de-trm\/ressources-professionnelles\/sondage-sur-les-ressources-humaines\/\">Sondage sur les ressources humaines<\/a><\/li>\n<li><a href=\"https:\/\/ww2.camrt.ca\/authentication\/index.php?lang=FR\">Banque d&#8217;emploi en ligne de l&rsquo;ACTRM<\/a><\/li>\n<li><a href=\"https:\/\/camrt.wpenginepowered.com\/fr\/profession-de-trm\/ressources-professionnelles\/service-affichage-en-ligne\/\">Service d\u2019affichage au guichet d\u2019emplois en ligne<\/a><\/li>\n<li><a href=\"https:\/\/camrt.wpenginepowered.com\/fr\/profession-de-trm\/ressources-professionnelles\/centre-de-ressources-sur-la-sante-mentale\/\">Centre de ressources sur la sant\u00e9 mentale<\/a><\/li>\n<\/ul>\n","protected":false},"excerpt":{"rendered":"<p>La mission de l\u2019ACTRM, qui est de soutenir ses membres dans la prestation aux patients de soins d\u2019imagerie m\u00e9dicale et de radioth\u00e9rapie de la plus haute qualit\u00e9, est soutenue par [&hellip;]<\/p>\n","protected":false},"author":30,"featured_media":0,"parent":47020,"menu_order":0,"comment_status":"open","ping_status":"open","template":"tpl-header2.php","meta":{"_monsterinsights_skip_tracking":false,"_monsterinsights_sitenote_active":false,"_monsterinsights_sitenote_note":"","_monsterinsights_sitenote_category":0,"footnotes":""},"class_list":["post-47036","page","type-page","status-publish","hentry"],"_links":{"self":[{"href":"https:\/\/camrt.ca\/fr\/wp-json\/wp\/v2\/pages\/47036","targetHints":{"allow":["GET"]}}],"collection":[{"href":"https:\/\/camrt.ca\/fr\/wp-json\/wp\/v2\/pages"}],"about":[{"href":"https:\/\/camrt.ca\/fr\/wp-json\/wp\/v2\/types\/page"}],"author":[{"embeddable":true,"href":"https:\/\/camrt.ca\/fr\/wp-json\/wp\/v2\/users\/30"}],"replies":[{"embeddable":true,"href":"https:\/\/camrt.ca\/fr\/wp-json\/wp\/v2\/comments?post=47036"}],"version-history":[{"count":0,"href":"https:\/\/camrt.ca\/fr\/wp-json\/wp\/v2\/pages\/47036\/revisions"}],"up":[{"embeddable":true,"href":"https:\/\/camrt.ca\/fr\/wp-json\/wp\/v2\/pages\/47020"}],"wp:attachment":[{"href":"https:\/\/camrt.ca\/fr\/wp-json\/wp\/v2\/media?parent=47036"}],"curies":[{"name":"wp","href":"https:\/\/api.w.org\/{rel}","templated":true}]}}