{"id":47035,"date":"2014-12-20T13:29:31","date_gmt":"2014-12-20T18:29:31","guid":{"rendered":"https:\/\/camrt.wpenginepowered.com\/fr\/?page_id=5306"},"modified":"2014-12-20T13:29:31","modified_gmt":"2014-12-20T18:29:31","slug":"cours-preparatoires-examen","status":"publish","type":"page","link":"https:\/\/camrt.ca\/fr\/agrement\/technologues-formes-etranger\/cours-preparatoires-examen\/","title":{"rendered":"Cours pr\u00e9paratoires \u00e0 l\u2019examen"},"content":{"rendered":"<p>L\u2019ACTRM a produit trois cours pr\u00e9paratoires en ligne (en anglais seulement) visant \u00e0 permettre aux TRMFE de se pr\u00e9parer \u00e0 l\u2019examen d\u2019agr\u00e9ment national.<\/p>\n<ul class='dt-sc-fancy-list   rounded-arrow'>\n<li>Cours pr\u00e9paratoire \u00e0 l\u2019examen 1\u00a0: Proc\u00e9dures en radiographie et pathologie<\/li>\n<li>Cours pr\u00e9paratoire \u00e0 l\u2019examen 2\u00a0 Gestion du patient<\/li>\n<li>Cours pr\u00e9paratoire \u00e0 l\u2019examen 3\u00a0: \u00c9quipement radiographique et imagerie<\/li>\n<\/ul>\n<p>Les frais de cours sont de 350\u00a0$ par cours. Ouvrez une session dans la page <a href=\"https:\/\/ww2.camrt.ca\/authentication\/index.php?lang=FR\" target=\"_blank\" rel=\"noopener noreferrer\">Agr\u00e9ment<\/a> pour obtenir plus d\u2019information et vous inscrire aux cours.<\/p>\n<p>Les autres outils de pr\u00e9paration \u00e0 l\u2019examen d\u2019agr\u00e9ment offerts par l\u2019ACTRM <a href=\"https:\/\/camrt.wpenginepowered.com\/examen_base_sur_les_competences\/story.html\">comprennent des examens de pratique<\/a>, un module en ligne sur la pr\u00e9paration \u00e0 un examen bas\u00e9 sur les comp\u00e9tences et <a href=\"https:\/\/camrt.wpenginepowered.com\/fr\/agrement\/programmes-etudes-canadiens-agree\/preparation-examen-agrement\/\">d\u2019autres ressources, que vous trouverez ici<\/a>.<\/p>\n<p>&nbsp;<\/p>\n<p>&nbsp;<\/p>\n","protected":false},"excerpt":{"rendered":"<p>L\u2019ACTRM a produit trois cours pr\u00e9paratoires en ligne (en anglais seulement) visant \u00e0 permettre aux TRMFE de se pr\u00e9parer \u00e0 l\u2019examen d\u2019agr\u00e9ment national. Les frais de cours sont de 350\u00a0$ [&hellip;]<\/p>\n","protected":false},"author":30,"featured_media":0,"parent":46984,"menu_order":0,"comment_status":"open","ping_status":"closed","template":"tpl-header2.php","meta":{"_monsterinsights_skip_tracking":false,"_monsterinsights_sitenote_active":false,"_monsterinsights_sitenote_note":"","_monsterinsights_sitenote_category":0,"footnotes":""},"class_list":["post-47035","page","type-page","status-publish","hentry"],"_links":{"self":[{"href":"https:\/\/camrt.ca\/fr\/wp-json\/wp\/v2\/pages\/47035","targetHints":{"allow":["GET"]}}],"collection":[{"href":"https:\/\/camrt.ca\/fr\/wp-json\/wp\/v2\/pages"}],"about":[{"href":"https:\/\/camrt.ca\/fr\/wp-json\/wp\/v2\/types\/page"}],"author":[{"embeddable":true,"href":"https:\/\/camrt.ca\/fr\/wp-json\/wp\/v2\/users\/30"}],"replies":[{"embeddable":true,"href":"https:\/\/camrt.ca\/fr\/wp-json\/wp\/v2\/comments?post=47035"}],"version-history":[{"count":0,"href":"https:\/\/camrt.ca\/fr\/wp-json\/wp\/v2\/pages\/47035\/revisions"}],"up":[{"embeddable":true,"href":"https:\/\/camrt.ca\/fr\/wp-json\/wp\/v2\/pages\/46984"}],"wp:attachment":[{"href":"https:\/\/camrt.ca\/fr\/wp-json\/wp\/v2\/media?parent=47035"}],"curies":[{"name":"wp","href":"https:\/\/api.w.org\/{rel}","templated":true}]}}