{"id":47033,"date":"2014-12-20T13:27:49","date_gmt":"2014-12-20T18:27:49","guid":{"rendered":"https:\/\/camrt.wpenginepowered.com\/fr\/?page_id=5302"},"modified":"2014-12-20T13:27:49","modified_gmt":"2014-12-20T18:27:49","slug":"exigences-maitrise-de-langue","status":"publish","type":"page","link":"https:\/\/camrt.ca\/fr\/agrement\/technologues-formes-etranger\/exigences-maitrise-de-langue\/","title":{"rendered":"Exigences li\u00e9es \u00e0 la ma\u00eetrise de la langue"},"content":{"rendered":"<p>Pour l\u2019\u00e9valuation des technologues en radiation m\u00e9dicale form\u00e9s \u00e0 l\u2019\u00e9tranger qui souhaitent acc\u00e9der \u00e0 l\u2019examen d\u2019agr\u00e9ment de l\u2019ACTRM, le technologue doit fournir\u00a0:<\/p>\n<ul class='dt-sc-fancy-list   rounded-arrow'>\n<li>Une attestation de l\u2019institution d\u2019enseignement o\u00f9 le candidat a re\u00e7u sa formation professionnelle \u00e0 l\u2019effet que la langue d\u2019enseignement et d\u2019\u00e9valuation dans le programme de technologie de radiation m\u00e9dicale \u00e9tait l\u2019anglais ou le fran\u00e7ais,<\/li>\n<\/ul>\n<p><strong>OU<\/strong><\/p>\n<ul class='dt-sc-fancy-list   rounded-arrow'>\n<li>Une preuve valide que le candidat a r\u00e9ussi l\u2019un des examens suivants\u00a0:<\/li>\n<\/ul>\n<p style=\"padding-left: 30px\"><ol class=\"dt-sc-fancy-list   decimal\">\n<li><span>le test <strong>TOEFL<\/strong> (Test of English as a Foreign Language) <strong>en ligne<\/strong> avec une note globale minimum de 73 et une note minimum de 21 \u00e0 l\u2019oral;<\/span><\/li>\n<li><span>le test <strong>TOEFL<\/strong> <strong>sur papier<\/strong> avec une note minimum de 500, et le test TSE avec une note minimum de 40;<\/span><\/li>\n<li><span>le test <strong>IELTS <\/strong>(International English Language Testing System) \u2013 formation universitaire (AC) avec une note globale minimum de 6 et une note minimum de 6 \u00e0 l\u2019oral;<\/span><\/li>\n<li><span>Le test <strong>IELTS<\/strong> (International English Language Testing System) \u2013 formation g\u00e9n\u00e9rale (GT) avec une note globale minimum de 6 et une note minimum de 6 \u00e0 l\u2019oral;<\/span><\/li>\n<li><span>le test <strong>MELA<\/strong> (Michener English Language Assessment) avec une note minimum de 8 en lecture, en compr\u00e9hension auditive et \u00e0 l\u2019oral et une note minimum de 7 \u00e0 l\u2019\u00e9crit.<\/span><\/li>\n<\/ol>\n<p style=\"padding-left: 30px\">\n","protected":false},"excerpt":{"rendered":"<p>Pour l\u2019\u00e9valuation des technologues en radiation m\u00e9dicale form\u00e9s \u00e0 l\u2019\u00e9tranger qui souhaitent acc\u00e9der \u00e0 l\u2019examen d\u2019agr\u00e9ment de l\u2019ACTRM, le technologue doit fournir\u00a0: OU<\/p>\n","protected":false},"author":30,"featured_media":0,"parent":46984,"menu_order":0,"comment_status":"open","ping_status":"closed","template":"tpl-header2.php","meta":{"_monsterinsights_skip_tracking":false,"_monsterinsights_sitenote_active":false,"_monsterinsights_sitenote_note":"","_monsterinsights_sitenote_category":0,"footnotes":""},"class_list":["post-47033","page","type-page","status-publish","hentry"],"_links":{"self":[{"href":"https:\/\/camrt.ca\/fr\/wp-json\/wp\/v2\/pages\/47033","targetHints":{"allow":["GET"]}}],"collection":[{"href":"https:\/\/camrt.ca\/fr\/wp-json\/wp\/v2\/pages"}],"about":[{"href":"https:\/\/camrt.ca\/fr\/wp-json\/wp\/v2\/types\/page"}],"author":[{"embeddable":true,"href":"https:\/\/camrt.ca\/fr\/wp-json\/wp\/v2\/users\/30"}],"replies":[{"embeddable":true,"href":"https:\/\/camrt.ca\/fr\/wp-json\/wp\/v2\/comments?post=47033"}],"version-history":[{"count":0,"href":"https:\/\/camrt.ca\/fr\/wp-json\/wp\/v2\/pages\/47033\/revisions"}],"up":[{"embeddable":true,"href":"https:\/\/camrt.ca\/fr\/wp-json\/wp\/v2\/pages\/46984"}],"wp:attachment":[{"href":"https:\/\/camrt.ca\/fr\/wp-json\/wp\/v2\/media?parent=47033"}],"curies":[{"name":"wp","href":"https:\/\/api.w.org\/{rel}","templated":true}]}}