{"id":47031,"date":"2014-12-20T13:25:53","date_gmt":"2014-12-20T18:25:53","guid":{"rendered":"https:\/\/camrt.wpenginepowered.com\/fr\/?page_id=5298"},"modified":"2014-12-20T13:25:53","modified_gmt":"2014-12-20T18:25:53","slug":"prendre-decision-de-vivre-et-travailler-au-canada","status":"publish","type":"page","link":"https:\/\/camrt.ca\/fr\/agrement\/technologues-formes-etranger\/prendre-decision-de-vivre-et-travailler-au-canada\/","title":{"rendered":"Prendre la d\u00e9cision de vivre et de travailler au Canada"},"content":{"rendered":"<p>L\u2019ACTRM recommande que les TRMFE examinent les ressources ci-dessous comme guide pour d\u00e9terminer leur degr\u00e9 de pr\u00e9paration \u00e0 satisfaire aux exigences de la pratique de la profession dans le contexte canadien et \u00e0 comprendre le milieu de travail canadien.<\/p>\n<h2>Potentiel de prosp\u00e9rit\u00e9<\/h2>\n<p><a href=\"https:\/\/camrt.wpenginepowered.com\/wp-content\/uploads\/sites\/3\/2015\/01\/p2p_logo.jpg\"><img loading=\"lazy\" decoding=\"async\" class=\"wp-image-5504 size-full alignright\" src=\"https:\/\/camrt.wpenginepowered.com\/wp-content\/uploads\/sites\/3\/2015\/01\/p2p_logo.jpg\" alt=\"p2p_logo\" width=\"120\" height=\"123\" \/><\/a><\/p>\n<p>Les nouveaux arrivants et ceux qui envisagent de d\u00e9m\u00e9nager au Canada sont encourag\u00e9s \u00e0 consulter <a href=\"http:\/\/www.cfeep2p.com\/site\/careers.php?language=FR\" target=\"_blank\" rel=\"noopener noreferrer\">Potential de prosp\u00e9rit\u00e9<\/a>, un guide en ligne pour l\u2019avancement de votre carri\u00e8re en technologie de radiation m\u00e9dicale au Canada. Cr\u00e9\u00e9 par la Fondation canadienne d\u2019\u00e9ducation \u00e9conomique en collaboration avec l\u2019ACTRM, ce guide comprend des vid\u00e9os explicatives et des liens vers l\u2019information dont vous avez besoin pour entreprendre votre carri\u00e8re et r\u00e9ussir au Canada.<\/p>\n<h2>Les outils d\u2019auto\u00e9valuation en ligne pour les TRMFE<\/h2>\n<p>Les outils d\u2019auto\u00e9valuation en ligne pour les TRMFE \u00a0aident ces derniers \u00e0 d\u00e9couvrir s\u2019ils r\u00e9pondent aux exigences de l\u2019exercice de la profession dans le milieu canadien et \u00e0 quoi ressemble le monde du travail au Canada.<\/p>\n<p>L\u2019 Association canadienne des technologues en radiation m\u00e9dicale a mis au point quatre outils d\u2019auto\u00e9valuation \u00e0 l\u2019intention des TRMFE, soit un pour chacune des disciplines\u00a0: technologie de la radiologie, r\u00e9sonance magn\u00e9tique, radioth\u00e9rapie et m\u00e9decine nucl\u00e9aire.<\/p>\n<p>Les outils visent \u00e0 donner un aper\u00e7u de la vie et de l\u2019exercice de la technologie de la radiation m\u00e9dicale au Canada. Ils font ressortir les secteurs de connaissances et d\u2019exercice que les TRMFE doivent prendre en compte.<\/p>\n<p>L\u2019utilisation de ces outils procure certains avantages\u00a0:<\/p>\n<ul class='dt-sc-fancy-list   rounded-arrow'>\n<li>une meilleure compr\u00e9hension de l\u2019exercice de la profession au Canada;<\/li>\n<li>une meilleure compr\u00e9hension des comp\u00e9tences requises pour travailler au Canada et des attentes des employeurs;<\/li>\n<li>une aide \u00e0 la d\u00e9termination des secteurs \u00e0 am\u00e9liorer pour exercer la profession au Canada;<\/li>\n<li>une gamme de renseignements sur l\u2019immigration et l\u2019agr\u00e9ment au Canada;<\/li>\n<li>une aide \u00e0 la d\u00e9termination des ressources disponibles.<\/li>\n<\/ul>\n<p>Les outils n\u2019\u00e9valuent pas les aptitudes \u00e0 l\u2019obtention du permis, mais pr\u00e9sentent plut\u00f4t un aper\u00e7u de la profession. L\u2019outil d\u2019auto\u00e9valuation constitue un guide personnel et on peut le consulter aux adresses suivantes\u00a0:<\/p>\n<ul class='dt-sc-fancy-list   rounded-arrow'>\n<li><a href=\"https:\/\/assesshealthcareers.ca\/technologue-en-radiation-medicale\/\" target=\"_blank\" rel=\"noopener noreferrer\">Technologie en radiologie<\/a><\/li>\n<li><a href=\"https:\/\/assesshealthcareers.ca\/technologue-en-radiotherapie\/\" target=\"_blank\" rel=\"noopener noreferrer\">Radioth\u00e9rapie<\/a><\/li>\n<li><a href=\"https:\/\/assesshealthcareers.ca\/technologue-en-medecine-nucleaire\/\" target=\"_blank\" rel=\"noopener noreferrer\">M\u00e9dicine nucl\u00e9aire<\/a><\/li>\n<li><a href=\"https:\/\/assesshealthcareers.ca\/technologue-en-resonance-magnetique\/\" target=\"_blank\" rel=\"noopener noreferrer\">R\u00e9sonance magn\u00e9tique<\/a><\/li>\n<\/ul>\n<p>Les outils sont gratuits. Il y a un bouton \u00ab\u00a0aller au paiement\u00a0\u00bb que vous devez cliquer pour continuer, mais l&rsquo;acc\u00e8s est gratuit pour les nouveaux utilisateurs. Vous n&rsquo;aurez pas \u00e0 payer.<\/p>\n<p>L\u2019outil d\u2019auto\u00e9valuation en ligne a \u00e9t\u00e9 mis au point gr\u00e2ce \u00e0 une subvention de Sant\u00e9 Canada.<\/p>\n<p>Le Comit\u00e9 directeur de Liaison atlantique pour les professionnels de la sant\u00e9 form\u00e9s \u00e0 l\u2019\u00e9tranger en collaboration avec Price-MacDonald &amp; Associates (PMA) Consulting Inc. et le \u00a0Nova Scotia Community College ont \u00e9labor\u00e9 un outil prototype d\u2019auto\u00e9valuation en ligne. L\u2019ACTRM a con\u00e7u le contenu des outils propres aux disciplines de la technologie de la radiation m\u00e9dicale.<\/p>\n<h2>Cours d\u2019orientation (IEHP) au syst\u00e8me de soins de sant\u00e9, culture et contexte canadiens pour les professionnels de la sant\u00e9 form\u00e9s \u00e0 l\u2019\u00e9tranger<\/h2>\n<p>Le cours d\u2019orientation au syst\u00e8me de soins de sant\u00e9, \u00e0 la culture et au contexte canadiens est con\u00e7u \u00e0 l\u2019intention des professionnels de la sant\u00e9 form\u00e9s \u00e0 l\u2019\u00e9tranger qui envisagent d\u2019obtenir un permis d\u2019exercice canadien.<\/p>\n<p>Le cours pr\u00e9sente une compr\u00e9hension approfondie du syst\u00e8me de soins de sant\u00e9 canadien, des attentes des patients \u00e0 l\u2019\u00e9gard des soignants et de la fa\u00e7on de communiquer avec les patients et les fournisseurs de soins. Les participants auront l\u2019occasion de rencontrer d\u2019autres professionnels de la sant\u00e9 form\u00e9s \u00e0 l\u2019\u00e9tranger dans un environnement d\u2019apprentissage de soutien.<\/p>\n<p>Le programme d\u2019orientation est offert \u00e0 ceux qui viennent d\u2019arriver au Canada comme \u00e0 ceux qui ne sont pas encore ici. Ce n\u2019est pas un programme de transition. Pour de plus renseignements, visitez\u00a0le site Web \u00e0\u00a0<a href=\"http:\/\/www.iehpcanada.utoronto.ca\" target=\"_blank\" rel=\"noopener noreferrer\">www.iehpcanada.utoronto.ca<\/a>. Le cours se donne en anglais seulement.<\/p>\n","protected":false},"excerpt":{"rendered":"<p>L\u2019ACTRM recommande que les TRMFE examinent les ressources ci-dessous comme guide pour d\u00e9terminer leur degr\u00e9 de pr\u00e9paration \u00e0 satisfaire aux exigences de la pratique de la profession dans le contexte [&hellip;]<\/p>\n","protected":false},"author":30,"featured_media":0,"parent":46984,"menu_order":0,"comment_status":"open","ping_status":"closed","template":"tpl-header2.php","meta":{"_monsterinsights_skip_tracking":false,"_monsterinsights_sitenote_active":false,"_monsterinsights_sitenote_note":"","_monsterinsights_sitenote_category":0,"footnotes":""},"class_list":["post-47031","page","type-page","status-publish","hentry"],"_links":{"self":[{"href":"https:\/\/camrt.ca\/fr\/wp-json\/wp\/v2\/pages\/47031","targetHints":{"allow":["GET"]}}],"collection":[{"href":"https:\/\/camrt.ca\/fr\/wp-json\/wp\/v2\/pages"}],"about":[{"href":"https:\/\/camrt.ca\/fr\/wp-json\/wp\/v2\/types\/page"}],"author":[{"embeddable":true,"href":"https:\/\/camrt.ca\/fr\/wp-json\/wp\/v2\/users\/30"}],"replies":[{"embeddable":true,"href":"https:\/\/camrt.ca\/fr\/wp-json\/wp\/v2\/comments?post=47031"}],"version-history":[{"count":0,"href":"https:\/\/camrt.ca\/fr\/wp-json\/wp\/v2\/pages\/47031\/revisions"}],"up":[{"embeddable":true,"href":"https:\/\/camrt.ca\/fr\/wp-json\/wp\/v2\/pages\/46984"}],"wp:attachment":[{"href":"https:\/\/camrt.ca\/fr\/wp-json\/wp\/v2\/media?parent=47031"}],"curies":[{"name":"wp","href":"https:\/\/api.w.org\/{rel}","templated":true}]}}