{"id":47030,"date":"2014-12-20T13:03:15","date_gmt":"2014-12-20T18:03:15","guid":{"rendered":"https:\/\/camrt.wpenginepowered.com\/fr\/?page_id=5273"},"modified":"2026-03-17T13:26:58","modified_gmt":"2026-03-17T17:26:58","slug":"fellowship","status":"publish","type":"page","link":"https:\/\/camrt.ca\/fr\/perfectionnement-professionnel\/fellowship\/","title":{"rendered":"Programme de Fellowship de l\u2019ACTRM"},"content":{"rendered":"<h1><strong><span style=\"color: #f7941e;\">Pourquoi devenir Fellow de l\u2019ACTRM?<\/span><\/strong><\/h1>\n<p>Le programme d\u2019acc\u00e8s au titre de Fellow de l&rsquo;ACTRM est un programme de reconnaissance professionnelle qui permet aux membres d&rsquo;obtenir la d\u00e9signation FACTRM, en reconnaissance de leurs r\u00e9alisations exceptionnelles et de leur contribution \u00e0 la pratique de la TRM et \u00e0 l&rsquo;environnement des soins de sant\u00e9 en g\u00e9n\u00e9ral. Les membres de l&rsquo;ACTRM sont reconnus pour l&rsquo;\u00e9tendue et la profondeur de leur expertise, qui font d&rsquo;eux des piliers de leur profession et des mod\u00e8les pour les autres, ainsi que pour leur engagement en mati\u00e8re de leadership, de collaboration, d&rsquo;innovation et de d\u00e9veloppement de la communaut\u00e9 des TRM.<\/p>\n<h3><strong><span style=\"color: #f7941e;\">Le programme de Fellowship<\/span><\/strong><\/h3>\n<p>Le programme d&rsquo;acc\u00e8s au titre de Fellow a \u00e9t\u00e9 \u00e9largi en 2025 afin d&rsquo;en am\u00e9liorer la clart\u00e9, la transparence et la coh\u00e9rence, et d&rsquo;offrir davantage d&rsquo;options aux candidats pour remplir ses deux volets :<\/p>\n<ol>\n<li>La phase des <strong>parcours<\/strong>, au cours de laquelle le candidat \u00e0 une bourse doit accumuler des points dans cinq cat\u00e9gories : 1) R\u00e9alisations universitaires, 2) Recherche, 3) Formation d&rsquo;autres personnes, 4) Contribution professionnelle et 5) D\u00e9veloppement de la communaut\u00e9 des TRM. Les points pour cette phase peuvent \u00eatre accumul\u00e9s tout au long de la carri\u00e8re d&rsquo;un TRM.<\/li>\n<li>La phase du <strong>projet de synth\u00e8se<\/strong>, au cours de laquelle les candidats au titre de Fellow entreprennent un nouveau projet pr\u00e9sentant un int\u00e9r\u00eat significatif et g\u00e9n\u00e9ralis\u00e9 pour la communaut\u00e9 ou la profession des TRM, parmi l&rsquo;une des options suivantes : 1) soumission d&rsquo;un article \u00e0 une revue, 2) pr\u00e9sentation lors d&rsquo;une conf\u00e9rence ou animation d&rsquo;un webinaire de la Semaine des TRM, 3) \u00e9laboration ou mise \u00e0 jour de lignes directrices sur les pratiques exemplaires (LDPE) de l&rsquo;ACTRM, ou 4) participation \u00e0 un projet de mentorat ou direction d&rsquo;un tel projet.<\/li>\n<\/ol>\n<h3><strong><span style=\"color: #f7941e;\">Conditions d\u2019admissibilit\u00e9<\/span><\/strong><\/h3>\n<p>Au moment de pr\u00e9senter leur candidature, les candidats doivent :<br \/>\n<ul class='dt-sc-fancy-list   rounded-arrow'>\n<li>\u00eatre membres \u00e0 part enti\u00e8re ou membres \u00e0 vie de l\u2019ACTRM depuis au moins 5 ann\u00e9es cons\u00e9cutives;<\/li>\n<li>avoir 5 ans et 5 000 heures d\u2019exp\u00e9rience pratique en TRM;<\/li>\n<li>avoir accumul\u00e9 au moins 50 points dans les diff\u00e9rentes cat\u00e9gories de la phase des parcours.<\/li>\n<\/ul>\n<h3><strong><span style=\"color: #f7941e;\">Guide, portfolio et formulaires du programme<\/span><\/strong><\/h3>\n<p><a href=\"https:\/\/camrt.ca\/wp-content\/uploads\/2026\/03\/2026-Fellowship-Candidate-Guidelines_fr-FINAL-with-cover.docx.pdf\"><strong>Directives \u00e0 l&rsquo;intention des candidats au titre de Fellow<\/strong>, 2026<\/a> <em>(document PDF \u00e0 t\u00e9l\u00e9charger)<\/em><\/p>\n<p>Les Directives \u00e0 l\u2019intention des candidats au titre de Fellow fournissent une description plus d\u00e9taill\u00e9e du programme et de l&rsquo;information sur la mani\u00e8re de proc\u00e9der pendant la phase des parcours \u00bb et la phase du projet de synth\u00e8se.<\/p>\n<p><a href=\"https:\/\/camrt.ca\/wp-content\/uploads\/2026\/03\/2026-Fellowship-Portfolio_fr-FINAL.docx\"><strong>Portfolio du programme d\u2019acc\u00e8s au titre de Fellow<\/strong>, 2026<\/a>\u00a0<em>(document Word \u00e0 t\u00e9l\u00e9charger)<\/em><\/p>\n<p>Le portfolio du candidat ou de la candidate au titre de Fellow sert de guide et de mod\u00e8le pour l&rsquo;accumulation de points tout au long de la phase des parcours.<\/p>\n<p><a href=\"https:\/\/camrt.ca\/fr\/wp-content\/uploads\/sites\/3\/2025\/07\/2025-Fellowship-Application-FORM_fr-fillable.pdf\" target=\"_blank\" rel=\"noopener\"><strong>Formulaire de candidature<\/strong><\/a>\u00a0<em>(document PDF interactif \u00e0 t\u00e9l\u00e9charger)<\/em><\/p>\n<p>&nbsp;<\/p>\n<p><em><strong>Veuillez noter :<\/strong>\u00a0Ce sont des documents vivants qui seront mis \u00e0 jour p\u00e9riodiquement. Veuillez vous assurer que vous utilisez les versions les plus r\u00e9centes.<\/em><\/p>\n<p>Pour toute question, veuillez communiquer avec Rachel Darroch \u00e0 <a href=\"mailto:rdarroch@camrt.ca\">rdarroch@camrt.ca<\/a><\/p>\n","protected":false},"excerpt":{"rendered":"<p>Pourquoi devenir Fellow de l\u2019ACTRM? Le programme d\u2019acc\u00e8s au titre de Fellow de l&rsquo;ACTRM est un programme de reconnaissance professionnelle qui permet aux membres d&rsquo;obtenir la d\u00e9signation FACTRM, en reconnaissance de leurs r\u00e9alisations exceptionnelles et de leur contribution \u00e0 la pratique de la TRM et \u00e0 l&rsquo;environnement des soins de sant\u00e9 en g\u00e9n\u00e9ral. Les membres [&hellip;]<\/p>\n","protected":false},"author":30,"featured_media":0,"parent":47008,"menu_order":0,"comment_status":"closed","ping_status":"closed","template":"","meta":{"_monsterinsights_skip_tracking":false,"_monsterinsights_sitenote_active":false,"_monsterinsights_sitenote_note":"","_monsterinsights_sitenote_category":0,"footnotes":""},"class_list":["post-47030","page","type-page","status-publish","hentry"],"_links":{"self":[{"href":"https:\/\/camrt.ca\/fr\/wp-json\/wp\/v2\/pages\/47030","targetHints":{"allow":["GET"]}}],"collection":[{"href":"https:\/\/camrt.ca\/fr\/wp-json\/wp\/v2\/pages"}],"about":[{"href":"https:\/\/camrt.ca\/fr\/wp-json\/wp\/v2\/types\/page"}],"author":[{"embeddable":true,"href":"https:\/\/camrt.ca\/fr\/wp-json\/wp\/v2\/users\/30"}],"replies":[{"embeddable":true,"href":"https:\/\/camrt.ca\/fr\/wp-json\/wp\/v2\/comments?post=47030"}],"version-history":[{"count":2,"href":"https:\/\/camrt.ca\/fr\/wp-json\/wp\/v2\/pages\/47030\/revisions"}],"predecessor-version":[{"id":60676,"href":"https:\/\/camrt.ca\/fr\/wp-json\/wp\/v2\/pages\/47030\/revisions\/60676"}],"up":[{"embeddable":true,"href":"https:\/\/camrt.ca\/fr\/wp-json\/wp\/v2\/pages\/47008"}],"wp:attachment":[{"href":"https:\/\/camrt.ca\/fr\/wp-json\/wp\/v2\/media?parent=47030"}],"curies":[{"name":"wp","href":"https:\/\/api.w.org\/{rel}","templated":true}]}}