{"id":47028,"date":"2014-12-20T13:00:36","date_gmt":"2014-12-20T18:00:36","guid":{"rendered":"https:\/\/camrt.wpenginepowered.com\/fr\/?page_id=5268"},"modified":"2014-12-20T13:00:36","modified_gmt":"2014-12-20T18:00:36","slug":"programme-degre-universitaire-pour-trm","status":"publish","type":"page","link":"https:\/\/camrt.ca\/fr\/perfectionnement-professionnel\/programme-degre-universitaire-pour-trm\/","title":{"rendered":"Programme d\u2019obtention de degr\u00e9 universitaire pour technologue en radiation m\u00e9dicale"},"content":{"rendered":"<p>Les institutions suivantes offrent un programme d\u2019obtention de degr\u00e9 pour les technologues en radiation m\u00e9dicale ayant d\u00e9j\u00e0 un dipl\u00f4me coll\u00e9gial.<\/p>\n<ul class='dt-sc-fancy-list   rounded-arrow'>\n<li><a href=\"http:\/\/www.athabascau.ca\/calendar\/page03_19.html\" target=\"_blank\" rel=\"noopener\">Athabasca University, Alberta<\/a><\/li>\n<li><a href=\"http:\/\/www.bcit.ca\/study\/programs\/8350btech\" target=\"_blank\" rel=\"noopener\">British Columbia Institute of Technology Medical Imaging, Distance Education Bachelor of Technology<\/a><\/li>\n<li><a href=\"http:\/\/www.csu.edu.au\/courses\/bachelor-of-applied-science-medical-imaging-conversion\" target=\"_blank\" rel=\"noopener\">Charles Sturt University<\/a><\/li>\n<li><a href=\"https:\/\/discover.dal.ca\/dal\/include\/frame.jsp?url=http:\/\/schoolofhealthsciences.dal.ca\/index.html\" target=\"_blank\" rel=\"noopener\">Dalhousie University Halifax, NS \u2013\u00a0School of Health Sciences<\/a><\/li>\n<li><a href=\"http:\/\/www.mun.ca\/regoff\/calendar\/sectionNo=MARINE-0119\" target=\"_blank\" rel=\"noopener\">Memorial University of Newfoundland, Health Science option<\/a><\/li>\n<li><a href=\"http:\/\/www.nait.ca\/btech\" target=\"_blank\" rel=\"noopener\">Northern Alberta Institute of Technology (NAIT) Alberta, Bachelor of Technology (BTech) in Technology Management<\/a><\/li>\n<li><a href=\"https:\/\/www.tru.ca\/distance\/\" target=\"_blank\" rel=\"noopener\">Thompson Rivers University<\/a><\/li>\n<li><a href=\"https:\/\/www.uregina.ca\/science\/programs\/other.html\">University of Regina, Bachelor of Medical Imaging<\/a><\/li>\n<\/ul>\n","protected":false},"excerpt":{"rendered":"<p>Les institutions suivantes offrent un programme d\u2019obtention de degr\u00e9 pour les technologues en radiation m\u00e9dicale ayant d\u00e9j\u00e0 un dipl\u00f4me coll\u00e9gial.<\/p>\n","protected":false},"author":30,"featured_media":0,"parent":47008,"menu_order":0,"comment_status":"open","ping_status":"open","template":"tpl-header2.php","meta":{"_monsterinsights_skip_tracking":false,"_monsterinsights_sitenote_active":false,"_monsterinsights_sitenote_note":"","_monsterinsights_sitenote_category":0,"footnotes":""},"class_list":["post-47028","page","type-page","status-publish","hentry"],"_links":{"self":[{"href":"https:\/\/camrt.ca\/fr\/wp-json\/wp\/v2\/pages\/47028","targetHints":{"allow":["GET"]}}],"collection":[{"href":"https:\/\/camrt.ca\/fr\/wp-json\/wp\/v2\/pages"}],"about":[{"href":"https:\/\/camrt.ca\/fr\/wp-json\/wp\/v2\/types\/page"}],"author":[{"embeddable":true,"href":"https:\/\/camrt.ca\/fr\/wp-json\/wp\/v2\/users\/30"}],"replies":[{"embeddable":true,"href":"https:\/\/camrt.ca\/fr\/wp-json\/wp\/v2\/comments?post=47028"}],"version-history":[{"count":0,"href":"https:\/\/camrt.ca\/fr\/wp-json\/wp\/v2\/pages\/47028\/revisions"}],"up":[{"embeddable":true,"href":"https:\/\/camrt.ca\/fr\/wp-json\/wp\/v2\/pages\/47008"}],"wp:attachment":[{"href":"https:\/\/camrt.ca\/fr\/wp-json\/wp\/v2\/media?parent=47028"}],"curies":[{"name":"wp","href":"https:\/\/api.w.org\/{rel}","templated":true}]}}